{"id":97029,"date":"2015-04-30T08:52:03","date_gmt":"2015-04-30T06:52:03","guid":{"rendered":"https:\/\/www.oeh.ac.at\/study-2\/"},"modified":"2023-06-20T17:58:32","modified_gmt":"2023-06-20T17:58:32","slug":"study-2","status":"publish","type":"page","link":"https:\/\/www.oeh.ac.at\/en\/study-2\/","title":{"rendered":"Study"},"content":{"rendered":"\t\t<div data-elementor-type=\"wp-page\" data-elementor-id=\"97029\" class=\"elementor elementor-97029 elementor-6235\" data-elementor-post-type=\"page\">\n\t\t\t\t<div class=\"elementor-element elementor-element-7e0d949 e-flex e-con-boxed e-con e-parent\" data-id=\"7e0d949\" data-element_type=\"container\">\n\t\t\t\t\t<div class=\"e-con-inner\">\n\t\t\t\t<div class=\"elementor-element elementor-element-9fc7463 elementor-widget elementor-widget-text-editor\" data-id=\"9fc7463\" data-element_type=\"widget\" data-widget_type=\"text-editor.default\">\n\t\t\t\t<div class=\"elementor-widget-container\">\n\t\t\t\t\t\t\t\t\t<p style=\"text-align: left;\"><strong>As the Austrian National Union of Students (\u00d6H), we would like to offer advice and information on topics that may affect you during your studies. Here you will find information on various relevant topics:<\/strong><\/p><ul><li><p><a class=\"drupdown-inline drupdown-no-title drupdown-link drupdown-internal\" href=\"https:\/\/www.oeh.ac.at\/en\/start-of-study\/\">Start of studies<\/a>: Here you will find important information about the start of your studies.<\/p><\/li><li><p>Tuition <a class=\"drupdown-inline drupdown-no-title drupdown-link drupdown-internal\" href=\"https:\/\/www.oeh.ac.at\/en\/function-fee\/\">fee<\/a>: Under certain conditions, a tuition fee, also called tuition, must be paid in Austria. You can find out when this applies to you here.<\/p><\/li><li><p><a class=\"drupdown-inline drupdown-no-title drupdown-link\" href=\"https:\/\/www.oeh.ac.at\/en\/departments\/accessibility-department\/\">Barrier-free studying<\/a>: You can find information about accessibility in this section.<\/p><\/li><li><p><a class=\"drupdown-inline drupdown-no-title drupdown-link drupdown-internal\" href=\"https:\/\/www.oeh.ac.at\/en\/study-with-child\/\">Studying with a child<\/a>: Students with children face special challenges. Here students with a child can find helpful information on the topic.<\/p><\/li><li><p><a class=\"drupdown-inline drupdown-no-title drupdown-link drupdown-internal\" href=\"https:\/\/www.oeh.ac.at\/en\/study-abroad\/\">Study abroad<\/a>: Find out here if you would like to study abroad.<\/p><\/li><li><p><a class=\"drupdown-inline drupdown-no-title drupdown-link drupdown-internal\" href=\"https:\/\/www.oeh.ac.at\/en\/study-in-austria\/\">Studying in Austria<\/a>: If you want to come to Austria to study, there are some important things to consider. Here you can find more information.<\/p><\/li><li><p><a class=\"drupdown-inline drupdown-no-title drupdown-link drupdown-internal\" href=\"https:\/\/www.oeh.ac.at\/en\/surveys\/\">Working<\/a>: If you want to work alongside your studies, there are some legal regulations to be observed. It is best to find out about labor, social security and tax issues in advance.<\/p><\/li><li><p><a class=\"drupdown-inline drupdown-no-title drupdown-link drupdown-internal\" href=\"https:\/\/www.oeh.ac.at\/en\/about-us\/oeh-map\/housing-contact-addresses\/\">Housing<\/a>: Here you will find important information on the topics of tenancy law, living in a student dormitory and a list of selected non-profit student dormitories in Austria.<\/p><\/li><li><p><a class=\"drupdown-inline drupdown-no-title drupdown-link drupdown-internal\" href=\"https:\/\/www.oeh.ac.at\/en\/mobility-oeh-map\/\">Mobility<\/a>: Information on the topics of mobility and student tickets.<\/p><\/li><li><p><a class=\"drupdown-inline drupdown-no-title drupdown-link drupdown-internal\" href=\"https:\/\/www.oeh.ac.at\/en\/study-2\/insurance\/\">Insurance<\/a>: Being insured is especially important. As a member of the \u00d6H you are covered by accident and liability insurance. However, this does not replace the necessary health insurance. You can find more information here.<\/p><\/li><li><p><a class=\"drupdown-inline drupdown-no-title drupdown-link drupdown-internal\" href=\"https:\/\/www.oeh.ac.at\/en\/forms\/family-allowance-non-austrian-citizens\/\">Family allowance<\/a>: Here you will find general information on family allowance.<\/p><\/li><li><p><a class=\"drupdown-inline drupdown-no-title drupdown-link drupdown-internal\" href=\"https:\/\/www.oeh.ac.at\/en\/study-2\/scholarships-and-grants\/\">Scholarships and<\/a> grants: Scholarships have a great importance for students. Here you will find information on various scholarships and grants offered by universities, the individual German states, other scholarships and useful links. In our &#8220;Social Brochure&#8221; and our brochure &#8220;Studying, Working, Social Security&#8221; under Shop\/Downloads you will find further important information.<\/p><\/li><li><p><a class=\"drupdown-inline drupdown-no-title drupdown-link drupdown-internal\" href=\"https:\/\/www.oeh.ac.at\/en\/study-2\/other-around-saving\/\">Other information about saving money<\/a>: Get information on prescription fee waivers and social markets here.<\/p><\/li><li><p><a class=\"drupdown-inline drupdown-no-title drupdown-link\" href=\"https:\/\/www.oeh.ac.at\/en\/study-2\/mental-health\/\">Mental Health<\/a>: Here you can find the \u00d6H brochure &#8220;Mental Health&#8221; as well as contact points and the link to the \u00d6H helpline.<\/p><\/li><\/ul>\t\t\t\t\t\t\t\t<\/div>\n\t\t\t\t<\/div>\n\t\t\t\t\t<\/div>\n\t\t\t\t<\/div>\n\t\t\t\t<\/div>\n\t\t","protected":false},"excerpt":{"rendered":"<p>As the Austrian National Union of Students (\u00d6H), we would like to offer advice and information on topics that may affect you during your&#8230;<\/p>\n","protected":false},"author":1,"featured_media":0,"parent":0,"menu_order":0,"comment_status":"closed","ping_status":"closed","template":"","meta":{"footnotes":""},"class_list":["post-97029","page","type-page","status-publish","hentry"],"yoast_head":"<!-- This site is optimized with the Yoast SEO plugin v25.9 - https:\/\/yoast.com\/wordpress\/plugins\/seo\/ -->\n<title>Study - \u00d6sterreichische Hochsch\u00fcler_innenschaft (\u00d6H)<\/title>\n<meta name=\"description\" content=\"Learn more about degree programs, colleges, tuition, admission requirements and more.\" \/>\n<meta name=\"robots\" content=\"index, follow, max-snippet:-1, max-image-preview:large, max-video-preview:-1\" \/>\n<link rel=\"canonical\" href=\"https:\/\/www.oeh.ac.at\/en\/study-2\/\" \/>\n<meta property=\"og:locale\" content=\"en_US\" \/>\n<meta property=\"og:type\" content=\"article\" \/>\n<meta property=\"og:title\" content=\"Study - \u00d6sterreichische Hochsch\u00fcler_innenschaft (\u00d6H)\" \/>\n<meta property=\"og:description\" content=\"Learn more about degree programs, colleges, tuition, admission requirements and more.\" \/>\n<meta property=\"og:url\" content=\"https:\/\/www.oeh.ac.at\/en\/study-2\/\" \/>\n<meta property=\"og:site_name\" content=\"\u00d6sterreichische Hochsch\u00fcler_innenschaft (\u00d6H)\" \/>\n<meta property=\"article:publisher\" content=\"https:\/\/facebook.com\/bundesoeh\" \/>\n<meta property=\"article:modified_time\" content=\"2023-06-20T17:58:32+00:00\" \/>\n<meta name=\"twitter:card\" content=\"summary_large_image\" \/>\n<meta name=\"twitter:site\" content=\"@bundesoeh\" \/>\n<meta name=\"twitter:label1\" content=\"Est. reading time\" \/>\n\t<meta name=\"twitter:data1\" content=\"2 minutes\" \/>\n<script type=\"application\/ld+json\" class=\"yoast-schema-graph\">{\"@context\":\"https:\/\/schema.org\",\"@graph\":[{\"@type\":\"WebPage\",\"@id\":\"https:\/\/www.oeh.ac.at\/en\/study-2\/\",\"url\":\"https:\/\/www.oeh.ac.at\/en\/study-2\/\",\"name\":\"Study - \u00d6sterreichische Hochsch\u00fcler_innenschaft (\u00d6H)\",\"isPartOf\":{\"@id\":\"https:\/\/www.oeh.ac.at\/en\/#website\"},\"datePublished\":\"2015-04-30T06:52:03+00:00\",\"dateModified\":\"2023-06-20T17:58:32+00:00\",\"description\":\"Learn more about degree programs, colleges, tuition, admission requirements and more.\",\"breadcrumb\":{\"@id\":\"https:\/\/www.oeh.ac.at\/en\/study-2\/#breadcrumb\"},\"inLanguage\":\"en-US\",\"potentialAction\":[{\"@type\":\"ReadAction\",\"target\":[\"https:\/\/www.oeh.ac.at\/en\/study-2\/\"]}]},{\"@type\":\"BreadcrumbList\",\"@id\":\"https:\/\/www.oeh.ac.at\/en\/study-2\/#breadcrumb\",\"itemListElement\":[{\"@type\":\"ListItem\",\"position\":1,\"name\":\"Startseite\",\"item\":\"https:\/\/www.oeh.ac.at\/en\/\"},{\"@type\":\"ListItem\",\"position\":2,\"name\":\"Study\"}]},{\"@type\":\"WebSite\",\"@id\":\"https:\/\/www.oeh.ac.at\/en\/#website\",\"url\":\"https:\/\/www.oeh.ac.at\/en\/\",\"name\":\"\u00d6sterreichische Hochsch\u00fcler_innenschaft\",\"description\":\"\",\"publisher\":{\"@id\":\"https:\/\/www.oeh.ac.at\/en\/#organization\"},\"alternateName\":\"\u00d6H\",\"potentialAction\":[{\"@type\":\"SearchAction\",\"target\":{\"@type\":\"EntryPoint\",\"urlTemplate\":\"https:\/\/www.oeh.ac.at\/en\/?s={search_term_string}\"},\"query-input\":{\"@type\":\"PropertyValueSpecification\",\"valueRequired\":true,\"valueName\":\"search_term_string\"}}],\"inLanguage\":\"en-US\"},{\"@type\":\"Organization\",\"@id\":\"https:\/\/www.oeh.ac.at\/en\/#organization\",\"name\":\"\u00d6sterreichische Hochsch\u00fcler_innenschaft\",\"url\":\"https:\/\/www.oeh.ac.at\/en\/\",\"logo\":{\"@type\":\"ImageObject\",\"inLanguage\":\"en-US\",\"@id\":\"https:\/\/www.oeh.ac.at\/en\/#\/schema\/logo\/image\/\",\"url\":\"https:\/\/www.oeh.ac.at\/wp-content\/uploads\/2023\/03\/OeH_Logo_white_RGB.png\",\"contentUrl\":\"https:\/\/www.oeh.ac.at\/wp-content\/uploads\/2023\/03\/OeH_Logo_white_RGB.png\",\"width\":1600,\"height\":1330,\"caption\":\"\u00d6sterreichische Hochsch\u00fcler_innenschaft\"},\"image\":{\"@id\":\"https:\/\/www.oeh.ac.at\/en\/#\/schema\/logo\/image\/\"},\"sameAs\":[\"https:\/\/facebook.com\/bundesoeh\",\"https:\/\/x.com\/bundesoeh\",\"https:\/\/instagram.com\/bundesoeh\",\"https:\/\/youtube.com\/bundesoeh\"]}]}<\/script>\n<!-- \/ Yoast SEO plugin. -->","yoast_head_json":{"title":"Study - \u00d6sterreichische Hochsch\u00fcler_innenschaft (\u00d6H)","description":"Learn more about degree programs, colleges, tuition, admission requirements and more.","robots":{"index":"index","follow":"follow","max-snippet":"max-snippet:-1","max-image-preview":"max-image-preview:large","max-video-preview":"max-video-preview:-1"},"canonical":"https:\/\/www.oeh.ac.at\/en\/study-2\/","og_locale":"en_US","og_type":"article","og_title":"Study - \u00d6sterreichische Hochsch\u00fcler_innenschaft (\u00d6H)","og_description":"Learn more about degree programs, colleges, tuition, admission requirements and more.","og_url":"https:\/\/www.oeh.ac.at\/en\/study-2\/","og_site_name":"\u00d6sterreichische Hochsch\u00fcler_innenschaft (\u00d6H)","article_publisher":"https:\/\/facebook.com\/bundesoeh","article_modified_time":"2023-06-20T17:58:32+00:00","twitter_card":"summary_large_image","twitter_site":"@bundesoeh","twitter_misc":{"Est. reading time":"2 minutes"},"schema":{"@context":"https:\/\/schema.org","@graph":[{"@type":"WebPage","@id":"https:\/\/www.oeh.ac.at\/en\/study-2\/","url":"https:\/\/www.oeh.ac.at\/en\/study-2\/","name":"Study - \u00d6sterreichische Hochsch\u00fcler_innenschaft (\u00d6H)","isPartOf":{"@id":"https:\/\/www.oeh.ac.at\/en\/#website"},"datePublished":"2015-04-30T06:52:03+00:00","dateModified":"2023-06-20T17:58:32+00:00","description":"Learn more about degree programs, colleges, tuition, admission requirements and more.","breadcrumb":{"@id":"https:\/\/www.oeh.ac.at\/en\/study-2\/#breadcrumb"},"inLanguage":"en-US","potentialAction":[{"@type":"ReadAction","target":["https:\/\/www.oeh.ac.at\/en\/study-2\/"]}]},{"@type":"BreadcrumbList","@id":"https:\/\/www.oeh.ac.at\/en\/study-2\/#breadcrumb","itemListElement":[{"@type":"ListItem","position":1,"name":"Startseite","item":"https:\/\/www.oeh.ac.at\/en\/"},{"@type":"ListItem","position":2,"name":"Study"}]},{"@type":"WebSite","@id":"https:\/\/www.oeh.ac.at\/en\/#website","url":"https:\/\/www.oeh.ac.at\/en\/","name":"\u00d6sterreichische Hochsch\u00fcler_innenschaft","description":"","publisher":{"@id":"https:\/\/www.oeh.ac.at\/en\/#organization"},"alternateName":"\u00d6H","potentialAction":[{"@type":"SearchAction","target":{"@type":"EntryPoint","urlTemplate":"https:\/\/www.oeh.ac.at\/en\/?s={search_term_string}"},"query-input":{"@type":"PropertyValueSpecification","valueRequired":true,"valueName":"search_term_string"}}],"inLanguage":"en-US"},{"@type":"Organization","@id":"https:\/\/www.oeh.ac.at\/en\/#organization","name":"\u00d6sterreichische Hochsch\u00fcler_innenschaft","url":"https:\/\/www.oeh.ac.at\/en\/","logo":{"@type":"ImageObject","inLanguage":"en-US","@id":"https:\/\/www.oeh.ac.at\/en\/#\/schema\/logo\/image\/","url":"https:\/\/www.oeh.ac.at\/wp-content\/uploads\/2023\/03\/OeH_Logo_white_RGB.png","contentUrl":"https:\/\/www.oeh.ac.at\/wp-content\/uploads\/2023\/03\/OeH_Logo_white_RGB.png","width":1600,"height":1330,"caption":"\u00d6sterreichische Hochsch\u00fcler_innenschaft"},"image":{"@id":"https:\/\/www.oeh.ac.at\/en\/#\/schema\/logo\/image\/"},"sameAs":["https:\/\/facebook.com\/bundesoeh","https:\/\/x.com\/bundesoeh","https:\/\/instagram.com\/bundesoeh","https:\/\/youtube.com\/bundesoeh"]}]}},"_links":{"self":[{"href":"https:\/\/www.oeh.ac.at\/en\/wp-json\/wp\/v2\/pages\/97029","targetHints":{"allow":["GET"]}}],"collection":[{"href":"https:\/\/www.oeh.ac.at\/en\/wp-json\/wp\/v2\/pages"}],"about":[{"href":"https:\/\/www.oeh.ac.at\/en\/wp-json\/wp\/v2\/types\/page"}],"author":[{"embeddable":true,"href":"https:\/\/www.oeh.ac.at\/en\/wp-json\/wp\/v2\/users\/1"}],"replies":[{"embeddable":true,"href":"https:\/\/www.oeh.ac.at\/en\/wp-json\/wp\/v2\/comments?post=97029"}],"version-history":[{"count":0,"href":"https:\/\/www.oeh.ac.at\/en\/wp-json\/wp\/v2\/pages\/97029\/revisions"}],"wp:attachment":[{"href":"https:\/\/www.oeh.ac.at\/en\/wp-json\/wp\/v2\/media?parent=97029"}],"curies":[{"name":"wp","href":"https:\/\/api.w.org\/{rel}","templated":true}]}}