{"id":97000,"date":"2015-04-15T18:21:21","date_gmt":"2015-04-15T16:21:21","guid":{"rendered":"https:\/\/www.oeh.ac.at\/study-with-child\/"},"modified":"2023-12-18T14:31:25","modified_gmt":"2023-12-18T13:31:25","slug":"study-with-child","status":"publish","type":"page","link":"https:\/\/www.oeh.ac.at\/en\/study-with-child\/","title":{"rendered":"Studying with children"},"content":{"rendered":"\t\t<div data-elementor-type=\"wp-page\" data-elementor-id=\"97000\" class=\"elementor elementor-97000 elementor-6064\" data-elementor-post-type=\"page\">\n\t\t\t\t<div class=\"elementor-element elementor-element-bdf3705 e-flex e-con-boxed e-con e-parent\" data-id=\"bdf3705\" data-element_type=\"container\">\n\t\t\t\t\t<div class=\"e-con-inner\">\n\t\t\t\t<div class=\"elementor-element elementor-element-4b9a5cd elementor-widget elementor-widget-text-editor\" data-id=\"4b9a5cd\" data-element_type=\"widget\" data-widget_type=\"text-editor.default\">\n\t\t\t\t<div class=\"elementor-widget-container\">\n\t\t\t\t\t\t\t\t\t<h4>Information and Counseling<\/h4>\n<p>You can find detailed information in our brochure <a class=\"drupdown-inline drupdown-no-title drupdown-link\" href=\"https:\/\/oeh.wp-sicherheit.at\/produkt\/studieren-mit-kind\/\" rel=\"noopener\">Studying with a Child<\/a>. You can download the brochure for free or order a print version in our <a class=\"drupdown-inline drupdown-no-title drupdown-link\" href=\"https:\/\/www.oeh.ac.at\/shop\" rel=\"noopener\">\u00d6H-Shop.<\/a>  The brochure covers many important topics such as childcare allowance, maternity allowance, tuition fees for students with child(ren), family allowance and study allowance, health insurance, childcare, special subsidies for students with child(ren) and includes a parents&#8217; calendar.<\/p>\n<p>Do you have questions about the &#8220;Family Bonus Plus&#8221;? Here you can find information from the \u00d6GB: <a class=\"drupdown-inline drupdown-no-title drupdown-link\" href=\"https:\/\/www.oegb.at\/content\/dam\/oegb\/downloads\/brosch%C3%BCren\/A5_Familienbonus_Plus2021.pdf\" target=\"_blank\" rel=\"noopener\">Info brochure of the \u00d6GB on the Family Bonus Plus<\/a> and here: <a class=\"drupdown-inline drupdown-no-title drupdown-link\" href=\"https:\/\/www.bmf.gv.at\/themen\/steuern\/arbeitnehmerinnenveranlagung\/steuertarif-steuerabsetzbetraege\/familienbonus-plus.html\" target=\"_blank\" rel=\"noopener\">Info from the Ministry of Finance on the Family Bonus Plus<\/a>.<\/p>\n<p>On the topic of raising children and part-time work in connection with your pension, you can find an: <a class=\"drupdown-inline drupdown-no-title drupdown-link\" href=\"https:\/\/wien.arbeiterkammer.at\/service\/broschueren\/pension\/FrauenPensionskonto_rg_bf.pdf?fbclid=IwAR0hBZHPxVaqHV8_BtlCYvLfFkNCZT-eIXGpBWyMJDS2opYVPxP6lrTn8f0\" target=\"_blank\" rel=\"noopener\">info brochure on women and pension accounts<\/a><\/p>\n<p>If you have further questions, please contact the social department of your university under <a class=\"drupdown-inline drupdown-no-title drupdown-link\" href=\"https:\/\/www.oeh.ac.at\/ueber-uns\/oeh-vor-ort\" rel=\"noopener\">\u00d6H vor Ort<\/a> or the social department of the federal representation of the Austrian Union of Students (\u00d6H) under <a class=\"drupdown-inline drupdown-no-title drupdown-link\" href=\"https:\/\/www.oeh.ac.at\/soziales\" rel=\"noopener\">Sozialberatung<\/a>.<\/p>\n<h4>Childcare<\/h4>\n<p>You can find important information and contacts on the topic of childcare here: <a class=\"drupdown-inline drupdown-no-title drupdown-link\" href=\"https:\/\/www.oeh.ac.at\/kinderbetreuung\" rel=\"noopener\">Childcare and Childcare Commissioner at the Universities<\/a> or on our study platform under: <a class=\"drupdown-inline drupdown-link external-processed\" title=\"Care facilities and to the university student bodies.\" href=\"http:\/\/www.studienplattform.at\/studierende-mit-kind\" rel=\"noopener\">Childcare facilities<\/a>.<\/p>\n\t\t\t\t\t\t\t\t<\/div>\n\t\t\t\t<\/div>\n\t\t\t\t\t<\/div>\n\t\t\t\t<\/div>\n\t\t\t\t<\/div>\n\t\t","protected":false},"excerpt":{"rendered":"<p>Information and Counseling You can find detailed information in our brochure Studying with a Child. You can download the brochure for free or order&#8230;<\/p>\n","protected":false},"author":57,"featured_media":0,"parent":0,"menu_order":0,"comment_status":"closed","ping_status":"closed","template":"","meta":{"footnotes":""},"class_list":["post-97000","page","type-page","status-publish","hentry"],"yoast_head":"<!-- This site is optimized with the Yoast SEO plugin v25.9 - https:\/\/yoast.com\/wordpress\/plugins\/seo\/ -->\n<title>Studying with children - \u00d6sterreichische Hochsch\u00fcler_innenschaft (\u00d6H)<\/title>\n<meta name=\"description\" content=\"Find out about support services for student parents, such as childcare options, financial aid and flexible study models.\" \/>\n<meta name=\"robots\" content=\"index, follow, max-snippet:-1, max-image-preview:large, max-video-preview:-1\" \/>\n<link rel=\"canonical\" href=\"https:\/\/www.oeh.ac.at\/en\/study-with-child\/\" \/>\n<meta property=\"og:locale\" content=\"en_US\" \/>\n<meta property=\"og:type\" content=\"article\" \/>\n<meta property=\"og:title\" content=\"Studying with children - \u00d6sterreichische Hochsch\u00fcler_innenschaft (\u00d6H)\" \/>\n<meta property=\"og:description\" content=\"Find out about support services for student parents, such as childcare options, financial aid and flexible study models.\" \/>\n<meta property=\"og:url\" content=\"https:\/\/www.oeh.ac.at\/en\/study-with-child\/\" \/>\n<meta property=\"og:site_name\" content=\"\u00d6sterreichische Hochsch\u00fcler_innenschaft (\u00d6H)\" \/>\n<meta property=\"article:publisher\" content=\"https:\/\/facebook.com\/bundesoeh\" \/>\n<meta property=\"article:modified_time\" content=\"2023-12-18T13:31:25+00:00\" \/>\n<script type=\"application\/ld+json\" class=\"yoast-schema-graph\">{\"@context\":\"https:\/\/schema.org\",\"@graph\":[{\"@type\":\"WebPage\",\"@id\":\"https:\/\/www.oeh.ac.at\/en\/study-with-child\/\",\"url\":\"https:\/\/www.oeh.ac.at\/en\/study-with-child\/\",\"name\":\"Studying with children - \u00d6sterreichische Hochsch\u00fcler_innenschaft (\u00d6H)\",\"isPartOf\":{\"@id\":\"https:\/\/www.oeh.ac.at\/en\/#website\"},\"datePublished\":\"2015-04-15T16:21:21+00:00\",\"dateModified\":\"2023-12-18T13:31:25+00:00\",\"description\":\"Find out about support services for student parents, such as childcare options, financial aid and flexible study models.\",\"breadcrumb\":{\"@id\":\"https:\/\/www.oeh.ac.at\/en\/study-with-child\/#breadcrumb\"},\"inLanguage\":\"en-US\",\"potentialAction\":[{\"@type\":\"ReadAction\",\"target\":[\"https:\/\/www.oeh.ac.at\/en\/study-with-child\/\"]}]},{\"@type\":\"BreadcrumbList\",\"@id\":\"https:\/\/www.oeh.ac.at\/en\/study-with-child\/#breadcrumb\",\"itemListElement\":[{\"@type\":\"ListItem\",\"position\":1,\"name\":\"Startseite\",\"item\":\"https:\/\/www.oeh.ac.at\/en\/\"},{\"@type\":\"ListItem\",\"position\":2,\"name\":\"Studying with children\"}]},{\"@type\":\"WebSite\",\"@id\":\"https:\/\/www.oeh.ac.at\/en\/#website\",\"url\":\"https:\/\/www.oeh.ac.at\/en\/\",\"name\":\"\u00d6sterreichische Hochsch\u00fcler_innenschaft\",\"description\":\"\",\"publisher\":{\"@id\":\"https:\/\/www.oeh.ac.at\/en\/#organization\"},\"alternateName\":\"\u00d6H\",\"potentialAction\":[{\"@type\":\"SearchAction\",\"target\":{\"@type\":\"EntryPoint\",\"urlTemplate\":\"https:\/\/www.oeh.ac.at\/en\/?s={search_term_string}\"},\"query-input\":{\"@type\":\"PropertyValueSpecification\",\"valueRequired\":true,\"valueName\":\"search_term_string\"}}],\"inLanguage\":\"en-US\"},{\"@type\":\"Organization\",\"@id\":\"https:\/\/www.oeh.ac.at\/en\/#organization\",\"name\":\"\u00d6sterreichische Hochsch\u00fcler_innenschaft\",\"alternateName\":\"\u00d6H\",\"url\":\"https:\/\/www.oeh.ac.at\/en\/\",\"logo\":{\"@type\":\"ImageObject\",\"inLanguage\":\"en-US\",\"@id\":\"https:\/\/www.oeh.ac.at\/en\/#\/schema\/logo\/image\/\",\"url\":\"https:\/\/www.oeh.ac.at\/wp-content\/uploads\/2023\/03\/OeH_Logo_white_RGB.png\",\"contentUrl\":\"https:\/\/www.oeh.ac.at\/wp-content\/uploads\/2023\/03\/OeH_Logo_white_RGB.png\",\"width\":1600,\"height\":1330,\"caption\":\"\u00d6sterreichische Hochsch\u00fcler_innenschaft\"},\"image\":{\"@id\":\"https:\/\/www.oeh.ac.at\/en\/#\/schema\/logo\/image\/\"},\"sameAs\":[\"https:\/\/facebook.com\/bundesoeh\",\"https:\/\/instagram.com\/bundesoeh\",\"https:\/\/youtube.com\/bundesoeh\",\"https:\/\/bsky.app\/profile\/bundesoeh.bsky.social\"]}]}<\/script>\n<!-- \/ Yoast SEO plugin. -->","yoast_head_json":{"title":"Studying with children - \u00d6sterreichische Hochsch\u00fcler_innenschaft (\u00d6H)","description":"Find out about support services for student parents, such as childcare options, financial aid and flexible study models.","robots":{"index":"index","follow":"follow","max-snippet":"max-snippet:-1","max-image-preview":"max-image-preview:large","max-video-preview":"max-video-preview:-1"},"canonical":"https:\/\/www.oeh.ac.at\/en\/study-with-child\/","og_locale":"en_US","og_type":"article","og_title":"Studying with children - \u00d6sterreichische Hochsch\u00fcler_innenschaft (\u00d6H)","og_description":"Find out about support services for student parents, such as childcare options, financial aid and flexible study models.","og_url":"https:\/\/www.oeh.ac.at\/en\/study-with-child\/","og_site_name":"\u00d6sterreichische Hochsch\u00fcler_innenschaft (\u00d6H)","article_publisher":"https:\/\/facebook.com\/bundesoeh","article_modified_time":"2023-12-18T13:31:25+00:00","schema":{"@context":"https:\/\/schema.org","@graph":[{"@type":"WebPage","@id":"https:\/\/www.oeh.ac.at\/en\/study-with-child\/","url":"https:\/\/www.oeh.ac.at\/en\/study-with-child\/","name":"Studying with children - \u00d6sterreichische Hochsch\u00fcler_innenschaft (\u00d6H)","isPartOf":{"@id":"https:\/\/www.oeh.ac.at\/en\/#website"},"datePublished":"2015-04-15T16:21:21+00:00","dateModified":"2023-12-18T13:31:25+00:00","description":"Find out about support services for student parents, such as childcare options, financial aid and flexible study models.","breadcrumb":{"@id":"https:\/\/www.oeh.ac.at\/en\/study-with-child\/#breadcrumb"},"inLanguage":"en-US","potentialAction":[{"@type":"ReadAction","target":["https:\/\/www.oeh.ac.at\/en\/study-with-child\/"]}]},{"@type":"BreadcrumbList","@id":"https:\/\/www.oeh.ac.at\/en\/study-with-child\/#breadcrumb","itemListElement":[{"@type":"ListItem","position":1,"name":"Startseite","item":"https:\/\/www.oeh.ac.at\/en\/"},{"@type":"ListItem","position":2,"name":"Studying with children"}]},{"@type":"WebSite","@id":"https:\/\/www.oeh.ac.at\/en\/#website","url":"https:\/\/www.oeh.ac.at\/en\/","name":"\u00d6sterreichische Hochsch\u00fcler_innenschaft","description":"","publisher":{"@id":"https:\/\/www.oeh.ac.at\/en\/#organization"},"alternateName":"\u00d6H","potentialAction":[{"@type":"SearchAction","target":{"@type":"EntryPoint","urlTemplate":"https:\/\/www.oeh.ac.at\/en\/?s={search_term_string}"},"query-input":{"@type":"PropertyValueSpecification","valueRequired":true,"valueName":"search_term_string"}}],"inLanguage":"en-US"},{"@type":"Organization","@id":"https:\/\/www.oeh.ac.at\/en\/#organization","name":"\u00d6sterreichische Hochsch\u00fcler_innenschaft","alternateName":"\u00d6H","url":"https:\/\/www.oeh.ac.at\/en\/","logo":{"@type":"ImageObject","inLanguage":"en-US","@id":"https:\/\/www.oeh.ac.at\/en\/#\/schema\/logo\/image\/","url":"https:\/\/www.oeh.ac.at\/wp-content\/uploads\/2023\/03\/OeH_Logo_white_RGB.png","contentUrl":"https:\/\/www.oeh.ac.at\/wp-content\/uploads\/2023\/03\/OeH_Logo_white_RGB.png","width":1600,"height":1330,"caption":"\u00d6sterreichische Hochsch\u00fcler_innenschaft"},"image":{"@id":"https:\/\/www.oeh.ac.at\/en\/#\/schema\/logo\/image\/"},"sameAs":["https:\/\/facebook.com\/bundesoeh","https:\/\/instagram.com\/bundesoeh","https:\/\/youtube.com\/bundesoeh","https:\/\/bsky.app\/profile\/bundesoeh.bsky.social"]}]}},"_links":{"self":[{"href":"https:\/\/www.oeh.ac.at\/en\/wp-json\/wp\/v2\/pages\/97000","targetHints":{"allow":["GET"]}}],"collection":[{"href":"https:\/\/www.oeh.ac.at\/en\/wp-json\/wp\/v2\/pages"}],"about":[{"href":"https:\/\/www.oeh.ac.at\/en\/wp-json\/wp\/v2\/types\/page"}],"author":[{"embeddable":true,"href":"https:\/\/www.oeh.ac.at\/en\/wp-json\/wp\/v2\/users\/57"}],"replies":[{"embeddable":true,"href":"https:\/\/www.oeh.ac.at\/en\/wp-json\/wp\/v2\/comments?post=97000"}],"version-history":[{"count":6,"href":"https:\/\/www.oeh.ac.at\/en\/wp-json\/wp\/v2\/pages\/97000\/revisions"}],"predecessor-version":[{"id":921921,"href":"https:\/\/www.oeh.ac.at\/en\/wp-json\/wp\/v2\/pages\/97000\/revisions\/921921"}],"wp:attachment":[{"href":"https:\/\/www.oeh.ac.at\/en\/wp-json\/wp\/v2\/media?parent=97000"}],"curies":[{"name":"wp","href":"https:\/\/api.w.org\/{rel}","templated":true}]}}