{"id":96996,"date":"2015-04-15T18:21:56","date_gmt":"2015-04-15T18:21:56","guid":{"rendered":"https:\/\/www.oeh.ac.at\/study-abroad\/"},"modified":"2023-06-20T16:39:21","modified_gmt":"2023-06-20T16:39:21","slug":"study-abroad","status":"publish","type":"page","link":"https:\/\/www.oeh.ac.at\/en\/study-abroad\/","title":{"rendered":"Study abroad"},"content":{"rendered":"\t\t<div data-elementor-type=\"wp-page\" data-elementor-id=\"96996\" class=\"elementor elementor-96996 elementor-6065\" data-elementor-post-type=\"page\">\n\t\t\t\t<div class=\"elementor-element elementor-element-12af042 e-flex e-con-boxed e-con e-parent\" data-id=\"12af042\" data-element_type=\"container\">\n\t\t\t\t\t<div class=\"e-con-inner\">\n\t\t<div class=\"elementor-element elementor-element-4cb723f e-con-full e-flex e-con e-parent\" data-id=\"4cb723f\" data-element_type=\"container\">\n\t\t\t\t<div class=\"elementor-element elementor-element-c4fabf6 elementor-widget elementor-widget-text-editor\" data-id=\"c4fabf6\" data-element_type=\"widget\" data-widget_type=\"text-editor.default\">\n\t\t\t\t<div class=\"elementor-widget-container\">\n\t\t\t\t\t\t\t\t\t<p><strong>Globalization and internationalization have long since affected the education sector as well. Almost every student today considers studying abroad for a semester or longer.<\/strong> Foreign languages and knowledge of European contexts are increasingly becoming a prerequisite for the job market. However, being on your own for half a year and exploring another country is not only an experience for your future career, it is also an experience for life. The understanding of other cultures, conditions and historical developments can also make a significant contribution against chauvinism and nationalism, but also to personal development. Such an understanding seems more necessary than ever, not only in view of the developments in Austrian society.<\/p><p>But what is the best way to approach the &#8220;project&#8221; of studying abroad? Where can I find the relevant information, when do I start planning and where do I want to go in the first place? These questions are answered in the <a class=\"drupdown-inline drupdown-link drupdown-internal\" title=\"Study Abroad\" href=\"https:\/\/www.oeh.ac.at\/en\/product\/study-abroad\/\" rel=\"noopener\">brochure &#8220;Studying Abroad&#8221;<\/a> &#8211; if you have further questions, please contact the <a class=\"drupdown-inline drupdown-no-title drupdown-link drupdown-internal\" href=\"https:\/\/www.oeh.ac.at\/en\/units\/international-affairs-department\/\" rel=\"noopener\">International Affairs<\/a> Office of the \u00d6H-Bundesvertretung.<\/p>\t\t\t\t\t\t\t\t<\/div>\n\t\t\t\t<\/div>\n\t\t\t\t<\/div>\n\t\t\t\t\t<\/div>\n\t\t\t\t<\/div>\n\t\t\t\t<\/div>\n\t\t","protected":false},"excerpt":{"rendered":"<p>Globalization and internationalization have long since affected the education sector as well. Almost every student today considers studying abroad for a semester or longer&#8230;.<\/p>\n","protected":false},"author":57,"featured_media":7323,"parent":0,"menu_order":0,"comment_status":"closed","ping_status":"closed","template":"","meta":{"footnotes":""},"class_list":["post-96996","page","type-page","status-publish","has-post-thumbnail","hentry"],"yoast_head":"<!-- This site is optimized with the Yoast SEO plugin v25.9 - https:\/\/yoast.com\/wordpress\/plugins\/seo\/ -->\n<title>Study abroad - \u00d6H<\/title>\n<meta name=\"description\" content=\"Get information about renowned universities and educational institutions abroad, study programs, admission requirements and financial aid.\" \/>\n<meta name=\"robots\" content=\"index, follow, max-snippet:-1, max-image-preview:large, max-video-preview:-1\" \/>\n<link rel=\"canonical\" href=\"https:\/\/www.oeh.ac.at\/en\/study-abroad\/\" \/>\n<meta property=\"og:locale\" content=\"en_US\" \/>\n<meta property=\"og:type\" content=\"article\" \/>\n<meta property=\"og:title\" content=\"Study abroad - \u00d6H\" \/>\n<meta property=\"og:description\" content=\"Get information about renowned universities and educational institutions abroad, study programs, admission requirements and financial aid.\" \/>\n<meta property=\"og:url\" content=\"https:\/\/www.oeh.ac.at\/en\/study-abroad\/\" \/>\n<meta property=\"og:site_name\" content=\"\u00d6sterreichische Hochsch\u00fcler_innenschaft (\u00d6H)\" \/>\n<meta property=\"article:publisher\" content=\"https:\/\/facebook.com\/bundesoeh\" \/>\n<meta property=\"article:modified_time\" content=\"2023-06-20T16:39:21+00:00\" \/>\n<meta property=\"og:image\" content=\"https:\/\/www.oeh.ac.at\/wp-content\/uploads\/2015\/11\/studieren_im_ausland_web-626.png\" \/>\n\t<meta property=\"og:image:width\" content=\"1128\" \/>\n\t<meta property=\"og:image:height\" content=\"1600\" \/>\n\t<meta property=\"og:image:type\" content=\"image\/png\" \/>\n<script type=\"application\/ld+json\" class=\"yoast-schema-graph\">{\"@context\":\"https:\/\/schema.org\",\"@graph\":[{\"@type\":\"WebPage\",\"@id\":\"https:\/\/www.oeh.ac.at\/en\/study-abroad\/\",\"url\":\"https:\/\/www.oeh.ac.at\/en\/study-abroad\/\",\"name\":\"Study abroad - \u00d6H\",\"isPartOf\":{\"@id\":\"https:\/\/www.oeh.ac.at\/en\/#website\"},\"primaryImageOfPage\":{\"@id\":\"https:\/\/www.oeh.ac.at\/en\/study-abroad\/#primaryimage\"},\"image\":{\"@id\":\"https:\/\/www.oeh.ac.at\/en\/study-abroad\/#primaryimage\"},\"thumbnailUrl\":\"https:\/\/www.oeh.ac.at\/wp-content\/uploads\/2015\/11\/studieren_im_ausland_web-626.png\",\"datePublished\":\"2015-04-15T18:21:56+00:00\",\"dateModified\":\"2023-06-20T16:39:21+00:00\",\"description\":\"Get information about renowned universities and educational institutions abroad, study programs, admission requirements and financial aid.\",\"breadcrumb\":{\"@id\":\"https:\/\/www.oeh.ac.at\/en\/study-abroad\/#breadcrumb\"},\"inLanguage\":\"en-US\",\"potentialAction\":[{\"@type\":\"ReadAction\",\"target\":[\"https:\/\/www.oeh.ac.at\/en\/study-abroad\/\"]}]},{\"@type\":\"ImageObject\",\"inLanguage\":\"en-US\",\"@id\":\"https:\/\/www.oeh.ac.at\/en\/study-abroad\/#primaryimage\",\"url\":\"https:\/\/www.oeh.ac.at\/wp-content\/uploads\/2015\/11\/studieren_im_ausland_web-626.png\",\"contentUrl\":\"https:\/\/www.oeh.ac.at\/wp-content\/uploads\/2015\/11\/studieren_im_ausland_web-626.png\",\"width\":1128,\"height\":1600,\"caption\":\"studieren im ausland web 626\"},{\"@type\":\"BreadcrumbList\",\"@id\":\"https:\/\/www.oeh.ac.at\/en\/study-abroad\/#breadcrumb\",\"itemListElement\":[{\"@type\":\"ListItem\",\"position\":1,\"name\":\"Startseite\",\"item\":\"https:\/\/www.oeh.ac.at\/en\/\"},{\"@type\":\"ListItem\",\"position\":2,\"name\":\"Study abroad\"}]},{\"@type\":\"WebSite\",\"@id\":\"https:\/\/www.oeh.ac.at\/en\/#website\",\"url\":\"https:\/\/www.oeh.ac.at\/en\/\",\"name\":\"\u00d6sterreichische Hochsch\u00fcler_innenschaft\",\"description\":\"\",\"publisher\":{\"@id\":\"https:\/\/www.oeh.ac.at\/en\/#organization\"},\"alternateName\":\"\u00d6H\",\"potentialAction\":[{\"@type\":\"SearchAction\",\"target\":{\"@type\":\"EntryPoint\",\"urlTemplate\":\"https:\/\/www.oeh.ac.at\/en\/?s={search_term_string}\"},\"query-input\":{\"@type\":\"PropertyValueSpecification\",\"valueRequired\":true,\"valueName\":\"search_term_string\"}}],\"inLanguage\":\"en-US\"},{\"@type\":\"Organization\",\"@id\":\"https:\/\/www.oeh.ac.at\/en\/#organization\",\"name\":\"\u00d6sterreichische Hochsch\u00fcler_innenschaft\",\"alternateName\":\"\u00d6H\",\"url\":\"https:\/\/www.oeh.ac.at\/en\/\",\"logo\":{\"@type\":\"ImageObject\",\"inLanguage\":\"en-US\",\"@id\":\"https:\/\/www.oeh.ac.at\/en\/#\/schema\/logo\/image\/\",\"url\":\"https:\/\/www.oeh.ac.at\/wp-content\/uploads\/2023\/03\/OeH_Logo_white_RGB.png\",\"contentUrl\":\"https:\/\/www.oeh.ac.at\/wp-content\/uploads\/2023\/03\/OeH_Logo_white_RGB.png\",\"width\":1600,\"height\":1330,\"caption\":\"\u00d6sterreichische Hochsch\u00fcler_innenschaft\"},\"image\":{\"@id\":\"https:\/\/www.oeh.ac.at\/en\/#\/schema\/logo\/image\/\"},\"sameAs\":[\"https:\/\/facebook.com\/bundesoeh\",\"https:\/\/instagram.com\/bundesoeh\",\"https:\/\/youtube.com\/bundesoeh\",\"https:\/\/bsky.app\/profile\/bundesoeh.bsky.social\"]}]}<\/script>\n<!-- \/ Yoast SEO plugin. -->","yoast_head_json":{"title":"Study abroad - \u00d6H","description":"Get information about renowned universities and educational institutions abroad, study programs, admission requirements and financial aid.","robots":{"index":"index","follow":"follow","max-snippet":"max-snippet:-1","max-image-preview":"max-image-preview:large","max-video-preview":"max-video-preview:-1"},"canonical":"https:\/\/www.oeh.ac.at\/en\/study-abroad\/","og_locale":"en_US","og_type":"article","og_title":"Study abroad - \u00d6H","og_description":"Get information about renowned universities and educational institutions abroad, study programs, admission requirements and financial aid.","og_url":"https:\/\/www.oeh.ac.at\/en\/study-abroad\/","og_site_name":"\u00d6sterreichische Hochsch\u00fcler_innenschaft (\u00d6H)","article_publisher":"https:\/\/facebook.com\/bundesoeh","article_modified_time":"2023-06-20T16:39:21+00:00","og_image":[{"width":1128,"height":1600,"url":"https:\/\/www.oeh.ac.at\/wp-content\/uploads\/2015\/11\/studieren_im_ausland_web-626.png","type":"image\/png"}],"schema":{"@context":"https:\/\/schema.org","@graph":[{"@type":"WebPage","@id":"https:\/\/www.oeh.ac.at\/en\/study-abroad\/","url":"https:\/\/www.oeh.ac.at\/en\/study-abroad\/","name":"Study abroad - \u00d6H","isPartOf":{"@id":"https:\/\/www.oeh.ac.at\/en\/#website"},"primaryImageOfPage":{"@id":"https:\/\/www.oeh.ac.at\/en\/study-abroad\/#primaryimage"},"image":{"@id":"https:\/\/www.oeh.ac.at\/en\/study-abroad\/#primaryimage"},"thumbnailUrl":"https:\/\/www.oeh.ac.at\/wp-content\/uploads\/2015\/11\/studieren_im_ausland_web-626.png","datePublished":"2015-04-15T18:21:56+00:00","dateModified":"2023-06-20T16:39:21+00:00","description":"Get information about renowned universities and educational institutions abroad, study programs, admission requirements and financial aid.","breadcrumb":{"@id":"https:\/\/www.oeh.ac.at\/en\/study-abroad\/#breadcrumb"},"inLanguage":"en-US","potentialAction":[{"@type":"ReadAction","target":["https:\/\/www.oeh.ac.at\/en\/study-abroad\/"]}]},{"@type":"ImageObject","inLanguage":"en-US","@id":"https:\/\/www.oeh.ac.at\/en\/study-abroad\/#primaryimage","url":"https:\/\/www.oeh.ac.at\/wp-content\/uploads\/2015\/11\/studieren_im_ausland_web-626.png","contentUrl":"https:\/\/www.oeh.ac.at\/wp-content\/uploads\/2015\/11\/studieren_im_ausland_web-626.png","width":1128,"height":1600,"caption":"studieren im ausland web 626"},{"@type":"BreadcrumbList","@id":"https:\/\/www.oeh.ac.at\/en\/study-abroad\/#breadcrumb","itemListElement":[{"@type":"ListItem","position":1,"name":"Startseite","item":"https:\/\/www.oeh.ac.at\/en\/"},{"@type":"ListItem","position":2,"name":"Study abroad"}]},{"@type":"WebSite","@id":"https:\/\/www.oeh.ac.at\/en\/#website","url":"https:\/\/www.oeh.ac.at\/en\/","name":"\u00d6sterreichische Hochsch\u00fcler_innenschaft","description":"","publisher":{"@id":"https:\/\/www.oeh.ac.at\/en\/#organization"},"alternateName":"\u00d6H","potentialAction":[{"@type":"SearchAction","target":{"@type":"EntryPoint","urlTemplate":"https:\/\/www.oeh.ac.at\/en\/?s={search_term_string}"},"query-input":{"@type":"PropertyValueSpecification","valueRequired":true,"valueName":"search_term_string"}}],"inLanguage":"en-US"},{"@type":"Organization","@id":"https:\/\/www.oeh.ac.at\/en\/#organization","name":"\u00d6sterreichische Hochsch\u00fcler_innenschaft","alternateName":"\u00d6H","url":"https:\/\/www.oeh.ac.at\/en\/","logo":{"@type":"ImageObject","inLanguage":"en-US","@id":"https:\/\/www.oeh.ac.at\/en\/#\/schema\/logo\/image\/","url":"https:\/\/www.oeh.ac.at\/wp-content\/uploads\/2023\/03\/OeH_Logo_white_RGB.png","contentUrl":"https:\/\/www.oeh.ac.at\/wp-content\/uploads\/2023\/03\/OeH_Logo_white_RGB.png","width":1600,"height":1330,"caption":"\u00d6sterreichische Hochsch\u00fcler_innenschaft"},"image":{"@id":"https:\/\/www.oeh.ac.at\/en\/#\/schema\/logo\/image\/"},"sameAs":["https:\/\/facebook.com\/bundesoeh","https:\/\/instagram.com\/bundesoeh","https:\/\/youtube.com\/bundesoeh","https:\/\/bsky.app\/profile\/bundesoeh.bsky.social"]}]}},"_links":{"self":[{"href":"https:\/\/www.oeh.ac.at\/en\/wp-json\/wp\/v2\/pages\/96996","targetHints":{"allow":["GET"]}}],"collection":[{"href":"https:\/\/www.oeh.ac.at\/en\/wp-json\/wp\/v2\/pages"}],"about":[{"href":"https:\/\/www.oeh.ac.at\/en\/wp-json\/wp\/v2\/types\/page"}],"author":[{"embeddable":true,"href":"https:\/\/www.oeh.ac.at\/en\/wp-json\/wp\/v2\/users\/57"}],"replies":[{"embeddable":true,"href":"https:\/\/www.oeh.ac.at\/en\/wp-json\/wp\/v2\/comments?post=96996"}],"version-history":[{"count":0,"href":"https:\/\/www.oeh.ac.at\/en\/wp-json\/wp\/v2\/pages\/96996\/revisions"}],"wp:featuredmedia":[{"embeddable":true,"href":"https:\/\/www.oeh.ac.at\/en\/wp-json\/wp\/v2\/media\/7323"}],"wp:attachment":[{"href":"https:\/\/www.oeh.ac.at\/en\/wp-json\/wp\/v2\/media?parent=96996"}],"curies":[{"name":"wp","href":"https:\/\/api.w.org\/{rel}","templated":true}]}}