{"id":96993,"date":"2015-04-15T19:11:30","date_gmt":"2015-04-15T17:11:30","guid":{"rendered":"https:\/\/www.oeh.ac.at\/service\/oeh-reminder\/"},"modified":"2023-06-13T17:14:19","modified_gmt":"2023-06-13T17:14:19","slug":"oeh-reminder","status":"publish","type":"page","link":"https:\/\/www.oeh.ac.at\/en\/service\/oeh-reminder\/","title":{"rendered":"\u00d6H-Reminder"},"content":{"rendered":"\t\t<div data-elementor-type=\"wp-page\" data-elementor-id=\"96993\" class=\"elementor elementor-96993 elementor-6098\" data-elementor-post-type=\"page\">\n\t\t\t\t<div class=\"elementor-element elementor-element-cb25f6c e-flex e-con-boxed e-con e-parent\" data-id=\"cb25f6c\" data-element_type=\"container\">\n\t\t\t\t\t<div class=\"e-con-inner\">\n\t\t\t\t<div class=\"elementor-element elementor-element-7aea593 elementor-widget elementor-widget-image\" data-id=\"7aea593\" data-element_type=\"widget\" data-widget_type=\"image.default\">\n\t\t\t\t<div class=\"elementor-widget-container\">\n\t\t\t\t\t\t\t\t\t\t\t\t\t\t\t<img fetchpriority=\"high\" decoding=\"async\" width=\"800\" height=\"191\" src=\"https:\/\/www.oeh.ac.at\/wp-content\/uploads\/2023\/04\/oehbv_website_header_reminder-1024x244.png\" class=\"attachment-large size-large wp-image-66887\" alt=\"\" srcset=\"https:\/\/www.oeh.ac.at\/wp-content\/uploads\/2023\/04\/oehbv_website_header_reminder-1024x244.png 1024w, https:\/\/www.oeh.ac.at\/wp-content\/uploads\/2023\/04\/oehbv_website_header_reminder-600x143.png 600w, https:\/\/www.oeh.ac.at\/wp-content\/uploads\/2023\/04\/oehbv_website_header_reminder-300x71.png 300w, https:\/\/www.oeh.ac.at\/wp-content\/uploads\/2023\/04\/oehbv_website_header_reminder-768x183.png 768w, https:\/\/www.oeh.ac.at\/wp-content\/uploads\/2023\/04\/oehbv_website_header_reminder.png 1260w\" sizes=\"(max-width: 800px) 100vw, 800px\" \/>\t\t\t\t\t\t\t\t\t\t\t\t\t\t\t<\/div>\n\t\t\t\t<\/div>\n\t\t\t\t<div class=\"elementor-element elementor-element-d009ea3 elementor-widget elementor-widget-text-editor\" data-id=\"d009ea3\" data-element_type=\"widget\" data-widget_type=\"text-editor.default\">\n\t\t\t\t<div class=\"elementor-widget-container\">\n\t\t\t\t\t\t\t\t\t<p><strong>The ever-increasing stress of students at universities often not only robs them of their last nerve, but can also become really expensive.<\/strong>  Then, for example, when you forget the expiration of important deadlines, such as the end of the application period for scholarships. So that the reminder of this circumstance does not only occur at the ATM, but when the consequences are still avoidable, the Austrian National Union of Students (\u00d6H) has come up with something: The \u00d6H-Reminder<\/p>\n<p>After entering a valid email address and\/or cell phone number, you select your own university location and activate the service with the activation code sent to you. You will be informed automatically and in time about important deadlines via SMS. In addition to very general deadlines, such as the aforementioned application deadline for scholarships, the \u00d6H-Reminder also reminds you of university-specific deadlines, such as the application deadline for merit scholarships or the enrollment deadline.<\/p>\n<p>Participation in the info service is free of charge and can also be revoked at any time via the registration page. The data entered will be used by the \u00d6sterreichische Hochsch\u00fcler_innenschaft (\u00d6H) for the operation of this service. The data will not be passed on to third parties and is subject to the applicable Austrian data protection regulations. Users agree to receive further information about \u00d6H activities.<\/p>\n<p>If you have any questions or problems, please contact:<\/p>\n\t\t\t\t\t\t\t\t<\/div>\n\t\t\t\t<\/div>\n\t\t\t\t<div class=\"elementor-element elementor-element-bb61aef elementor-widget-mobile__width-inherit elementor-widget elementor-widget-html\" data-id=\"bb61aef\" data-element_type=\"widget\" data-widget_type=\"html.default\">\n\t\t\t\t<div class=\"elementor-widget-container\">\n\t\t\t\t\t<iframe style=\"border: 0;\" src=\"https:\/\/reminder.oeh.ac.at\/\" height=\"800\"><\/iframe>\t\t\t\t<\/div>\n\t\t\t\t<\/div>\n\t\t\t\t\t<\/div>\n\t\t\t\t<\/div>\n\t\t\t\t<\/div>\n\t\t","protected":false},"excerpt":{"rendered":"<p>The ever-increasing stress of students at universities often not only robs them of their last nerve, but can also become really expensive. Then, for&#8230;<\/p>\n","protected":false},"author":57,"featured_media":6097,"parent":96697,"menu_order":0,"comment_status":"closed","ping_status":"closed","template":"","meta":{"footnotes":""},"class_list":["post-96993","page","type-page","status-publish","has-post-thumbnail","hentry"],"yoast_head":"<!-- This site is optimized with the Yoast SEO plugin v25.9 - https:\/\/yoast.com\/wordpress\/plugins\/seo\/ -->\n<title>\u00d6H-Reminder - \u00d6sterreichische Hochsch\u00fcler_innenschaft (\u00d6H)<\/title>\n<meta name=\"description\" content=\"Don&#039;t miss any important dates and information from the Austrian National Union of Students (\u00d6H) with the \u00d6H-Reminder.\" \/>\n<meta name=\"robots\" content=\"index, follow, max-snippet:-1, max-image-preview:large, max-video-preview:-1\" \/>\n<link rel=\"canonical\" href=\"https:\/\/www.oeh.ac.at\/en\/service\/oeh-reminder\/\" \/>\n<meta property=\"og:locale\" content=\"en_US\" \/>\n<meta property=\"og:type\" content=\"article\" \/>\n<meta property=\"og:title\" content=\"\u00d6H-Reminder - \u00d6sterreichische Hochsch\u00fcler_innenschaft (\u00d6H)\" \/>\n<meta property=\"og:description\" content=\"Don&#039;t miss any important dates and information from the Austrian National Union of Students (\u00d6H) with the \u00d6H-Reminder.\" \/>\n<meta property=\"og:url\" content=\"https:\/\/www.oeh.ac.at\/en\/service\/oeh-reminder\/\" \/>\n<meta property=\"og:site_name\" content=\"\u00d6sterreichische Hochsch\u00fcler_innenschaft (\u00d6H)\" \/>\n<meta property=\"article:publisher\" content=\"https:\/\/facebook.com\/bundesoeh\" \/>\n<meta property=\"article:modified_time\" content=\"2023-06-13T17:14:19+00:00\" \/>\n<meta property=\"og:image\" content=\"https:\/\/www.oeh.ac.at\/wp-content\/uploads\/2018\/08\/oehbv_website_header_reminder-a3d.png\" \/>\n\t<meta property=\"og:image:width\" content=\"1260\" \/>\n\t<meta property=\"og:image:height\" content=\"300\" \/>\n\t<meta property=\"og:image:type\" content=\"image\/png\" \/>\n<script type=\"application\/ld+json\" class=\"yoast-schema-graph\">{\"@context\":\"https:\/\/schema.org\",\"@graph\":[{\"@type\":\"WebPage\",\"@id\":\"https:\/\/www.oeh.ac.at\/en\/service\/oeh-reminder\/\",\"url\":\"https:\/\/www.oeh.ac.at\/en\/service\/oeh-reminder\/\",\"name\":\"\u00d6H-Reminder - \u00d6sterreichische Hochsch\u00fcler_innenschaft (\u00d6H)\",\"isPartOf\":{\"@id\":\"https:\/\/www.oeh.ac.at\/en\/#website\"},\"primaryImageOfPage\":{\"@id\":\"https:\/\/www.oeh.ac.at\/en\/service\/oeh-reminder\/#primaryimage\"},\"image\":{\"@id\":\"https:\/\/www.oeh.ac.at\/en\/service\/oeh-reminder\/#primaryimage\"},\"thumbnailUrl\":\"https:\/\/www.oeh.ac.at\/wp-content\/uploads\/2018\/08\/oehbv_website_header_reminder-a3d.png\",\"datePublished\":\"2015-04-15T17:11:30+00:00\",\"dateModified\":\"2023-06-13T17:14:19+00:00\",\"description\":\"Don't miss any important dates and information from the Austrian National Union of Students (\u00d6H) with the \u00d6H-Reminder.\",\"breadcrumb\":{\"@id\":\"https:\/\/www.oeh.ac.at\/en\/service\/oeh-reminder\/#breadcrumb\"},\"inLanguage\":\"en-US\",\"potentialAction\":[{\"@type\":\"ReadAction\",\"target\":[\"https:\/\/www.oeh.ac.at\/en\/service\/oeh-reminder\/\"]}]},{\"@type\":\"ImageObject\",\"inLanguage\":\"en-US\",\"@id\":\"https:\/\/www.oeh.ac.at\/en\/service\/oeh-reminder\/#primaryimage\",\"url\":\"https:\/\/www.oeh.ac.at\/wp-content\/uploads\/2018\/08\/oehbv_website_header_reminder-a3d.png\",\"contentUrl\":\"https:\/\/www.oeh.ac.at\/wp-content\/uploads\/2018\/08\/oehbv_website_header_reminder-a3d.png\",\"width\":1260,\"height\":300,\"caption\":\"oehbv website header reminder a3d\"},{\"@type\":\"BreadcrumbList\",\"@id\":\"https:\/\/www.oeh.ac.at\/en\/service\/oeh-reminder\/#breadcrumb\",\"itemListElement\":[{\"@type\":\"ListItem\",\"position\":1,\"name\":\"Startseite\",\"item\":\"https:\/\/www.oeh.ac.at\/en\/\"},{\"@type\":\"ListItem\",\"position\":2,\"name\":\"Service\",\"item\":\"https:\/\/www.oeh.ac.at\/en\/service\/\"},{\"@type\":\"ListItem\",\"position\":3,\"name\":\"\u00d6H-Reminder\"}]},{\"@type\":\"WebSite\",\"@id\":\"https:\/\/www.oeh.ac.at\/en\/#website\",\"url\":\"https:\/\/www.oeh.ac.at\/en\/\",\"name\":\"\u00d6sterreichische Hochsch\u00fcler_innenschaft\",\"description\":\"\",\"publisher\":{\"@id\":\"https:\/\/www.oeh.ac.at\/en\/#organization\"},\"alternateName\":\"\u00d6H\",\"potentialAction\":[{\"@type\":\"SearchAction\",\"target\":{\"@type\":\"EntryPoint\",\"urlTemplate\":\"https:\/\/www.oeh.ac.at\/en\/?s={search_term_string}\"},\"query-input\":{\"@type\":\"PropertyValueSpecification\",\"valueRequired\":true,\"valueName\":\"search_term_string\"}}],\"inLanguage\":\"en-US\"},{\"@type\":\"Organization\",\"@id\":\"https:\/\/www.oeh.ac.at\/en\/#organization\",\"name\":\"\u00d6sterreichische Hochsch\u00fcler_innenschaft\",\"alternateName\":\"\u00d6H\",\"url\":\"https:\/\/www.oeh.ac.at\/en\/\",\"logo\":{\"@type\":\"ImageObject\",\"inLanguage\":\"en-US\",\"@id\":\"https:\/\/www.oeh.ac.at\/en\/#\/schema\/logo\/image\/\",\"url\":\"https:\/\/www.oeh.ac.at\/wp-content\/uploads\/2023\/03\/OeH_Logo_white_RGB.png\",\"contentUrl\":\"https:\/\/www.oeh.ac.at\/wp-content\/uploads\/2023\/03\/OeH_Logo_white_RGB.png\",\"width\":1600,\"height\":1330,\"caption\":\"\u00d6sterreichische Hochsch\u00fcler_innenschaft\"},\"image\":{\"@id\":\"https:\/\/www.oeh.ac.at\/en\/#\/schema\/logo\/image\/\"},\"sameAs\":[\"https:\/\/facebook.com\/bundesoeh\",\"https:\/\/instagram.com\/bundesoeh\",\"https:\/\/youtube.com\/bundesoeh\",\"https:\/\/bsky.app\/profile\/bundesoeh.bsky.social\"]}]}<\/script>\n<!-- \/ Yoast SEO plugin. -->","yoast_head_json":{"title":"\u00d6H-Reminder - \u00d6sterreichische Hochsch\u00fcler_innenschaft (\u00d6H)","description":"Don't miss any important dates and information from the Austrian National Union of Students (\u00d6H) with the \u00d6H-Reminder.","robots":{"index":"index","follow":"follow","max-snippet":"max-snippet:-1","max-image-preview":"max-image-preview:large","max-video-preview":"max-video-preview:-1"},"canonical":"https:\/\/www.oeh.ac.at\/en\/service\/oeh-reminder\/","og_locale":"en_US","og_type":"article","og_title":"\u00d6H-Reminder - \u00d6sterreichische Hochsch\u00fcler_innenschaft (\u00d6H)","og_description":"Don't miss any important dates and information from the Austrian National Union of Students (\u00d6H) with the \u00d6H-Reminder.","og_url":"https:\/\/www.oeh.ac.at\/en\/service\/oeh-reminder\/","og_site_name":"\u00d6sterreichische Hochsch\u00fcler_innenschaft (\u00d6H)","article_publisher":"https:\/\/facebook.com\/bundesoeh","article_modified_time":"2023-06-13T17:14:19+00:00","og_image":[{"width":1260,"height":300,"url":"https:\/\/www.oeh.ac.at\/wp-content\/uploads\/2018\/08\/oehbv_website_header_reminder-a3d.png","type":"image\/png"}],"schema":{"@context":"https:\/\/schema.org","@graph":[{"@type":"WebPage","@id":"https:\/\/www.oeh.ac.at\/en\/service\/oeh-reminder\/","url":"https:\/\/www.oeh.ac.at\/en\/service\/oeh-reminder\/","name":"\u00d6H-Reminder - \u00d6sterreichische Hochsch\u00fcler_innenschaft (\u00d6H)","isPartOf":{"@id":"https:\/\/www.oeh.ac.at\/en\/#website"},"primaryImageOfPage":{"@id":"https:\/\/www.oeh.ac.at\/en\/service\/oeh-reminder\/#primaryimage"},"image":{"@id":"https:\/\/www.oeh.ac.at\/en\/service\/oeh-reminder\/#primaryimage"},"thumbnailUrl":"https:\/\/www.oeh.ac.at\/wp-content\/uploads\/2018\/08\/oehbv_website_header_reminder-a3d.png","datePublished":"2015-04-15T17:11:30+00:00","dateModified":"2023-06-13T17:14:19+00:00","description":"Don't miss any important dates and information from the Austrian National Union of Students (\u00d6H) with the \u00d6H-Reminder.","breadcrumb":{"@id":"https:\/\/www.oeh.ac.at\/en\/service\/oeh-reminder\/#breadcrumb"},"inLanguage":"en-US","potentialAction":[{"@type":"ReadAction","target":["https:\/\/www.oeh.ac.at\/en\/service\/oeh-reminder\/"]}]},{"@type":"ImageObject","inLanguage":"en-US","@id":"https:\/\/www.oeh.ac.at\/en\/service\/oeh-reminder\/#primaryimage","url":"https:\/\/www.oeh.ac.at\/wp-content\/uploads\/2018\/08\/oehbv_website_header_reminder-a3d.png","contentUrl":"https:\/\/www.oeh.ac.at\/wp-content\/uploads\/2018\/08\/oehbv_website_header_reminder-a3d.png","width":1260,"height":300,"caption":"oehbv website header reminder a3d"},{"@type":"BreadcrumbList","@id":"https:\/\/www.oeh.ac.at\/en\/service\/oeh-reminder\/#breadcrumb","itemListElement":[{"@type":"ListItem","position":1,"name":"Startseite","item":"https:\/\/www.oeh.ac.at\/en\/"},{"@type":"ListItem","position":2,"name":"Service","item":"https:\/\/www.oeh.ac.at\/en\/service\/"},{"@type":"ListItem","position":3,"name":"\u00d6H-Reminder"}]},{"@type":"WebSite","@id":"https:\/\/www.oeh.ac.at\/en\/#website","url":"https:\/\/www.oeh.ac.at\/en\/","name":"\u00d6sterreichische Hochsch\u00fcler_innenschaft","description":"","publisher":{"@id":"https:\/\/www.oeh.ac.at\/en\/#organization"},"alternateName":"\u00d6H","potentialAction":[{"@type":"SearchAction","target":{"@type":"EntryPoint","urlTemplate":"https:\/\/www.oeh.ac.at\/en\/?s={search_term_string}"},"query-input":{"@type":"PropertyValueSpecification","valueRequired":true,"valueName":"search_term_string"}}],"inLanguage":"en-US"},{"@type":"Organization","@id":"https:\/\/www.oeh.ac.at\/en\/#organization","name":"\u00d6sterreichische Hochsch\u00fcler_innenschaft","alternateName":"\u00d6H","url":"https:\/\/www.oeh.ac.at\/en\/","logo":{"@type":"ImageObject","inLanguage":"en-US","@id":"https:\/\/www.oeh.ac.at\/en\/#\/schema\/logo\/image\/","url":"https:\/\/www.oeh.ac.at\/wp-content\/uploads\/2023\/03\/OeH_Logo_white_RGB.png","contentUrl":"https:\/\/www.oeh.ac.at\/wp-content\/uploads\/2023\/03\/OeH_Logo_white_RGB.png","width":1600,"height":1330,"caption":"\u00d6sterreichische Hochsch\u00fcler_innenschaft"},"image":{"@id":"https:\/\/www.oeh.ac.at\/en\/#\/schema\/logo\/image\/"},"sameAs":["https:\/\/facebook.com\/bundesoeh","https:\/\/instagram.com\/bundesoeh","https:\/\/youtube.com\/bundesoeh","https:\/\/bsky.app\/profile\/bundesoeh.bsky.social"]}]}},"_links":{"self":[{"href":"https:\/\/www.oeh.ac.at\/en\/wp-json\/wp\/v2\/pages\/96993","targetHints":{"allow":["GET"]}}],"collection":[{"href":"https:\/\/www.oeh.ac.at\/en\/wp-json\/wp\/v2\/pages"}],"about":[{"href":"https:\/\/www.oeh.ac.at\/en\/wp-json\/wp\/v2\/types\/page"}],"author":[{"embeddable":true,"href":"https:\/\/www.oeh.ac.at\/en\/wp-json\/wp\/v2\/users\/57"}],"replies":[{"embeddable":true,"href":"https:\/\/www.oeh.ac.at\/en\/wp-json\/wp\/v2\/comments?post=96993"}],"version-history":[{"count":0,"href":"https:\/\/www.oeh.ac.at\/en\/wp-json\/wp\/v2\/pages\/96993\/revisions"}],"up":[{"embeddable":true,"href":"https:\/\/www.oeh.ac.at\/en\/wp-json\/wp\/v2\/pages\/96697"}],"wp:featuredmedia":[{"embeddable":true,"href":"https:\/\/www.oeh.ac.at\/en\/wp-json\/wp\/v2\/media\/6097"}],"wp:attachment":[{"href":"https:\/\/www.oeh.ac.at\/en\/wp-json\/wp\/v2\/media?parent=96993"}],"curies":[{"name":"wp","href":"https:\/\/api.w.org\/{rel}","templated":true}]}}