{"id":96988,"date":"2015-04-15T18:38:22","date_gmt":"2015-04-15T18:38:22","guid":{"rendered":"https:\/\/www.oeh.ac.at\/what-is-the-oeh\/"},"modified":"2023-06-13T17:14:16","modified_gmt":"2023-06-13T17:14:16","slug":"what-is-the-oeh","status":"publish","type":"page","link":"https:\/\/www.oeh.ac.at\/en\/about-us\/what-is-the-oeh\/","title":{"rendered":"What is the \u00d6H?"},"content":{"rendered":"\t\t<div data-elementor-type=\"wp-page\" data-elementor-id=\"96988\" class=\"elementor elementor-96988 elementor-6068\" data-elementor-post-type=\"page\">\n\t\t\t\t<div class=\"elementor-element elementor-element-2c65f3d e-flex e-con-boxed e-con e-parent\" data-id=\"2c65f3d\" data-element_type=\"container\">\n\t\t\t\t\t<div class=\"e-con-inner\">\n\t\t<div class=\"elementor-element elementor-element-d5b4293 e-con-full e-flex e-con e-parent\" data-id=\"d5b4293\" data-element_type=\"container\">\n\t\t\t\t<div class=\"elementor-element elementor-element-c063147 elementor-widget elementor-widget-text-editor\" data-id=\"c063147\" data-element_type=\"widget\" data-widget_type=\"text-editor.default\">\n\t\t\t\t<div class=\"elementor-widget-container\">\n\t\t\t\t\t\t\t\t\t<p style=\"text-align: left;\">The federal representation of the Austrian National Union of Students (\u00d6H) is the representation of all students at universities, private universities, universities of applied sciences and universities of education. The \u00d6H is divided into three areas: student representatives, i.e. the representatives of your field of study, university representatives, i.e. the representatives of an entire university, and the federal representatives, i.e. the Austria-wide representatives. The \u00d6H is directly elected by all students every two years and is the voice of the students towards the universities and politics.<\/p>\n<p><b><br \/><iframe style=\"width: 100%; height: 36.25vw;\" src=\"https:\/\/www.youtube.com\/embed\/6BJ-v7Ltc6k?rel=0\" frameborder=\"0\" allowfullscreen=\"allowfullscreen\"><\/iframe><\/b><\/p><\/p>\n\t\t\t\t\t\t\t\t<\/div>\n\t\t\t\t<\/div>\n\t\t\t\t<\/div>\n\t\t\t\t\t<\/div>\n\t\t\t\t<\/div>\n\t\t\t\t<\/div>\n\t\t","protected":false},"excerpt":{"rendered":"<p>The federal representation of the Austrian National Union of Students (\u00d6H) is the representation of all students at universities, private universities, universities of applied&#8230;<\/p>\n","protected":false},"author":57,"featured_media":6067,"parent":96987,"menu_order":0,"comment_status":"closed","ping_status":"closed","template":"","meta":{"footnotes":""},"class_list":["post-96988","page","type-page","status-publish","has-post-thumbnail","hentry"],"yoast_head":"<!-- This site is optimized with the Yoast SEO plugin v25.9 - https:\/\/yoast.com\/wordpress\/plugins\/seo\/ -->\n<title>What is the \u00d6H? - \u00d6sterreichische Hochsch\u00fcler_innenschaft (\u00d6H)<\/title>\n<meta name=\"description\" content=\"The \u00d6H stands for &quot;\u00d6sterreichische Hochsch\u00fcler_innenschaft&quot; (Austrian National Union of Students) and is the legal representation of students&#039; interests in Austria.\" \/>\n<meta name=\"robots\" content=\"index, follow, max-snippet:-1, max-image-preview:large, max-video-preview:-1\" \/>\n<link rel=\"canonical\" href=\"https:\/\/www.oeh.ac.at\/en\/about-us\/what-is-the-oeh\/\" \/>\n<meta property=\"og:locale\" content=\"en_US\" \/>\n<meta property=\"og:type\" content=\"article\" \/>\n<meta property=\"og:title\" content=\"What is the \u00d6H? - \u00d6sterreichische Hochsch\u00fcler_innenschaft (\u00d6H)\" \/>\n<meta property=\"og:description\" content=\"The \u00d6H stands for &quot;\u00d6sterreichische Hochsch\u00fcler_innenschaft&quot; (Austrian National Union of Students) and is the legal representation of students&#039; interests in Austria.\" \/>\n<meta property=\"og:url\" content=\"https:\/\/www.oeh.ac.at\/en\/about-us\/what-is-the-oeh\/\" \/>\n<meta property=\"og:site_name\" content=\"\u00d6sterreichische Hochsch\u00fcler_innenschaft (\u00d6H)\" \/>\n<meta property=\"article:publisher\" content=\"https:\/\/facebook.com\/bundesoeh\" \/>\n<meta property=\"article:modified_time\" content=\"2023-06-13T17:14:16+00:00\" \/>\n<meta property=\"og:image\" content=\"https:\/\/www.oeh.ac.at\/wp-content\/uploads\/2021\/03\/oeh_aufbau_nov2017-796.jpeg\" \/>\n\t<meta property=\"og:image:width\" content=\"1260\" \/>\n\t<meta property=\"og:image:height\" content=\"891\" \/>\n\t<meta property=\"og:image:type\" content=\"image\/jpeg\" \/>\n<script type=\"application\/ld+json\" class=\"yoast-schema-graph\">{\"@context\":\"https:\/\/schema.org\",\"@graph\":[{\"@type\":\"WebPage\",\"@id\":\"https:\/\/www.oeh.ac.at\/en\/about-us\/what-is-the-oeh\/\",\"url\":\"https:\/\/www.oeh.ac.at\/en\/about-us\/what-is-the-oeh\/\",\"name\":\"What is the \u00d6H? - \u00d6sterreichische Hochsch\u00fcler_innenschaft (\u00d6H)\",\"isPartOf\":{\"@id\":\"https:\/\/www.oeh.ac.at\/en\/#website\"},\"primaryImageOfPage\":{\"@id\":\"https:\/\/www.oeh.ac.at\/en\/about-us\/what-is-the-oeh\/#primaryimage\"},\"image\":{\"@id\":\"https:\/\/www.oeh.ac.at\/en\/about-us\/what-is-the-oeh\/#primaryimage\"},\"thumbnailUrl\":\"https:\/\/www.oeh.ac.at\/wp-content\/uploads\/2021\/03\/oeh_aufbau_nov2017-796.jpeg\",\"datePublished\":\"2015-04-15T18:38:22+00:00\",\"dateModified\":\"2023-06-13T17:14:16+00:00\",\"description\":\"The \u00d6H stands for \\\"\u00d6sterreichische Hochsch\u00fcler_innenschaft\\\" (Austrian National Union of Students) and is the legal representation of students' interests in Austria.\",\"breadcrumb\":{\"@id\":\"https:\/\/www.oeh.ac.at\/en\/about-us\/what-is-the-oeh\/#breadcrumb\"},\"inLanguage\":\"en-US\",\"potentialAction\":[{\"@type\":\"ReadAction\",\"target\":[\"https:\/\/www.oeh.ac.at\/en\/about-us\/what-is-the-oeh\/\"]}]},{\"@type\":\"ImageObject\",\"inLanguage\":\"en-US\",\"@id\":\"https:\/\/www.oeh.ac.at\/en\/about-us\/what-is-the-oeh\/#primaryimage\",\"url\":\"https:\/\/www.oeh.ac.at\/wp-content\/uploads\/2021\/03\/oeh_aufbau_nov2017-796.jpeg\",\"contentUrl\":\"https:\/\/www.oeh.ac.at\/wp-content\/uploads\/2021\/03\/oeh_aufbau_nov2017-796.jpeg\",\"width\":1260,\"height\":891,\"caption\":\"oeh aufbau nov2017 796\"},{\"@type\":\"BreadcrumbList\",\"@id\":\"https:\/\/www.oeh.ac.at\/en\/about-us\/what-is-the-oeh\/#breadcrumb\",\"itemListElement\":[{\"@type\":\"ListItem\",\"position\":1,\"name\":\"Startseite\",\"item\":\"https:\/\/www.oeh.ac.at\/en\/\"},{\"@type\":\"ListItem\",\"position\":2,\"name\":\"About us\",\"item\":\"https:\/\/www.oeh.ac.at\/en\/ueber-uns\/\"},{\"@type\":\"ListItem\",\"position\":3,\"name\":\"What is the \u00d6H?\"}]},{\"@type\":\"WebSite\",\"@id\":\"https:\/\/www.oeh.ac.at\/en\/#website\",\"url\":\"https:\/\/www.oeh.ac.at\/en\/\",\"name\":\"\u00d6sterreichische Hochsch\u00fcler_innenschaft\",\"description\":\"\",\"publisher\":{\"@id\":\"https:\/\/www.oeh.ac.at\/en\/#organization\"},\"alternateName\":\"\u00d6H\",\"potentialAction\":[{\"@type\":\"SearchAction\",\"target\":{\"@type\":\"EntryPoint\",\"urlTemplate\":\"https:\/\/www.oeh.ac.at\/en\/?s={search_term_string}\"},\"query-input\":{\"@type\":\"PropertyValueSpecification\",\"valueRequired\":true,\"valueName\":\"search_term_string\"}}],\"inLanguage\":\"en-US\"},{\"@type\":\"Organization\",\"@id\":\"https:\/\/www.oeh.ac.at\/en\/#organization\",\"name\":\"\u00d6sterreichische Hochsch\u00fcler_innenschaft\",\"alternateName\":\"\u00d6H\",\"url\":\"https:\/\/www.oeh.ac.at\/en\/\",\"logo\":{\"@type\":\"ImageObject\",\"inLanguage\":\"en-US\",\"@id\":\"https:\/\/www.oeh.ac.at\/en\/#\/schema\/logo\/image\/\",\"url\":\"https:\/\/www.oeh.ac.at\/wp-content\/uploads\/2023\/03\/OeH_Logo_white_RGB.png\",\"contentUrl\":\"https:\/\/www.oeh.ac.at\/wp-content\/uploads\/2023\/03\/OeH_Logo_white_RGB.png\",\"width\":1600,\"height\":1330,\"caption\":\"\u00d6sterreichische Hochsch\u00fcler_innenschaft\"},\"image\":{\"@id\":\"https:\/\/www.oeh.ac.at\/en\/#\/schema\/logo\/image\/\"},\"sameAs\":[\"https:\/\/facebook.com\/bundesoeh\",\"https:\/\/instagram.com\/bundesoeh\",\"https:\/\/youtube.com\/bundesoeh\",\"https:\/\/bsky.app\/profile\/bundesoeh.bsky.social\"]}]}<\/script>\n<!-- \/ Yoast SEO plugin. -->","yoast_head_json":{"title":"What is the \u00d6H? - \u00d6sterreichische Hochsch\u00fcler_innenschaft (\u00d6H)","description":"The \u00d6H stands for \"\u00d6sterreichische Hochsch\u00fcler_innenschaft\" (Austrian National Union of Students) and is the legal representation of students' interests in Austria.","robots":{"index":"index","follow":"follow","max-snippet":"max-snippet:-1","max-image-preview":"max-image-preview:large","max-video-preview":"max-video-preview:-1"},"canonical":"https:\/\/www.oeh.ac.at\/en\/about-us\/what-is-the-oeh\/","og_locale":"en_US","og_type":"article","og_title":"What is the \u00d6H? - \u00d6sterreichische Hochsch\u00fcler_innenschaft (\u00d6H)","og_description":"The \u00d6H stands for \"\u00d6sterreichische Hochsch\u00fcler_innenschaft\" (Austrian National Union of Students) and is the legal representation of students' interests in Austria.","og_url":"https:\/\/www.oeh.ac.at\/en\/about-us\/what-is-the-oeh\/","og_site_name":"\u00d6sterreichische Hochsch\u00fcler_innenschaft (\u00d6H)","article_publisher":"https:\/\/facebook.com\/bundesoeh","article_modified_time":"2023-06-13T17:14:16+00:00","og_image":[{"width":1260,"height":891,"url":"https:\/\/www.oeh.ac.at\/wp-content\/uploads\/2021\/03\/oeh_aufbau_nov2017-796.jpeg","type":"image\/jpeg"}],"schema":{"@context":"https:\/\/schema.org","@graph":[{"@type":"WebPage","@id":"https:\/\/www.oeh.ac.at\/en\/about-us\/what-is-the-oeh\/","url":"https:\/\/www.oeh.ac.at\/en\/about-us\/what-is-the-oeh\/","name":"What is the \u00d6H? - \u00d6sterreichische Hochsch\u00fcler_innenschaft (\u00d6H)","isPartOf":{"@id":"https:\/\/www.oeh.ac.at\/en\/#website"},"primaryImageOfPage":{"@id":"https:\/\/www.oeh.ac.at\/en\/about-us\/what-is-the-oeh\/#primaryimage"},"image":{"@id":"https:\/\/www.oeh.ac.at\/en\/about-us\/what-is-the-oeh\/#primaryimage"},"thumbnailUrl":"https:\/\/www.oeh.ac.at\/wp-content\/uploads\/2021\/03\/oeh_aufbau_nov2017-796.jpeg","datePublished":"2015-04-15T18:38:22+00:00","dateModified":"2023-06-13T17:14:16+00:00","description":"The \u00d6H stands for \"\u00d6sterreichische Hochsch\u00fcler_innenschaft\" (Austrian National Union of Students) and is the legal representation of students' interests in Austria.","breadcrumb":{"@id":"https:\/\/www.oeh.ac.at\/en\/about-us\/what-is-the-oeh\/#breadcrumb"},"inLanguage":"en-US","potentialAction":[{"@type":"ReadAction","target":["https:\/\/www.oeh.ac.at\/en\/about-us\/what-is-the-oeh\/"]}]},{"@type":"ImageObject","inLanguage":"en-US","@id":"https:\/\/www.oeh.ac.at\/en\/about-us\/what-is-the-oeh\/#primaryimage","url":"https:\/\/www.oeh.ac.at\/wp-content\/uploads\/2021\/03\/oeh_aufbau_nov2017-796.jpeg","contentUrl":"https:\/\/www.oeh.ac.at\/wp-content\/uploads\/2021\/03\/oeh_aufbau_nov2017-796.jpeg","width":1260,"height":891,"caption":"oeh aufbau nov2017 796"},{"@type":"BreadcrumbList","@id":"https:\/\/www.oeh.ac.at\/en\/about-us\/what-is-the-oeh\/#breadcrumb","itemListElement":[{"@type":"ListItem","position":1,"name":"Startseite","item":"https:\/\/www.oeh.ac.at\/en\/"},{"@type":"ListItem","position":2,"name":"About us","item":"https:\/\/www.oeh.ac.at\/en\/ueber-uns\/"},{"@type":"ListItem","position":3,"name":"What is the \u00d6H?"}]},{"@type":"WebSite","@id":"https:\/\/www.oeh.ac.at\/en\/#website","url":"https:\/\/www.oeh.ac.at\/en\/","name":"\u00d6sterreichische Hochsch\u00fcler_innenschaft","description":"","publisher":{"@id":"https:\/\/www.oeh.ac.at\/en\/#organization"},"alternateName":"\u00d6H","potentialAction":[{"@type":"SearchAction","target":{"@type":"EntryPoint","urlTemplate":"https:\/\/www.oeh.ac.at\/en\/?s={search_term_string}"},"query-input":{"@type":"PropertyValueSpecification","valueRequired":true,"valueName":"search_term_string"}}],"inLanguage":"en-US"},{"@type":"Organization","@id":"https:\/\/www.oeh.ac.at\/en\/#organization","name":"\u00d6sterreichische Hochsch\u00fcler_innenschaft","alternateName":"\u00d6H","url":"https:\/\/www.oeh.ac.at\/en\/","logo":{"@type":"ImageObject","inLanguage":"en-US","@id":"https:\/\/www.oeh.ac.at\/en\/#\/schema\/logo\/image\/","url":"https:\/\/www.oeh.ac.at\/wp-content\/uploads\/2023\/03\/OeH_Logo_white_RGB.png","contentUrl":"https:\/\/www.oeh.ac.at\/wp-content\/uploads\/2023\/03\/OeH_Logo_white_RGB.png","width":1600,"height":1330,"caption":"\u00d6sterreichische Hochsch\u00fcler_innenschaft"},"image":{"@id":"https:\/\/www.oeh.ac.at\/en\/#\/schema\/logo\/image\/"},"sameAs":["https:\/\/facebook.com\/bundesoeh","https:\/\/instagram.com\/bundesoeh","https:\/\/youtube.com\/bundesoeh","https:\/\/bsky.app\/profile\/bundesoeh.bsky.social"]}]}},"_links":{"self":[{"href":"https:\/\/www.oeh.ac.at\/en\/wp-json\/wp\/v2\/pages\/96988","targetHints":{"allow":["GET"]}}],"collection":[{"href":"https:\/\/www.oeh.ac.at\/en\/wp-json\/wp\/v2\/pages"}],"about":[{"href":"https:\/\/www.oeh.ac.at\/en\/wp-json\/wp\/v2\/types\/page"}],"author":[{"embeddable":true,"href":"https:\/\/www.oeh.ac.at\/en\/wp-json\/wp\/v2\/users\/57"}],"replies":[{"embeddable":true,"href":"https:\/\/www.oeh.ac.at\/en\/wp-json\/wp\/v2\/comments?post=96988"}],"version-history":[{"count":0,"href":"https:\/\/www.oeh.ac.at\/en\/wp-json\/wp\/v2\/pages\/96988\/revisions"}],"up":[{"embeddable":true,"href":"https:\/\/www.oeh.ac.at\/en\/wp-json\/wp\/v2\/pages\/96987"}],"wp:featuredmedia":[{"embeddable":true,"href":"https:\/\/www.oeh.ac.at\/en\/wp-json\/wp\/v2\/media\/6067"}],"wp:attachment":[{"href":"https:\/\/www.oeh.ac.at\/en\/wp-json\/wp\/v2\/media?parent=96988"}],"curies":[{"name":"wp","href":"https:\/\/api.w.org\/{rel}","templated":true}]}}