{"id":96987,"date":"2015-04-30T09:19:23","date_gmt":"2015-04-30T07:19:23","guid":{"rendered":"https:\/\/www.oeh.ac.at\/about-us\/"},"modified":"2025-09-15T14:48:06","modified_gmt":"2025-09-15T12:48:06","slug":"about-us","status":"publish","type":"page","link":"https:\/\/www.oeh.ac.at\/en\/about-us\/","title":{"rendered":"About us"},"content":{"rendered":"\t\t<div data-elementor-type=\"wp-page\" data-elementor-id=\"96987\" class=\"elementor elementor-96987 elementor-6236\" data-elementor-post-type=\"page\">\n\t\t\t\t<div class=\"elementor-element elementor-element-e066e0e e-flex e-con-boxed e-con e-parent\" data-id=\"e066e0e\" data-element_type=\"container\">\n\t\t\t\t\t<div class=\"e-con-inner\">\n\t\t\t\t<div class=\"elementor-element elementor-element-a26b7b5 elementor-widget elementor-widget-text-editor\" data-id=\"a26b7b5\" data-element_type=\"widget\" data-widget_type=\"text-editor.default\">\n\t\t\t\t<div class=\"elementor-widget-container\">\n\t\t\t\t\t\t\t\t\t<p>Welcome to the website of the \u00d6H-Bundesvertretung.<\/p>\n<p>The \u00d6H-Bundesvertretung is the legal representation of all students vis-\u00e0-vis the responsible ministries and has existed since 1946. Students in Austria have representatives on three levels who fight for their interests. You can find out more about the individual levels of representation in the \u00d6H under &#8220;<a class=\"drupdown-inline drupdown-no-title drupdown-link drupdown-internal\" href=\"https:\/\/www.oeh.ac.at\/en\/about-us\/what-is-the-oeh\/\" rel=\"noopener\">What is the \u00d6H?&#8221;<\/a><\/p>\n<p>As the Austrian Student Union, we strive to provide political representation as well as to improve the everyday situation of students through numerous services. On our website, we therefore offer information on various topics that will no doubt have given you a headache during your studies, as well as information for life <a class=\"drupdown-inline drupdown-no-title drupdown-link drupdown-internal\" href=\"https:\/\/www.oeh.ac.at\/en\/around-studying\/\" rel=\"noopener\">away from the university<\/a>.<\/p>\n<p>You can also find an overview of all \u00d6H <a class=\"drupdown-inline drupdown-no-title drupdown-link drupdown-internal\" href=\"https:\/\/www.oeh.ac.at\/en\/service\/\" rel=\"noopener\">services<\/a> on our website.<\/p>\n<p>We are of course always available for <a class=\"drupdown-inline drupdown-no-title drupdown-link drupdown-mailto\" href=\"mailto:oeh@oeh.ac.at\">questions\/suggestions and feedback<\/a>.<\/p>\n<p>We wish you a successful course of your studies and should things not go so smoothly, you can count on the support of your substitute.<\/p><\/p>\n\t\t\t\t\t\t\t\t<\/div>\n\t\t\t\t<\/div>\n\t\t\t\t<div class=\"elementor-element elementor-element-43ca3e9 elementor-widget elementor-widget-image\" data-id=\"43ca3e9\" data-element_type=\"widget\" data-widget_type=\"image.default\">\n\t\t\t\t<div class=\"elementor-widget-container\">\n\t\t\t\t\t\t\t\t\t\t\t\t\t\t\t\t<a href=\"https:\/\/www.youtube.com\/watch?v=6BJ-v7Ltc6k\">\n\t\t\t\t\t\t\t<img decoding=\"async\" src=\"https:\/\/www.oeh.ac.at\/wp-content\/uploads\/elementor\/thumbs\/Infovideo-YT-Thumbnail-scaled-rbsko8jejggm73t1s5u5v9n5rmt5pgk09wik89umcg.png\" title=\"Infovideo YT Thumbnail\" alt=\"Infovideo YT Thumbnail\" loading=\"lazy\" \/>\t\t\t\t\t\t\t\t<\/a>\n\t\t\t\t\t\t\t\t\t\t\t\t\t\t\t<\/div>\n\t\t\t\t<\/div>\n\t\t\t\t<div class=\"elementor-element elementor-element-18957dc elementor-widget elementor-widget-text-editor\" data-id=\"18957dc\" data-element_type=\"widget\" data-widget_type=\"text-editor.default\">\n\t\t\t\t<div class=\"elementor-widget-container\">\n\t\t\t\t\t\t\t\t\t<p><strong><a class=\"drupdown-inline drupdown-no-title drupdown-link\" href=\"https:\/\/www.youtube.com\/watch?v=6BJ-v7Ltc6k\" target=\"_blank\" rel=\"noopener\">watch<\/a> the video <a class=\"drupdown-inline drupdown-no-title drupdown-link\" href=\"https:\/\/www.youtube.com\/watch?v=6BJ-v7Ltc6k\" target=\"_blank\" rel=\"noopener\">on YouTube<\/a>.<\/strong><\/p>\t\t\t\t\t\t\t\t<\/div>\n\t\t\t\t<\/div>\n\t\t\t\t\t<\/div>\n\t\t\t\t<\/div>\n\t\t\t\t<\/div>\n\t\t","protected":false},"excerpt":{"rendered":"<p>Welcome to the website of the \u00d6H-Bundesvertretung. The \u00d6H-Bundesvertretung is the legal representation of all students vis-\u00e0-vis the responsible ministries and has existed since&#8230;<\/p>\n","protected":false},"author":1,"featured_media":0,"parent":0,"menu_order":0,"comment_status":"closed","ping_status":"closed","template":"","meta":{"footnotes":""},"class_list":["post-96987","page","type-page","status-publish","hentry"],"yoast_head":"<!-- This site is optimized with the Yoast SEO plugin v25.9 - https:\/\/yoast.com\/wordpress\/plugins\/seo\/ -->\n<title>About us - \u00d6sterreichische Hochsch\u00fcler_innenschaft (\u00d6H)<\/title>\n<meta name=\"description\" content=\"&quot;Learn more about the \u00d6H - \u00d6sterreichische Hochsch\u00fcler_innenschaft and its important role as a representative of students.\" \/>\n<meta name=\"robots\" content=\"index, follow, max-snippet:-1, max-image-preview:large, max-video-preview:-1\" \/>\n<link rel=\"canonical\" href=\"https:\/\/www.oeh.ac.at\/en\/about-us\/\" \/>\n<meta property=\"og:locale\" content=\"en_US\" \/>\n<meta property=\"og:type\" content=\"article\" \/>\n<meta property=\"og:title\" content=\"About us - \u00d6sterreichische Hochsch\u00fcler_innenschaft (\u00d6H)\" \/>\n<meta property=\"og:description\" content=\"&quot;Learn more about the \u00d6H - \u00d6sterreichische Hochsch\u00fcler_innenschaft and its important role as a representative of students.\" \/>\n<meta property=\"og:url\" content=\"https:\/\/www.oeh.ac.at\/en\/about-us\/\" \/>\n<meta property=\"og:site_name\" content=\"\u00d6sterreichische Hochsch\u00fcler_innenschaft (\u00d6H)\" \/>\n<meta property=\"article:publisher\" content=\"https:\/\/facebook.com\/bundesoeh\" \/>\n<meta property=\"article:modified_time\" content=\"2025-09-15T12:48:06+00:00\" \/>\n<meta property=\"og:image\" content=\"https:\/\/www.oeh.ac.at\/wp-content\/uploads\/elementor\/thumbs\/Infovideo-YT-Thumbnail-scaled-rbsko8jejggm73t1s5u5v9n5rmt5pgk09wik89umcg.png\" \/>\n<script type=\"application\/ld+json\" class=\"yoast-schema-graph\">{\"@context\":\"https:\/\/schema.org\",\"@graph\":[{\"@type\":\"WebPage\",\"@id\":\"https:\/\/www.oeh.ac.at\/en\/about-us\/\",\"url\":\"https:\/\/www.oeh.ac.at\/en\/about-us\/\",\"name\":\"About us - \u00d6sterreichische Hochsch\u00fcler_innenschaft (\u00d6H)\",\"isPartOf\":{\"@id\":\"https:\/\/www.oeh.ac.at\/en\/#website\"},\"primaryImageOfPage\":{\"@id\":\"https:\/\/www.oeh.ac.at\/en\/about-us\/#primaryimage\"},\"image\":{\"@id\":\"https:\/\/www.oeh.ac.at\/en\/about-us\/#primaryimage\"},\"thumbnailUrl\":\"https:\/\/www.oeh.ac.at\/wp-content\/uploads\/elementor\/thumbs\/Infovideo-YT-Thumbnail-scaled-rbsko8jejggm73t1s5u5v9n5rmt5pgk09wik89umcg.png\",\"datePublished\":\"2015-04-30T07:19:23+00:00\",\"dateModified\":\"2025-09-15T12:48:06+00:00\",\"description\":\"\\\"Learn more about the \u00d6H - \u00d6sterreichische Hochsch\u00fcler_innenschaft and its important role as a representative of students.\",\"breadcrumb\":{\"@id\":\"https:\/\/www.oeh.ac.at\/en\/about-us\/#breadcrumb\"},\"inLanguage\":\"en-US\",\"potentialAction\":[{\"@type\":\"ReadAction\",\"target\":[\"https:\/\/www.oeh.ac.at\/en\/about-us\/\"]}]},{\"@type\":\"ImageObject\",\"inLanguage\":\"en-US\",\"@id\":\"https:\/\/www.oeh.ac.at\/en\/about-us\/#primaryimage\",\"url\":\"https:\/\/www.oeh.ac.at\/wp-content\/uploads\/elementor\/thumbs\/Infovideo-YT-Thumbnail-scaled-rbsko8jejggm73t1s5u5v9n5rmt5pgk09wik89umcg.png\",\"contentUrl\":\"https:\/\/www.oeh.ac.at\/wp-content\/uploads\/elementor\/thumbs\/Infovideo-YT-Thumbnail-scaled-rbsko8jejggm73t1s5u5v9n5rmt5pgk09wik89umcg.png\"},{\"@type\":\"BreadcrumbList\",\"@id\":\"https:\/\/www.oeh.ac.at\/en\/about-us\/#breadcrumb\",\"itemListElement\":[{\"@type\":\"ListItem\",\"position\":1,\"name\":\"Startseite\",\"item\":\"https:\/\/www.oeh.ac.at\/en\/\"},{\"@type\":\"ListItem\",\"position\":2,\"name\":\"About us\"}]},{\"@type\":\"WebSite\",\"@id\":\"https:\/\/www.oeh.ac.at\/en\/#website\",\"url\":\"https:\/\/www.oeh.ac.at\/en\/\",\"name\":\"\u00d6sterreichische Hochsch\u00fcler_innenschaft\",\"description\":\"\",\"publisher\":{\"@id\":\"https:\/\/www.oeh.ac.at\/en\/#organization\"},\"alternateName\":\"\u00d6H\",\"potentialAction\":[{\"@type\":\"SearchAction\",\"target\":{\"@type\":\"EntryPoint\",\"urlTemplate\":\"https:\/\/www.oeh.ac.at\/en\/?s={search_term_string}\"},\"query-input\":{\"@type\":\"PropertyValueSpecification\",\"valueRequired\":true,\"valueName\":\"search_term_string\"}}],\"inLanguage\":\"en-US\"},{\"@type\":\"Organization\",\"@id\":\"https:\/\/www.oeh.ac.at\/en\/#organization\",\"name\":\"\u00d6sterreichische Hochsch\u00fcler_innenschaft\",\"alternateName\":\"\u00d6H\",\"url\":\"https:\/\/www.oeh.ac.at\/en\/\",\"logo\":{\"@type\":\"ImageObject\",\"inLanguage\":\"en-US\",\"@id\":\"https:\/\/www.oeh.ac.at\/en\/#\/schema\/logo\/image\/\",\"url\":\"https:\/\/www.oeh.ac.at\/wp-content\/uploads\/2023\/03\/OeH_Logo_white_RGB.png\",\"contentUrl\":\"https:\/\/www.oeh.ac.at\/wp-content\/uploads\/2023\/03\/OeH_Logo_white_RGB.png\",\"width\":1600,\"height\":1330,\"caption\":\"\u00d6sterreichische Hochsch\u00fcler_innenschaft\"},\"image\":{\"@id\":\"https:\/\/www.oeh.ac.at\/en\/#\/schema\/logo\/image\/\"},\"sameAs\":[\"https:\/\/facebook.com\/bundesoeh\",\"https:\/\/instagram.com\/bundesoeh\",\"https:\/\/youtube.com\/bundesoeh\",\"https:\/\/bsky.app\/profile\/bundesoeh.bsky.social\"]}]}<\/script>\n<!-- \/ Yoast SEO plugin. -->","yoast_head_json":{"title":"About us - \u00d6sterreichische Hochsch\u00fcler_innenschaft (\u00d6H)","description":"\"Learn more about the \u00d6H - \u00d6sterreichische Hochsch\u00fcler_innenschaft and its important role as a representative of students.","robots":{"index":"index","follow":"follow","max-snippet":"max-snippet:-1","max-image-preview":"max-image-preview:large","max-video-preview":"max-video-preview:-1"},"canonical":"https:\/\/www.oeh.ac.at\/en\/about-us\/","og_locale":"en_US","og_type":"article","og_title":"About us - \u00d6sterreichische Hochsch\u00fcler_innenschaft (\u00d6H)","og_description":"\"Learn more about the \u00d6H - \u00d6sterreichische Hochsch\u00fcler_innenschaft and its important role as a representative of students.","og_url":"https:\/\/www.oeh.ac.at\/en\/about-us\/","og_site_name":"\u00d6sterreichische Hochsch\u00fcler_innenschaft (\u00d6H)","article_publisher":"https:\/\/facebook.com\/bundesoeh","article_modified_time":"2025-09-15T12:48:06+00:00","og_image":[{"url":"https:\/\/www.oeh.ac.at\/wp-content\/uploads\/elementor\/thumbs\/Infovideo-YT-Thumbnail-scaled-rbsko8jejggm73t1s5u5v9n5rmt5pgk09wik89umcg.png","type":"","width":"","height":""}],"schema":{"@context":"https:\/\/schema.org","@graph":[{"@type":"WebPage","@id":"https:\/\/www.oeh.ac.at\/en\/about-us\/","url":"https:\/\/www.oeh.ac.at\/en\/about-us\/","name":"About us - \u00d6sterreichische Hochsch\u00fcler_innenschaft (\u00d6H)","isPartOf":{"@id":"https:\/\/www.oeh.ac.at\/en\/#website"},"primaryImageOfPage":{"@id":"https:\/\/www.oeh.ac.at\/en\/about-us\/#primaryimage"},"image":{"@id":"https:\/\/www.oeh.ac.at\/en\/about-us\/#primaryimage"},"thumbnailUrl":"https:\/\/www.oeh.ac.at\/wp-content\/uploads\/elementor\/thumbs\/Infovideo-YT-Thumbnail-scaled-rbsko8jejggm73t1s5u5v9n5rmt5pgk09wik89umcg.png","datePublished":"2015-04-30T07:19:23+00:00","dateModified":"2025-09-15T12:48:06+00:00","description":"\"Learn more about the \u00d6H - \u00d6sterreichische Hochsch\u00fcler_innenschaft and its important role as a representative of students.","breadcrumb":{"@id":"https:\/\/www.oeh.ac.at\/en\/about-us\/#breadcrumb"},"inLanguage":"en-US","potentialAction":[{"@type":"ReadAction","target":["https:\/\/www.oeh.ac.at\/en\/about-us\/"]}]},{"@type":"ImageObject","inLanguage":"en-US","@id":"https:\/\/www.oeh.ac.at\/en\/about-us\/#primaryimage","url":"https:\/\/www.oeh.ac.at\/wp-content\/uploads\/elementor\/thumbs\/Infovideo-YT-Thumbnail-scaled-rbsko8jejggm73t1s5u5v9n5rmt5pgk09wik89umcg.png","contentUrl":"https:\/\/www.oeh.ac.at\/wp-content\/uploads\/elementor\/thumbs\/Infovideo-YT-Thumbnail-scaled-rbsko8jejggm73t1s5u5v9n5rmt5pgk09wik89umcg.png"},{"@type":"BreadcrumbList","@id":"https:\/\/www.oeh.ac.at\/en\/about-us\/#breadcrumb","itemListElement":[{"@type":"ListItem","position":1,"name":"Startseite","item":"https:\/\/www.oeh.ac.at\/en\/"},{"@type":"ListItem","position":2,"name":"About us"}]},{"@type":"WebSite","@id":"https:\/\/www.oeh.ac.at\/en\/#website","url":"https:\/\/www.oeh.ac.at\/en\/","name":"\u00d6sterreichische Hochsch\u00fcler_innenschaft","description":"","publisher":{"@id":"https:\/\/www.oeh.ac.at\/en\/#organization"},"alternateName":"\u00d6H","potentialAction":[{"@type":"SearchAction","target":{"@type":"EntryPoint","urlTemplate":"https:\/\/www.oeh.ac.at\/en\/?s={search_term_string}"},"query-input":{"@type":"PropertyValueSpecification","valueRequired":true,"valueName":"search_term_string"}}],"inLanguage":"en-US"},{"@type":"Organization","@id":"https:\/\/www.oeh.ac.at\/en\/#organization","name":"\u00d6sterreichische Hochsch\u00fcler_innenschaft","alternateName":"\u00d6H","url":"https:\/\/www.oeh.ac.at\/en\/","logo":{"@type":"ImageObject","inLanguage":"en-US","@id":"https:\/\/www.oeh.ac.at\/en\/#\/schema\/logo\/image\/","url":"https:\/\/www.oeh.ac.at\/wp-content\/uploads\/2023\/03\/OeH_Logo_white_RGB.png","contentUrl":"https:\/\/www.oeh.ac.at\/wp-content\/uploads\/2023\/03\/OeH_Logo_white_RGB.png","width":1600,"height":1330,"caption":"\u00d6sterreichische Hochsch\u00fcler_innenschaft"},"image":{"@id":"https:\/\/www.oeh.ac.at\/en\/#\/schema\/logo\/image\/"},"sameAs":["https:\/\/facebook.com\/bundesoeh","https:\/\/instagram.com\/bundesoeh","https:\/\/youtube.com\/bundesoeh","https:\/\/bsky.app\/profile\/bundesoeh.bsky.social"]}]}},"_links":{"self":[{"href":"https:\/\/www.oeh.ac.at\/en\/wp-json\/wp\/v2\/pages\/96987","targetHints":{"allow":["GET"]}}],"collection":[{"href":"https:\/\/www.oeh.ac.at\/en\/wp-json\/wp\/v2\/pages"}],"about":[{"href":"https:\/\/www.oeh.ac.at\/en\/wp-json\/wp\/v2\/types\/page"}],"author":[{"embeddable":true,"href":"https:\/\/www.oeh.ac.at\/en\/wp-json\/wp\/v2\/users\/1"}],"replies":[{"embeddable":true,"href":"https:\/\/www.oeh.ac.at\/en\/wp-json\/wp\/v2\/comments?post=96987"}],"version-history":[{"count":5,"href":"https:\/\/www.oeh.ac.at\/en\/wp-json\/wp\/v2\/pages\/96987\/revisions"}],"predecessor-version":[{"id":1201864,"href":"https:\/\/www.oeh.ac.at\/en\/wp-json\/wp\/v2\/pages\/96987\/revisions\/1201864"}],"wp:attachment":[{"href":"https:\/\/www.oeh.ac.at\/en\/wp-json\/wp\/v2\/media?parent=96987"}],"curies":[{"name":"wp","href":"https:\/\/api.w.org\/{rel}","templated":true}]}}