{"id":96962,"date":"2015-04-15T18:39:38","date_gmt":"2015-04-15T16:39:38","guid":{"rendered":"https:\/\/www.oeh.ac.at\/oeh-on-site\/"},"modified":"2023-06-15T13:04:52","modified_gmt":"2023-06-15T13:04:52","slug":"oeh-map","status":"publish","type":"page","link":"https:\/\/www.oeh.ac.at\/en\/service\/oeh-map\/","title":{"rendered":"\u00d6H Map"},"content":{"rendered":"\t\t<div data-elementor-type=\"wp-page\" data-elementor-id=\"96962\" class=\"elementor elementor-96962 elementor-6074\" data-elementor-post-type=\"page\">\n\t\t\t\t<div class=\"elementor-element elementor-element-1ca6157 e-flex e-con-boxed e-con e-parent\" data-id=\"1ca6157\" data-element_type=\"container\">\n\t\t\t\t\t<div class=\"e-con-inner\">\n\t\t<div class=\"elementor-element elementor-element-ea9b59e e-con-full e-flex e-con e-parent\" data-id=\"ea9b59e\" data-element_type=\"container\">\n\t\t\t\t<div class=\"elementor-element elementor-element-d916925 elementor-widget elementor-widget-text-editor\" data-id=\"d916925\" data-element_type=\"widget\" data-widget_type=\"text-editor.default\">\n\t\t\t\t<div class=\"elementor-widget-container\">\n\t\t\t\t\t\t\t\t\t<p style=\"text-align: left;\">The Austrian National Union of Students (\u00d6H) represents you not only throughout Austria, but also at the respective universities. Here you can find the contacts of the representatives at your university and other important addresses:<\/p>\n<p>Write a mail to <a href=\"mailto:apps@oeh.ac.at\" target=\"_blank\" rel=\"noopener\">apps@oeh.ac.at<\/a> if addresses and\/or links are wrong or missing.<\/p>\n<\/p>\n<p><style>.embed-container { position: relative; padding-bottom: 56.25%; height: 0; overflow: hidden; max-width: 100%; } .embed-container iframe, .embed-container object, .embed-container embed { position: absolute; top: 0; left: 0; width: 100%; height: 100%; }<\/style>\n<\/p>\n<div class=\"embed-container\"><iframe id=\"oeh-map\" style=\"border: 0;\" src=\"https:\/\/map.oeh.ac.at\/\"><\/iframe><\/div>\n\t\t\t\t\t\t\t\t<\/div>\n\t\t\t\t<\/div>\n\t\t\t\t<\/div>\n\t\t\t\t\t<\/div>\n\t\t\t\t<\/div>\n\t\t<div class=\"elementor-element elementor-element-5c9ea9d e-flex e-con-boxed e-con e-parent\" data-id=\"5c9ea9d\" data-element_type=\"container\">\n\t\t\t\t\t<div class=\"e-con-inner\">\n\t\t<div class=\"elementor-element elementor-element-40a84cfe e-con-full e-flex e-con e-parent\" data-id=\"40a84cfe\" data-element_type=\"container\">\n\t\t\t\t<div class=\"elementor-element elementor-element-3b14ea40 elementor-widget elementor-widget-heading\" data-id=\"3b14ea40\" data-element_type=\"widget\" data-widget_type=\"heading.default\">\n\t\t\t\t<div class=\"elementor-widget-container\">\n\t\t\t\t\t<h2 class=\"elementor-heading-title elementor-size-default\">Addresses - Universities<\/h2>\t\t\t\t<\/div>\n\t\t\t\t<\/div>\n\t\t\t\t<div class=\"elementor-element elementor-element-3ecf6c53 elementor-align-left elementor-widget-laptop__width-initial elementor-icon-list--layout-traditional elementor-list-item-link-full_width elementor-widget elementor-widget-icon-list\" data-id=\"3ecf6c53\" data-element_type=\"widget\" data-widget_type=\"icon-list.default\">\n\t\t\t\t<div class=\"elementor-widget-container\">\n\t\t\t\t\t\t\t<ul class=\"elementor-icon-list-items\">\n\t\t\t\t\t\t\t<li class=\"elementor-icon-list-item\">\n\t\t\t\t\t\t\t\t\t\t\t<a href=\"https:\/\/www.oeh.ac.at\/en\/about-us\/oeh-map\/oeh-at-universities\/\">\n\n\t\t\t\t\t\t\t\t\t\t\t\t<span class=\"elementor-icon-list-icon\">\n\t\t\t\t\t\t\t<svg aria-hidden=\"true\" class=\"e-font-icon-svg e-fas-circle\" viewBox=\"0 0 512 512\" xmlns=\"http:\/\/www.w3.org\/2000\/svg\"><path d=\"M256 8C119 8 8 119 8 256s111 248 248 248 248-111 248-248S393 8 256 8z\"><\/path><\/svg>\t\t\t\t\t\t<\/span>\n\t\t\t\t\t\t\t\t\t\t<span class=\"elementor-icon-list-text\">Universities and university representatives<\/span>\n\t\t\t\t\t\t\t\t\t\t\t<\/a>\n\t\t\t\t\t\t\t\t\t<\/li>\n\t\t\t\t\t\t\t\t<li class=\"elementor-icon-list-item\">\n\t\t\t\t\t\t\t\t\t\t\t<a href=\"https:\/\/www.oeh.ac.at\/en\/about-us\/oeh-map\/oh-at-universities-of-applied-sciences\/\">\n\n\t\t\t\t\t\t\t\t\t\t\t\t<span class=\"elementor-icon-list-icon\">\n\t\t\t\t\t\t\t<svg aria-hidden=\"true\" class=\"e-font-icon-svg e-fas-circle\" viewBox=\"0 0 512 512\" xmlns=\"http:\/\/www.w3.org\/2000\/svg\"><path d=\"M256 8C119 8 8 119 8 256s111 248 248 248 248-111 248-248S393 8 256 8z\"><\/path><\/svg>\t\t\t\t\t\t<\/span>\n\t\t\t\t\t\t\t\t\t\t<span class=\"elementor-icon-list-text\">Universities of applied sciences and university representatives at UASs<\/span>\n\t\t\t\t\t\t\t\t\t\t\t<\/a>\n\t\t\t\t\t\t\t\t\t<\/li>\n\t\t\t\t\t\t\t\t<li class=\"elementor-icon-list-item\">\n\t\t\t\t\t\t\t\t\t\t\t<a href=\"https:\/\/www.oeh.ac.at\/en\/about-us\/oeh-map\/oeh-at-universities-of-education\/\">\n\n\t\t\t\t\t\t\t\t\t\t\t\t<span class=\"elementor-icon-list-icon\">\n\t\t\t\t\t\t\t<svg aria-hidden=\"true\" class=\"e-font-icon-svg e-fas-circle\" viewBox=\"0 0 512 512\" xmlns=\"http:\/\/www.w3.org\/2000\/svg\"><path d=\"M256 8C119 8 8 119 8 256s111 248 248 248 248-111 248-248S393 8 256 8z\"><\/path><\/svg>\t\t\t\t\t\t<\/span>\n\t\t\t\t\t\t\t\t\t\t<span class=\"elementor-icon-list-text\">Colleges of education and university representatives at PHs.<\/span>\n\t\t\t\t\t\t\t\t\t\t\t<\/a>\n\t\t\t\t\t\t\t\t\t<\/li>\n\t\t\t\t\t\t\t\t<li class=\"elementor-icon-list-item\">\n\t\t\t\t\t\t\t\t\t\t\t<a href=\"https:\/\/www.oeh.ac.at\/en\/about-us\/oeh-map\/about-us\/oeh-map\/oh-at-private-universities\/\">\n\n\t\t\t\t\t\t\t\t\t\t\t\t<span class=\"elementor-icon-list-icon\">\n\t\t\t\t\t\t\t<svg aria-hidden=\"true\" class=\"e-font-icon-svg e-fas-circle\" viewBox=\"0 0 512 512\" xmlns=\"http:\/\/www.w3.org\/2000\/svg\"><path d=\"M256 8C119 8 8 119 8 256s111 248 248 248 248-111 248-248S393 8 256 8z\"><\/path><\/svg>\t\t\t\t\t\t<\/span>\n\t\t\t\t\t\t\t\t\t\t<span class=\"elementor-icon-list-text\">Private universities and student representatives at the PUs<\/span>\n\t\t\t\t\t\t\t\t\t\t\t<\/a>\n\t\t\t\t\t\t\t\t\t<\/li>\n\t\t\t\t\t\t\t\t<li class=\"elementor-icon-list-item\">\n\t\t\t\t\t\t\t\t\t\t\t<a href=\"https:\/\/www.oeh.ac.at\/en\/about-us\/oeh-map\/oeh-at-private-universities\/\">\n\n\t\t\t\t\t\t\t\t\t\t\t\t<span class=\"elementor-icon-list-icon\">\n\t\t\t\t\t\t\t<svg aria-hidden=\"true\" class=\"e-font-icon-svg e-fas-circle\" viewBox=\"0 0 512 512\" xmlns=\"http:\/\/www.w3.org\/2000\/svg\"><path d=\"M256 8C119 8 8 119 8 256s111 248 248 248 248-111 248-248S393 8 256 8z\"><\/path><\/svg>\t\t\t\t\t\t<\/span>\n\t\t\t\t\t\t\t\t\t\t<span class=\"elementor-icon-list-text\">Private universities<\/span>\n\t\t\t\t\t\t\t\t\t\t\t<\/a>\n\t\t\t\t\t\t\t\t\t<\/li>\n\t\t\t\t\t\t\t\t<li class=\"elementor-icon-list-item\">\n\t\t\t\t\t\t\t\t\t\t\t<a href=\"https:\/\/www.oeh.ac.at\/en\/about-us\/oeh-map\/social-units-of-the-student-unions\/\">\n\n\t\t\t\t\t\t\t\t\t\t\t\t<span class=\"elementor-icon-list-icon\">\n\t\t\t\t\t\t\t<svg aria-hidden=\"true\" class=\"e-font-icon-svg e-fas-circle\" viewBox=\"0 0 512 512\" xmlns=\"http:\/\/www.w3.org\/2000\/svg\"><path d=\"M256 8C119 8 8 119 8 256s111 248 248 248 248-111 248-248S393 8 256 8z\"><\/path><\/svg>\t\t\t\t\t\t<\/span>\n\t\t\t\t\t\t\t\t\t\t<span class=\"elementor-icon-list-text\">Social units of the university councils<\/span>\n\t\t\t\t\t\t\t\t\t\t\t<\/a>\n\t\t\t\t\t\t\t\t\t<\/li>\n\t\t\t\t\t\t\t\t<li class=\"elementor-icon-list-item\">\n\t\t\t\t\t\t\t\t\t\t\t<a href=\"https:\/\/www.oeh.ac.at\/en\/about-us\/oeh-map\/study-counseling-at-university-representative-offices\/\">\n\n\t\t\t\t\t\t\t\t\t\t\t\t<span class=\"elementor-icon-list-icon\">\n\t\t\t\t\t\t\t<svg aria-hidden=\"true\" class=\"e-font-icon-svg e-fas-circle\" viewBox=\"0 0 512 512\" xmlns=\"http:\/\/www.w3.org\/2000\/svg\"><path d=\"M256 8C119 8 8 119 8 256s111 248 248 248 248-111 248-248S393 8 256 8z\"><\/path><\/svg>\t\t\t\t\t\t<\/span>\n\t\t\t\t\t\t\t\t\t\t<span class=\"elementor-icon-list-text\">Student consultations of the university representatives<\/span>\n\t\t\t\t\t\t\t\t\t\t\t<\/a>\n\t\t\t\t\t\t\t\t\t<\/li>\n\t\t\t\t\t\t<\/ul>\n\t\t\t\t\t\t<\/div>\n\t\t\t\t<\/div>\n\t\t\t\t<\/div>\n\t\t\t\t\t<\/div>\n\t\t\t\t<\/div>\n\t\t<div class=\"elementor-element elementor-element-29e605a e-flex e-con-boxed e-con e-parent\" data-id=\"29e605a\" data-element_type=\"container\">\n\t\t\t\t\t<div class=\"e-con-inner\">\n\t\t<div class=\"elementor-element elementor-element-ee3cadf e-con-full e-flex e-con e-parent\" data-id=\"ee3cadf\" data-element_type=\"container\">\n\t\t\t\t<div class=\"elementor-element elementor-element-9aeefcb elementor-widget elementor-widget-heading\" data-id=\"9aeefcb\" data-element_type=\"widget\" data-widget_type=\"heading.default\">\n\t\t\t\t<div class=\"elementor-widget-container\">\n\t\t\t\t\t<h2 class=\"elementor-heading-title elementor-size-default\">General addresses<\/h2>\t\t\t\t<\/div>\n\t\t\t\t<\/div>\n\t\t\t\t<div class=\"elementor-element elementor-element-9f8123d elementor-align-left elementor-widget-laptop__width-initial elementor-icon-list--layout-traditional elementor-list-item-link-full_width elementor-widget elementor-widget-icon-list\" data-id=\"9f8123d\" data-element_type=\"widget\" data-widget_type=\"icon-list.default\">\n\t\t\t\t<div class=\"elementor-widget-container\">\n\t\t\t\t\t\t\t<ul class=\"elementor-icon-list-items\">\n\t\t\t\t\t\t\t<li class=\"elementor-icon-list-item\">\n\t\t\t\t\t\t\t\t\t\t\t<a href=\"https:\/\/www.oeh.ac.at\/en\/about-us\/oeh-map\/advice-centers\/\">\n\n\t\t\t\t\t\t\t\t\t\t\t\t<span class=\"elementor-icon-list-icon\">\n\t\t\t\t\t\t\t<svg aria-hidden=\"true\" class=\"e-font-icon-svg e-fas-circle\" viewBox=\"0 0 512 512\" xmlns=\"http:\/\/www.w3.org\/2000\/svg\"><path d=\"M256 8C119 8 8 119 8 256s111 248 248 248 248-111 248-248S393 8 256 8z\"><\/path><\/svg>\t\t\t\t\t\t<\/span>\n\t\t\t\t\t\t\t\t\t\t<span class=\"elementor-icon-list-text\">Advice centers<\/span>\n\t\t\t\t\t\t\t\t\t\t\t<\/a>\n\t\t\t\t\t\t\t\t\t<\/li>\n\t\t\t\t\t\t\t\t<li class=\"elementor-icon-list-item\">\n\t\t\t\t\t\t\t\t\t\t\t<a href=\"https:\/\/www.oeh.ac.at\/en\/about-us\/oeh-map\/childcare\/\">\n\n\t\t\t\t\t\t\t\t\t\t\t\t<span class=\"elementor-icon-list-icon\">\n\t\t\t\t\t\t\t<svg aria-hidden=\"true\" class=\"e-font-icon-svg e-fas-circle\" viewBox=\"0 0 512 512\" xmlns=\"http:\/\/www.w3.org\/2000\/svg\"><path d=\"M256 8C119 8 8 119 8 256s111 248 248 248 248-111 248-248S393 8 256 8z\"><\/path><\/svg>\t\t\t\t\t\t<\/span>\n\t\t\t\t\t\t\t\t\t\t<span class=\"elementor-icon-list-text\">Child care and child care officers at universities<\/span>\n\t\t\t\t\t\t\t\t\t\t\t<\/a>\n\t\t\t\t\t\t\t\t\t<\/li>\n\t\t\t\t\t\t\t\t<li class=\"elementor-icon-list-item\">\n\t\t\t\t\t\t\t\t\t\t\t<a href=\"https:\/\/www.oeh.ac.at\/en\/about-us\/oeh-map\/registration-authorities\/\">\n\n\t\t\t\t\t\t\t\t\t\t\t\t<span class=\"elementor-icon-list-icon\">\n\t\t\t\t\t\t\t<svg aria-hidden=\"true\" class=\"e-font-icon-svg e-fas-circle\" viewBox=\"0 0 512 512\" xmlns=\"http:\/\/www.w3.org\/2000\/svg\"><path d=\"M256 8C119 8 8 119 8 256s111 248 248 248 248-111 248-248S393 8 256 8z\"><\/path><\/svg>\t\t\t\t\t\t<\/span>\n\t\t\t\t\t\t\t\t\t\t<span class=\"elementor-icon-list-text\">Registration authorities<\/span>\n\t\t\t\t\t\t\t\t\t\t\t<\/a>\n\t\t\t\t\t\t\t\t\t<\/li>\n\t\t\t\t\t\t\t\t<li class=\"elementor-icon-list-item\">\n\t\t\t\t\t\t\t\t\t\t\t<a href=\"https:\/\/www.oeh.ac.at\/en\/about-us\/oeh-map\/ministries\/\">\n\n\t\t\t\t\t\t\t\t\t\t\t\t<span class=\"elementor-icon-list-icon\">\n\t\t\t\t\t\t\t<svg aria-hidden=\"true\" class=\"e-font-icon-svg e-fas-circle\" viewBox=\"0 0 512 512\" xmlns=\"http:\/\/www.w3.org\/2000\/svg\"><path d=\"M256 8C119 8 8 119 8 256s111 248 248 248 248-111 248-248S393 8 256 8z\"><\/path><\/svg>\t\t\t\t\t\t<\/span>\n\t\t\t\t\t\t\t\t\t\t<span class=\"elementor-icon-list-text\">Ministries<\/span>\n\t\t\t\t\t\t\t\t\t\t\t<\/a>\n\t\t\t\t\t\t\t\t\t<\/li>\n\t\t\t\t\t\t\t\t<li class=\"elementor-icon-list-item\">\n\t\t\t\t\t\t\t\t\t\t\t<a href=\"https:\/\/www.oeh.ac.at\/en\/about-us\/oeh-map\/university-sports-institutes\/\">\n\n\t\t\t\t\t\t\t\t\t\t\t\t<span class=\"elementor-icon-list-icon\">\n\t\t\t\t\t\t\t<svg aria-hidden=\"true\" class=\"e-font-icon-svg e-fas-circle\" viewBox=\"0 0 512 512\" xmlns=\"http:\/\/www.w3.org\/2000\/svg\"><path d=\"M256 8C119 8 8 119 8 256s111 248 248 248 248-111 248-248S393 8 256 8z\"><\/path><\/svg>\t\t\t\t\t\t<\/span>\n\t\t\t\t\t\t\t\t\t\t<span class=\"elementor-icon-list-text\">Sports institutes at the universities<\/span>\n\t\t\t\t\t\t\t\t\t\t\t<\/a>\n\t\t\t\t\t\t\t\t\t<\/li>\n\t\t\t\t\t\t\t\t<li class=\"elementor-icon-list-item\">\n\t\t\t\t\t\t\t\t\t\t\t<a href=\"https:\/\/www.oeh.ac.at\/en\/about-us\/oeh-map\/transportation\/\">\n\n\t\t\t\t\t\t\t\t\t\t\t\t<span class=\"elementor-icon-list-icon\">\n\t\t\t\t\t\t\t<svg aria-hidden=\"true\" class=\"e-font-icon-svg e-fas-circle\" viewBox=\"0 0 512 512\" xmlns=\"http:\/\/www.w3.org\/2000\/svg\"><path d=\"M256 8C119 8 8 119 8 256s111 248 248 248 248-111 248-248S393 8 256 8z\"><\/path><\/svg>\t\t\t\t\t\t<\/span>\n\t\t\t\t\t\t\t\t\t\t<span class=\"elementor-icon-list-text\">Transportation<\/span>\n\t\t\t\t\t\t\t\t\t\t\t<\/a>\n\t\t\t\t\t\t\t\t\t<\/li>\n\t\t\t\t\t\t\t\t<li class=\"elementor-icon-list-item\">\n\t\t\t\t\t\t\t\t\t\t\t<a href=\"https:\/\/www.oeh.ac.at\/en\/about-us\/oeh-map\/housing-contact-addresses\/\">\n\n\t\t\t\t\t\t\t\t\t\t\t\t<span class=\"elementor-icon-list-icon\">\n\t\t\t\t\t\t\t<svg aria-hidden=\"true\" class=\"e-font-icon-svg e-fas-circle\" viewBox=\"0 0 512 512\" xmlns=\"http:\/\/www.w3.org\/2000\/svg\"><path d=\"M256 8C119 8 8 119 8 256s111 248 248 248 248-111 248-248S393 8 256 8z\"><\/path><\/svg>\t\t\t\t\t\t<\/span>\n\t\t\t\t\t\t\t\t\t\t<span class=\"elementor-icon-list-text\">Living<\/span>\n\t\t\t\t\t\t\t\t\t\t\t<\/a>\n\t\t\t\t\t\t\t\t\t<\/li>\n\t\t\t\t\t\t\t\t<li class=\"elementor-icon-list-item\">\n\t\t\t\t\t\t\t\t\t\t\t<a href=\"https:\/\/www.oeh.ac.at\/en\/about-us\/oeh-map\/residence-halls\/\">\n\n\t\t\t\t\t\t\t\t\t\t\t\t<span class=\"elementor-icon-list-icon\">\n\t\t\t\t\t\t\t<svg aria-hidden=\"true\" class=\"e-font-icon-svg e-fas-circle\" viewBox=\"0 0 512 512\" xmlns=\"http:\/\/www.w3.org\/2000\/svg\"><path d=\"M256 8C119 8 8 119 8 256s111 248 248 248 248-111 248-248S393 8 256 8z\"><\/path><\/svg>\t\t\t\t\t\t<\/span>\n\t\t\t\t\t\t\t\t\t\t<span class=\"elementor-icon-list-text\">Residence halls<\/span>\n\t\t\t\t\t\t\t\t\t\t\t<\/a>\n\t\t\t\t\t\t\t\t\t<\/li>\n\t\t\t\t\t\t\t\t<li class=\"elementor-icon-list-item\">\n\t\t\t\t\t\t\t\t\t\t\t<a href=\"https:\/\/www.oeh.ac.at\/en\/about-us\/oeh-map\/pre-study-course\/\">\n\n\t\t\t\t\t\t\t\t\t\t\t\t<span class=\"elementor-icon-list-icon\">\n\t\t\t\t\t\t\t<svg aria-hidden=\"true\" class=\"e-font-icon-svg e-fas-circle\" viewBox=\"0 0 512 512\" xmlns=\"http:\/\/www.w3.org\/2000\/svg\"><path d=\"M256 8C119 8 8 119 8 256s111 248 248 248 248-111 248-248S393 8 256 8z\"><\/path><\/svg>\t\t\t\t\t\t<\/span>\n\t\t\t\t\t\t\t\t\t\t<span class=\"elementor-icon-list-text\">Pre-study course<\/span>\n\t\t\t\t\t\t\t\t\t\t\t<\/a>\n\t\t\t\t\t\t\t\t\t<\/li>\n\t\t\t\t\t\t\t\t<li class=\"elementor-icon-list-item\">\n\t\t\t\t\t\t\t\t\t\t\t<a href=\"https:\/\/www.oeh.ac.at\/en\/about-us\/oeh-map\/language-schools\/\">\n\n\t\t\t\t\t\t\t\t\t\t\t\t<span class=\"elementor-icon-list-icon\">\n\t\t\t\t\t\t\t<svg aria-hidden=\"true\" class=\"e-font-icon-svg e-fas-circle\" viewBox=\"0 0 512 512\" xmlns=\"http:\/\/www.w3.org\/2000\/svg\"><path d=\"M256 8C119 8 8 119 8 256s111 248 248 248 248-111 248-248S393 8 256 8z\"><\/path><\/svg>\t\t\t\t\t\t<\/span>\n\t\t\t\t\t\t\t\t\t\t<span class=\"elementor-icon-list-text\">Language schools<\/span>\n\t\t\t\t\t\t\t\t\t\t\t<\/a>\n\t\t\t\t\t\t\t\t\t<\/li>\n\t\t\t\t\t\t\t\t<li class=\"elementor-icon-list-item\">\n\t\t\t\t\t\t\t\t\t\t\t<a href=\"https:\/\/www.oeh.ac.at\/en\/about-us\/oeh-map\/funding-agencies\/\">\n\n\t\t\t\t\t\t\t\t\t\t\t\t<span class=\"elementor-icon-list-icon\">\n\t\t\t\t\t\t\t<svg aria-hidden=\"true\" class=\"e-font-icon-svg e-fas-circle\" viewBox=\"0 0 512 512\" xmlns=\"http:\/\/www.w3.org\/2000\/svg\"><path d=\"M256 8C119 8 8 119 8 256s111 248 248 248 248-111 248-248S393 8 256 8z\"><\/path><\/svg>\t\t\t\t\t\t<\/span>\n\t\t\t\t\t\t\t\t\t\t<span class=\"elementor-icon-list-text\">Funding agencies<\/span>\n\t\t\t\t\t\t\t\t\t\t\t<\/a>\n\t\t\t\t\t\t\t\t\t<\/li>\n\t\t\t\t\t\t\t\t<li class=\"elementor-icon-list-item\">\n\t\t\t\t\t\t\t\t\t\t\t<a href=\"https:\/\/www.oeh.ac.at\/en\/about-us\/oeh-map\/professional-matriculation-examination\/\">\n\n\t\t\t\t\t\t\t\t\t\t\t\t<span class=\"elementor-icon-list-icon\">\n\t\t\t\t\t\t\t<svg aria-hidden=\"true\" class=\"e-font-icon-svg e-fas-circle\" viewBox=\"0 0 512 512\" xmlns=\"http:\/\/www.w3.org\/2000\/svg\"><path d=\"M256 8C119 8 8 119 8 256s111 248 248 248 248-111 248-248S393 8 256 8z\"><\/path><\/svg>\t\t\t\t\t\t<\/span>\n\t\t\t\t\t\t\t\t\t\t<span class=\"elementor-icon-list-text\">Professional matriculation examination<\/span>\n\t\t\t\t\t\t\t\t\t\t\t<\/a>\n\t\t\t\t\t\t\t\t\t<\/li>\n\t\t\t\t\t\t\t\t<li class=\"elementor-icon-list-item\">\n\t\t\t\t\t\t\t\t\t\t\t<a href=\"https:\/\/www.oeh.ac.at\/en\/about-us\/oeh-map\/oeh-stock-exchanges\/\">\n\n\t\t\t\t\t\t\t\t\t\t\t\t<span class=\"elementor-icon-list-icon\">\n\t\t\t\t\t\t\t<svg aria-hidden=\"true\" class=\"e-font-icon-svg e-fas-circle\" viewBox=\"0 0 512 512\" xmlns=\"http:\/\/www.w3.org\/2000\/svg\"><path d=\"M256 8C119 8 8 119 8 256s111 248 248 248 248-111 248-248S393 8 256 8z\"><\/path><\/svg>\t\t\t\t\t\t<\/span>\n\t\t\t\t\t\t\t\t\t\t<span class=\"elementor-icon-list-text\">\u00d6H stock exchanges<\/span>\n\t\t\t\t\t\t\t\t\t\t\t<\/a>\n\t\t\t\t\t\t\t\t\t<\/li>\n\t\t\t\t\t\t\t\t<li class=\"elementor-icon-list-item\">\n\t\t\t\t\t\t\t\t\t\t\t<a href=\"https:\/\/www.oeh.ac.at\/en\/about-us\/oeh-map\/plagiarism-check\/\">\n\n\t\t\t\t\t\t\t\t\t\t\t\t<span class=\"elementor-icon-list-icon\">\n\t\t\t\t\t\t\t<svg aria-hidden=\"true\" class=\"e-font-icon-svg e-fas-circle\" viewBox=\"0 0 512 512\" xmlns=\"http:\/\/www.w3.org\/2000\/svg\"><path d=\"M256 8C119 8 8 119 8 256s111 248 248 248 248-111 248-248S393 8 256 8z\"><\/path><\/svg>\t\t\t\t\t\t<\/span>\n\t\t\t\t\t\t\t\t\t\t<span class=\"elementor-icon-list-text\">Plagiarism check<\/span>\n\t\t\t\t\t\t\t\t\t\t\t<\/a>\n\t\t\t\t\t\t\t\t\t<\/li>\n\t\t\t\t\t\t<\/ul>\n\t\t\t\t\t\t<\/div>\n\t\t\t\t<\/div>\n\t\t\t\t<\/div>\n\t\t\t\t\t<\/div>\n\t\t\t\t<\/div>\n\t\t\t\t<\/div>\n\t\t","protected":false},"excerpt":{"rendered":"<p>The Austrian National Union of Students (\u00d6H) represents you not only throughout Austria, but also at the respective universities. Here you can find the&#8230;<\/p>\n","protected":false},"author":57,"featured_media":0,"parent":96697,"menu_order":0,"comment_status":"closed","ping_status":"closed","template":"","meta":{"footnotes":""},"class_list":["post-96962","page","type-page","status-publish","hentry"],"yoast_head":"<!-- This site is optimized with the Yoast SEO plugin v25.9 - https:\/\/yoast.com\/wordpress\/plugins\/seo\/ -->\n<title>\u00d6H Map - \u00d6sterreichische Hochsch\u00fcler_innenschaft (\u00d6H)<\/title>\n<meta name=\"description\" content=\"Find out everything you need to know about the \u00d6H&#039;s (\u00d6sterreichische Hochsch\u00fcler_innenschaft) local presence and how it supports you.\" \/>\n<meta name=\"robots\" content=\"index, follow, max-snippet:-1, max-image-preview:large, max-video-preview:-1\" \/>\n<link rel=\"canonical\" href=\"https:\/\/www.oeh.ac.at\/en\/service\/oeh-map\/\" \/>\n<meta property=\"og:locale\" content=\"en_US\" \/>\n<meta property=\"og:type\" content=\"article\" \/>\n<meta property=\"og:title\" content=\"\u00d6H Map - \u00d6sterreichische Hochsch\u00fcler_innenschaft (\u00d6H)\" \/>\n<meta property=\"og:description\" content=\"Find out everything you need to know about the \u00d6H&#039;s (\u00d6sterreichische Hochsch\u00fcler_innenschaft) local presence and how it supports you.\" \/>\n<meta property=\"og:url\" content=\"https:\/\/www.oeh.ac.at\/en\/service\/oeh-map\/\" \/>\n<meta property=\"og:site_name\" content=\"\u00d6sterreichische Hochsch\u00fcler_innenschaft (\u00d6H)\" \/>\n<meta property=\"article:publisher\" content=\"https:\/\/facebook.com\/bundesoeh\" \/>\n<meta property=\"article:modified_time\" content=\"2023-06-15T13:04:52+00:00\" \/>\n<script type=\"application\/ld+json\" class=\"yoast-schema-graph\">{\"@context\":\"https:\/\/schema.org\",\"@graph\":[{\"@type\":\"WebPage\",\"@id\":\"https:\/\/www.oeh.ac.at\/en\/service\/oeh-map\/\",\"url\":\"https:\/\/www.oeh.ac.at\/en\/service\/oeh-map\/\",\"name\":\"\u00d6H Map - \u00d6sterreichische Hochsch\u00fcler_innenschaft (\u00d6H)\",\"isPartOf\":{\"@id\":\"https:\/\/www.oeh.ac.at\/en\/#website\"},\"datePublished\":\"2015-04-15T16:39:38+00:00\",\"dateModified\":\"2023-06-15T13:04:52+00:00\",\"description\":\"Find out everything you need to know about the \u00d6H's (\u00d6sterreichische Hochsch\u00fcler_innenschaft) local presence and how it supports you.\",\"breadcrumb\":{\"@id\":\"https:\/\/www.oeh.ac.at\/en\/service\/oeh-map\/#breadcrumb\"},\"inLanguage\":\"en-US\",\"potentialAction\":[{\"@type\":\"ReadAction\",\"target\":[\"https:\/\/www.oeh.ac.at\/en\/service\/oeh-map\/\"]}]},{\"@type\":\"BreadcrumbList\",\"@id\":\"https:\/\/www.oeh.ac.at\/en\/service\/oeh-map\/#breadcrumb\",\"itemListElement\":[{\"@type\":\"ListItem\",\"position\":1,\"name\":\"Startseite\",\"item\":\"https:\/\/www.oeh.ac.at\/en\/\"},{\"@type\":\"ListItem\",\"position\":2,\"name\":\"Service\",\"item\":\"https:\/\/www.oeh.ac.at\/en\/service\/\"},{\"@type\":\"ListItem\",\"position\":3,\"name\":\"\u00d6H Map\"}]},{\"@type\":\"WebSite\",\"@id\":\"https:\/\/www.oeh.ac.at\/en\/#website\",\"url\":\"https:\/\/www.oeh.ac.at\/en\/\",\"name\":\"\u00d6sterreichische Hochsch\u00fcler_innenschaft\",\"description\":\"\",\"publisher\":{\"@id\":\"https:\/\/www.oeh.ac.at\/en\/#organization\"},\"alternateName\":\"\u00d6H\",\"potentialAction\":[{\"@type\":\"SearchAction\",\"target\":{\"@type\":\"EntryPoint\",\"urlTemplate\":\"https:\/\/www.oeh.ac.at\/en\/?s={search_term_string}\"},\"query-input\":{\"@type\":\"PropertyValueSpecification\",\"valueRequired\":true,\"valueName\":\"search_term_string\"}}],\"inLanguage\":\"en-US\"},{\"@type\":\"Organization\",\"@id\":\"https:\/\/www.oeh.ac.at\/en\/#organization\",\"name\":\"\u00d6sterreichische Hochsch\u00fcler_innenschaft\",\"alternateName\":\"\u00d6H\",\"url\":\"https:\/\/www.oeh.ac.at\/en\/\",\"logo\":{\"@type\":\"ImageObject\",\"inLanguage\":\"en-US\",\"@id\":\"https:\/\/www.oeh.ac.at\/en\/#\/schema\/logo\/image\/\",\"url\":\"https:\/\/www.oeh.ac.at\/wp-content\/uploads\/2023\/03\/OeH_Logo_white_RGB.png\",\"contentUrl\":\"https:\/\/www.oeh.ac.at\/wp-content\/uploads\/2023\/03\/OeH_Logo_white_RGB.png\",\"width\":1600,\"height\":1330,\"caption\":\"\u00d6sterreichische Hochsch\u00fcler_innenschaft\"},\"image\":{\"@id\":\"https:\/\/www.oeh.ac.at\/en\/#\/schema\/logo\/image\/\"},\"sameAs\":[\"https:\/\/facebook.com\/bundesoeh\",\"https:\/\/instagram.com\/bundesoeh\",\"https:\/\/youtube.com\/bundesoeh\",\"https:\/\/bsky.app\/profile\/bundesoeh.bsky.social\"]}]}<\/script>\n<!-- \/ Yoast SEO plugin. -->","yoast_head_json":{"title":"\u00d6H Map - \u00d6sterreichische Hochsch\u00fcler_innenschaft (\u00d6H)","description":"Find out everything you need to know about the \u00d6H's (\u00d6sterreichische Hochsch\u00fcler_innenschaft) local presence and how it supports you.","robots":{"index":"index","follow":"follow","max-snippet":"max-snippet:-1","max-image-preview":"max-image-preview:large","max-video-preview":"max-video-preview:-1"},"canonical":"https:\/\/www.oeh.ac.at\/en\/service\/oeh-map\/","og_locale":"en_US","og_type":"article","og_title":"\u00d6H Map - \u00d6sterreichische Hochsch\u00fcler_innenschaft (\u00d6H)","og_description":"Find out everything you need to know about the \u00d6H's (\u00d6sterreichische Hochsch\u00fcler_innenschaft) local presence and how it supports you.","og_url":"https:\/\/www.oeh.ac.at\/en\/service\/oeh-map\/","og_site_name":"\u00d6sterreichische Hochsch\u00fcler_innenschaft (\u00d6H)","article_publisher":"https:\/\/facebook.com\/bundesoeh","article_modified_time":"2023-06-15T13:04:52+00:00","schema":{"@context":"https:\/\/schema.org","@graph":[{"@type":"WebPage","@id":"https:\/\/www.oeh.ac.at\/en\/service\/oeh-map\/","url":"https:\/\/www.oeh.ac.at\/en\/service\/oeh-map\/","name":"\u00d6H Map - \u00d6sterreichische Hochsch\u00fcler_innenschaft (\u00d6H)","isPartOf":{"@id":"https:\/\/www.oeh.ac.at\/en\/#website"},"datePublished":"2015-04-15T16:39:38+00:00","dateModified":"2023-06-15T13:04:52+00:00","description":"Find out everything you need to know about the \u00d6H's (\u00d6sterreichische Hochsch\u00fcler_innenschaft) local presence and how it supports you.","breadcrumb":{"@id":"https:\/\/www.oeh.ac.at\/en\/service\/oeh-map\/#breadcrumb"},"inLanguage":"en-US","potentialAction":[{"@type":"ReadAction","target":["https:\/\/www.oeh.ac.at\/en\/service\/oeh-map\/"]}]},{"@type":"BreadcrumbList","@id":"https:\/\/www.oeh.ac.at\/en\/service\/oeh-map\/#breadcrumb","itemListElement":[{"@type":"ListItem","position":1,"name":"Startseite","item":"https:\/\/www.oeh.ac.at\/en\/"},{"@type":"ListItem","position":2,"name":"Service","item":"https:\/\/www.oeh.ac.at\/en\/service\/"},{"@type":"ListItem","position":3,"name":"\u00d6H Map"}]},{"@type":"WebSite","@id":"https:\/\/www.oeh.ac.at\/en\/#website","url":"https:\/\/www.oeh.ac.at\/en\/","name":"\u00d6sterreichische Hochsch\u00fcler_innenschaft","description":"","publisher":{"@id":"https:\/\/www.oeh.ac.at\/en\/#organization"},"alternateName":"\u00d6H","potentialAction":[{"@type":"SearchAction","target":{"@type":"EntryPoint","urlTemplate":"https:\/\/www.oeh.ac.at\/en\/?s={search_term_string}"},"query-input":{"@type":"PropertyValueSpecification","valueRequired":true,"valueName":"search_term_string"}}],"inLanguage":"en-US"},{"@type":"Organization","@id":"https:\/\/www.oeh.ac.at\/en\/#organization","name":"\u00d6sterreichische Hochsch\u00fcler_innenschaft","alternateName":"\u00d6H","url":"https:\/\/www.oeh.ac.at\/en\/","logo":{"@type":"ImageObject","inLanguage":"en-US","@id":"https:\/\/www.oeh.ac.at\/en\/#\/schema\/logo\/image\/","url":"https:\/\/www.oeh.ac.at\/wp-content\/uploads\/2023\/03\/OeH_Logo_white_RGB.png","contentUrl":"https:\/\/www.oeh.ac.at\/wp-content\/uploads\/2023\/03\/OeH_Logo_white_RGB.png","width":1600,"height":1330,"caption":"\u00d6sterreichische Hochsch\u00fcler_innenschaft"},"image":{"@id":"https:\/\/www.oeh.ac.at\/en\/#\/schema\/logo\/image\/"},"sameAs":["https:\/\/facebook.com\/bundesoeh","https:\/\/instagram.com\/bundesoeh","https:\/\/youtube.com\/bundesoeh","https:\/\/bsky.app\/profile\/bundesoeh.bsky.social"]}]}},"_links":{"self":[{"href":"https:\/\/www.oeh.ac.at\/en\/wp-json\/wp\/v2\/pages\/96962","targetHints":{"allow":["GET"]}}],"collection":[{"href":"https:\/\/www.oeh.ac.at\/en\/wp-json\/wp\/v2\/pages"}],"about":[{"href":"https:\/\/www.oeh.ac.at\/en\/wp-json\/wp\/v2\/types\/page"}],"author":[{"embeddable":true,"href":"https:\/\/www.oeh.ac.at\/en\/wp-json\/wp\/v2\/users\/57"}],"replies":[{"embeddable":true,"href":"https:\/\/www.oeh.ac.at\/en\/wp-json\/wp\/v2\/comments?post=96962"}],"version-history":[{"count":0,"href":"https:\/\/www.oeh.ac.at\/en\/wp-json\/wp\/v2\/pages\/96962\/revisions"}],"up":[{"embeddable":true,"href":"https:\/\/www.oeh.ac.at\/en\/wp-json\/wp\/v2\/pages\/96697"}],"wp:attachment":[{"href":"https:\/\/www.oeh.ac.at\/en\/wp-json\/wp\/v2\/media?parent=96962"}],"curies":[{"name":"wp","href":"https:\/\/api.w.org\/{rel}","templated":true}]}}