{"id":96756,"date":"2015-05-04T05:54:21","date_gmt":"2015-05-04T05:54:21","guid":{"rendered":"https:\/\/www.oeh.ac.at\/mobility-oeh-map\/"},"modified":"2023-06-13T17:12:02","modified_gmt":"2023-06-13T17:12:02","slug":"mobility-oeh-map","status":"publish","type":"page","link":"https:\/\/www.oeh.ac.at\/en\/mobility-oeh-map\/","title":{"rendered":"Mobility \u00d6H Map"},"content":{"rendered":"\t\t<div data-elementor-type=\"wp-page\" data-elementor-id=\"96756\" class=\"elementor elementor-96756 elementor-6264\" data-elementor-post-type=\"page\">\n\t\t\t\t<div class=\"elementor-element elementor-element-4690c4e e-flex e-con-boxed e-con e-parent\" data-id=\"4690c4e\" data-element_type=\"container\">\n\t\t\t\t\t<div class=\"e-con-inner\">\n\t\t\t\t<div class=\"elementor-element elementor-element-5d740eb1 elementor-widget elementor-widget-text-editor\" data-id=\"5d740eb1\" data-element_type=\"widget\" data-widget_type=\"text-editor.default\">\n\t\t\t\t<div class=\"elementor-widget-container\">\n\t\t\t\t\t\t\t\t\t<div>\n<p>Here you can find the contacts of the transport companies of the individual federal states. Please contact the relevant office to find out under which conditions you can obtain discounted student tickets.<\/p>\n<p>In Vienna, Lower Austria and Burgenland, the Transport Association (VOR) offers low-cost deals for students under 26. For more information, please visit: <a href=\"https:\/\/www.vor.at\/tickets\/ticketuebersicht\/tickets-fuer-studierende\" target=\"_blank\" rel=\"noopener noreferrer\">Tickets for students<\/a><\/p>\n<p>Write a mail to <a href=\"mailto:apps@oeh.ac.at\">apps@oeh.ac.at<\/a> if addresses and\/or links are wrong or missing.<\/p>\n<\/div>\n<div class=\"maplist\">\n<h2><a name=\"h18Graz\"><\/a>Graz<\/h2>\n<div class=\"row\">\n<div class=\"column\">\n<ul>\n<li><a href=\"https:\/\/www.holding-graz.at\/\" target=\"_blank\" rel=\"noopener\">Graz lines<\/a><\/li>\n<\/ul>\n<ul class=\"hide\" data-id=\"202\">\n<li> <\/li>\n<li> <\/li>\n<li>Jakoministra\u00dfe 1<\/li>\n<li>8010 Graz<\/li>\n<li>+43\/316 887 -4224<\/li>\n<li> <\/li>\n<li><a class=\"obf\" href=\"mailto:office@holding-graz.at\" data-obf=\"b2ZmaWNlQGhvbGRpbmctZ3Jhei5hdA@@\">office@holding-graz.at<\/a><\/li>\n<li><a href=\"https:\/\/www.holding-graz.at\/graz-linien.html\">Web<\/a><\/li>\n<\/ul>\n<\/div>\n<\/div>\n<h2><a name=\"h18Innsbruck\"><\/a>Innsbruck<\/h2>\n<div class=\"row\">\n<div class=\"column\">\n<ul>\n<li><a href=\"https:\/\/www.ivb.at\/\" target=\"_blank\" rel=\"noopener\">Innsbruck transport services<\/a><\/li>\n<\/ul>\n<ul class=\"hide\" data-id=\"198\">\n<li> <\/li>\n<li> <\/li>\n<li>Pastorstrasse 5<\/li>\n<li>6010 Innsbruck<\/li>\n<li>+43\/512 53 07 -0<\/li>\n<li> <\/li>\n<li><a class=\"obf\" href=\"mailto:office@ivb.at\" data-obf=\"b2ZmaWNlQGl2Yi5hdA@@\">office@ivb.at<\/a><\/li>\n<li><a href=\"https:\/\/www.ivb.at\/\">Web<\/a><\/li>\n<\/ul>\n<\/div>\n<\/div>\n<h2><a name=\"h18Klagenfurt\"><\/a>Klagenfurt<\/h2>\n<div class=\"row\">\n<div class=\"column\">\n<ul>\n<li><a href=\"https:\/\/www.stw.at\/privat\/mobilitaet\/fahrplan\/\" target=\"_blank\" rel=\"noopener\">Klagenfurt municipal utilities<\/a><\/li>\n<\/ul>\n<ul class=\"hide\" data-id=\"199\">\n<li> <\/li>\n<li> <\/li>\n<li>St. Veiter Stra\u00dfe 31 entrance Kra\u00dfniggstra\u00dfe&lt;\/li<\/li>\n<\/ul>\n<\/div>\n<\/div>\n<\/div>\n\t\t\t\t\t\t\t\t<\/div>\n\t\t\t\t<\/div>\n\t\t\t\t\t<\/div>\n\t\t\t\t<\/div>\n\t\t\t\t<\/div>\n\t\t","protected":false},"excerpt":{"rendered":"<p>Here you can find the contacts of the transport companies of the individual federal states. Please contact the relevant office to find out under&#8230;<\/p>\n","protected":false},"author":1,"featured_media":93461,"parent":0,"menu_order":0,"comment_status":"closed","ping_status":"closed","template":"","meta":{"footnotes":""},"class_list":["post-96756","page","type-page","status-publish","has-post-thumbnail","hentry"],"yoast_head":"<!-- This site is optimized with the Yoast SEO plugin v25.9 - https:\/\/yoast.com\/wordpress\/plugins\/seo\/ -->\n<title>Mobility \u00d6H Map - \u00d6sterreichische Hochsch\u00fcler_innenschaft (\u00d6H)<\/title>\n<meta name=\"description\" content=\"Discover the interactive mobility \u00d6H Map and find all important addresses, locations and information,\" \/>\n<meta name=\"robots\" content=\"index, follow, max-snippet:-1, max-image-preview:large, max-video-preview:-1\" \/>\n<link rel=\"canonical\" href=\"https:\/\/www.oeh.ac.at\/en\/mobility-oeh-map\/\" \/>\n<meta property=\"og:locale\" content=\"en_US\" \/>\n<meta property=\"og:type\" content=\"article\" \/>\n<meta property=\"og:title\" content=\"Mobility \u00d6H Map - \u00d6sterreichische Hochsch\u00fcler_innenschaft (\u00d6H)\" \/>\n<meta property=\"og:description\" content=\"Discover the interactive mobility \u00d6H Map and find all important addresses, locations and information,\" \/>\n<meta property=\"og:url\" content=\"https:\/\/www.oeh.ac.at\/en\/mobility-oeh-map\/\" \/>\n<meta property=\"og:site_name\" content=\"\u00d6sterreichische Hochsch\u00fcler_innenschaft (\u00d6H)\" \/>\n<meta property=\"article:publisher\" content=\"https:\/\/facebook.com\/bundesoeh\" \/>\n<meta property=\"article:modified_time\" content=\"2023-06-13T17:12:02+00:00\" \/>\n<meta property=\"og:image\" content=\"https:\/\/www.oeh.ac.at\/wp-content\/uploads\/2023\/05\/oeh_logomark_blue_cmyk.png\" \/>\n\t<meta property=\"og:image:width\" content=\"12500\" \/>\n\t<meta property=\"og:image:height\" content=\"10387\" \/>\n\t<meta property=\"og:image:type\" content=\"image\/png\" \/>\n<script type=\"application\/ld+json\" class=\"yoast-schema-graph\">{\"@context\":\"https:\/\/schema.org\",\"@graph\":[{\"@type\":\"WebPage\",\"@id\":\"https:\/\/www.oeh.ac.at\/en\/mobility-oeh-map\/\",\"url\":\"https:\/\/www.oeh.ac.at\/en\/mobility-oeh-map\/\",\"name\":\"Mobility \u00d6H Map - \u00d6sterreichische Hochsch\u00fcler_innenschaft (\u00d6H)\",\"isPartOf\":{\"@id\":\"https:\/\/www.oeh.ac.at\/en\/#website\"},\"primaryImageOfPage\":{\"@id\":\"https:\/\/www.oeh.ac.at\/en\/mobility-oeh-map\/#primaryimage\"},\"image\":{\"@id\":\"https:\/\/www.oeh.ac.at\/en\/mobility-oeh-map\/#primaryimage\"},\"thumbnailUrl\":\"https:\/\/www.oeh.ac.at\/wp-content\/uploads\/2023\/05\/oeh_logomark_blue_cmyk.png\",\"datePublished\":\"2015-05-04T05:54:21+00:00\",\"dateModified\":\"2023-06-13T17:12:02+00:00\",\"description\":\"Discover the interactive mobility \u00d6H Map and find all important addresses, locations and information,\",\"breadcrumb\":{\"@id\":\"https:\/\/www.oeh.ac.at\/en\/mobility-oeh-map\/#breadcrumb\"},\"inLanguage\":\"en-US\",\"potentialAction\":[{\"@type\":\"ReadAction\",\"target\":[\"https:\/\/www.oeh.ac.at\/en\/mobility-oeh-map\/\"]}]},{\"@type\":\"ImageObject\",\"inLanguage\":\"en-US\",\"@id\":\"https:\/\/www.oeh.ac.at\/en\/mobility-oeh-map\/#primaryimage\",\"url\":\"https:\/\/www.oeh.ac.at\/wp-content\/uploads\/2023\/05\/oeh_logomark_blue_cmyk.png\",\"contentUrl\":\"https:\/\/www.oeh.ac.at\/wp-content\/uploads\/2023\/05\/oeh_logomark_blue_cmyk.png\",\"width\":12500,\"height\":10387},{\"@type\":\"BreadcrumbList\",\"@id\":\"https:\/\/www.oeh.ac.at\/en\/mobility-oeh-map\/#breadcrumb\",\"itemListElement\":[{\"@type\":\"ListItem\",\"position\":1,\"name\":\"Startseite\",\"item\":\"https:\/\/www.oeh.ac.at\/en\/\"},{\"@type\":\"ListItem\",\"position\":2,\"name\":\"Mobility \u00d6H Map\"}]},{\"@type\":\"WebSite\",\"@id\":\"https:\/\/www.oeh.ac.at\/en\/#website\",\"url\":\"https:\/\/www.oeh.ac.at\/en\/\",\"name\":\"\u00d6sterreichische Hochsch\u00fcler_innenschaft\",\"description\":\"\",\"publisher\":{\"@id\":\"https:\/\/www.oeh.ac.at\/en\/#organization\"},\"alternateName\":\"\u00d6H\",\"potentialAction\":[{\"@type\":\"SearchAction\",\"target\":{\"@type\":\"EntryPoint\",\"urlTemplate\":\"https:\/\/www.oeh.ac.at\/en\/?s={search_term_string}\"},\"query-input\":{\"@type\":\"PropertyValueSpecification\",\"valueRequired\":true,\"valueName\":\"search_term_string\"}}],\"inLanguage\":\"en-US\"},{\"@type\":\"Organization\",\"@id\":\"https:\/\/www.oeh.ac.at\/en\/#organization\",\"name\":\"\u00d6sterreichische Hochsch\u00fcler_innenschaft\",\"alternateName\":\"\u00d6H\",\"url\":\"https:\/\/www.oeh.ac.at\/en\/\",\"logo\":{\"@type\":\"ImageObject\",\"inLanguage\":\"en-US\",\"@id\":\"https:\/\/www.oeh.ac.at\/en\/#\/schema\/logo\/image\/\",\"url\":\"https:\/\/www.oeh.ac.at\/wp-content\/uploads\/2023\/03\/OeH_Logo_white_RGB.png\",\"contentUrl\":\"https:\/\/www.oeh.ac.at\/wp-content\/uploads\/2023\/03\/OeH_Logo_white_RGB.png\",\"width\":1600,\"height\":1330,\"caption\":\"\u00d6sterreichische Hochsch\u00fcler_innenschaft\"},\"image\":{\"@id\":\"https:\/\/www.oeh.ac.at\/en\/#\/schema\/logo\/image\/\"},\"sameAs\":[\"https:\/\/facebook.com\/bundesoeh\",\"https:\/\/instagram.com\/bundesoeh\",\"https:\/\/youtube.com\/bundesoeh\",\"https:\/\/bsky.app\/profile\/bundesoeh.bsky.social\"]}]}<\/script>\n<!-- \/ Yoast SEO plugin. -->","yoast_head_json":{"title":"Mobility \u00d6H Map - \u00d6sterreichische Hochsch\u00fcler_innenschaft (\u00d6H)","description":"Discover the interactive mobility \u00d6H Map and find all important addresses, locations and information,","robots":{"index":"index","follow":"follow","max-snippet":"max-snippet:-1","max-image-preview":"max-image-preview:large","max-video-preview":"max-video-preview:-1"},"canonical":"https:\/\/www.oeh.ac.at\/en\/mobility-oeh-map\/","og_locale":"en_US","og_type":"article","og_title":"Mobility \u00d6H Map - \u00d6sterreichische Hochsch\u00fcler_innenschaft (\u00d6H)","og_description":"Discover the interactive mobility \u00d6H Map and find all important addresses, locations and information,","og_url":"https:\/\/www.oeh.ac.at\/en\/mobility-oeh-map\/","og_site_name":"\u00d6sterreichische Hochsch\u00fcler_innenschaft (\u00d6H)","article_publisher":"https:\/\/facebook.com\/bundesoeh","article_modified_time":"2023-06-13T17:12:02+00:00","og_image":[{"width":12500,"height":10387,"url":"https:\/\/www.oeh.ac.at\/wp-content\/uploads\/2023\/05\/oeh_logomark_blue_cmyk.png","type":"image\/png"}],"schema":{"@context":"https:\/\/schema.org","@graph":[{"@type":"WebPage","@id":"https:\/\/www.oeh.ac.at\/en\/mobility-oeh-map\/","url":"https:\/\/www.oeh.ac.at\/en\/mobility-oeh-map\/","name":"Mobility \u00d6H Map - \u00d6sterreichische Hochsch\u00fcler_innenschaft (\u00d6H)","isPartOf":{"@id":"https:\/\/www.oeh.ac.at\/en\/#website"},"primaryImageOfPage":{"@id":"https:\/\/www.oeh.ac.at\/en\/mobility-oeh-map\/#primaryimage"},"image":{"@id":"https:\/\/www.oeh.ac.at\/en\/mobility-oeh-map\/#primaryimage"},"thumbnailUrl":"https:\/\/www.oeh.ac.at\/wp-content\/uploads\/2023\/05\/oeh_logomark_blue_cmyk.png","datePublished":"2015-05-04T05:54:21+00:00","dateModified":"2023-06-13T17:12:02+00:00","description":"Discover the interactive mobility \u00d6H Map and find all important addresses, locations and information,","breadcrumb":{"@id":"https:\/\/www.oeh.ac.at\/en\/mobility-oeh-map\/#breadcrumb"},"inLanguage":"en-US","potentialAction":[{"@type":"ReadAction","target":["https:\/\/www.oeh.ac.at\/en\/mobility-oeh-map\/"]}]},{"@type":"ImageObject","inLanguage":"en-US","@id":"https:\/\/www.oeh.ac.at\/en\/mobility-oeh-map\/#primaryimage","url":"https:\/\/www.oeh.ac.at\/wp-content\/uploads\/2023\/05\/oeh_logomark_blue_cmyk.png","contentUrl":"https:\/\/www.oeh.ac.at\/wp-content\/uploads\/2023\/05\/oeh_logomark_blue_cmyk.png","width":12500,"height":10387},{"@type":"BreadcrumbList","@id":"https:\/\/www.oeh.ac.at\/en\/mobility-oeh-map\/#breadcrumb","itemListElement":[{"@type":"ListItem","position":1,"name":"Startseite","item":"https:\/\/www.oeh.ac.at\/en\/"},{"@type":"ListItem","position":2,"name":"Mobility \u00d6H Map"}]},{"@type":"WebSite","@id":"https:\/\/www.oeh.ac.at\/en\/#website","url":"https:\/\/www.oeh.ac.at\/en\/","name":"\u00d6sterreichische Hochsch\u00fcler_innenschaft","description":"","publisher":{"@id":"https:\/\/www.oeh.ac.at\/en\/#organization"},"alternateName":"\u00d6H","potentialAction":[{"@type":"SearchAction","target":{"@type":"EntryPoint","urlTemplate":"https:\/\/www.oeh.ac.at\/en\/?s={search_term_string}"},"query-input":{"@type":"PropertyValueSpecification","valueRequired":true,"valueName":"search_term_string"}}],"inLanguage":"en-US"},{"@type":"Organization","@id":"https:\/\/www.oeh.ac.at\/en\/#organization","name":"\u00d6sterreichische Hochsch\u00fcler_innenschaft","alternateName":"\u00d6H","url":"https:\/\/www.oeh.ac.at\/en\/","logo":{"@type":"ImageObject","inLanguage":"en-US","@id":"https:\/\/www.oeh.ac.at\/en\/#\/schema\/logo\/image\/","url":"https:\/\/www.oeh.ac.at\/wp-content\/uploads\/2023\/03\/OeH_Logo_white_RGB.png","contentUrl":"https:\/\/www.oeh.ac.at\/wp-content\/uploads\/2023\/03\/OeH_Logo_white_RGB.png","width":1600,"height":1330,"caption":"\u00d6sterreichische Hochsch\u00fcler_innenschaft"},"image":{"@id":"https:\/\/www.oeh.ac.at\/en\/#\/schema\/logo\/image\/"},"sameAs":["https:\/\/facebook.com\/bundesoeh","https:\/\/instagram.com\/bundesoeh","https:\/\/youtube.com\/bundesoeh","https:\/\/bsky.app\/profile\/bundesoeh.bsky.social"]}]}},"_links":{"self":[{"href":"https:\/\/www.oeh.ac.at\/en\/wp-json\/wp\/v2\/pages\/96756","targetHints":{"allow":["GET"]}}],"collection":[{"href":"https:\/\/www.oeh.ac.at\/en\/wp-json\/wp\/v2\/pages"}],"about":[{"href":"https:\/\/www.oeh.ac.at\/en\/wp-json\/wp\/v2\/types\/page"}],"author":[{"embeddable":true,"href":"https:\/\/www.oeh.ac.at\/en\/wp-json\/wp\/v2\/users\/1"}],"replies":[{"embeddable":true,"href":"https:\/\/www.oeh.ac.at\/en\/wp-json\/wp\/v2\/comments?post=96756"}],"version-history":[{"count":0,"href":"https:\/\/www.oeh.ac.at\/en\/wp-json\/wp\/v2\/pages\/96756\/revisions"}],"wp:featuredmedia":[{"embeddable":true,"href":"https:\/\/www.oeh.ac.at\/en\/wp-json\/wp\/v2\/media\/93461"}],"wp:attachment":[{"href":"https:\/\/www.oeh.ac.at\/en\/wp-json\/wp\/v2\/media?parent=96756"}],"curies":[{"name":"wp","href":"https:\/\/api.w.org\/{rel}","templated":true}]}}