{"id":96755,"date":"2015-04-30T10:19:36","date_gmt":"2015-04-30T08:19:36","guid":{"rendered":"https:\/\/www.oeh.ac.at\/living\/"},"modified":"2024-04-06T12:08:18","modified_gmt":"2024-04-06T10:08:18","slug":"living","status":"publish","type":"page","link":"https:\/\/www.oeh.ac.at\/en\/living\/","title":{"rendered":"Living"},"content":{"rendered":"\t\t<div data-elementor-type=\"wp-page\" data-elementor-id=\"96755\" class=\"elementor elementor-96755 elementor-6240\" data-elementor-post-type=\"page\">\n\t\t\t\t<div class=\"elementor-element elementor-element-5db159b1 e-flex e-con-boxed e-con e-parent\" data-id=\"5db159b1\" data-element_type=\"container\">\n\t\t\t\t\t<div class=\"e-con-inner\">\n\t\t\t\t<div class=\"elementor-element elementor-element-63b998ad elementor-widget elementor-widget-text-editor\" data-id=\"63b998ad\" data-element_type=\"widget\" data-widget_type=\"text-editor.default\">\n\t\t\t\t<div class=\"elementor-widget-container\">\n\t\t\t\t\t\t\t\t\t<h2>Information and advice<\/h2><p>Do you have questions about your lease, are you unhappy in your dormitory or are you in trouble with your landlord? Do you want to know how much commission and deposit can be charged when moving, do you want to register a second home or start a shared apartment (WG)? You can find important legal information and practical tips in our brochure <a href=\"https:\/\/www.oeh.ac.at\/produkt\/studieren-und-wohnen\/\" target=\"_blank\" rel=\"noopener\">Studying and Living<\/a>, which you can download and read online or order for free at the <a href=\"\/en\/shop\/\" target=\"_blank\" rel=\"noopener\">\u00d6H-Shop.<\/a><\/p><p>If you have any questions regarding rent and housing, please contact the social department at your university under <a href=\"https:\/\/www.oeh.ac.at\/en\/about-us\/oeh-map\/\" target=\"_blank\" rel=\"noopener\">\u00d6H Map<\/a>\u00a0or the <a href=\"https:\/\/www.oeh.ac.at\/en\/oh-map\/oeh-housing-counseling\/\" target=\"_blank\" rel=\"noopener\">housing counseling of<\/a> the federal representation of the Austrian National Union of Students (\u00d6H). You are also welcome to email us with your question at <a href=\"mailto:wohnrecht@oeh.ac.at\" target=\"_blank\" rel=\"noopener\">wohnrecht@oeh.ac.at.<\/a> If you have specific questions about living in the residence halls, you can also contact our <a href=\"http:\/\/studierendenwohnheime@oeh.ac.at;\">student-dormitory affairs case worker<\/a>.<\/p><p>Are you facing the threat of losing your home or are you struggling with excessive energy costs? The &#8220;housing umbrella&#8221; can, for example, take over your rent debts, support you financially when you move or pay energy bills. Here you get more info and free advice: <a href=\"https:\/\/wohnschirm.at\/\" target=\"_blank\" rel=\"noopener\">wohnschirm.at<\/a><\/p><h2>Room search<\/h2><p>If you are currently looking for an apartment or a room, or if you want to post an ad yourself, we recommend the \u00d6H schwarzesbrett: <a href=\"https:\/\/schwarzesbrett.oeh.ac.at\/wohnen\/\" target=\"_blank\" rel=\"noopener\">Schwarze<\/a> Brett.<\/p><p>A list of many non-profit student residences in Austria can be found here: <a href=\"https:\/\/www.oeh.ac.at\/en\/living\/non-profit-student-dormitories\/\" target=\"_blank\" rel=\"noopener\">List of non-profit student residences in Austria<\/a>. Furthermore, we would like to refer to the <a href=\"http:\/\/www.heimdatenbank.at\/\" target=\"_blank\" rel=\"noopener\">heimdatenbank.at<\/a>.<\/p><p>\u00a0<\/p><p>\u00a0<\/p>\t\t\t\t\t\t\t\t<\/div>\n\t\t\t\t<\/div>\n\t\t\t\t\t<\/div>\n\t\t\t\t<\/div>\n\t\t\t\t<\/div>\n\t\t","protected":false},"excerpt":{"rendered":"<p>Information and advice Do you have questions about your lease, are you unhappy in your dormitory or are you in trouble with your landlord?&#8230;<\/p>\n","protected":false},"author":1,"featured_media":0,"parent":0,"menu_order":0,"comment_status":"closed","ping_status":"closed","template":"","meta":{"footnotes":""},"class_list":["post-96755","page","type-page","status-publish","hentry"],"yoast_head":"<!-- This site is optimized with the Yoast SEO plugin v25.9 - https:\/\/yoast.com\/wordpress\/plugins\/seo\/ -->\n<title>Living - \u00d6sterreichische Hochsch\u00fcler_innenschaft (\u00d6H)<\/title>\n<meta name=\"description\" content=\". We understand how important it is to find suitable and affordable housing during your studies.\" \/>\n<meta name=\"robots\" content=\"index, follow, max-snippet:-1, max-image-preview:large, max-video-preview:-1\" \/>\n<link rel=\"canonical\" href=\"https:\/\/www.oeh.ac.at\/en\/living\/\" \/>\n<meta property=\"og:locale\" content=\"en_US\" \/>\n<meta property=\"og:type\" content=\"article\" \/>\n<meta property=\"og:title\" content=\"Living - \u00d6sterreichische Hochsch\u00fcler_innenschaft (\u00d6H)\" \/>\n<meta property=\"og:description\" content=\". We understand how important it is to find suitable and affordable housing during your studies.\" \/>\n<meta property=\"og:url\" content=\"https:\/\/www.oeh.ac.at\/en\/living\/\" \/>\n<meta property=\"og:site_name\" content=\"\u00d6sterreichische Hochsch\u00fcler_innenschaft (\u00d6H)\" \/>\n<meta property=\"article:publisher\" content=\"https:\/\/facebook.com\/bundesoeh\" \/>\n<meta property=\"article:modified_time\" content=\"2024-04-06T10:08:18+00:00\" \/>\n<script type=\"application\/ld+json\" class=\"yoast-schema-graph\">{\"@context\":\"https:\/\/schema.org\",\"@graph\":[{\"@type\":\"WebPage\",\"@id\":\"https:\/\/www.oeh.ac.at\/en\/living\/\",\"url\":\"https:\/\/www.oeh.ac.at\/en\/living\/\",\"name\":\"Living - \u00d6sterreichische Hochsch\u00fcler_innenschaft (\u00d6H)\",\"isPartOf\":{\"@id\":\"https:\/\/www.oeh.ac.at\/en\/#website\"},\"datePublished\":\"2015-04-30T08:19:36+00:00\",\"dateModified\":\"2024-04-06T10:08:18+00:00\",\"description\":\". We understand how important it is to find suitable and affordable housing during your studies.\",\"breadcrumb\":{\"@id\":\"https:\/\/www.oeh.ac.at\/en\/living\/#breadcrumb\"},\"inLanguage\":\"en-US\",\"potentialAction\":[{\"@type\":\"ReadAction\",\"target\":[\"https:\/\/www.oeh.ac.at\/en\/living\/\"]}]},{\"@type\":\"BreadcrumbList\",\"@id\":\"https:\/\/www.oeh.ac.at\/en\/living\/#breadcrumb\",\"itemListElement\":[{\"@type\":\"ListItem\",\"position\":1,\"name\":\"Startseite\",\"item\":\"https:\/\/www.oeh.ac.at\/en\/\"},{\"@type\":\"ListItem\",\"position\":2,\"name\":\"Living\"}]},{\"@type\":\"WebSite\",\"@id\":\"https:\/\/www.oeh.ac.at\/en\/#website\",\"url\":\"https:\/\/www.oeh.ac.at\/en\/\",\"name\":\"\u00d6sterreichische Hochsch\u00fcler_innenschaft\",\"description\":\"\",\"publisher\":{\"@id\":\"https:\/\/www.oeh.ac.at\/en\/#organization\"},\"alternateName\":\"\u00d6H\",\"potentialAction\":[{\"@type\":\"SearchAction\",\"target\":{\"@type\":\"EntryPoint\",\"urlTemplate\":\"https:\/\/www.oeh.ac.at\/en\/?s={search_term_string}\"},\"query-input\":{\"@type\":\"PropertyValueSpecification\",\"valueRequired\":true,\"valueName\":\"search_term_string\"}}],\"inLanguage\":\"en-US\"},{\"@type\":\"Organization\",\"@id\":\"https:\/\/www.oeh.ac.at\/en\/#organization\",\"name\":\"\u00d6sterreichische Hochsch\u00fcler_innenschaft\",\"alternateName\":\"\u00d6H\",\"url\":\"https:\/\/www.oeh.ac.at\/en\/\",\"logo\":{\"@type\":\"ImageObject\",\"inLanguage\":\"en-US\",\"@id\":\"https:\/\/www.oeh.ac.at\/en\/#\/schema\/logo\/image\/\",\"url\":\"https:\/\/www.oeh.ac.at\/wp-content\/uploads\/2023\/03\/OeH_Logo_white_RGB.png\",\"contentUrl\":\"https:\/\/www.oeh.ac.at\/wp-content\/uploads\/2023\/03\/OeH_Logo_white_RGB.png\",\"width\":1600,\"height\":1330,\"caption\":\"\u00d6sterreichische Hochsch\u00fcler_innenschaft\"},\"image\":{\"@id\":\"https:\/\/www.oeh.ac.at\/en\/#\/schema\/logo\/image\/\"},\"sameAs\":[\"https:\/\/facebook.com\/bundesoeh\",\"https:\/\/instagram.com\/bundesoeh\",\"https:\/\/youtube.com\/bundesoeh\",\"https:\/\/bsky.app\/profile\/bundesoeh.bsky.social\"]}]}<\/script>\n<!-- \/ Yoast SEO plugin. -->","yoast_head_json":{"title":"Living - \u00d6sterreichische Hochsch\u00fcler_innenschaft (\u00d6H)","description":". We understand how important it is to find suitable and affordable housing during your studies.","robots":{"index":"index","follow":"follow","max-snippet":"max-snippet:-1","max-image-preview":"max-image-preview:large","max-video-preview":"max-video-preview:-1"},"canonical":"https:\/\/www.oeh.ac.at\/en\/living\/","og_locale":"en_US","og_type":"article","og_title":"Living - \u00d6sterreichische Hochsch\u00fcler_innenschaft (\u00d6H)","og_description":". We understand how important it is to find suitable and affordable housing during your studies.","og_url":"https:\/\/www.oeh.ac.at\/en\/living\/","og_site_name":"\u00d6sterreichische Hochsch\u00fcler_innenschaft (\u00d6H)","article_publisher":"https:\/\/facebook.com\/bundesoeh","article_modified_time":"2024-04-06T10:08:18+00:00","schema":{"@context":"https:\/\/schema.org","@graph":[{"@type":"WebPage","@id":"https:\/\/www.oeh.ac.at\/en\/living\/","url":"https:\/\/www.oeh.ac.at\/en\/living\/","name":"Living - \u00d6sterreichische Hochsch\u00fcler_innenschaft (\u00d6H)","isPartOf":{"@id":"https:\/\/www.oeh.ac.at\/en\/#website"},"datePublished":"2015-04-30T08:19:36+00:00","dateModified":"2024-04-06T10:08:18+00:00","description":". We understand how important it is to find suitable and affordable housing during your studies.","breadcrumb":{"@id":"https:\/\/www.oeh.ac.at\/en\/living\/#breadcrumb"},"inLanguage":"en-US","potentialAction":[{"@type":"ReadAction","target":["https:\/\/www.oeh.ac.at\/en\/living\/"]}]},{"@type":"BreadcrumbList","@id":"https:\/\/www.oeh.ac.at\/en\/living\/#breadcrumb","itemListElement":[{"@type":"ListItem","position":1,"name":"Startseite","item":"https:\/\/www.oeh.ac.at\/en\/"},{"@type":"ListItem","position":2,"name":"Living"}]},{"@type":"WebSite","@id":"https:\/\/www.oeh.ac.at\/en\/#website","url":"https:\/\/www.oeh.ac.at\/en\/","name":"\u00d6sterreichische Hochsch\u00fcler_innenschaft","description":"","publisher":{"@id":"https:\/\/www.oeh.ac.at\/en\/#organization"},"alternateName":"\u00d6H","potentialAction":[{"@type":"SearchAction","target":{"@type":"EntryPoint","urlTemplate":"https:\/\/www.oeh.ac.at\/en\/?s={search_term_string}"},"query-input":{"@type":"PropertyValueSpecification","valueRequired":true,"valueName":"search_term_string"}}],"inLanguage":"en-US"},{"@type":"Organization","@id":"https:\/\/www.oeh.ac.at\/en\/#organization","name":"\u00d6sterreichische Hochsch\u00fcler_innenschaft","alternateName":"\u00d6H","url":"https:\/\/www.oeh.ac.at\/en\/","logo":{"@type":"ImageObject","inLanguage":"en-US","@id":"https:\/\/www.oeh.ac.at\/en\/#\/schema\/logo\/image\/","url":"https:\/\/www.oeh.ac.at\/wp-content\/uploads\/2023\/03\/OeH_Logo_white_RGB.png","contentUrl":"https:\/\/www.oeh.ac.at\/wp-content\/uploads\/2023\/03\/OeH_Logo_white_RGB.png","width":1600,"height":1330,"caption":"\u00d6sterreichische Hochsch\u00fcler_innenschaft"},"image":{"@id":"https:\/\/www.oeh.ac.at\/en\/#\/schema\/logo\/image\/"},"sameAs":["https:\/\/facebook.com\/bundesoeh","https:\/\/instagram.com\/bundesoeh","https:\/\/youtube.com\/bundesoeh","https:\/\/bsky.app\/profile\/bundesoeh.bsky.social"]}]}},"_links":{"self":[{"href":"https:\/\/www.oeh.ac.at\/en\/wp-json\/wp\/v2\/pages\/96755","targetHints":{"allow":["GET"]}}],"collection":[{"href":"https:\/\/www.oeh.ac.at\/en\/wp-json\/wp\/v2\/pages"}],"about":[{"href":"https:\/\/www.oeh.ac.at\/en\/wp-json\/wp\/v2\/types\/page"}],"author":[{"embeddable":true,"href":"https:\/\/www.oeh.ac.at\/en\/wp-json\/wp\/v2\/users\/1"}],"replies":[{"embeddable":true,"href":"https:\/\/www.oeh.ac.at\/en\/wp-json\/wp\/v2\/comments?post=96755"}],"version-history":[{"count":6,"href":"https:\/\/www.oeh.ac.at\/en\/wp-json\/wp\/v2\/pages\/96755\/revisions"}],"predecessor-version":[{"id":1139247,"href":"https:\/\/www.oeh.ac.at\/en\/wp-json\/wp\/v2\/pages\/96755\/revisions\/1139247"}],"wp:attachment":[{"href":"https:\/\/www.oeh.ac.at\/en\/wp-json\/wp\/v2\/media?parent=96755"}],"curies":[{"name":"wp","href":"https:\/\/api.w.org\/{rel}","templated":true}]}}