{"id":96688,"date":"2015-05-28T17:40:41","date_gmt":"2015-05-28T17:40:41","guid":{"rendered":"https:\/\/www.oeh.ac.at\/the-university-representation\/"},"modified":"2023-06-20T15:41:29","modified_gmt":"2023-06-20T15:41:29","slug":"the-university-representation","status":"publish","type":"page","link":"https:\/\/www.oeh.ac.at\/en\/about-us\/what-is-the-oeh\/the-university-representation\/","title":{"rendered":"The university representation"},"content":{"rendered":"\t\t<div data-elementor-type=\"wp-page\" data-elementor-id=\"96688\" class=\"elementor elementor-96688 elementor-6313\" data-elementor-post-type=\"page\">\n\t\t\t\t<div class=\"elementor-element elementor-element-6b5d6a7 e-flex e-con-boxed e-con e-parent\" data-id=\"6b5d6a7\" data-element_type=\"container\">\n\t\t\t\t\t<div class=\"e-con-inner\">\n\t\t<div class=\"elementor-element elementor-element-fc4e3bc e-con-full e-flex e-con e-parent\" data-id=\"fc4e3bc\" data-element_type=\"container\">\n\t\t\t\t<div class=\"elementor-element elementor-element-e698a15 elementor-widget elementor-widget-text-editor\" data-id=\"e698a15\" data-element_type=\"widget\" data-widget_type=\"text-editor.default\">\n\t\t\t\t<div class=\"elementor-widget-container\">\n\t\t\t\t\t\t\t\t\t<p><strong>All matters of representation work at the individual universities are handled by the local university representation of the respective universities, universities of applied sciences, universities of education and private universities.<\/strong><\/p><p>The highest body of the university representation is the university representation meeting, which must meet two times per semester, analogous to the meeting of the federal representation. Depending on the election results, the candidate lists\/factions send their mandataries to the university representation, whereby 9 and 27 mandates are to be assigned.<\/p><p>If none of the running groups has won an absolute majority, two or more groups have to join together to form a coalition, which will then form the executive at the respective university (e.g.: the \u00d6H Uni Wien, the \u00d6H Joanneum or the \u00d6H PH Wien).<\/p><p>As at the federal level, there are also various thematic committees at the university level, to which the list\/factions send delegates depending on the election results.<br \/>Executive<\/p><p>The \u00d6H work at the respective university is carried out by the executive board and happens primarily in units and working areas, whereby here, too, department heads must first be elected by the meeting of the university representation.<\/p><p>You can find the contact details for your local representation under <a class=\"drupdown-inline drupdown-no-title drupdown-link drupdown-internal\" href=\"https:\/\/www.oeh.ac.at\/en\/about-us\/oeh-on-site\/\" target=\"_blank\" rel=\"noopener\">\u00d6H Map<\/a>.<\/p>\t\t\t\t\t\t\t\t<\/div>\n\t\t\t\t<\/div>\n\t\t\t\t<\/div>\n\t\t\t\t\t<\/div>\n\t\t\t\t<\/div>\n\t\t\t\t<\/div>\n\t\t","protected":false},"excerpt":{"rendered":"<p>All matters of representation work at the individual universities are handled by the local university representation of the respective universities, universities of applied sciences,&#8230;<\/p>\n","protected":false},"author":22,"featured_media":0,"parent":96988,"menu_order":0,"comment_status":"closed","ping_status":"closed","template":"","meta":{"footnotes":""},"class_list":["post-96688","page","type-page","status-publish","hentry"],"yoast_head":"<!-- This site is optimized with the Yoast SEO plugin v25.9 - https:\/\/yoast.com\/wordpress\/plugins\/seo\/ -->\n<title>The university representation - \u00d6H<\/title>\n<meta name=\"description\" content=\"The \u00d6H is the legal representation of students&#039; interests and acts at the various universities in the state.\" \/>\n<meta name=\"robots\" content=\"index, follow, max-snippet:-1, max-image-preview:large, max-video-preview:-1\" \/>\n<link rel=\"canonical\" href=\"https:\/\/www.oeh.ac.at\/en\/about-us\/what-is-the-oeh\/the-university-representation\/\" \/>\n<meta property=\"og:locale\" content=\"en_US\" \/>\n<meta property=\"og:type\" content=\"article\" \/>\n<meta property=\"og:title\" content=\"The university representation - \u00d6H\" \/>\n<meta property=\"og:description\" content=\"The \u00d6H is the legal representation of students&#039; interests and acts at the various universities in the state.\" \/>\n<meta property=\"og:url\" content=\"https:\/\/www.oeh.ac.at\/en\/about-us\/what-is-the-oeh\/the-university-representation\/\" \/>\n<meta property=\"og:site_name\" content=\"\u00d6sterreichische Hochsch\u00fcler_innenschaft (\u00d6H)\" \/>\n<meta property=\"article:publisher\" content=\"https:\/\/facebook.com\/bundesoeh\" \/>\n<meta property=\"article:modified_time\" content=\"2023-06-20T15:41:29+00:00\" \/>\n<script type=\"application\/ld+json\" class=\"yoast-schema-graph\">{\"@context\":\"https:\/\/schema.org\",\"@graph\":[{\"@type\":\"WebPage\",\"@id\":\"https:\/\/www.oeh.ac.at\/en\/about-us\/what-is-the-oeh\/the-university-representation\/\",\"url\":\"https:\/\/www.oeh.ac.at\/en\/about-us\/what-is-the-oeh\/the-university-representation\/\",\"name\":\"The university representation - \u00d6H\",\"isPartOf\":{\"@id\":\"https:\/\/www.oeh.ac.at\/en\/#website\"},\"datePublished\":\"2015-05-28T17:40:41+00:00\",\"dateModified\":\"2023-06-20T15:41:29+00:00\",\"description\":\"The \u00d6H is the legal representation of students' interests and acts at the various universities in the state.\",\"breadcrumb\":{\"@id\":\"https:\/\/www.oeh.ac.at\/en\/about-us\/what-is-the-oeh\/the-university-representation\/#breadcrumb\"},\"inLanguage\":\"en-US\",\"potentialAction\":[{\"@type\":\"ReadAction\",\"target\":[\"https:\/\/www.oeh.ac.at\/en\/about-us\/what-is-the-oeh\/the-university-representation\/\"]}]},{\"@type\":\"BreadcrumbList\",\"@id\":\"https:\/\/www.oeh.ac.at\/en\/about-us\/what-is-the-oeh\/the-university-representation\/#breadcrumb\",\"itemListElement\":[{\"@type\":\"ListItem\",\"position\":1,\"name\":\"Startseite\",\"item\":\"https:\/\/www.oeh.ac.at\/en\/\"},{\"@type\":\"ListItem\",\"position\":2,\"name\":\"About us\",\"item\":\"https:\/\/www.oeh.ac.at\/en\/ueber-uns\/\"},{\"@type\":\"ListItem\",\"position\":3,\"name\":\"What is the \u00d6H?\",\"item\":\"https:\/\/www.oeh.ac.at\/en\/ueber-uns\/was-ist-die-oeh\/\"},{\"@type\":\"ListItem\",\"position\":4,\"name\":\"The university representation\"}]},{\"@type\":\"WebSite\",\"@id\":\"https:\/\/www.oeh.ac.at\/en\/#website\",\"url\":\"https:\/\/www.oeh.ac.at\/en\/\",\"name\":\"\u00d6sterreichische Hochsch\u00fcler_innenschaft\",\"description\":\"\",\"publisher\":{\"@id\":\"https:\/\/www.oeh.ac.at\/en\/#organization\"},\"alternateName\":\"\u00d6H\",\"potentialAction\":[{\"@type\":\"SearchAction\",\"target\":{\"@type\":\"EntryPoint\",\"urlTemplate\":\"https:\/\/www.oeh.ac.at\/en\/?s={search_term_string}\"},\"query-input\":{\"@type\":\"PropertyValueSpecification\",\"valueRequired\":true,\"valueName\":\"search_term_string\"}}],\"inLanguage\":\"en-US\"},{\"@type\":\"Organization\",\"@id\":\"https:\/\/www.oeh.ac.at\/en\/#organization\",\"name\":\"\u00d6sterreichische Hochsch\u00fcler_innenschaft\",\"alternateName\":\"\u00d6H\",\"url\":\"https:\/\/www.oeh.ac.at\/en\/\",\"logo\":{\"@type\":\"ImageObject\",\"inLanguage\":\"en-US\",\"@id\":\"https:\/\/www.oeh.ac.at\/en\/#\/schema\/logo\/image\/\",\"url\":\"https:\/\/www.oeh.ac.at\/wp-content\/uploads\/2023\/03\/OeH_Logo_white_RGB.png\",\"contentUrl\":\"https:\/\/www.oeh.ac.at\/wp-content\/uploads\/2023\/03\/OeH_Logo_white_RGB.png\",\"width\":1600,\"height\":1330,\"caption\":\"\u00d6sterreichische Hochsch\u00fcler_innenschaft\"},\"image\":{\"@id\":\"https:\/\/www.oeh.ac.at\/en\/#\/schema\/logo\/image\/\"},\"sameAs\":[\"https:\/\/facebook.com\/bundesoeh\",\"https:\/\/instagram.com\/bundesoeh\",\"https:\/\/youtube.com\/bundesoeh\",\"https:\/\/bsky.app\/profile\/bundesoeh.bsky.social\"]}]}<\/script>\n<!-- \/ Yoast SEO plugin. -->","yoast_head_json":{"title":"The university representation - \u00d6H","description":"The \u00d6H is the legal representation of students' interests and acts at the various universities in the state.","robots":{"index":"index","follow":"follow","max-snippet":"max-snippet:-1","max-image-preview":"max-image-preview:large","max-video-preview":"max-video-preview:-1"},"canonical":"https:\/\/www.oeh.ac.at\/en\/about-us\/what-is-the-oeh\/the-university-representation\/","og_locale":"en_US","og_type":"article","og_title":"The university representation - \u00d6H","og_description":"The \u00d6H is the legal representation of students' interests and acts at the various universities in the state.","og_url":"https:\/\/www.oeh.ac.at\/en\/about-us\/what-is-the-oeh\/the-university-representation\/","og_site_name":"\u00d6sterreichische Hochsch\u00fcler_innenschaft (\u00d6H)","article_publisher":"https:\/\/facebook.com\/bundesoeh","article_modified_time":"2023-06-20T15:41:29+00:00","schema":{"@context":"https:\/\/schema.org","@graph":[{"@type":"WebPage","@id":"https:\/\/www.oeh.ac.at\/en\/about-us\/what-is-the-oeh\/the-university-representation\/","url":"https:\/\/www.oeh.ac.at\/en\/about-us\/what-is-the-oeh\/the-university-representation\/","name":"The university representation - \u00d6H","isPartOf":{"@id":"https:\/\/www.oeh.ac.at\/en\/#website"},"datePublished":"2015-05-28T17:40:41+00:00","dateModified":"2023-06-20T15:41:29+00:00","description":"The \u00d6H is the legal representation of students' interests and acts at the various universities in the state.","breadcrumb":{"@id":"https:\/\/www.oeh.ac.at\/en\/about-us\/what-is-the-oeh\/the-university-representation\/#breadcrumb"},"inLanguage":"en-US","potentialAction":[{"@type":"ReadAction","target":["https:\/\/www.oeh.ac.at\/en\/about-us\/what-is-the-oeh\/the-university-representation\/"]}]},{"@type":"BreadcrumbList","@id":"https:\/\/www.oeh.ac.at\/en\/about-us\/what-is-the-oeh\/the-university-representation\/#breadcrumb","itemListElement":[{"@type":"ListItem","position":1,"name":"Startseite","item":"https:\/\/www.oeh.ac.at\/en\/"},{"@type":"ListItem","position":2,"name":"About us","item":"https:\/\/www.oeh.ac.at\/en\/ueber-uns\/"},{"@type":"ListItem","position":3,"name":"What is the \u00d6H?","item":"https:\/\/www.oeh.ac.at\/en\/ueber-uns\/was-ist-die-oeh\/"},{"@type":"ListItem","position":4,"name":"The university representation"}]},{"@type":"WebSite","@id":"https:\/\/www.oeh.ac.at\/en\/#website","url":"https:\/\/www.oeh.ac.at\/en\/","name":"\u00d6sterreichische Hochsch\u00fcler_innenschaft","description":"","publisher":{"@id":"https:\/\/www.oeh.ac.at\/en\/#organization"},"alternateName":"\u00d6H","potentialAction":[{"@type":"SearchAction","target":{"@type":"EntryPoint","urlTemplate":"https:\/\/www.oeh.ac.at\/en\/?s={search_term_string}"},"query-input":{"@type":"PropertyValueSpecification","valueRequired":true,"valueName":"search_term_string"}}],"inLanguage":"en-US"},{"@type":"Organization","@id":"https:\/\/www.oeh.ac.at\/en\/#organization","name":"\u00d6sterreichische Hochsch\u00fcler_innenschaft","alternateName":"\u00d6H","url":"https:\/\/www.oeh.ac.at\/en\/","logo":{"@type":"ImageObject","inLanguage":"en-US","@id":"https:\/\/www.oeh.ac.at\/en\/#\/schema\/logo\/image\/","url":"https:\/\/www.oeh.ac.at\/wp-content\/uploads\/2023\/03\/OeH_Logo_white_RGB.png","contentUrl":"https:\/\/www.oeh.ac.at\/wp-content\/uploads\/2023\/03\/OeH_Logo_white_RGB.png","width":1600,"height":1330,"caption":"\u00d6sterreichische Hochsch\u00fcler_innenschaft"},"image":{"@id":"https:\/\/www.oeh.ac.at\/en\/#\/schema\/logo\/image\/"},"sameAs":["https:\/\/facebook.com\/bundesoeh","https:\/\/instagram.com\/bundesoeh","https:\/\/youtube.com\/bundesoeh","https:\/\/bsky.app\/profile\/bundesoeh.bsky.social"]}]}},"_links":{"self":[{"href":"https:\/\/www.oeh.ac.at\/en\/wp-json\/wp\/v2\/pages\/96688","targetHints":{"allow":["GET"]}}],"collection":[{"href":"https:\/\/www.oeh.ac.at\/en\/wp-json\/wp\/v2\/pages"}],"about":[{"href":"https:\/\/www.oeh.ac.at\/en\/wp-json\/wp\/v2\/types\/page"}],"author":[{"embeddable":true,"href":"https:\/\/www.oeh.ac.at\/en\/wp-json\/wp\/v2\/users\/22"}],"replies":[{"embeddable":true,"href":"https:\/\/www.oeh.ac.at\/en\/wp-json\/wp\/v2\/comments?post=96688"}],"version-history":[{"count":0,"href":"https:\/\/www.oeh.ac.at\/en\/wp-json\/wp\/v2\/pages\/96688\/revisions"}],"up":[{"embeddable":true,"href":"https:\/\/www.oeh.ac.at\/en\/wp-json\/wp\/v2\/pages\/96988"}],"wp:attachment":[{"href":"https:\/\/www.oeh.ac.at\/en\/wp-json\/wp\/v2\/media?parent=96688"}],"curies":[{"name":"wp","href":"https:\/\/api.w.org\/{rel}","templated":true}]}}