{"id":96662,"date":"2015-06-15T12:16:15","date_gmt":"2015-06-15T12:16:15","guid":{"rendered":"https:\/\/www.oeh.ac.at\/study\/"},"modified":"2023-06-13T17:11:20","modified_gmt":"2023-06-13T17:11:20","slug":"study","status":"publish","type":"page","link":"https:\/\/www.oeh.ac.at\/en\/study-abroad\/study\/","title":{"rendered":"Study"},"content":{"rendered":"\t\t<div data-elementor-type=\"wp-page\" data-elementor-id=\"96662\" class=\"elementor elementor-96662 elementor-6412\" data-elementor-post-type=\"page\">\n\t\t\t\t<div class=\"elementor-element elementor-element-5bbbc55 e-flex e-con-boxed e-con e-parent\" data-id=\"5bbbc55\" data-element_type=\"container\">\n\t\t\t\t\t<div class=\"e-con-inner\">\n\t\t\t\t<div class=\"elementor-element elementor-element-09b6004 elementor-widget elementor-widget-text-editor\" data-id=\"09b6004\" data-element_type=\"widget\" data-widget_type=\"text-editor.default\">\n\t\t\t\t<div class=\"elementor-widget-container\">\n\t\t\t\t\t\t\t\t\t<h4>Program life situations learning<\/h4>\n<p>On 1. 1. 2007 the new program generation of the EU Lifelong Learning 2007-2013 started. The program replaces the previous Socrates and Leonardo da Vinci programs and will run in an initial phase until 2013.<\/p>\n<p>The new Lifelong Learning Education Program includes four subprograms:<\/p>\n<ul>\n<li>School education (Comenius)<\/li>\n<li>Higher education (Erasmus)<\/li>\n<li>Vocational training and continuing education (Leonardo da Vinci)<\/li>\n<li>Adult education (Grundtvig)<\/li>\n<\/ul>\n<p>The program is complemented by cross-cutting programs (policy cooperation, language learning, ICT, dissemination) and a new program (Jean Monnet) focusing on European integration.<br \/>Structure of the new program<\/p>\n<p>Source: bmwfw<\/p>\n<p>Although the Socrates program no longer exists in this form, all previous information on the previous eight Socrates Actions can still be found on the website of the Socrates National Agency.<\/p>\n<p>In addition, the National Agency for Lifelong Learning, where the new generation of programs is located, has also been in existence since the beginning of the year.<\/p>\n<h4>Socrates<\/h4>\n<p>The SOCRATES program was merged into the Lifelong Learning Program 2007 &#8211; 2013 on January 1, 2007. It consisted of eight actions so far, the most famous of which is Erasmus. Three of these actions are now the mainstays of the Lifelong Learning program.<\/p>\n<h4>Erasmuscomeniusgrundtvig<\/h4>\n<p>In addition, the Leonardo da Vinci program was established as a fourth pillar.<\/p>\n<p>The program is complemented by cross-cutting programs (policy cooperation, language learning, ICT, dissemination) and a new program (Jean Monnet) focusing on European integration.<\/p>\n<h4>Erasmus<\/h4>\n<p>The best known action under the previous Socrates program was ERASMUS. The ERASMUS program is now a key pillar of the new Lifelong Learning program generation. To participate in the Erasmus program, both home and host institutions must have received an Erasmus University Charter from the European Commission and the two institutions must have an Erasmus Student Exchange Agreement with each other. Erasmus offers students from participating universities the opportunity to study at a European partner university for three to twelve months. You will receive a mobility grant for the duration of the stay abroad, which is made up of funds from the EU as well as national funds and is intended to cover the increased cost of living (no full scholarship!). Erasmus students are recognized for credits completed abroad at their home institution and are also exempt from all tuition fees at the host institution. For the duration of the Erasmus stay, no tuition fees are usually payable at the Austrian home institution either.<\/p>\n<h4>Erasmus member states:<\/h4>\n<p>Belgium, Bulgaria, Cyprus, Czech Republic, Denmark, Estonia, Finland, France, Germany, Greece, Hungary, Iceland, Ireland, Italy, Latvia, Liechtenstein, Lithuania, Luxembourg, Malta, Netherlands, Norway, Poland, Portugal, Romania, Slovakia, Slovenia, Spain, Sweden, Turkey, United Kingdom.<\/p>\n<p>Although Switzerland is not currently involved in the Erasmus program, exchanges on &#8220;Erasmus terms&#8221; are possible on the basis of bilateral agreements.<\/p>\n<p>You can get more information in our brochure &#8220;Studying abroad&#8221;, from the Erasmus coordinator at your university\/academy\/college or directly from the SOCRATES National Agency.<\/p>\n<h4>Comenius<\/h4>\n<p>The COMENIUS program is also part of the overarching SOCRATES program. Within the framework of COMENIUS Language Assistance, prospective language teachers can spend 12 to 16 hours at a host school in another European country for three to eight months. The host institution will assign a fully qualified and experienced teacher as supervisor to the Comenius Language Assistants.<\/p>\n<p>The Comenius Action also provides European Community grants to enable student teachers to spend one to ten weeks of study and practical training in another country participating in the Socrates program. This stay is considered an integral part of their overall education and, as a result, is fully credited to their studies. It usually consists of visits to schools in the host country, an extended stay as a guest and\/or assistant teacher at a school, and participation in a supervised course of study at a teacher education institution in that state.<\/p>\n<p>You can get more information in our brochure &#8220;Studying abroad&#8221; or directly from the SOCRATES National Agency.<\/p>\n<h4>Grundtvig<\/h4>\n<p>Another Socrates Action, Grundtvig, aims to improve the quality and European dimension of adult learning and to provide European citizens with increased access to lifelong learning opportunities. For more information, contact the Socrates National Agency.<\/p>\n<p>There are also other Socrates actions (Lingua, Mnierva, etc.), but these are primarily accompanying actions to other programs<\/p>\n<h4>Ceepus &#8211; Central European Exchange Program for University Studies<\/h4>\n<p>CEEPUS is an exchange and scholarship program designed to promote the academic mobility of undergraduate, graduate and university faculty in Central Europe. CEEPUS II has been running since January 1, 2005, and the first phase is scheduled to run until the end of 2009.<br \/>CEEPUS Member States:<br \/>Bulgaria, Croatia, Austria, Poland, Romania, Slovak Republic, Slovenia, Czech Republic, Hungary, Serbia and Montenegro, Albania and Macedonia<\/p>\n<p>Further information can be obtained from the Austrian Exchange Service (\u00d6AD), where the national CEEPUS office is located.<\/p>\n<h4>Tempus III<\/h4>\n<p>Tempus III is the European Union&#8217;s higher education cooperation program with the non-associated countries in Southeastern Europe (CARDS), the New and Independent Democracies of the former Soviet Union CIS (TACIS), and certain Mediterranean countries (MEDA).<\/p>\n<p>For more information on Tempus, please contact the Austrian Exchange Service (\u00d6AD).<\/p>\n<h4>Joint Study<\/h4>\n<p>Joint Study Programs are bilateral agreements between an Austrian and a foreign university for a mutually sponsored student exchange abroad for one or two semesters. They are especially interesting for you if you want to do a semester abroad outside of Europe. The scholarship database of the Austrian Exchange Service (\u00d6AD) offers a good overview; you can also get information from the international office of your university or pedagogical academy\/university.<\/p>\n<h4>Individual study abroad<\/h4>\n<p>Organizing a study abroad individually, i.e. without a mobility program, requires some effort and brings many &#8211; especially financial &#8211; disadvantages, but is often the only way to get to countries and places that are not offered within an exchange program. An overview of all current scholarships can be found in the scholarship database of the Austrian Exchange Service (\u00d6AD).<\/p>\n<h4>Post Graduate Scholarships<\/h4>\n<p>This scholarship campaign of the Federal Ministry of Education, Science and Culture (BM:BWK) supports young graduate academics who wish to pursue full-time postgraduate education. The Austrian Exchange Service (\u00d6AD) has taken over the application and implementation, you can find all the necessary information in the scholarship database of the \u00d6AD.<\/p>\n\t\t\t\t\t\t\t\t<\/div>\n\t\t\t\t<\/div>\n\t\t\t\t\t<\/div>\n\t\t\t\t<\/div>\n\t\t\t\t<\/div>\n\t\t","protected":false},"excerpt":{"rendered":"<p>Program life situations learning On 1. 1. 2007 the new program generation of the EU Lifelong Learning 2007-2013 started. The program replaces the previous&#8230;<\/p>\n","protected":false},"author":22,"featured_media":0,"parent":96996,"menu_order":0,"comment_status":"closed","ping_status":"closed","template":"","meta":{"footnotes":""},"class_list":["post-96662","page","type-page","status-publish","hentry"],"yoast_head":"<!-- This site is optimized with the Yoast SEO plugin v25.9 - https:\/\/yoast.com\/wordpress\/plugins\/seo\/ -->\n<title>Study - \u00d6sterreichische Hochsch\u00fcler_innenschaft (\u00d6H)<\/title>\n<meta name=\"description\" content=\"Find out about different degree programs, colleges, admission requirements and tuition fees.\" \/>\n<meta name=\"robots\" content=\"index, follow, max-snippet:-1, max-image-preview:large, max-video-preview:-1\" \/>\n<link rel=\"canonical\" href=\"https:\/\/www.oeh.ac.at\/en\/study-abroad\/study\/\" \/>\n<meta property=\"og:locale\" content=\"en_US\" \/>\n<meta property=\"og:type\" content=\"article\" \/>\n<meta property=\"og:title\" content=\"Study - \u00d6sterreichische Hochsch\u00fcler_innenschaft (\u00d6H)\" \/>\n<meta property=\"og:description\" content=\"Find out about different degree programs, colleges, admission requirements and tuition fees.\" \/>\n<meta property=\"og:url\" content=\"https:\/\/www.oeh.ac.at\/en\/study-abroad\/study\/\" \/>\n<meta property=\"og:site_name\" content=\"\u00d6sterreichische Hochsch\u00fcler_innenschaft (\u00d6H)\" \/>\n<meta property=\"article:publisher\" content=\"https:\/\/facebook.com\/bundesoeh\" \/>\n<meta property=\"article:modified_time\" content=\"2023-06-13T17:11:20+00:00\" \/>\n<script type=\"application\/ld+json\" class=\"yoast-schema-graph\">{\"@context\":\"https:\/\/schema.org\",\"@graph\":[{\"@type\":\"WebPage\",\"@id\":\"https:\/\/www.oeh.ac.at\/en\/study-abroad\/study\/\",\"url\":\"https:\/\/www.oeh.ac.at\/en\/study-abroad\/study\/\",\"name\":\"Study - \u00d6sterreichische Hochsch\u00fcler_innenschaft (\u00d6H)\",\"isPartOf\":{\"@id\":\"https:\/\/www.oeh.ac.at\/en\/#website\"},\"datePublished\":\"2015-06-15T12:16:15+00:00\",\"dateModified\":\"2023-06-13T17:11:20+00:00\",\"description\":\"Find out about different degree programs, colleges, admission requirements and tuition fees.\",\"breadcrumb\":{\"@id\":\"https:\/\/www.oeh.ac.at\/en\/study-abroad\/study\/#breadcrumb\"},\"inLanguage\":\"en-US\",\"potentialAction\":[{\"@type\":\"ReadAction\",\"target\":[\"https:\/\/www.oeh.ac.at\/en\/study-abroad\/study\/\"]}]},{\"@type\":\"BreadcrumbList\",\"@id\":\"https:\/\/www.oeh.ac.at\/en\/study-abroad\/study\/#breadcrumb\",\"itemListElement\":[{\"@type\":\"ListItem\",\"position\":1,\"name\":\"Startseite\",\"item\":\"https:\/\/www.oeh.ac.at\/en\/\"},{\"@type\":\"ListItem\",\"position\":2,\"name\":\"Study abroad\",\"item\":\"https:\/\/www.oeh.ac.at\/en\/study-abroad\/\"},{\"@type\":\"ListItem\",\"position\":3,\"name\":\"Study\"}]},{\"@type\":\"WebSite\",\"@id\":\"https:\/\/www.oeh.ac.at\/en\/#website\",\"url\":\"https:\/\/www.oeh.ac.at\/en\/\",\"name\":\"\u00d6sterreichische Hochsch\u00fcler_innenschaft\",\"description\":\"\",\"publisher\":{\"@id\":\"https:\/\/www.oeh.ac.at\/en\/#organization\"},\"alternateName\":\"\u00d6H\",\"potentialAction\":[{\"@type\":\"SearchAction\",\"target\":{\"@type\":\"EntryPoint\",\"urlTemplate\":\"https:\/\/www.oeh.ac.at\/en\/?s={search_term_string}\"},\"query-input\":{\"@type\":\"PropertyValueSpecification\",\"valueRequired\":true,\"valueName\":\"search_term_string\"}}],\"inLanguage\":\"en-US\"},{\"@type\":\"Organization\",\"@id\":\"https:\/\/www.oeh.ac.at\/en\/#organization\",\"name\":\"\u00d6sterreichische Hochsch\u00fcler_innenschaft\",\"alternateName\":\"\u00d6H\",\"url\":\"https:\/\/www.oeh.ac.at\/en\/\",\"logo\":{\"@type\":\"ImageObject\",\"inLanguage\":\"en-US\",\"@id\":\"https:\/\/www.oeh.ac.at\/en\/#\/schema\/logo\/image\/\",\"url\":\"https:\/\/www.oeh.ac.at\/wp-content\/uploads\/2023\/03\/OeH_Logo_white_RGB.png\",\"contentUrl\":\"https:\/\/www.oeh.ac.at\/wp-content\/uploads\/2023\/03\/OeH_Logo_white_RGB.png\",\"width\":1600,\"height\":1330,\"caption\":\"\u00d6sterreichische Hochsch\u00fcler_innenschaft\"},\"image\":{\"@id\":\"https:\/\/www.oeh.ac.at\/en\/#\/schema\/logo\/image\/\"},\"sameAs\":[\"https:\/\/facebook.com\/bundesoeh\",\"https:\/\/instagram.com\/bundesoeh\",\"https:\/\/youtube.com\/bundesoeh\",\"https:\/\/bsky.app\/profile\/bundesoeh.bsky.social\"]}]}<\/script>\n<!-- \/ Yoast SEO plugin. -->","yoast_head_json":{"title":"Study - \u00d6sterreichische Hochsch\u00fcler_innenschaft (\u00d6H)","description":"Find out about different degree programs, colleges, admission requirements and tuition fees.","robots":{"index":"index","follow":"follow","max-snippet":"max-snippet:-1","max-image-preview":"max-image-preview:large","max-video-preview":"max-video-preview:-1"},"canonical":"https:\/\/www.oeh.ac.at\/en\/study-abroad\/study\/","og_locale":"en_US","og_type":"article","og_title":"Study - \u00d6sterreichische Hochsch\u00fcler_innenschaft (\u00d6H)","og_description":"Find out about different degree programs, colleges, admission requirements and tuition fees.","og_url":"https:\/\/www.oeh.ac.at\/en\/study-abroad\/study\/","og_site_name":"\u00d6sterreichische Hochsch\u00fcler_innenschaft (\u00d6H)","article_publisher":"https:\/\/facebook.com\/bundesoeh","article_modified_time":"2023-06-13T17:11:20+00:00","schema":{"@context":"https:\/\/schema.org","@graph":[{"@type":"WebPage","@id":"https:\/\/www.oeh.ac.at\/en\/study-abroad\/study\/","url":"https:\/\/www.oeh.ac.at\/en\/study-abroad\/study\/","name":"Study - \u00d6sterreichische Hochsch\u00fcler_innenschaft (\u00d6H)","isPartOf":{"@id":"https:\/\/www.oeh.ac.at\/en\/#website"},"datePublished":"2015-06-15T12:16:15+00:00","dateModified":"2023-06-13T17:11:20+00:00","description":"Find out about different degree programs, colleges, admission requirements and tuition fees.","breadcrumb":{"@id":"https:\/\/www.oeh.ac.at\/en\/study-abroad\/study\/#breadcrumb"},"inLanguage":"en-US","potentialAction":[{"@type":"ReadAction","target":["https:\/\/www.oeh.ac.at\/en\/study-abroad\/study\/"]}]},{"@type":"BreadcrumbList","@id":"https:\/\/www.oeh.ac.at\/en\/study-abroad\/study\/#breadcrumb","itemListElement":[{"@type":"ListItem","position":1,"name":"Startseite","item":"https:\/\/www.oeh.ac.at\/en\/"},{"@type":"ListItem","position":2,"name":"Study abroad","item":"https:\/\/www.oeh.ac.at\/en\/study-abroad\/"},{"@type":"ListItem","position":3,"name":"Study"}]},{"@type":"WebSite","@id":"https:\/\/www.oeh.ac.at\/en\/#website","url":"https:\/\/www.oeh.ac.at\/en\/","name":"\u00d6sterreichische Hochsch\u00fcler_innenschaft","description":"","publisher":{"@id":"https:\/\/www.oeh.ac.at\/en\/#organization"},"alternateName":"\u00d6H","potentialAction":[{"@type":"SearchAction","target":{"@type":"EntryPoint","urlTemplate":"https:\/\/www.oeh.ac.at\/en\/?s={search_term_string}"},"query-input":{"@type":"PropertyValueSpecification","valueRequired":true,"valueName":"search_term_string"}}],"inLanguage":"en-US"},{"@type":"Organization","@id":"https:\/\/www.oeh.ac.at\/en\/#organization","name":"\u00d6sterreichische Hochsch\u00fcler_innenschaft","alternateName":"\u00d6H","url":"https:\/\/www.oeh.ac.at\/en\/","logo":{"@type":"ImageObject","inLanguage":"en-US","@id":"https:\/\/www.oeh.ac.at\/en\/#\/schema\/logo\/image\/","url":"https:\/\/www.oeh.ac.at\/wp-content\/uploads\/2023\/03\/OeH_Logo_white_RGB.png","contentUrl":"https:\/\/www.oeh.ac.at\/wp-content\/uploads\/2023\/03\/OeH_Logo_white_RGB.png","width":1600,"height":1330,"caption":"\u00d6sterreichische Hochsch\u00fcler_innenschaft"},"image":{"@id":"https:\/\/www.oeh.ac.at\/en\/#\/schema\/logo\/image\/"},"sameAs":["https:\/\/facebook.com\/bundesoeh","https:\/\/instagram.com\/bundesoeh","https:\/\/youtube.com\/bundesoeh","https:\/\/bsky.app\/profile\/bundesoeh.bsky.social"]}]}},"_links":{"self":[{"href":"https:\/\/www.oeh.ac.at\/en\/wp-json\/wp\/v2\/pages\/96662","targetHints":{"allow":["GET"]}}],"collection":[{"href":"https:\/\/www.oeh.ac.at\/en\/wp-json\/wp\/v2\/pages"}],"about":[{"href":"https:\/\/www.oeh.ac.at\/en\/wp-json\/wp\/v2\/types\/page"}],"author":[{"embeddable":true,"href":"https:\/\/www.oeh.ac.at\/en\/wp-json\/wp\/v2\/users\/22"}],"replies":[{"embeddable":true,"href":"https:\/\/www.oeh.ac.at\/en\/wp-json\/wp\/v2\/comments?post=96662"}],"version-history":[{"count":0,"href":"https:\/\/www.oeh.ac.at\/en\/wp-json\/wp\/v2\/pages\/96662\/revisions"}],"up":[{"embeddable":true,"href":"https:\/\/www.oeh.ac.at\/en\/wp-json\/wp\/v2\/pages\/96996"}],"wp:attachment":[{"href":"https:\/\/www.oeh.ac.at\/en\/wp-json\/wp\/v2\/media?parent=96662"}],"curies":[{"name":"wp","href":"https:\/\/api.w.org\/{rel}","templated":true}]}}