{"id":96640,"date":"2015-06-06T20:20:51","date_gmt":"2015-06-06T18:20:51","guid":{"rendered":"https:\/\/www.oeh.ac.at\/scholarships-and-grants\/"},"modified":"2023-12-18T13:28:09","modified_gmt":"2023-12-18T12:28:09","slug":"scholarships-and-grants","status":"publish","type":"page","link":"https:\/\/www.oeh.ac.at\/en\/study-2\/scholarships-and-grants\/","title":{"rendered":"Scholarships and grants"},"content":{"rendered":"\t\t<div data-elementor-type=\"wp-page\" data-elementor-id=\"96640\" class=\"elementor elementor-96640 elementor-6382\" data-elementor-post-type=\"page\">\n\t\t\t\t<div class=\"elementor-element elementor-element-cdde921 e-flex e-con-boxed e-con e-parent\" data-id=\"cdde921\" data-element_type=\"container\">\n\t\t\t\t\t<div class=\"e-con-inner\">\n\t\t\t\t<div class=\"elementor-element elementor-element-06697b7 elementor-widget elementor-widget-text-editor\" data-id=\"06697b7\" data-element_type=\"widget\" data-widget_type=\"text-editor.default\">\n\t\t\t\t<div class=\"elementor-widget-container\">\n\t\t\t\t\t\t\t\t\t<p><strong>In Austria, there are federal grants, state grants, grants from individual universities, and other scholarships.<\/strong> <\/p>\n<p>It is often difficult to maintain an overview here. Therefore, it is important to inform yourself in time. Detailed information on the eligibility requirements and conditions of the various federal grants, such as the study grant, the self-employment grant, the study completion grant, the mobility grant or the study support can be found in our <a href=\"https:\/\/oeh.wp-sicherheit.at\/produkt\/sozialbroschuere\/\" rel=\"noopener\">social brochure<\/a>, which you can download or order free of charge in the <a href=\"https:\/\/www.oeh.ac.at\/shop\" rel=\"noopener\">\u00d6H-Shop.<\/a> <\/p>\n<p>For further questions, please contact the social department of your university under <a href=\"https:\/\/oeh.wp-sicherheit.at\/ueber-uns\/oeh-vor-ort\/sozialreferate-der-hochschuelerinnenschaften\/\" rel=\"noopener\">\u00d6H-Sozialreferate vor Ort<\/a> or the social department of the Bundesvertretung der \u00d6sterreichischen Hochsch\u00fcler_innenschaft (\u00d6H) under Sozialberatung. You can find the application form for student aid and other important forms in the <a href=\"https:\/\/oeh.wp-sicherheit.at\/formulare\/\" rel=\"noopener\">forms section of<\/a> the Social Services Department.<\/p>\n<p><strong>IMPORTANT: We recommend that ALL students apply for student aid. Information and tips on how to apply can be found <a href=\"https:\/\/www.oeh.ac.at\/en\/tuition-assistance\/\" rel=\"noopener\">here<\/a>. The homepage of the Student Aid Office, which decides on applications for student aid, can be found here: <a href=\"https:\/\/www.stipendium.at\/\" target=\"_blank\" rel=\"noopener\">Homepage of the Study<\/a> Grant Authority.<\/strong><\/p>\n<p>Furthermore, in cooperation with the Chamber of Labor, the \u00d6H offers you a tool for the (pre)calculation of the state study grant, the study subsidy (tuition fee) and the insurance cost contribution. You can find the calculator here: <a title=\"Scholarship calculator of the AK Upper Austria\" href=\"http:\/\/www.stipendienrechner.at\/\" target=\"_blank\" rel=\"noopener\">Scholarship Calculator<\/a>.<\/p>\n\t\t\t\t\t\t\t\t<\/div>\n\t\t\t\t<\/div>\n\t\t\t\t\t<\/div>\n\t\t\t\t<\/div>\n\t\t<div class=\"elementor-element elementor-element-89edf6d e-flex e-con-boxed e-con e-parent\" data-id=\"89edf6d\" data-element_type=\"container\">\n\t\t\t\t\t<div class=\"e-con-inner\">\n\t\t<div class=\"elementor-element elementor-element-a137ec5 e-con-full e-flex e-con e-child\" data-id=\"a137ec5\" data-element_type=\"container\">\n\t\t\t\t<div class=\"elementor-element elementor-element-25ac311 table-responsive elementor-widget elementor-widget-html\" data-id=\"25ac311\" data-element_type=\"widget\" id=\"table-responsive\" data-widget_type=\"html.default\">\n\t\t\t\t<div class=\"elementor-widget-container\">\n\t\t\t\t\t<div class=\"externalcontent\"><\/div>\n<script>jQuery.get(\"https:\/\/www.studienplattform.at\/api\/grantsout.php\", function(x) { jQuery(\".externalcontent\").html(x); }, \"text\")<\/script>\t\t\t\t<\/div>\n\t\t\t\t<\/div>\n\t\t\t\t<\/div>\n\t\t\t\t\t<\/div>\n\t\t\t\t<\/div>\n\t\t\t\t<\/div>\n\t\t","protected":false},"excerpt":{"rendered":"<p>In Austria, there are federal grants, state grants, grants from individual universities, and other scholarships. It is often difficult to maintain an overview here&#8230;.<\/p>\n","protected":false},"author":22,"featured_media":0,"parent":97029,"menu_order":0,"comment_status":"closed","ping_status":"closed","template":"","meta":{"footnotes":""},"class_list":["post-96640","page","type-page","status-publish","hentry"],"yoast_head":"<!-- This site is optimized with the Yoast SEO plugin v25.9 - https:\/\/yoast.com\/wordpress\/plugins\/seo\/ -->\n<title>Scholarships and grants - \u00d6H<\/title>\n<meta name=\"description\" content=\"Discover different grants that can help you cover your education costs. Learn more about the requirements, application processes and benefits.\" \/>\n<meta name=\"robots\" content=\"index, follow, max-snippet:-1, max-image-preview:large, max-video-preview:-1\" \/>\n<link rel=\"canonical\" href=\"https:\/\/www.oeh.ac.at\/en\/study-2\/scholarships-and-grants\/\" \/>\n<meta property=\"og:locale\" content=\"en_US\" \/>\n<meta property=\"og:type\" content=\"article\" \/>\n<meta property=\"og:title\" content=\"Scholarships and grants - \u00d6H\" \/>\n<meta property=\"og:description\" content=\"Discover different grants that can help you cover your education costs. Learn more about the requirements, application processes and benefits.\" \/>\n<meta property=\"og:url\" content=\"https:\/\/www.oeh.ac.at\/en\/study-2\/scholarships-and-grants\/\" \/>\n<meta property=\"og:site_name\" content=\"\u00d6sterreichische Hochsch\u00fcler_innenschaft (\u00d6H)\" \/>\n<meta property=\"article:publisher\" content=\"https:\/\/facebook.com\/bundesoeh\" \/>\n<meta property=\"article:modified_time\" content=\"2023-12-18T12:28:09+00:00\" \/>\n<script type=\"application\/ld+json\" class=\"yoast-schema-graph\">{\"@context\":\"https:\/\/schema.org\",\"@graph\":[{\"@type\":\"WebPage\",\"@id\":\"https:\/\/www.oeh.ac.at\/en\/study-2\/scholarships-and-grants\/\",\"url\":\"https:\/\/www.oeh.ac.at\/en\/study-2\/scholarships-and-grants\/\",\"name\":\"Scholarships and grants - \u00d6H\",\"isPartOf\":{\"@id\":\"https:\/\/www.oeh.ac.at\/en\/#website\"},\"datePublished\":\"2015-06-06T18:20:51+00:00\",\"dateModified\":\"2023-12-18T12:28:09+00:00\",\"description\":\"Discover different grants that can help you cover your education costs. Learn more about the requirements, application processes and benefits.\",\"breadcrumb\":{\"@id\":\"https:\/\/www.oeh.ac.at\/en\/study-2\/scholarships-and-grants\/#breadcrumb\"},\"inLanguage\":\"en-US\",\"potentialAction\":[{\"@type\":\"ReadAction\",\"target\":[\"https:\/\/www.oeh.ac.at\/en\/study-2\/scholarships-and-grants\/\"]}]},{\"@type\":\"BreadcrumbList\",\"@id\":\"https:\/\/www.oeh.ac.at\/en\/study-2\/scholarships-and-grants\/#breadcrumb\",\"itemListElement\":[{\"@type\":\"ListItem\",\"position\":1,\"name\":\"Startseite\",\"item\":\"https:\/\/www.oeh.ac.at\/en\/\"},{\"@type\":\"ListItem\",\"position\":2,\"name\":\"Study\",\"item\":\"https:\/\/www.oeh.ac.at\/en\/study-2\/\"},{\"@type\":\"ListItem\",\"position\":3,\"name\":\"Scholarships and grants\"}]},{\"@type\":\"WebSite\",\"@id\":\"https:\/\/www.oeh.ac.at\/en\/#website\",\"url\":\"https:\/\/www.oeh.ac.at\/en\/\",\"name\":\"\u00d6sterreichische Hochsch\u00fcler_innenschaft\",\"description\":\"\",\"publisher\":{\"@id\":\"https:\/\/www.oeh.ac.at\/en\/#organization\"},\"alternateName\":\"\u00d6H\",\"potentialAction\":[{\"@type\":\"SearchAction\",\"target\":{\"@type\":\"EntryPoint\",\"urlTemplate\":\"https:\/\/www.oeh.ac.at\/en\/?s={search_term_string}\"},\"query-input\":{\"@type\":\"PropertyValueSpecification\",\"valueRequired\":true,\"valueName\":\"search_term_string\"}}],\"inLanguage\":\"en-US\"},{\"@type\":\"Organization\",\"@id\":\"https:\/\/www.oeh.ac.at\/en\/#organization\",\"name\":\"\u00d6sterreichische Hochsch\u00fcler_innenschaft\",\"alternateName\":\"\u00d6H\",\"url\":\"https:\/\/www.oeh.ac.at\/en\/\",\"logo\":{\"@type\":\"ImageObject\",\"inLanguage\":\"en-US\",\"@id\":\"https:\/\/www.oeh.ac.at\/en\/#\/schema\/logo\/image\/\",\"url\":\"https:\/\/www.oeh.ac.at\/wp-content\/uploads\/2023\/03\/OeH_Logo_white_RGB.png\",\"contentUrl\":\"https:\/\/www.oeh.ac.at\/wp-content\/uploads\/2023\/03\/OeH_Logo_white_RGB.png\",\"width\":1600,\"height\":1330,\"caption\":\"\u00d6sterreichische Hochsch\u00fcler_innenschaft\"},\"image\":{\"@id\":\"https:\/\/www.oeh.ac.at\/en\/#\/schema\/logo\/image\/\"},\"sameAs\":[\"https:\/\/facebook.com\/bundesoeh\",\"https:\/\/instagram.com\/bundesoeh\",\"https:\/\/youtube.com\/bundesoeh\",\"https:\/\/bsky.app\/profile\/bundesoeh.bsky.social\"]}]}<\/script>\n<!-- \/ Yoast SEO plugin. -->","yoast_head_json":{"title":"Scholarships and grants - \u00d6H","description":"Discover different grants that can help you cover your education costs. Learn more about the requirements, application processes and benefits.","robots":{"index":"index","follow":"follow","max-snippet":"max-snippet:-1","max-image-preview":"max-image-preview:large","max-video-preview":"max-video-preview:-1"},"canonical":"https:\/\/www.oeh.ac.at\/en\/study-2\/scholarships-and-grants\/","og_locale":"en_US","og_type":"article","og_title":"Scholarships and grants - \u00d6H","og_description":"Discover different grants that can help you cover your education costs. Learn more about the requirements, application processes and benefits.","og_url":"https:\/\/www.oeh.ac.at\/en\/study-2\/scholarships-and-grants\/","og_site_name":"\u00d6sterreichische Hochsch\u00fcler_innenschaft (\u00d6H)","article_publisher":"https:\/\/facebook.com\/bundesoeh","article_modified_time":"2023-12-18T12:28:09+00:00","schema":{"@context":"https:\/\/schema.org","@graph":[{"@type":"WebPage","@id":"https:\/\/www.oeh.ac.at\/en\/study-2\/scholarships-and-grants\/","url":"https:\/\/www.oeh.ac.at\/en\/study-2\/scholarships-and-grants\/","name":"Scholarships and grants - \u00d6H","isPartOf":{"@id":"https:\/\/www.oeh.ac.at\/en\/#website"},"datePublished":"2015-06-06T18:20:51+00:00","dateModified":"2023-12-18T12:28:09+00:00","description":"Discover different grants that can help you cover your education costs. Learn more about the requirements, application processes and benefits.","breadcrumb":{"@id":"https:\/\/www.oeh.ac.at\/en\/study-2\/scholarships-and-grants\/#breadcrumb"},"inLanguage":"en-US","potentialAction":[{"@type":"ReadAction","target":["https:\/\/www.oeh.ac.at\/en\/study-2\/scholarships-and-grants\/"]}]},{"@type":"BreadcrumbList","@id":"https:\/\/www.oeh.ac.at\/en\/study-2\/scholarships-and-grants\/#breadcrumb","itemListElement":[{"@type":"ListItem","position":1,"name":"Startseite","item":"https:\/\/www.oeh.ac.at\/en\/"},{"@type":"ListItem","position":2,"name":"Study","item":"https:\/\/www.oeh.ac.at\/en\/study-2\/"},{"@type":"ListItem","position":3,"name":"Scholarships and grants"}]},{"@type":"WebSite","@id":"https:\/\/www.oeh.ac.at\/en\/#website","url":"https:\/\/www.oeh.ac.at\/en\/","name":"\u00d6sterreichische Hochsch\u00fcler_innenschaft","description":"","publisher":{"@id":"https:\/\/www.oeh.ac.at\/en\/#organization"},"alternateName":"\u00d6H","potentialAction":[{"@type":"SearchAction","target":{"@type":"EntryPoint","urlTemplate":"https:\/\/www.oeh.ac.at\/en\/?s={search_term_string}"},"query-input":{"@type":"PropertyValueSpecification","valueRequired":true,"valueName":"search_term_string"}}],"inLanguage":"en-US"},{"@type":"Organization","@id":"https:\/\/www.oeh.ac.at\/en\/#organization","name":"\u00d6sterreichische Hochsch\u00fcler_innenschaft","alternateName":"\u00d6H","url":"https:\/\/www.oeh.ac.at\/en\/","logo":{"@type":"ImageObject","inLanguage":"en-US","@id":"https:\/\/www.oeh.ac.at\/en\/#\/schema\/logo\/image\/","url":"https:\/\/www.oeh.ac.at\/wp-content\/uploads\/2023\/03\/OeH_Logo_white_RGB.png","contentUrl":"https:\/\/www.oeh.ac.at\/wp-content\/uploads\/2023\/03\/OeH_Logo_white_RGB.png","width":1600,"height":1330,"caption":"\u00d6sterreichische Hochsch\u00fcler_innenschaft"},"image":{"@id":"https:\/\/www.oeh.ac.at\/en\/#\/schema\/logo\/image\/"},"sameAs":["https:\/\/facebook.com\/bundesoeh","https:\/\/instagram.com\/bundesoeh","https:\/\/youtube.com\/bundesoeh","https:\/\/bsky.app\/profile\/bundesoeh.bsky.social"]}]}},"_links":{"self":[{"href":"https:\/\/www.oeh.ac.at\/en\/wp-json\/wp\/v2\/pages\/96640","targetHints":{"allow":["GET"]}}],"collection":[{"href":"https:\/\/www.oeh.ac.at\/en\/wp-json\/wp\/v2\/pages"}],"about":[{"href":"https:\/\/www.oeh.ac.at\/en\/wp-json\/wp\/v2\/types\/page"}],"author":[{"embeddable":true,"href":"https:\/\/www.oeh.ac.at\/en\/wp-json\/wp\/v2\/users\/22"}],"replies":[{"embeddable":true,"href":"https:\/\/www.oeh.ac.at\/en\/wp-json\/wp\/v2\/comments?post=96640"}],"version-history":[{"count":2,"href":"https:\/\/www.oeh.ac.at\/en\/wp-json\/wp\/v2\/pages\/96640\/revisions"}],"predecessor-version":[{"id":921887,"href":"https:\/\/www.oeh.ac.at\/en\/wp-json\/wp\/v2\/pages\/96640\/revisions\/921887"}],"up":[{"embeddable":true,"href":"https:\/\/www.oeh.ac.at\/en\/wp-json\/wp\/v2\/pages\/97029"}],"wp:attachment":[{"href":"https:\/\/www.oeh.ac.at\/en\/wp-json\/wp\/v2\/media?parent=96640"}],"curies":[{"name":"wp","href":"https:\/\/api.w.org\/{rel}","templated":true}]}}