{"id":96621,"date":"2015-05-28T18:15:49","date_gmt":"2015-05-28T16:15:49","guid":{"rendered":"https:\/\/www.oeh.ac.at\/oh-at-universities-of-applied-sciences\/"},"modified":"2024-05-02T13:45:34","modified_gmt":"2024-05-02T11:45:34","slug":"oh-at-universities-of-applied-sciences","status":"publish","type":"page","link":"https:\/\/www.oeh.ac.at\/en\/service\/oeh-map\/oh-at-universities-of-applied-sciences\/","title":{"rendered":"\u00d6H at universities of applied sciences"},"content":{"rendered":"\t\t<div data-elementor-type=\"wp-page\" data-elementor-id=\"96621\" class=\"elementor elementor-96621 elementor-6316\" data-elementor-post-type=\"page\">\n\t\t\t\t<div class=\"elementor-element elementor-element-6a18f0d e-flex e-con-boxed e-con e-parent\" data-id=\"6a18f0d\" data-element_type=\"container\">\n\t\t\t\t\t<div class=\"e-con-inner\">\n\t\t<div class=\"elementor-element elementor-element-b617d17 e-con-full e-flex e-con e-child\" data-id=\"b617d17\" data-element_type=\"container\">\n\t\t\t\t<div class=\"elementor-element elementor-element-31aa209 elementor-widget elementor-widget-heading\" data-id=\"31aa209\" data-element_type=\"widget\" data-widget_type=\"heading.default\">\n\t\t\t\t<div class=\"elementor-widget-container\">\n\t\t\t\t\t<h3 class=\"elementor-heading-title elementor-size-default\">Overview<\/h3>\t\t\t\t<\/div>\n\t\t\t\t<\/div>\n\t\t\t\t<div class=\"elementor-element elementor-element-6a53ddd elementor-widget elementor-widget-text-editor\" data-id=\"6a53ddd\" data-element_type=\"widget\" data-widget_type=\"text-editor.default\">\n\t\t\t\t<div class=\"elementor-widget-container\">\n\t\t\t\t\t\t\t\t\tIf the data of an entry is no longer correct, you can simply send us a message by clicking on the icon.\t\t\t\t\t\t\t\t<\/div>\n\t\t\t\t<\/div>\n\t\t\t\t<div class=\"elementor-element elementor-element-8f109da elementor-widget elementor-widget-n-accordion\" data-id=\"8f109da\" data-element_type=\"widget\" data-settings=\"{&quot;default_state&quot;:&quot;all_collapsed&quot;,&quot;max_items_expended&quot;:&quot;one&quot;,&quot;n_accordion_animation_duration&quot;:{&quot;unit&quot;:&quot;ms&quot;,&quot;size&quot;:400,&quot;sizes&quot;:[]}}\" data-widget_type=\"nested-accordion.default\">\n\t\t\t\t<div class=\"elementor-widget-container\">\n\t\t\t\t\t\t\t<div class=\"e-n-accordion\" aria-label=\"Accordion. Open links with Enter or Space, close with Escape, and navigate with Arrow Keys\">\n\t\t\t\t\t\t<details id=\"e-n-accordion-item-1500\" class=\"e-n-accordion-item\" >\n\t\t\t\t<summary class=\"e-n-accordion-item-title\" data-accordion-index=\"1\" tabindex=\"0\" aria-expanded=\"false\" aria-controls=\"e-n-accordion-item-1500\" >\n\t\t\t\t\t<span class='e-n-accordion-item-title-header'><div class=\"e-n-accordion-item-title-text\"> Map <\/div><\/span>\n\t\t\t\t\t\t\t<span class='e-n-accordion-item-title-icon'>\n\t\t\t<span class='e-opened' ><svg aria-hidden=\"true\" class=\"e-font-icon-svg e-fas-minus\" viewBox=\"0 0 448 512\" xmlns=\"http:\/\/www.w3.org\/2000\/svg\"><path d=\"M416 208H32c-17.67 0-32 14.33-32 32v32c0 17.67 14.33 32 32 32h384c17.67 0 32-14.33 32-32v-32c0-17.67-14.33-32-32-32z\"><\/path><\/svg><\/span>\n\t\t\t<span class='e-closed'><svg aria-hidden=\"true\" class=\"e-font-icon-svg e-fas-plus\" viewBox=\"0 0 448 512\" xmlns=\"http:\/\/www.w3.org\/2000\/svg\"><path d=\"M416 208H272V64c0-17.67-14.33-32-32-32h-32c-17.67 0-32 14.33-32 32v144H32c-17.67 0-32 14.33-32 32v32c0 17.67 14.33 32 32 32h144v144c0 17.67 14.33 32 32 32h32c17.67 0 32-14.33 32-32V304h144c17.67 0 32-14.33 32-32v-32c0-17.67-14.33-32-32-32z\"><\/path><\/svg><\/span>\n\t\t<\/span>\n\n\t\t\t\t\t\t<\/summary>\n\t\t\t\t<div role=\"region\" aria-labelledby=\"e-n-accordion-item-1500\" class=\"elementor-element elementor-element-3883ffb e-con-full e-flex e-con e-child\" data-id=\"3883ffb\" data-element_type=\"container\">\n\t\t<div role=\"region\" aria-labelledby=\"e-n-accordion-item-1500\" class=\"elementor-element elementor-element-3a43331 e-flex e-con-boxed e-con e-child\" data-id=\"3a43331\" data-element_type=\"container\">\n\t\t\t\t\t<div class=\"e-con-inner\">\n\t\t\t\t<div class=\"elementor-element elementor-element-cc2b5f9 elementor-widget elementor-widget-text-editor\" data-id=\"cc2b5f9\" data-element_type=\"widget\" data-widget_type=\"text-editor.default\">\n\t\t\t\t<div class=\"elementor-widget-container\">\n\t\t\t\t\t\t\t\t\t<p><style>.embed-container { display:block; position: relative; padding-top:100px; padding-bottom: 56.25%; height: 0; overflow: hidden; max-width: 100%; } .embed-container iframe, .embed-container object, .embed-container embed { position: absolute; top: 0; left: 0; width: 100%; height: 100%; }<\/style><\/p><div class=\"embed-container\"><iframe id=\"oeh-map\" style=\"border: 0;\" src=\"https:\/\/map.oeh.ac.at\/?filter=2\"><\/iframe><\/div><div id=\"collapseExample\" class=\"collapse\" style=\"border: 1px solid #CDCDCD; display: none; background-color: #c2c2c2; position: relative;\"><div class=\"card card-body\" style=\"padding: 25px;\"><form><div style=\"padding-top: 10px;\"><label for=\"exampleFormControlInput1\">E-Mail<\/label><br \/><input id=\"exampleFormControlInput1\" class=\"form-control\" type=\"email\" placeholder=\"name@example.com\" \/><\/div><div class=\"form-group\" style=\"padding-top: 10px;\"><label for=\"exampleFormControlTextarea1\">Was stimmt nicht?<\/label><br \/><textarea id=\"exampleFormControlTextarea1\" class=\"form-control\" style=\"width: 100%; padding: 12px 20px; box-sizing: border-box; resize: none;\" rows=\"5\"><\/textarea><\/div><\/form><p><button id=\"hinweisschicken\" class=\"btn btn-primary\" style=\"background-color: #f57c14; margin: 4px 2px; padding: 15px 32px; border: 0px; font-weight: bold; font-size: 16px; color: white;\" type=\"button\">Abschicken<\/button><\/p><\/div><div class=\"close\" style=\"position: absolute; top: 8px; right: 16px;\">x<\/div><\/div><p><script>\njQuery(\"#hinweisschicken\").click(function() {\n      if(jQuery(\"#exampleFormControlInput1\").val().trim() == \"\") {\n        alert(\"Bitte gib deine Mailadresse an\");\n        return;\n      }\n      if(jQuery(\"#exampleFormControlTextarea1\").val().trim() == \"\") {\n        alert(\"Bitte gib eine Nachricht ein\");\n        return;\n      }\n  jQuery.post(\"https:\/\/ext.oeh.ac.at\/maplistreport\/melden.php\", {\n        id: dataID,\n        element: reportText(),\n        mail: jQuery(\"#exampleFormControlInput1\").val(),\n        text: jQuery(\"#exampleFormControlTextarea1\").val()\n      }, function() {\n        jQuery(\"#exampleFormControlInput1, #exampleFormControlTextarea1\").val(\"\");\n        alert(\"Danke f\u00fcr deinen Hinweis. Wir werden uns um die Bearbeitung k\u00fcmmern.\");\n        jQuery('#collapseExample').hide();\n      });\n    \n  });\nfunction reportText() {\ntext = [];\njQuery('[data-id=\"'+dataID+'\"]').children().each(function(index){\n   if (jQuery(this).text().length > 0 && index <=8) {\nif (index < 8) { text.push(jQuery( this ).text().trim() ); } else { text.push(jQuery( this ).children().attr('href')); } } arrayToString = JSON.stringify(Object.assign({}, text)); }); return arrayToString } jQuery(document).ready(function() { let temp1 = jQuery(\"#exampleFormControlTextarea1\") if(!((temp1.offset().top - 100) > window.scrollY && temp1.offset().top < (window.scrollY + window.innerHeight))) {\n    jQuery('html, body').animate({\n      scrollTop: temp1.offset().top - 350\n    });\n}\nstickyheight = jQuery('#sticky-header').height()+80+\"px\"\njQuery('.maplist h2 a').css(\"scroll-margin\", stickyheight);\njQuery('#collapseExample').css(\"scroll-margin\",  jQuery('#sticky-header').height()+500+\"px\");\nclicked = -1;\njQuery( \".hide li:nth-child(1)\" ).each(function(index, value) {\njQuery(this).append(\" <a class='reportLink' style='text-decoration:none;' href='#collapseExample'><img id='\"+index+\"' class='report' style='height:1em;' alt='Eintrag korrigieren' src='data:image\/png;base64,iVBORw0KGgoAAAANSUhEUgAAACAAAAAgCAMAAABEpIrGAAAACXBIWXMAABcxAAAXMQFYDtKrAAAAGXRFWHRTb2Z0d2FyZQB3d3cuaW5rc2NhcGUub3Jnm+48GgAAAVBQTFRFAAAAAAAAAAAAAAAAAAAAAAAAAAAAAAAAAAAAAAAAAAAAAAAAAAAAAAAAAAAAAAAAAAAAAAAAAAAAAAAAAAAAAAAAAAAAAAAAAAAAAAAAAAAAAAAAAAAAAAAAAAAAAAAAAAAAAAAAAAAAAAAAAAAAAAAAAAAAAgICBQUFHR0dHx8fISEhIyMjQkJCRERERkZGR0dHSUlJS0tLTExMV1dXWFhYfX19f39\/gICAgoKCmJiYmpqamZmZurq6u7u7u7u7vLy8vb29vr6+vr6+39\/f39\/f4ODg4ODg4eHh4eHh4uLi5+fn6Ojo6Ojo6Ojo6urq6urq6urq8PDw8PDw8fHxAAAABAQEEBAQERERHR0dHh4eHx8fQ0NDkpKSk5OTsbGxtLS0v7+\/zMzMzc3N09PT1NTU2dnZ2tra39\/f4ODg5ubm5+fn6Ojo6enp8fHx8vLy8hW6cgAAAFV0Uk5TAAMEBQYJCgsOEBMVJCU2ODk6Oz9AQUJRU1RVVldZX2BiY2ZnaGlrbGxzdHR1f4CAgYKCg4eImZmam6mpqsHCw8PExMXm5+fo6Onq8PDx8vP09fz9\/eBn1n0AAAGvSURBVBgZdcFpWxIBFIDRixgJiaUwJlQ0DjMvoKXIpiWKVLYRZdFYmaW27\/f\/fwt4ZhGpcyQ0mTSypuOYWSMZlXHx+TyBvBGXURNzDiOc2YicEr\/GQLG+3myu14sMZGISuGDSV213dai7U6EvlxBP3ARu3OlpoNdeBnIxGYpcBVbu64jHFeDKhAzMAeXnesbeKjAjfXEHSrs65uEyWDERmQfuqufH0dFP9bSAlMhkHtZ66jlx3RP1vKyCFZUk0FbfB9f9qL4WkBQDil31fXHdr+p7WoS0ZKGugV+u+1sDNcjIItzSwJ\/9fQ1tgCk2NDX06rWGNsEWGzY19OZAQ7fBlkXY0NDxsYYaYEoWavofNciIAcUn6vt2ePhdfZ0CpCUJ7Kjvneu+V982MC1RC8o99Xw6ePtZPb0qWFERA2jrP2wBhojEHSjd0zEPlsCekr5ZYHVPz3i2AlySgUgGuLmrIx5VgIWIDMVywFKrp4EXWyXg+nnxJHL0rbU6OtTZLtOXS0jg3GUGCrVGs9moFRhYiMkpkRmLEfbFiIyKpSwCVnpKxkWT6Yxp22YmNR2VwF9O2vmidcsV+gAAAABJRU5ErkJggg=='><\/a>\")\n\n\n});\njQuery(\".hide a:has(img)\").css('border-bottom-width','0')\njQuery('.close').click(function(e) {\njQuery('.collapse').hide( 'slow')\ne.preventDefault();\n});\njQuery('.report').click(function(e) {\ninsertAfter = jQuery(this).parent().parent().parent().parent();\ndataID = jQuery(this).parent().parent().parent().parent().data(\"id\");\n        e.preventDefault();\n        if (jQuery('.collapse:hidden')[0]) {\n        \t\n        \t\n         \tinsertAfter.append(jQuery('.collapse').show( 'slow'));\n         }\n\t\telse if (jQuery('.collapse:visible')[0]) {\n   \n         if (jQuery(this).attr('id') === clicked) {\n\n         \tjQuery('.collapse').hide( 'slow')\n         } else {\n    \n         \tjQuery('.collapse').hide(function() {\n\t\t\t\n          \tinsertAfter.append(jQuery('.collapse').show( 'slow'));\n            });\n         }\n        }\n\t\t\t\n\t\n\t\tclicked = jQuery(this).attr(\"id\");\n    });\n\n\n});\n\n<\/script><\/p>\t\t\t\t\t\t\t\t<\/div>\n\t\t\t\t<\/div>\n\t\t\t\t\t<\/div>\n\t\t\t\t<\/div>\n\t\t\t\t<\/div>\n\t\t\t\t\t<\/details>\n\t\t\t\t\t<\/div>\n\t\t\t\t\t\t<\/div>\n\t\t\t\t<\/div>\n\t\t\t\t<div class=\"elementor-element elementor-element-af6d44b elementor-widget elementor-widget-html\" data-id=\"af6d44b\" data-element_type=\"widget\" data-widget_type=\"html.default\">\n\t\t\t\t<div class=\"elementor-widget-container\">\n\t\t\t\t\t<div class=\"externalcontent\"><\/div>\r\n<script>\r\njQuery.get(\"https:\/\/map.oeh.ac.at\/list.php?filter=3,5\", function(x) { jQuery(\".externalcontent\").html(\"\").first().html(x); }, \"text\")\r\n<\/script>\r\n<!-- Bei \u00c4nderungsw\u00fcnschen auf ein orangefarbenes Icon klicken.\r\nBei Fragen an Johannes oder die EDV wenden-->\t\t\t\t<\/div>\n\t\t\t\t<\/div>\n\t\t\t\t<\/div>\n\t\t\t\t\t<\/div>\n\t\t\t\t<\/div>\n\t\t\t\t<\/div>\n\t\t","protected":false},"excerpt":{"rendered":"<p>Overview If the data of an entry is no longer correct, you can simply send us a message by clicking on the icon. Map&#8230;<\/p>\n","protected":false},"author":22,"featured_media":0,"parent":96962,"menu_order":0,"comment_status":"closed","ping_status":"closed","template":"","meta":{"footnotes":""},"class_list":["post-96621","page","type-page","status-publish","hentry"],"yoast_head":"<!-- This site is optimized with the Yoast SEO plugin v25.9 - https:\/\/yoast.com\/wordpress\/plugins\/seo\/ -->\n<title>\u00d6H at universities of applied sciences - \u00d6sterreichische Hochsch\u00fcler_innenschaft (\u00d6H)<\/title>\n<meta name=\"robots\" content=\"index, follow, max-snippet:-1, max-image-preview:large, max-video-preview:-1\" \/>\n<link rel=\"canonical\" href=\"https:\/\/www.oeh.ac.at\/en\/service\/oeh-map\/oh-at-universities-of-applied-sciences\/\" \/>\n<meta property=\"og:locale\" content=\"en_US\" \/>\n<meta property=\"og:type\" content=\"article\" \/>\n<meta property=\"og:title\" content=\"\u00d6H at universities of applied sciences - \u00d6sterreichische Hochsch\u00fcler_innenschaft (\u00d6H)\" \/>\n<meta property=\"og:description\" content=\"Overview If the data of an entry is no longer correct, you can simply send us a message by clicking on the icon. Map...\" \/>\n<meta property=\"og:url\" content=\"https:\/\/www.oeh.ac.at\/en\/service\/oeh-map\/oh-at-universities-of-applied-sciences\/\" \/>\n<meta property=\"og:site_name\" content=\"\u00d6sterreichische Hochsch\u00fcler_innenschaft (\u00d6H)\" \/>\n<meta property=\"article:publisher\" content=\"https:\/\/facebook.com\/bundesoeh\" \/>\n<meta property=\"article:modified_time\" content=\"2024-05-02T11:45:34+00:00\" \/>\n<script type=\"application\/ld+json\" class=\"yoast-schema-graph\">{\"@context\":\"https:\/\/schema.org\",\"@graph\":[{\"@type\":\"WebPage\",\"@id\":\"https:\/\/www.oeh.ac.at\/en\/service\/oeh-map\/oh-at-universities-of-applied-sciences\/\",\"url\":\"https:\/\/www.oeh.ac.at\/en\/service\/oeh-map\/oh-at-universities-of-applied-sciences\/\",\"name\":\"\u00d6H at universities of applied sciences - \u00d6sterreichische Hochsch\u00fcler_innenschaft (\u00d6H)\",\"isPartOf\":{\"@id\":\"https:\/\/www.oeh.ac.at\/en\/#website\"},\"datePublished\":\"2015-05-28T16:15:49+00:00\",\"dateModified\":\"2024-05-02T11:45:34+00:00\",\"breadcrumb\":{\"@id\":\"https:\/\/www.oeh.ac.at\/en\/service\/oeh-map\/oh-at-universities-of-applied-sciences\/#breadcrumb\"},\"inLanguage\":\"en-US\",\"potentialAction\":[{\"@type\":\"ReadAction\",\"target\":[\"https:\/\/www.oeh.ac.at\/en\/service\/oeh-map\/oh-at-universities-of-applied-sciences\/\"]}]},{\"@type\":\"BreadcrumbList\",\"@id\":\"https:\/\/www.oeh.ac.at\/en\/service\/oeh-map\/oh-at-universities-of-applied-sciences\/#breadcrumb\",\"itemListElement\":[{\"@type\":\"ListItem\",\"position\":1,\"name\":\"Startseite\",\"item\":\"https:\/\/www.oeh.ac.at\/en\/\"},{\"@type\":\"ListItem\",\"position\":2,\"name\":\"Service\",\"item\":\"https:\/\/www.oeh.ac.at\/en\/service\/\"},{\"@type\":\"ListItem\",\"position\":3,\"name\":\"\u00d6H Map\",\"item\":\"https:\/\/www.oeh.ac.at\/en\/service\/studikompass\/\"},{\"@type\":\"ListItem\",\"position\":4,\"name\":\"\u00d6H at universities of applied sciences\"}]},{\"@type\":\"WebSite\",\"@id\":\"https:\/\/www.oeh.ac.at\/en\/#website\",\"url\":\"https:\/\/www.oeh.ac.at\/en\/\",\"name\":\"\u00d6sterreichische Hochsch\u00fcler_innenschaft\",\"description\":\"\",\"publisher\":{\"@id\":\"https:\/\/www.oeh.ac.at\/en\/#organization\"},\"alternateName\":\"\u00d6H\",\"potentialAction\":[{\"@type\":\"SearchAction\",\"target\":{\"@type\":\"EntryPoint\",\"urlTemplate\":\"https:\/\/www.oeh.ac.at\/en\/?s={search_term_string}\"},\"query-input\":{\"@type\":\"PropertyValueSpecification\",\"valueRequired\":true,\"valueName\":\"search_term_string\"}}],\"inLanguage\":\"en-US\"},{\"@type\":\"Organization\",\"@id\":\"https:\/\/www.oeh.ac.at\/en\/#organization\",\"name\":\"\u00d6sterreichische Hochsch\u00fcler_innenschaft\",\"alternateName\":\"\u00d6H\",\"url\":\"https:\/\/www.oeh.ac.at\/en\/\",\"logo\":{\"@type\":\"ImageObject\",\"inLanguage\":\"en-US\",\"@id\":\"https:\/\/www.oeh.ac.at\/en\/#\/schema\/logo\/image\/\",\"url\":\"https:\/\/www.oeh.ac.at\/wp-content\/uploads\/2023\/03\/OeH_Logo_white_RGB.png\",\"contentUrl\":\"https:\/\/www.oeh.ac.at\/wp-content\/uploads\/2023\/03\/OeH_Logo_white_RGB.png\",\"width\":1600,\"height\":1330,\"caption\":\"\u00d6sterreichische Hochsch\u00fcler_innenschaft\"},\"image\":{\"@id\":\"https:\/\/www.oeh.ac.at\/en\/#\/schema\/logo\/image\/\"},\"sameAs\":[\"https:\/\/facebook.com\/bundesoeh\",\"https:\/\/instagram.com\/bundesoeh\",\"https:\/\/youtube.com\/bundesoeh\",\"https:\/\/bsky.app\/profile\/bundesoeh.bsky.social\"]}]}<\/script>\n<!-- \/ Yoast SEO plugin. -->","yoast_head_json":{"title":"\u00d6H at universities of applied sciences - \u00d6sterreichische Hochsch\u00fcler_innenschaft (\u00d6H)","robots":{"index":"index","follow":"follow","max-snippet":"max-snippet:-1","max-image-preview":"max-image-preview:large","max-video-preview":"max-video-preview:-1"},"canonical":"https:\/\/www.oeh.ac.at\/en\/service\/oeh-map\/oh-at-universities-of-applied-sciences\/","og_locale":"en_US","og_type":"article","og_title":"\u00d6H at universities of applied sciences - \u00d6sterreichische Hochsch\u00fcler_innenschaft (\u00d6H)","og_description":"Overview If the data of an entry is no longer correct, you can simply send us a message by clicking on the icon. Map...","og_url":"https:\/\/www.oeh.ac.at\/en\/service\/oeh-map\/oh-at-universities-of-applied-sciences\/","og_site_name":"\u00d6sterreichische Hochsch\u00fcler_innenschaft (\u00d6H)","article_publisher":"https:\/\/facebook.com\/bundesoeh","article_modified_time":"2024-05-02T11:45:34+00:00","schema":{"@context":"https:\/\/schema.org","@graph":[{"@type":"WebPage","@id":"https:\/\/www.oeh.ac.at\/en\/service\/oeh-map\/oh-at-universities-of-applied-sciences\/","url":"https:\/\/www.oeh.ac.at\/en\/service\/oeh-map\/oh-at-universities-of-applied-sciences\/","name":"\u00d6H at universities of applied sciences - \u00d6sterreichische Hochsch\u00fcler_innenschaft (\u00d6H)","isPartOf":{"@id":"https:\/\/www.oeh.ac.at\/en\/#website"},"datePublished":"2015-05-28T16:15:49+00:00","dateModified":"2024-05-02T11:45:34+00:00","breadcrumb":{"@id":"https:\/\/www.oeh.ac.at\/en\/service\/oeh-map\/oh-at-universities-of-applied-sciences\/#breadcrumb"},"inLanguage":"en-US","potentialAction":[{"@type":"ReadAction","target":["https:\/\/www.oeh.ac.at\/en\/service\/oeh-map\/oh-at-universities-of-applied-sciences\/"]}]},{"@type":"BreadcrumbList","@id":"https:\/\/www.oeh.ac.at\/en\/service\/oeh-map\/oh-at-universities-of-applied-sciences\/#breadcrumb","itemListElement":[{"@type":"ListItem","position":1,"name":"Startseite","item":"https:\/\/www.oeh.ac.at\/en\/"},{"@type":"ListItem","position":2,"name":"Service","item":"https:\/\/www.oeh.ac.at\/en\/service\/"},{"@type":"ListItem","position":3,"name":"\u00d6H Map","item":"https:\/\/www.oeh.ac.at\/en\/service\/studikompass\/"},{"@type":"ListItem","position":4,"name":"\u00d6H at universities of applied sciences"}]},{"@type":"WebSite","@id":"https:\/\/www.oeh.ac.at\/en\/#website","url":"https:\/\/www.oeh.ac.at\/en\/","name":"\u00d6sterreichische Hochsch\u00fcler_innenschaft","description":"","publisher":{"@id":"https:\/\/www.oeh.ac.at\/en\/#organization"},"alternateName":"\u00d6H","potentialAction":[{"@type":"SearchAction","target":{"@type":"EntryPoint","urlTemplate":"https:\/\/www.oeh.ac.at\/en\/?s={search_term_string}"},"query-input":{"@type":"PropertyValueSpecification","valueRequired":true,"valueName":"search_term_string"}}],"inLanguage":"en-US"},{"@type":"Organization","@id":"https:\/\/www.oeh.ac.at\/en\/#organization","name":"\u00d6sterreichische Hochsch\u00fcler_innenschaft","alternateName":"\u00d6H","url":"https:\/\/www.oeh.ac.at\/en\/","logo":{"@type":"ImageObject","inLanguage":"en-US","@id":"https:\/\/www.oeh.ac.at\/en\/#\/schema\/logo\/image\/","url":"https:\/\/www.oeh.ac.at\/wp-content\/uploads\/2023\/03\/OeH_Logo_white_RGB.png","contentUrl":"https:\/\/www.oeh.ac.at\/wp-content\/uploads\/2023\/03\/OeH_Logo_white_RGB.png","width":1600,"height":1330,"caption":"\u00d6sterreichische Hochsch\u00fcler_innenschaft"},"image":{"@id":"https:\/\/www.oeh.ac.at\/en\/#\/schema\/logo\/image\/"},"sameAs":["https:\/\/facebook.com\/bundesoeh","https:\/\/instagram.com\/bundesoeh","https:\/\/youtube.com\/bundesoeh","https:\/\/bsky.app\/profile\/bundesoeh.bsky.social"]}]}},"_links":{"self":[{"href":"https:\/\/www.oeh.ac.at\/en\/wp-json\/wp\/v2\/pages\/96621","targetHints":{"allow":["GET"]}}],"collection":[{"href":"https:\/\/www.oeh.ac.at\/en\/wp-json\/wp\/v2\/pages"}],"about":[{"href":"https:\/\/www.oeh.ac.at\/en\/wp-json\/wp\/v2\/types\/page"}],"author":[{"embeddable":true,"href":"https:\/\/www.oeh.ac.at\/en\/wp-json\/wp\/v2\/users\/22"}],"replies":[{"embeddable":true,"href":"https:\/\/www.oeh.ac.at\/en\/wp-json\/wp\/v2\/comments?post=96621"}],"version-history":[{"count":3,"href":"https:\/\/www.oeh.ac.at\/en\/wp-json\/wp\/v2\/pages\/96621\/revisions"}],"predecessor-version":[{"id":1139507,"href":"https:\/\/www.oeh.ac.at\/en\/wp-json\/wp\/v2\/pages\/96621\/revisions\/1139507"}],"up":[{"embeddable":true,"href":"https:\/\/www.oeh.ac.at\/en\/wp-json\/wp\/v2\/pages\/96962"}],"wp:attachment":[{"href":"https:\/\/www.oeh.ac.at\/en\/wp-json\/wp\/v2\/media?parent=96621"}],"curies":[{"name":"wp","href":"https:\/\/api.w.org\/{rel}","templated":true}]}}