{"id":96599,"date":"2015-06-18T10:39:52","date_gmt":"2015-06-18T08:39:52","guid":{"rendered":"https:\/\/www.oeh.ac.at\/oeh-contribution\/"},"modified":"2025-10-08T11:45:34","modified_gmt":"2025-10-08T09:45:34","slug":"oeh-contribution","status":"publish","type":"page","link":"https:\/\/www.oeh.ac.at\/en\/service\/oeh-contribution\/","title":{"rendered":"\u00d6H contribution"},"content":{"rendered":"\t\t<div data-elementor-type=\"wp-page\" data-elementor-id=\"96599\" class=\"elementor elementor-96599 elementor-6543\" data-elementor-post-type=\"page\">\n\t\t\t\t<div class=\"elementor-element elementor-element-a177d1b e-flex e-con-boxed e-con e-parent\" data-id=\"a177d1b\" data-element_type=\"container\">\n\t\t\t\t\t<div class=\"e-con-inner\">\n\t\t<div class=\"elementor-element elementor-element-58b9e50 e-con-full e-flex e-con e-child\" data-id=\"58b9e50\" data-element_type=\"container\">\n\t\t\t\t<div class=\"elementor-element elementor-element-951170f elementor-widget__width-initial elementor-widget-mobile__width-inherit elementor-widget elementor-widget-video\" data-id=\"951170f\" data-element_type=\"widget\" data-settings=\"{&quot;youtube_url&quot;:&quot;https:\\\/\\\/www.youtube.com\\\/watch?v=D4lp3_fV_DE&quot;,&quot;show_image_overlay&quot;:&quot;yes&quot;,&quot;image_overlay&quot;:{&quot;url&quot;:&quot;https:\\\/\\\/www.oeh.ac.at\\\/wp-content\\\/uploads\\\/2015\\\/06\\\/oeh-beitrag-video-thumbnail-c42.png&quot;,&quot;id&quot;:6542,&quot;size&quot;:&quot;&quot;,&quot;alt&quot;:&quot;&quot;,&quot;source&quot;:&quot;library&quot;},&quot;video_type&quot;:&quot;youtube&quot;,&quot;controls&quot;:&quot;yes&quot;}\" data-widget_type=\"video.default\">\n\t\t\t\t<div class=\"elementor-widget-container\">\n\t\t\t\t\t\t\t<div class=\"elementor-wrapper elementor-open-inline\">\n\t\t\t<div class=\"elementor-video\"><\/div>\t\t\t\t<div class=\"elementor-custom-embed-image-overlay\" style=\"background-image: url(https:\/\/www.oeh.ac.at\/wp-content\/uploads\/2015\/06\/oeh-beitrag-video-thumbnail-c42.png);\">\n\t\t\t\t\t\t\t\t\t\t\t\t\t\t<\/div>\n\t\t\t\t\t<\/div>\n\t\t\t\t\t\t<\/div>\n\t\t\t\t<\/div>\n\t\t\t\t<div class=\"elementor-element elementor-element-93b7e2d elementor-widget elementor-widget-text-editor\" data-id=\"93b7e2d\" data-element_type=\"widget\" data-widget_type=\"text-editor.default\">\n\t\t\t\t<div class=\"elementor-widget-container\">\n\t\t\t\t\t\t\t\t\t<p>View &#8220;What happens to your \u00d6H fee?&#8221;<\/p><h2>Amount of the \u00d6H contribution?<\/h2><h4>EUR 25,20<\/h4><p>You can always find the current calculation of the \u00d6H contribution under &#8220;<a href=\"https:\/\/www.oeh.ac.at\/en\/about-us\/publications\/\">Publications<\/a>&#8220;.<\/p><h2>What is my \u00d6H contribution used for?<\/h2><p>The \u00d6H fee enables the Austrian National Union of Students (\u00d6H) to provide a comprehensive range of services and to act as a strong and independent representative of students vis-\u00e0-vis the responsible ministries. The compulsory membership in the \u00d6H guarantees a politically independent action of the \u00d6H due to its financial independence.<\/p><p>Basically, 70 cents of your \u00d6H fee are used for the \u00d6H accident and liability insurance, with which you are always on the safe side in and around your studies. Of the remaining amount, 13 percent goes to federal representation and 87 percent goes to individual university representation.<\/p><p>This 13 percent essentially finances the <a class=\"drupdown-inline drupdown-link drupdown-internal\" title=\"comprehensive consulting\" href=\"https:\/\/www.oeh.ac.at\/en\/consulting\/\" rel=\"noopener\">extensive advice<\/a>, <a class=\"drupdown-inline drupdown-link drupdown-internal\" title=\"Funding pots\" href=\"https:\/\/www.oeh.ac.at\/en\/service\/funding-pots\/\" rel=\"noopener\">funding pots<\/a>, <a class=\"drupdown-inline drupdown-link drupdown-internal\" title=\"Brochures\" href=\"https:\/\/www.oeh.ac.at\/en\/product-category\/brochures\/\" rel=\"noopener\">brochures<\/a>, events and <a class=\"drupdown-inline drupdown-link drupdown-internal\" title=\"all other offers\" href=\"https:\/\/www.oeh.ac.at\/en\/service\/\" rel=\"noopener\">all other offers<\/a>, which you can generally use free of charge. But also the local <a class=\"drupdown-inline drupdown-link drupdown-internal\" title=\"University Representations\" href=\"https:\/\/www.oeh.ac.at\/en\/about-us\/what-is-the-oeh\/the-university-representation\/\" rel=\"noopener\">university representatives<\/a> promote projects of students, support in emergency situations and realize projects that make your everyday study life easier directly on site. For all further questions concerning the nationwide use of the \u00d6H contribution, you can always contact the economic department of the \u00d6H-Bundesvertretung and regarding the university-specific uses, the economic department at your university.<\/p><h2>\u00d6H Insurance<\/h2><p>70 cents of your \u00d6H fee are used directly for the \u00d6H accident and liability insurance. This guarantees you comprehensive accident and liability insurance on the way to the university or, for example, in the USI course, which covers (almost) all eventualities.<\/p><h2>Why is the \u00d6H fee changing?<\/h2><p>The amount of the \u00d6H fee is regulated by the Student Union Act (in short: HSG; here \u00a7 38 para. 3). This states that the student fee per academic year will increase by the applicable rate of increase in the 2010 Consumer Price Index. The resulting amount shall be rounded up to half or whole euros. The chairperson of the \u00d6H-Bundesvertretung shall announce the amount of the student fee for the following academic year in an appropriate form by May 1 of each year at the latest. It is therefore not at the discretion of the \u00d6H-Bundesvertretung to change the \u00d6H fee. The HSG provides for a mandatory annual adjustment of the \u00d6H contribution in the statutory provisions.<\/p><h2>Reimbursement of the \u00d6H fee?<a id=\"rueckerstattung\" class=\"drupdown-inline drupdown-no-title drupdown-link drupdown-internal\" href=\"https:\/\/www.oeh.ac.at\/\"><\/a><\/h2><p style=\"text-align: left;\">However, under certain conditions, the \u00d6H will generally refund \u00d6H fees that have been paid twice or more. <a href=\"https:\/\/www.oeh.ac.at\/en\/forms\/oh-fee-refund\/\">Here you can find out how<\/a>.<\/p>\t\t\t\t\t\t\t\t<\/div>\n\t\t\t\t<\/div>\n\t\t\t\t<\/div>\n\t\t\t\t\t<\/div>\n\t\t\t\t<\/div>\n\t\t<div class=\"elementor-element elementor-element-3981eb13 e-flex e-con-boxed e-con e-parent\" data-id=\"3981eb13\" data-element_type=\"container\">\n\t\t\t\t\t<div class=\"e-con-inner\">\n\t\t<div class=\"elementor-element elementor-element-2343e5f5 e-con-full e-flex e-con e-child\" data-id=\"2343e5f5\" data-element_type=\"container\">\n\t\t\t\t<div class=\"elementor-element elementor-element-5140e448 elementor-widget elementor-widget-heading\" data-id=\"5140e448\" data-element_type=\"widget\" data-widget_type=\"heading.default\">\n\t\t\t\t<div class=\"elementor-widget-container\">\n\t\t\t\t\t<h2 class=\"elementor-heading-title elementor-size-default\">Downloads<\/h2>\t\t\t\t<\/div>\n\t\t\t\t<\/div>\n\t\t\t\t<div class=\"elementor-element elementor-element-370a0542 elementor-align-left elementor-widget-laptop__width-initial elementor-icon-list--layout-traditional elementor-list-item-link-full_width elementor-widget elementor-widget-icon-list\" data-id=\"370a0542\" data-element_type=\"widget\" data-widget_type=\"icon-list.default\">\n\t\t\t\t<div class=\"elementor-widget-container\">\n\t\t\t\t\t\t\t<ul class=\"elementor-icon-list-items\">\n\t\t\t\t\t\t\t<li class=\"elementor-icon-list-item\">\n\t\t\t\t\t\t\t\t\t\t\t<a href=\"https:\/\/www.oeh.ac.at\/wp-content\/uploads\/2022\/05\/oeh-beitragsberechnung_2022_23-0b8.pdf\" target=\"_blank\">\n\n\t\t\t\t\t\t\t\t\t\t\t\t<span class=\"elementor-icon-list-icon\">\n\t\t\t\t\t\t\t<svg aria-hidden=\"true\" class=\"e-font-icon-svg e-far-file-pdf\" viewBox=\"0 0 384 512\" xmlns=\"http:\/\/www.w3.org\/2000\/svg\"><path d=\"M369.9 97.9L286 14C277 5 264.8-.1 252.1-.1H48C21.5 0 0 21.5 0 48v416c0 26.5 21.5 48 48 48h288c26.5 0 48-21.5 48-48V131.9c0-12.7-5.1-25-14.1-34zM332.1 128H256V51.9l76.1 76.1zM48 464V48h160v104c0 13.3 10.7 24 24 24h104v288H48zm250.2-143.7c-12.2-12-47-8.7-64.4-6.5-17.2-10.5-28.7-25-36.8-46.3 3.9-16.1 10.1-40.6 5.4-56-4.2-26.2-37.8-23.6-42.6-5.9-4.4 16.1-.4 38.5 7 67.1-10 23.9-24.9 56-35.4 74.4-20 10.3-47 26.2-51 46.2-3.3 15.8 26 55.2 76.1-31.2 22.4-7.4 46.8-16.5 68.4-20.1 18.9 10.2 41 17 55.8 17 25.5 0 28-28.2 17.5-38.7zm-198.1 77.8c5.1-13.7 24.5-29.5 30.4-35-19 30.3-30.4 35.7-30.4 35zm81.6-190.6c7.4 0 6.7 32.1 1.8 40.8-4.4-13.9-4.3-40.8-1.8-40.8zm-24.4 136.6c9.7-16.9 18-37 24.7-54.7 8.3 15.1 18.9 27.2 30.1 35.5-20.8 4.3-38.9 13.1-54.8 19.2zm131.6-5s-5 6-37.3-7.8c35.1-2.6 40.9 5.4 37.3 7.8z\"><\/path><\/svg>\t\t\t\t\t\t<\/span>\n\t\t\t\t\t\t\t\t\t\t<span class=\"elementor-icon-list-text\">Download oeh-contribution_calculation_2022_23.pdf (221.4 KB)<\/span>\n\t\t\t\t\t\t\t\t\t\t\t<\/a>\n\t\t\t\t\t\t\t\t\t<\/li>\n\t\t\t\t\t\t<\/ul>\n\t\t\t\t\t\t<\/div>\n\t\t\t\t<\/div>\n\t\t\t\t<\/div>\n\t\t\t\t\t<\/div>\n\t\t\t\t<\/div>\n\t\t\t\t<\/div>\n\t\t","protected":false},"excerpt":{"rendered":"<p>https:\/\/www.youtube.com\/watch?v=D4lp3_fV_DE View &#8220;What happens to your \u00d6H fee?&#8221; Amount of the \u00d6H contribution? EUR 25,20 You can always find the current calculation of the&#8230;<\/p>\n","protected":false},"author":22,"featured_media":6542,"parent":96697,"menu_order":0,"comment_status":"closed","ping_status":"closed","template":"","meta":{"footnotes":""},"class_list":["post-96599","page","type-page","status-publish","has-post-thumbnail","hentry"],"yoast_head":"<!-- This site is optimized with the Yoast SEO plugin v25.9 - https:\/\/yoast.com\/wordpress\/plugins\/seo\/ -->\n<title>\u00d6H contribution - \u00d6sterreichische Hochsch\u00fcler_innenschaft (\u00d6H)<\/title>\n<meta name=\"description\" content=\"Learn how the \u00d6H contribution represents the interests of students and contributes to the improvement of study conditions.\" \/>\n<meta name=\"robots\" content=\"index, follow, max-snippet:-1, max-image-preview:large, max-video-preview:-1\" \/>\n<link rel=\"canonical\" href=\"https:\/\/www.oeh.ac.at\/en\/service\/oeh-contribution\/\" \/>\n<meta property=\"og:locale\" content=\"en_US\" \/>\n<meta property=\"og:type\" content=\"article\" \/>\n<meta property=\"og:title\" content=\"\u00d6H contribution - \u00d6sterreichische Hochsch\u00fcler_innenschaft (\u00d6H)\" \/>\n<meta property=\"og:description\" content=\"Learn how the \u00d6H contribution represents the interests of students and contributes to the improvement of study conditions.\" \/>\n<meta property=\"og:url\" content=\"https:\/\/www.oeh.ac.at\/en\/service\/oeh-contribution\/\" \/>\n<meta property=\"og:site_name\" content=\"\u00d6sterreichische Hochsch\u00fcler_innenschaft (\u00d6H)\" \/>\n<meta property=\"article:publisher\" content=\"https:\/\/facebook.com\/bundesoeh\" \/>\n<meta property=\"article:modified_time\" content=\"2025-10-08T09:45:34+00:00\" \/>\n<meta property=\"og:image\" content=\"https:\/\/www.oeh.ac.at\/wp-content\/uploads\/2015\/06\/oeh-beitrag-video-thumbnail-c42.png\" \/>\n\t<meta property=\"og:image:width\" content=\"1280\" \/>\n\t<meta property=\"og:image:height\" content=\"720\" \/>\n\t<meta property=\"og:image:type\" content=\"image\/png\" \/>\n<script type=\"application\/ld+json\" class=\"yoast-schema-graph\">{\"@context\":\"https:\/\/schema.org\",\"@graph\":[{\"@type\":\"WebPage\",\"@id\":\"https:\/\/www.oeh.ac.at\/en\/service\/oeh-contribution\/\",\"url\":\"https:\/\/www.oeh.ac.at\/en\/service\/oeh-contribution\/\",\"name\":\"\u00d6H contribution - \u00d6sterreichische Hochsch\u00fcler_innenschaft (\u00d6H)\",\"isPartOf\":{\"@id\":\"https:\/\/www.oeh.ac.at\/en\/#website\"},\"primaryImageOfPage\":{\"@id\":\"https:\/\/www.oeh.ac.at\/en\/service\/oeh-contribution\/#primaryimage\"},\"image\":{\"@id\":\"https:\/\/www.oeh.ac.at\/en\/service\/oeh-contribution\/#primaryimage\"},\"thumbnailUrl\":\"https:\/\/www.oeh.ac.at\/wp-content\/uploads\/2015\/06\/oeh-beitrag-video-thumbnail-c42.png\",\"datePublished\":\"2015-06-18T08:39:52+00:00\",\"dateModified\":\"2025-10-08T09:45:34+00:00\",\"description\":\"Learn how the \u00d6H contribution represents the interests of students and contributes to the improvement of study conditions.\",\"breadcrumb\":{\"@id\":\"https:\/\/www.oeh.ac.at\/en\/service\/oeh-contribution\/#breadcrumb\"},\"inLanguage\":\"en-US\",\"potentialAction\":[{\"@type\":\"ReadAction\",\"target\":[\"https:\/\/www.oeh.ac.at\/en\/service\/oeh-contribution\/\"]}]},{\"@type\":\"ImageObject\",\"inLanguage\":\"en-US\",\"@id\":\"https:\/\/www.oeh.ac.at\/en\/service\/oeh-contribution\/#primaryimage\",\"url\":\"https:\/\/www.oeh.ac.at\/wp-content\/uploads\/2015\/06\/oeh-beitrag-video-thumbnail-c42.png\",\"contentUrl\":\"https:\/\/www.oeh.ac.at\/wp-content\/uploads\/2015\/06\/oeh-beitrag-video-thumbnail-c42.png\",\"width\":1280,\"height\":720,\"caption\":\"oeh beitrag video thumbnail c42\"},{\"@type\":\"BreadcrumbList\",\"@id\":\"https:\/\/www.oeh.ac.at\/en\/service\/oeh-contribution\/#breadcrumb\",\"itemListElement\":[{\"@type\":\"ListItem\",\"position\":1,\"name\":\"Startseite\",\"item\":\"https:\/\/www.oeh.ac.at\/en\/\"},{\"@type\":\"ListItem\",\"position\":2,\"name\":\"Service\",\"item\":\"https:\/\/www.oeh.ac.at\/en\/service\/\"},{\"@type\":\"ListItem\",\"position\":3,\"name\":\"\u00d6H contribution\"}]},{\"@type\":\"WebSite\",\"@id\":\"https:\/\/www.oeh.ac.at\/en\/#website\",\"url\":\"https:\/\/www.oeh.ac.at\/en\/\",\"name\":\"\u00d6sterreichische Hochsch\u00fcler_innenschaft\",\"description\":\"\",\"publisher\":{\"@id\":\"https:\/\/www.oeh.ac.at\/en\/#organization\"},\"alternateName\":\"\u00d6H\",\"potentialAction\":[{\"@type\":\"SearchAction\",\"target\":{\"@type\":\"EntryPoint\",\"urlTemplate\":\"https:\/\/www.oeh.ac.at\/en\/?s={search_term_string}\"},\"query-input\":{\"@type\":\"PropertyValueSpecification\",\"valueRequired\":true,\"valueName\":\"search_term_string\"}}],\"inLanguage\":\"en-US\"},{\"@type\":\"Organization\",\"@id\":\"https:\/\/www.oeh.ac.at\/en\/#organization\",\"name\":\"\u00d6sterreichische Hochsch\u00fcler_innenschaft\",\"alternateName\":\"\u00d6H\",\"url\":\"https:\/\/www.oeh.ac.at\/en\/\",\"logo\":{\"@type\":\"ImageObject\",\"inLanguage\":\"en-US\",\"@id\":\"https:\/\/www.oeh.ac.at\/en\/#\/schema\/logo\/image\/\",\"url\":\"https:\/\/www.oeh.ac.at\/wp-content\/uploads\/2023\/03\/OeH_Logo_white_RGB.png\",\"contentUrl\":\"https:\/\/www.oeh.ac.at\/wp-content\/uploads\/2023\/03\/OeH_Logo_white_RGB.png\",\"width\":1600,\"height\":1330,\"caption\":\"\u00d6sterreichische Hochsch\u00fcler_innenschaft\"},\"image\":{\"@id\":\"https:\/\/www.oeh.ac.at\/en\/#\/schema\/logo\/image\/\"},\"sameAs\":[\"https:\/\/facebook.com\/bundesoeh\",\"https:\/\/instagram.com\/bundesoeh\",\"https:\/\/youtube.com\/bundesoeh\",\"https:\/\/bsky.app\/profile\/bundesoeh.bsky.social\"]}]}<\/script>\n<!-- \/ Yoast SEO plugin. -->","yoast_head_json":{"title":"\u00d6H contribution - \u00d6sterreichische Hochsch\u00fcler_innenschaft (\u00d6H)","description":"Learn how the \u00d6H contribution represents the interests of students and contributes to the improvement of study conditions.","robots":{"index":"index","follow":"follow","max-snippet":"max-snippet:-1","max-image-preview":"max-image-preview:large","max-video-preview":"max-video-preview:-1"},"canonical":"https:\/\/www.oeh.ac.at\/en\/service\/oeh-contribution\/","og_locale":"en_US","og_type":"article","og_title":"\u00d6H contribution - \u00d6sterreichische Hochsch\u00fcler_innenschaft (\u00d6H)","og_description":"Learn how the \u00d6H contribution represents the interests of students and contributes to the improvement of study conditions.","og_url":"https:\/\/www.oeh.ac.at\/en\/service\/oeh-contribution\/","og_site_name":"\u00d6sterreichische Hochsch\u00fcler_innenschaft (\u00d6H)","article_publisher":"https:\/\/facebook.com\/bundesoeh","article_modified_time":"2025-10-08T09:45:34+00:00","og_image":[{"width":1280,"height":720,"url":"https:\/\/www.oeh.ac.at\/wp-content\/uploads\/2015\/06\/oeh-beitrag-video-thumbnail-c42.png","type":"image\/png"}],"schema":{"@context":"https:\/\/schema.org","@graph":[{"@type":"WebPage","@id":"https:\/\/www.oeh.ac.at\/en\/service\/oeh-contribution\/","url":"https:\/\/www.oeh.ac.at\/en\/service\/oeh-contribution\/","name":"\u00d6H contribution - \u00d6sterreichische Hochsch\u00fcler_innenschaft (\u00d6H)","isPartOf":{"@id":"https:\/\/www.oeh.ac.at\/en\/#website"},"primaryImageOfPage":{"@id":"https:\/\/www.oeh.ac.at\/en\/service\/oeh-contribution\/#primaryimage"},"image":{"@id":"https:\/\/www.oeh.ac.at\/en\/service\/oeh-contribution\/#primaryimage"},"thumbnailUrl":"https:\/\/www.oeh.ac.at\/wp-content\/uploads\/2015\/06\/oeh-beitrag-video-thumbnail-c42.png","datePublished":"2015-06-18T08:39:52+00:00","dateModified":"2025-10-08T09:45:34+00:00","description":"Learn how the \u00d6H contribution represents the interests of students and contributes to the improvement of study conditions.","breadcrumb":{"@id":"https:\/\/www.oeh.ac.at\/en\/service\/oeh-contribution\/#breadcrumb"},"inLanguage":"en-US","potentialAction":[{"@type":"ReadAction","target":["https:\/\/www.oeh.ac.at\/en\/service\/oeh-contribution\/"]}]},{"@type":"ImageObject","inLanguage":"en-US","@id":"https:\/\/www.oeh.ac.at\/en\/service\/oeh-contribution\/#primaryimage","url":"https:\/\/www.oeh.ac.at\/wp-content\/uploads\/2015\/06\/oeh-beitrag-video-thumbnail-c42.png","contentUrl":"https:\/\/www.oeh.ac.at\/wp-content\/uploads\/2015\/06\/oeh-beitrag-video-thumbnail-c42.png","width":1280,"height":720,"caption":"oeh beitrag video thumbnail c42"},{"@type":"BreadcrumbList","@id":"https:\/\/www.oeh.ac.at\/en\/service\/oeh-contribution\/#breadcrumb","itemListElement":[{"@type":"ListItem","position":1,"name":"Startseite","item":"https:\/\/www.oeh.ac.at\/en\/"},{"@type":"ListItem","position":2,"name":"Service","item":"https:\/\/www.oeh.ac.at\/en\/service\/"},{"@type":"ListItem","position":3,"name":"\u00d6H contribution"}]},{"@type":"WebSite","@id":"https:\/\/www.oeh.ac.at\/en\/#website","url":"https:\/\/www.oeh.ac.at\/en\/","name":"\u00d6sterreichische Hochsch\u00fcler_innenschaft","description":"","publisher":{"@id":"https:\/\/www.oeh.ac.at\/en\/#organization"},"alternateName":"\u00d6H","potentialAction":[{"@type":"SearchAction","target":{"@type":"EntryPoint","urlTemplate":"https:\/\/www.oeh.ac.at\/en\/?s={search_term_string}"},"query-input":{"@type":"PropertyValueSpecification","valueRequired":true,"valueName":"search_term_string"}}],"inLanguage":"en-US"},{"@type":"Organization","@id":"https:\/\/www.oeh.ac.at\/en\/#organization","name":"\u00d6sterreichische Hochsch\u00fcler_innenschaft","alternateName":"\u00d6H","url":"https:\/\/www.oeh.ac.at\/en\/","logo":{"@type":"ImageObject","inLanguage":"en-US","@id":"https:\/\/www.oeh.ac.at\/en\/#\/schema\/logo\/image\/","url":"https:\/\/www.oeh.ac.at\/wp-content\/uploads\/2023\/03\/OeH_Logo_white_RGB.png","contentUrl":"https:\/\/www.oeh.ac.at\/wp-content\/uploads\/2023\/03\/OeH_Logo_white_RGB.png","width":1600,"height":1330,"caption":"\u00d6sterreichische Hochsch\u00fcler_innenschaft"},"image":{"@id":"https:\/\/www.oeh.ac.at\/en\/#\/schema\/logo\/image\/"},"sameAs":["https:\/\/facebook.com\/bundesoeh","https:\/\/instagram.com\/bundesoeh","https:\/\/youtube.com\/bundesoeh","https:\/\/bsky.app\/profile\/bundesoeh.bsky.social"]}]}},"_links":{"self":[{"href":"https:\/\/www.oeh.ac.at\/en\/wp-json\/wp\/v2\/pages\/96599","targetHints":{"allow":["GET"]}}],"collection":[{"href":"https:\/\/www.oeh.ac.at\/en\/wp-json\/wp\/v2\/pages"}],"about":[{"href":"https:\/\/www.oeh.ac.at\/en\/wp-json\/wp\/v2\/types\/page"}],"author":[{"embeddable":true,"href":"https:\/\/www.oeh.ac.at\/en\/wp-json\/wp\/v2\/users\/22"}],"replies":[{"embeddable":true,"href":"https:\/\/www.oeh.ac.at\/en\/wp-json\/wp\/v2\/comments?post=96599"}],"version-history":[{"count":9,"href":"https:\/\/www.oeh.ac.at\/en\/wp-json\/wp\/v2\/pages\/96599\/revisions"}],"predecessor-version":[{"id":1207461,"href":"https:\/\/www.oeh.ac.at\/en\/wp-json\/wp\/v2\/pages\/96599\/revisions\/1207461"}],"up":[{"embeddable":true,"href":"https:\/\/www.oeh.ac.at\/en\/wp-json\/wp\/v2\/pages\/96697"}],"wp:featuredmedia":[{"embeddable":true,"href":"https:\/\/www.oeh.ac.at\/en\/wp-json\/wp\/v2\/media\/6542"}],"wp:attachment":[{"href":"https:\/\/www.oeh.ac.at\/en\/wp-json\/wp\/v2\/media?parent=96599"}],"curies":[{"name":"wp","href":"https:\/\/api.w.org\/{rel}","templated":true}]}}