{"id":96568,"date":"2015-12-07T12:35:54","date_gmt":"2015-12-07T12:35:54","guid":{"rendered":"https:\/\/www.oeh.ac.at\/queer_feminist-library\/"},"modified":"2023-11-21T13:18:22","modified_gmt":"2023-11-21T11:18:22","slug":"queer_feminist-library","status":"publish","type":"page","link":"https:\/\/www.oeh.ac.at\/en\/service\/queer_feminist-library\/","title":{"rendered":"Queer_Feminist Library"},"content":{"rendered":"\t\t<div data-elementor-type=\"wp-page\" data-elementor-id=\"96568\" class=\"elementor elementor-96568 elementor-6737\" data-elementor-post-type=\"page\">\n\t\t\t\t<div class=\"elementor-element elementor-element-d3b0b46 e-flex e-con-boxed e-con e-parent\" data-id=\"d3b0b46\" data-element_type=\"container\">\n\t\t\t\t\t<div class=\"e-con-inner\">\n\t\t<div class=\"elementor-element elementor-element-c7e93dc e-con-full e-flex e-con e-child\" data-id=\"c7e93dc\" data-element_type=\"container\">\n\t\t\t\t<div class=\"elementor-element elementor-element-8450e32 elementor-widget elementor-widget-text-editor\" data-id=\"8450e32\" data-element_type=\"widget\" data-widget_type=\"text-editor.default\">\n\t\t\t\t<div class=\"elementor-widget-container\">\n\t\t\t\t\t\t\t\t\t<h5>The joint library of <a class=\"drupdown-inline drupdown-link\" title=\"queer_referat\" href=\"https:\/\/oeh.wp-sicherheit.at\/referate\/queer\/\" rel=\"noopener\">Queer_Referat<\/a> and the <a class=\"drupdown-inline drupdown-link\" title=\"Unit for feminist politics\" href=\"https:\/\/oeh.wp-sicherheit.at\/referate\/referat-fuer-feministische-politik\/\">Department for Feminist Politics<\/a><\/h5>\n<h3>The offer<\/h3>\n<p>You can find most of our media in <a class=\"drupdown-inline drupdown-no-title drupdown-link\" href=\"https:\/\/cloud.oeh.ac.at\/index.php\/s\/NAifQRWD6bpAqSY\" target=\"_blank\" rel=\"noopener\">the catalog.<\/a><\/p>\n<h3>Main focus<\/h3>\n<p>In general, we mainly collect current publications as well as evergreens on feminist and queer topics. We try to get as many works as possible in German translation to make the books more accessible. Currently, the library has the following focus areas:<\/p>\n<ul>\n<li>\n<p><strong>Children&#8217;s books<\/strong><br \/>Books that address issues that do not conform to the <em>white<\/em>, Christian, heterosexual, and_or two-gender norm. For example, on rainbow families, adoption, or with role models that don&#8217;t lock children into gender stereotypes. Maybe you still need books as gifts for kids in the circle of acquaintances or family and want to see what&#8217;s available off the mainstream? Or directly read some to children? Or just read yourself, because children&#8217;s books are great and colorful!<\/p>\n<\/li>\n<li>\n<p><strong>Comics<\/strong><br \/>Comics, Mangas, Graphic Novels. We collect mainly German-language, primarily on queer topics and_or with great heroines.<\/p>\n<\/li>\n<li>\n<p><strong>Inter, Trans and Non-Binary<\/strong><br \/>On the topics of inter, trans and non-binary we also collect, but still have far too few books. Especially few that are low-threshold and not reference books. If you have any acquisition suggestions, feel free to email us at <a class=\"drupdown-inline drupdown-no-title drupdown-link drupdown-mailto\" href=\"mailto:queer@oeh.ac.at\">queer@oeh.ac.at<\/a> or at <a class=\"drupdown-inline drupdown-no-title drupdown-link drupdown-mailto\" href=\"mailto:femref@oeh.ac.at\">femref@oeh.ac.at<\/a>.<\/p>\n<\/li>\n<\/ul>\n<p>If the library is still missing feminist and queer books, comics, magazines, etc. that you would like to read, just write to us at <a class=\"drupdown-inline drupdown-no-title drupdown-link drupdown-mailto\" href=\"mailto:queer@oeh.ac.at\">queer@oeh.ac.at<\/a> or at <a class=\"drupdown-inline drupdown-no-title drupdown-link drupdown-mailto\" href=\"mailto:femref@oeh.ac.at\">femref@oeh.ac.at<\/a> and we will see if what you are missing might not fit in the library.<\/p>\n<h3>Opening hours<\/h3>\n<p>During the opening hours of the \u00d6H Bundesvertretung you can just drop by, choose what you like and just write an email to <a class=\"drupdown-inline drupdown-no-title drupdown-link drupdown-mailto\" href=\"mailto:queer@oeh.ac.at\">queer@oeh.ac.at<\/a> or <a class=\"drupdown-inline drupdown-no-title drupdown-link drupdown-mailto\" href=\"mailto:femref@oeh.ac.at\">femref@oeh.ac.at<\/a> with your contact details and the borrowed works.<br \/>We trust each other that no books disappear and many people benefit from the offer!<\/p>\n<h3>Location<\/h3>\n<p>The library shelf is located in front of the joint Queer_Fem office in the \u00d6H Bundesvertretung: Taubstummengasse 7-9, 1040 Vienna. Just ring the doorbell (\u00d6H reception), this will open it, then take the elevator to the 4th floor and press the door opener for the wing on the right. Don&#8217;t be shy, knock and go in. If you use a wheelchair, you can enter the premises via the courtyard to the right of the post office.<\/p>\n<h3>Have books &amp; co. sent to you!<\/h3>\n<p style=\"text-align: left;\">If you don&#8217;t have the possibility to drop by during opening hours (either because you don&#8217;t have time, can&#8217;t leave the house or simply don&#8217;t live in Vienna), the media will come to you &#8211; free of charge, of course. Just send us an email with your book\/DVD\/magazine\/etc. wishes and your address to  <a class=\"drupdown-inline drupdown-no-title drupdown-link drupdown-mailto\" href=\"mailto:queer@oeh.ac.at\">queer@oeh.ac.at<\/a> or at <a class=\"drupdown-inline drupdown-no-title drupdown-link drupdown-mailto\" href=\"mailto:femref@oeh.ac.at\">femref@oeh.ac.at.<\/a> Please plan a little time, depending on the loan status and the workload of the Austrian Student Union (\u00d6H), the shipping may be delayed. By the way, you do not have to pay for the return shipping yourself.<\/p>\n\t\t\t\t\t\t\t\t<\/div>\n\t\t\t\t<\/div>\n\t\t\t\t<\/div>\n\t\t\t\t\t<\/div>\n\t\t\t\t<\/div>\n\t\t\t\t<\/div>\n\t\t","protected":false},"excerpt":{"rendered":"<p>The joint library of Queer_Referat and the Department for Feminist Politics The offer You can find most of our media in the catalog. Main&#8230;<\/p>\n","protected":false},"author":22,"featured_media":0,"parent":96697,"menu_order":0,"comment_status":"closed","ping_status":"closed","template":"","meta":{"footnotes":""},"class_list":["post-96568","page","type-page","status-publish","hentry"],"yoast_head":"<!-- This site is optimized with the Yoast SEO plugin v25.9 - https:\/\/yoast.com\/wordpress\/plugins\/seo\/ -->\n<title>Queer_Feminist Library - \u00d6sterreichische Hochsch\u00fcler_innenschaft (\u00d6H)<\/title>\n<meta name=\"robots\" content=\"index, follow, max-snippet:-1, max-image-preview:large, max-video-preview:-1\" \/>\n<link rel=\"canonical\" href=\"https:\/\/www.oeh.ac.at\/en\/service\/queer_feminist-library\/\" \/>\n<meta property=\"og:locale\" content=\"en_US\" \/>\n<meta property=\"og:type\" content=\"article\" \/>\n<meta property=\"og:title\" content=\"Queer_Feminist Library - \u00d6sterreichische Hochsch\u00fcler_innenschaft (\u00d6H)\" \/>\n<meta property=\"og:description\" content=\"The joint library of Queer_Referat and the Department for Feminist Politics The offer You can find most of our media in the catalog. Main...\" \/>\n<meta property=\"og:url\" content=\"https:\/\/www.oeh.ac.at\/en\/service\/queer_feminist-library\/\" \/>\n<meta property=\"og:site_name\" content=\"\u00d6sterreichische Hochsch\u00fcler_innenschaft (\u00d6H)\" \/>\n<meta property=\"article:publisher\" content=\"https:\/\/facebook.com\/bundesoeh\" \/>\n<meta property=\"article:modified_time\" content=\"2023-11-21T11:18:22+00:00\" \/>\n<script type=\"application\/ld+json\" class=\"yoast-schema-graph\">{\"@context\":\"https:\/\/schema.org\",\"@graph\":[{\"@type\":\"WebPage\",\"@id\":\"https:\/\/www.oeh.ac.at\/en\/service\/queer_feminist-library\/\",\"url\":\"https:\/\/www.oeh.ac.at\/en\/service\/queer_feminist-library\/\",\"name\":\"Queer_Feminist Library - \u00d6sterreichische Hochsch\u00fcler_innenschaft (\u00d6H)\",\"isPartOf\":{\"@id\":\"https:\/\/www.oeh.ac.at\/en\/#website\"},\"datePublished\":\"2015-12-07T12:35:54+00:00\",\"dateModified\":\"2023-11-21T11:18:22+00:00\",\"breadcrumb\":{\"@id\":\"https:\/\/www.oeh.ac.at\/en\/service\/queer_feminist-library\/#breadcrumb\"},\"inLanguage\":\"en-US\",\"potentialAction\":[{\"@type\":\"ReadAction\",\"target\":[\"https:\/\/www.oeh.ac.at\/en\/service\/queer_feminist-library\/\"]}]},{\"@type\":\"BreadcrumbList\",\"@id\":\"https:\/\/www.oeh.ac.at\/en\/service\/queer_feminist-library\/#breadcrumb\",\"itemListElement\":[{\"@type\":\"ListItem\",\"position\":1,\"name\":\"Startseite\",\"item\":\"https:\/\/www.oeh.ac.at\/en\/\"},{\"@type\":\"ListItem\",\"position\":2,\"name\":\"Service\",\"item\":\"https:\/\/www.oeh.ac.at\/en\/service\/\"},{\"@type\":\"ListItem\",\"position\":3,\"name\":\"Queer_Feminist Library\"}]},{\"@type\":\"WebSite\",\"@id\":\"https:\/\/www.oeh.ac.at\/en\/#website\",\"url\":\"https:\/\/www.oeh.ac.at\/en\/\",\"name\":\"\u00d6sterreichische Hochsch\u00fcler_innenschaft\",\"description\":\"\",\"publisher\":{\"@id\":\"https:\/\/www.oeh.ac.at\/en\/#organization\"},\"alternateName\":\"\u00d6H\",\"potentialAction\":[{\"@type\":\"SearchAction\",\"target\":{\"@type\":\"EntryPoint\",\"urlTemplate\":\"https:\/\/www.oeh.ac.at\/en\/?s={search_term_string}\"},\"query-input\":{\"@type\":\"PropertyValueSpecification\",\"valueRequired\":true,\"valueName\":\"search_term_string\"}}],\"inLanguage\":\"en-US\"},{\"@type\":\"Organization\",\"@id\":\"https:\/\/www.oeh.ac.at\/en\/#organization\",\"name\":\"\u00d6sterreichische Hochsch\u00fcler_innenschaft\",\"alternateName\":\"\u00d6H\",\"url\":\"https:\/\/www.oeh.ac.at\/en\/\",\"logo\":{\"@type\":\"ImageObject\",\"inLanguage\":\"en-US\",\"@id\":\"https:\/\/www.oeh.ac.at\/en\/#\/schema\/logo\/image\/\",\"url\":\"https:\/\/www.oeh.ac.at\/wp-content\/uploads\/2023\/03\/OeH_Logo_white_RGB.png\",\"contentUrl\":\"https:\/\/www.oeh.ac.at\/wp-content\/uploads\/2023\/03\/OeH_Logo_white_RGB.png\",\"width\":1600,\"height\":1330,\"caption\":\"\u00d6sterreichische Hochsch\u00fcler_innenschaft\"},\"image\":{\"@id\":\"https:\/\/www.oeh.ac.at\/en\/#\/schema\/logo\/image\/\"},\"sameAs\":[\"https:\/\/facebook.com\/bundesoeh\",\"https:\/\/instagram.com\/bundesoeh\",\"https:\/\/youtube.com\/bundesoeh\",\"https:\/\/bsky.app\/profile\/bundesoeh.bsky.social\"]}]}<\/script>\n<!-- \/ Yoast SEO plugin. -->","yoast_head_json":{"title":"Queer_Feminist Library - \u00d6sterreichische Hochsch\u00fcler_innenschaft (\u00d6H)","robots":{"index":"index","follow":"follow","max-snippet":"max-snippet:-1","max-image-preview":"max-image-preview:large","max-video-preview":"max-video-preview:-1"},"canonical":"https:\/\/www.oeh.ac.at\/en\/service\/queer_feminist-library\/","og_locale":"en_US","og_type":"article","og_title":"Queer_Feminist Library - \u00d6sterreichische Hochsch\u00fcler_innenschaft (\u00d6H)","og_description":"The joint library of Queer_Referat and the Department for Feminist Politics The offer You can find most of our media in the catalog. Main...","og_url":"https:\/\/www.oeh.ac.at\/en\/service\/queer_feminist-library\/","og_site_name":"\u00d6sterreichische Hochsch\u00fcler_innenschaft (\u00d6H)","article_publisher":"https:\/\/facebook.com\/bundesoeh","article_modified_time":"2023-11-21T11:18:22+00:00","schema":{"@context":"https:\/\/schema.org","@graph":[{"@type":"WebPage","@id":"https:\/\/www.oeh.ac.at\/en\/service\/queer_feminist-library\/","url":"https:\/\/www.oeh.ac.at\/en\/service\/queer_feminist-library\/","name":"Queer_Feminist Library - \u00d6sterreichische Hochsch\u00fcler_innenschaft (\u00d6H)","isPartOf":{"@id":"https:\/\/www.oeh.ac.at\/en\/#website"},"datePublished":"2015-12-07T12:35:54+00:00","dateModified":"2023-11-21T11:18:22+00:00","breadcrumb":{"@id":"https:\/\/www.oeh.ac.at\/en\/service\/queer_feminist-library\/#breadcrumb"},"inLanguage":"en-US","potentialAction":[{"@type":"ReadAction","target":["https:\/\/www.oeh.ac.at\/en\/service\/queer_feminist-library\/"]}]},{"@type":"BreadcrumbList","@id":"https:\/\/www.oeh.ac.at\/en\/service\/queer_feminist-library\/#breadcrumb","itemListElement":[{"@type":"ListItem","position":1,"name":"Startseite","item":"https:\/\/www.oeh.ac.at\/en\/"},{"@type":"ListItem","position":2,"name":"Service","item":"https:\/\/www.oeh.ac.at\/en\/service\/"},{"@type":"ListItem","position":3,"name":"Queer_Feminist Library"}]},{"@type":"WebSite","@id":"https:\/\/www.oeh.ac.at\/en\/#website","url":"https:\/\/www.oeh.ac.at\/en\/","name":"\u00d6sterreichische Hochsch\u00fcler_innenschaft","description":"","publisher":{"@id":"https:\/\/www.oeh.ac.at\/en\/#organization"},"alternateName":"\u00d6H","potentialAction":[{"@type":"SearchAction","target":{"@type":"EntryPoint","urlTemplate":"https:\/\/www.oeh.ac.at\/en\/?s={search_term_string}"},"query-input":{"@type":"PropertyValueSpecification","valueRequired":true,"valueName":"search_term_string"}}],"inLanguage":"en-US"},{"@type":"Organization","@id":"https:\/\/www.oeh.ac.at\/en\/#organization","name":"\u00d6sterreichische Hochsch\u00fcler_innenschaft","alternateName":"\u00d6H","url":"https:\/\/www.oeh.ac.at\/en\/","logo":{"@type":"ImageObject","inLanguage":"en-US","@id":"https:\/\/www.oeh.ac.at\/en\/#\/schema\/logo\/image\/","url":"https:\/\/www.oeh.ac.at\/wp-content\/uploads\/2023\/03\/OeH_Logo_white_RGB.png","contentUrl":"https:\/\/www.oeh.ac.at\/wp-content\/uploads\/2023\/03\/OeH_Logo_white_RGB.png","width":1600,"height":1330,"caption":"\u00d6sterreichische Hochsch\u00fcler_innenschaft"},"image":{"@id":"https:\/\/www.oeh.ac.at\/en\/#\/schema\/logo\/image\/"},"sameAs":["https:\/\/facebook.com\/bundesoeh","https:\/\/instagram.com\/bundesoeh","https:\/\/youtube.com\/bundesoeh","https:\/\/bsky.app\/profile\/bundesoeh.bsky.social"]}]}},"_links":{"self":[{"href":"https:\/\/www.oeh.ac.at\/en\/wp-json\/wp\/v2\/pages\/96568","targetHints":{"allow":["GET"]}}],"collection":[{"href":"https:\/\/www.oeh.ac.at\/en\/wp-json\/wp\/v2\/pages"}],"about":[{"href":"https:\/\/www.oeh.ac.at\/en\/wp-json\/wp\/v2\/types\/page"}],"author":[{"embeddable":true,"href":"https:\/\/www.oeh.ac.at\/en\/wp-json\/wp\/v2\/users\/22"}],"replies":[{"embeddable":true,"href":"https:\/\/www.oeh.ac.at\/en\/wp-json\/wp\/v2\/comments?post=96568"}],"version-history":[{"count":0,"href":"https:\/\/www.oeh.ac.at\/en\/wp-json\/wp\/v2\/pages\/96568\/revisions"}],"up":[{"embeddable":true,"href":"https:\/\/www.oeh.ac.at\/en\/wp-json\/wp\/v2\/pages\/96697"}],"wp:attachment":[{"href":"https:\/\/www.oeh.ac.at\/en\/wp-json\/wp\/v2\/media?parent=96568"}],"curies":[{"name":"wp","href":"https:\/\/api.w.org\/{rel}","templated":true}]}}