{"id":96544,"date":"2017-12-14T20:49:45","date_gmt":"2017-12-14T20:49:45","guid":{"rendered":"https:\/\/www.oeh.ac.at\/we-burn-for-free-education\/"},"modified":"2023-06-13T17:06:15","modified_gmt":"2023-06-13T17:06:15","slug":"we-burn-for-free-education","status":"publish","type":"page","link":"https:\/\/www.oeh.ac.at\/en\/we-burn-for-free-education\/","title":{"rendered":"We burn for free education!"},"content":{"rendered":"\t\t<div data-elementor-type=\"wp-page\" data-elementor-id=\"96544\" class=\"elementor elementor-96544 elementor-6801\" data-elementor-post-type=\"page\">\n\t\t\t\t<div class=\"elementor-element elementor-element-18c84dc7 e-flex e-con-boxed e-con e-parent\" data-id=\"18c84dc7\" data-element_type=\"container\">\n\t\t\t\t\t<div class=\"e-con-inner\">\n\t\t\t\t<div class=\"elementor-element elementor-element-ad6ada2 elementor-widget elementor-widget-image\" data-id=\"ad6ada2\" data-element_type=\"widget\" data-widget_type=\"image.default\">\n\t\t\t\t<div class=\"elementor-widget-container\">\n\t\t\t\t\t\t\t\t\t\t\t\t\t\t\t<img fetchpriority=\"high\" decoding=\"async\" width=\"800\" height=\"305\" src=\"https:\/\/www.oeh.ac.at\/wp-content\/uploads\/2017\/12\/wirbrennen_fb_banner-f36-1024x391.png\" class=\"attachment-large size-large wp-image-6800\" alt=\"wirbrennen fb banner f36\" srcset=\"https:\/\/www.oeh.ac.at\/wp-content\/uploads\/2017\/12\/wirbrennen_fb_banner-f36-1024x391.png 1024w, https:\/\/www.oeh.ac.at\/wp-content\/uploads\/2017\/12\/wirbrennen_fb_banner-f36-600x229.png 600w, https:\/\/www.oeh.ac.at\/wp-content\/uploads\/2017\/12\/wirbrennen_fb_banner-f36-300x115.png 300w, https:\/\/www.oeh.ac.at\/wp-content\/uploads\/2017\/12\/wirbrennen_fb_banner-f36-768x293.png 768w, https:\/\/www.oeh.ac.at\/wp-content\/uploads\/2017\/12\/wirbrennen_fb_banner-f36-1536x587.png 1536w, https:\/\/www.oeh.ac.at\/wp-content\/uploads\/2017\/12\/wirbrennen_fb_banner-f36.png 2000w\" sizes=\"(max-width: 800px) 100vw, 800px\" \/>\t\t\t\t\t\t\t\t\t\t\t\t\t\t\t<\/div>\n\t\t\t\t<\/div>\n\t\t\t\t<div class=\"elementor-element elementor-element-d9246a4 elementor-widget elementor-widget-text-editor\" data-id=\"d9246a4\" data-element_type=\"widget\" data-widget_type=\"text-editor.default\">\n\t\t\t\t<div class=\"elementor-widget-container\">\n\t\t\t\t\t\t\t\t\t<p><b>Free education for all! &#8211; Against tuition fees<\/b><\/p>\n<p>Now it is clear what the black-blue federal government has planned for us students: Massive deteriorations &#8211; from tuition fees, to exmatriculation for prolonged exam inactivity, to a reduction in the number of exams taken. In addition, the \u00d6H&#8217;s rights of appeal are to be restricted, which would mean the end of independent representation of interests. The \u00d6H thus becomes the extended arm of the ministry, which muzzles us students and massively restricts our rights. The social consequences of reintroducing tuition fees would be devastating: when tuition fees were last introduced in 2002, 45,000 students had to drop out of their studies from one semester to the next. This is anti-student policy that we cannot stand by and do nothing about!<\/p>\n<h2>OUR PETITION<\/h2>\n<p><b>Demand to \u00d6VP and FP\u00d6: Against the introduction of tuition fees!<\/b><\/p>\n<p>As on 14.12. \u00d6VP and FP\u00d6 have agreed on the introduction of nationwide tuition fees. We, the Austrian National Union of Students, decisively oppose this plan, which would be irresponsible from both a social and a study law perspective.<\/p>\n<p>&#8220;The fact that we have not yet closed the chapter of nationwide tuition fees once and for all does not give Austria as a higher education area a good report card,&#8221; Johanna Zechmeister, Hannah Lutz and Marita Gasteiger from the chair team of the \u00d6H-Bundesvertretung show their lack of understanding.<\/p>\n<p>The administrative burden that would result from the introduction of such fees would be enormous. In addition, Austria&#8217;s types of higher education institutions are currently subject to five different federal laws, which would not even make it possible to regulate the collection, administration and use of contributions in a uniform manner.<\/p>\n<p>In addition to the legal aspects of studying, tuition fees have fatal consequences for students from weaker socio-economic backgrounds. A look at the 2002 student social survey shows the consequences of the introduction of nationwide fees at that time: around 45,000 students had to drop out of their studies in 2001 because the financial pressure became too great for them. Applied to the realities of life today, this number could increase dramatically. Particularly in the area of education, savings are a fatal signal to future generations. In a country like Austria, where education is one of the most important resources, the introduction of nationwide tuition fees would be a capitulation to the challenges of higher education.<\/p>\n<p>The \u00d6H wants to provide solid proposals for the financing of the higher education sector. We will continue to bring these proposals to the negotiating table in order to make it possible for students to study regardless of their social background. Tuition fees are a step in the wrong direction!<\/p>\n<p><a class=\"drupdown-inline drupdown-link external-processed\" title=\"Sign now\" href=\"http:\/\/www.openpetition.eu\/!freiebildung\" target=\"_blank\" rel=\"noopener\">Sign now<\/a><\/p>\n\t\t\t\t\t\t\t\t<\/div>\n\t\t\t\t<\/div>\n\t\t\t\t\t<\/div>\n\t\t\t\t<\/div>\n\t\t\t\t<\/div>\n\t\t","protected":false},"excerpt":{"rendered":"<p>Free education for all! &#8211; Against tuition fees Now it is clear what the black-blue federal government has planned for us students: Massive deteriorations&#8230;<\/p>\n","protected":false},"author":22,"featured_media":6800,"parent":0,"menu_order":0,"comment_status":"closed","ping_status":"closed","template":"","meta":{"footnotes":""},"class_list":["post-96544","page","type-page","status-publish","has-post-thumbnail","hentry"],"yoast_head":"<!-- This site is optimized with the Yoast SEO plugin v25.9 - https:\/\/yoast.com\/wordpress\/plugins\/seo\/ -->\n<title>We burn for free education! - \u00d6H<\/title>\n<meta name=\"description\" content=\"We share your passion for free education and are committed to making education accessible and affordable for all.\" \/>\n<meta name=\"robots\" content=\"index, follow, max-snippet:-1, max-image-preview:large, max-video-preview:-1\" \/>\n<link rel=\"canonical\" href=\"https:\/\/www.oeh.ac.at\/en\/we-burn-for-free-education\/\" \/>\n<meta property=\"og:locale\" content=\"en_US\" \/>\n<meta property=\"og:type\" content=\"article\" \/>\n<meta property=\"og:title\" content=\"We burn for free education! - \u00d6H\" \/>\n<meta property=\"og:description\" content=\"We share your passion for free education and are committed to making education accessible and affordable for all.\" \/>\n<meta property=\"og:url\" content=\"https:\/\/www.oeh.ac.at\/en\/we-burn-for-free-education\/\" \/>\n<meta property=\"og:site_name\" content=\"\u00d6sterreichische Hochsch\u00fcler_innenschaft (\u00d6H)\" \/>\n<meta property=\"article:publisher\" content=\"https:\/\/facebook.com\/bundesoeh\" \/>\n<meta property=\"article:modified_time\" content=\"2023-06-13T17:06:15+00:00\" \/>\n<meta property=\"og:image\" content=\"https:\/\/www.oeh.ac.at\/wp-content\/uploads\/2017\/12\/wirbrennen_fb_banner-f36.png\" \/>\n\t<meta property=\"og:image:width\" content=\"2000\" \/>\n\t<meta property=\"og:image:height\" content=\"764\" \/>\n\t<meta property=\"og:image:type\" content=\"image\/png\" \/>\n<script type=\"application\/ld+json\" class=\"yoast-schema-graph\">{\"@context\":\"https:\/\/schema.org\",\"@graph\":[{\"@type\":\"WebPage\",\"@id\":\"https:\/\/www.oeh.ac.at\/en\/we-burn-for-free-education\/\",\"url\":\"https:\/\/www.oeh.ac.at\/en\/we-burn-for-free-education\/\",\"name\":\"We burn for free education! - \u00d6H\",\"isPartOf\":{\"@id\":\"https:\/\/www.oeh.ac.at\/en\/#website\"},\"primaryImageOfPage\":{\"@id\":\"https:\/\/www.oeh.ac.at\/en\/we-burn-for-free-education\/#primaryimage\"},\"image\":{\"@id\":\"https:\/\/www.oeh.ac.at\/en\/we-burn-for-free-education\/#primaryimage\"},\"thumbnailUrl\":\"https:\/\/www.oeh.ac.at\/wp-content\/uploads\/2017\/12\/wirbrennen_fb_banner-f36.png\",\"datePublished\":\"2017-12-14T20:49:45+00:00\",\"dateModified\":\"2023-06-13T17:06:15+00:00\",\"description\":\"We share your passion for free education and are committed to making education accessible and affordable for all.\",\"breadcrumb\":{\"@id\":\"https:\/\/www.oeh.ac.at\/en\/we-burn-for-free-education\/#breadcrumb\"},\"inLanguage\":\"en-US\",\"potentialAction\":[{\"@type\":\"ReadAction\",\"target\":[\"https:\/\/www.oeh.ac.at\/en\/we-burn-for-free-education\/\"]}]},{\"@type\":\"ImageObject\",\"inLanguage\":\"en-US\",\"@id\":\"https:\/\/www.oeh.ac.at\/en\/we-burn-for-free-education\/#primaryimage\",\"url\":\"https:\/\/www.oeh.ac.at\/wp-content\/uploads\/2017\/12\/wirbrennen_fb_banner-f36.png\",\"contentUrl\":\"https:\/\/www.oeh.ac.at\/wp-content\/uploads\/2017\/12\/wirbrennen_fb_banner-f36.png\",\"width\":2000,\"height\":764,\"caption\":\"wirbrennen fb banner f36\"},{\"@type\":\"BreadcrumbList\",\"@id\":\"https:\/\/www.oeh.ac.at\/en\/we-burn-for-free-education\/#breadcrumb\",\"itemListElement\":[{\"@type\":\"ListItem\",\"position\":1,\"name\":\"Startseite\",\"item\":\"https:\/\/www.oeh.ac.at\/en\/\"},{\"@type\":\"ListItem\",\"position\":2,\"name\":\"We burn for free education!\"}]},{\"@type\":\"WebSite\",\"@id\":\"https:\/\/www.oeh.ac.at\/en\/#website\",\"url\":\"https:\/\/www.oeh.ac.at\/en\/\",\"name\":\"\u00d6sterreichische Hochsch\u00fcler_innenschaft\",\"description\":\"\",\"publisher\":{\"@id\":\"https:\/\/www.oeh.ac.at\/en\/#organization\"},\"alternateName\":\"\u00d6H\",\"potentialAction\":[{\"@type\":\"SearchAction\",\"target\":{\"@type\":\"EntryPoint\",\"urlTemplate\":\"https:\/\/www.oeh.ac.at\/en\/?s={search_term_string}\"},\"query-input\":{\"@type\":\"PropertyValueSpecification\",\"valueRequired\":true,\"valueName\":\"search_term_string\"}}],\"inLanguage\":\"en-US\"},{\"@type\":\"Organization\",\"@id\":\"https:\/\/www.oeh.ac.at\/en\/#organization\",\"name\":\"\u00d6sterreichische Hochsch\u00fcler_innenschaft\",\"alternateName\":\"\u00d6H\",\"url\":\"https:\/\/www.oeh.ac.at\/en\/\",\"logo\":{\"@type\":\"ImageObject\",\"inLanguage\":\"en-US\",\"@id\":\"https:\/\/www.oeh.ac.at\/en\/#\/schema\/logo\/image\/\",\"url\":\"https:\/\/www.oeh.ac.at\/wp-content\/uploads\/2023\/03\/OeH_Logo_white_RGB.png\",\"contentUrl\":\"https:\/\/www.oeh.ac.at\/wp-content\/uploads\/2023\/03\/OeH_Logo_white_RGB.png\",\"width\":1600,\"height\":1330,\"caption\":\"\u00d6sterreichische Hochsch\u00fcler_innenschaft\"},\"image\":{\"@id\":\"https:\/\/www.oeh.ac.at\/en\/#\/schema\/logo\/image\/\"},\"sameAs\":[\"https:\/\/facebook.com\/bundesoeh\",\"https:\/\/instagram.com\/bundesoeh\",\"https:\/\/youtube.com\/bundesoeh\",\"https:\/\/bsky.app\/profile\/bundesoeh.bsky.social\"]}]}<\/script>\n<!-- \/ Yoast SEO plugin. -->","yoast_head_json":{"title":"We burn for free education! - \u00d6H","description":"We share your passion for free education and are committed to making education accessible and affordable for all.","robots":{"index":"index","follow":"follow","max-snippet":"max-snippet:-1","max-image-preview":"max-image-preview:large","max-video-preview":"max-video-preview:-1"},"canonical":"https:\/\/www.oeh.ac.at\/en\/we-burn-for-free-education\/","og_locale":"en_US","og_type":"article","og_title":"We burn for free education! - \u00d6H","og_description":"We share your passion for free education and are committed to making education accessible and affordable for all.","og_url":"https:\/\/www.oeh.ac.at\/en\/we-burn-for-free-education\/","og_site_name":"\u00d6sterreichische Hochsch\u00fcler_innenschaft (\u00d6H)","article_publisher":"https:\/\/facebook.com\/bundesoeh","article_modified_time":"2023-06-13T17:06:15+00:00","og_image":[{"width":2000,"height":764,"url":"https:\/\/www.oeh.ac.at\/wp-content\/uploads\/2017\/12\/wirbrennen_fb_banner-f36.png","type":"image\/png"}],"schema":{"@context":"https:\/\/schema.org","@graph":[{"@type":"WebPage","@id":"https:\/\/www.oeh.ac.at\/en\/we-burn-for-free-education\/","url":"https:\/\/www.oeh.ac.at\/en\/we-burn-for-free-education\/","name":"We burn for free education! - \u00d6H","isPartOf":{"@id":"https:\/\/www.oeh.ac.at\/en\/#website"},"primaryImageOfPage":{"@id":"https:\/\/www.oeh.ac.at\/en\/we-burn-for-free-education\/#primaryimage"},"image":{"@id":"https:\/\/www.oeh.ac.at\/en\/we-burn-for-free-education\/#primaryimage"},"thumbnailUrl":"https:\/\/www.oeh.ac.at\/wp-content\/uploads\/2017\/12\/wirbrennen_fb_banner-f36.png","datePublished":"2017-12-14T20:49:45+00:00","dateModified":"2023-06-13T17:06:15+00:00","description":"We share your passion for free education and are committed to making education accessible and affordable for all.","breadcrumb":{"@id":"https:\/\/www.oeh.ac.at\/en\/we-burn-for-free-education\/#breadcrumb"},"inLanguage":"en-US","potentialAction":[{"@type":"ReadAction","target":["https:\/\/www.oeh.ac.at\/en\/we-burn-for-free-education\/"]}]},{"@type":"ImageObject","inLanguage":"en-US","@id":"https:\/\/www.oeh.ac.at\/en\/we-burn-for-free-education\/#primaryimage","url":"https:\/\/www.oeh.ac.at\/wp-content\/uploads\/2017\/12\/wirbrennen_fb_banner-f36.png","contentUrl":"https:\/\/www.oeh.ac.at\/wp-content\/uploads\/2017\/12\/wirbrennen_fb_banner-f36.png","width":2000,"height":764,"caption":"wirbrennen fb banner f36"},{"@type":"BreadcrumbList","@id":"https:\/\/www.oeh.ac.at\/en\/we-burn-for-free-education\/#breadcrumb","itemListElement":[{"@type":"ListItem","position":1,"name":"Startseite","item":"https:\/\/www.oeh.ac.at\/en\/"},{"@type":"ListItem","position":2,"name":"We burn for free education!"}]},{"@type":"WebSite","@id":"https:\/\/www.oeh.ac.at\/en\/#website","url":"https:\/\/www.oeh.ac.at\/en\/","name":"\u00d6sterreichische Hochsch\u00fcler_innenschaft","description":"","publisher":{"@id":"https:\/\/www.oeh.ac.at\/en\/#organization"},"alternateName":"\u00d6H","potentialAction":[{"@type":"SearchAction","target":{"@type":"EntryPoint","urlTemplate":"https:\/\/www.oeh.ac.at\/en\/?s={search_term_string}"},"query-input":{"@type":"PropertyValueSpecification","valueRequired":true,"valueName":"search_term_string"}}],"inLanguage":"en-US"},{"@type":"Organization","@id":"https:\/\/www.oeh.ac.at\/en\/#organization","name":"\u00d6sterreichische Hochsch\u00fcler_innenschaft","alternateName":"\u00d6H","url":"https:\/\/www.oeh.ac.at\/en\/","logo":{"@type":"ImageObject","inLanguage":"en-US","@id":"https:\/\/www.oeh.ac.at\/en\/#\/schema\/logo\/image\/","url":"https:\/\/www.oeh.ac.at\/wp-content\/uploads\/2023\/03\/OeH_Logo_white_RGB.png","contentUrl":"https:\/\/www.oeh.ac.at\/wp-content\/uploads\/2023\/03\/OeH_Logo_white_RGB.png","width":1600,"height":1330,"caption":"\u00d6sterreichische Hochsch\u00fcler_innenschaft"},"image":{"@id":"https:\/\/www.oeh.ac.at\/en\/#\/schema\/logo\/image\/"},"sameAs":["https:\/\/facebook.com\/bundesoeh","https:\/\/instagram.com\/bundesoeh","https:\/\/youtube.com\/bundesoeh","https:\/\/bsky.app\/profile\/bundesoeh.bsky.social"]}]}},"_links":{"self":[{"href":"https:\/\/www.oeh.ac.at\/en\/wp-json\/wp\/v2\/pages\/96544","targetHints":{"allow":["GET"]}}],"collection":[{"href":"https:\/\/www.oeh.ac.at\/en\/wp-json\/wp\/v2\/pages"}],"about":[{"href":"https:\/\/www.oeh.ac.at\/en\/wp-json\/wp\/v2\/types\/page"}],"author":[{"embeddable":true,"href":"https:\/\/www.oeh.ac.at\/en\/wp-json\/wp\/v2\/users\/22"}],"replies":[{"embeddable":true,"href":"https:\/\/www.oeh.ac.at\/en\/wp-json\/wp\/v2\/comments?post=96544"}],"version-history":[{"count":0,"href":"https:\/\/www.oeh.ac.at\/en\/wp-json\/wp\/v2\/pages\/96544\/revisions"}],"wp:featuredmedia":[{"embeddable":true,"href":"https:\/\/www.oeh.ac.at\/en\/wp-json\/wp\/v2\/media\/6800"}],"wp:attachment":[{"href":"https:\/\/www.oeh.ac.at\/en\/wp-json\/wp\/v2\/media?parent=96544"}],"curies":[{"name":"wp","href":"https:\/\/api.w.org\/{rel}","templated":true}]}}