{"id":96481,"date":"2022-01-21T09:12:51","date_gmt":"2022-01-21T08:12:51","guid":{"rendered":"https:\/\/www.oeh.ac.at\/mental-health-group-services\/"},"modified":"2025-10-16T13:37:25","modified_gmt":"2025-10-16T11:37:25","slug":"mental-health-group-services","status":"publish","type":"page","link":"https:\/\/www.oeh.ac.at\/en\/mental-health-group-services\/","title":{"rendered":"Mental Health Group Services"},"content":{"rendered":"\t\t<div data-elementor-type=\"wp-page\" data-elementor-id=\"96481\" class=\"elementor elementor-96481 elementor-7201\" data-elementor-post-type=\"page\">\n\t\t\t\t<div class=\"elementor-element elementor-element-7a0fdcf e-flex e-con-boxed e-con e-parent\" data-id=\"7a0fdcf\" data-element_type=\"container\" data-e-type=\"container\">\n\t\t\t\t\t<div class=\"e-con-inner\">\n\t\t\t\t<div class=\"elementor-element elementor-element-fdb0fa2 elementor-widget elementor-widget-image\" data-id=\"fdb0fa2\" data-element_type=\"widget\" data-e-type=\"widget\" data-widget_type=\"image.default\">\n\t\t\t\t<div class=\"elementor-widget-container\">\n\t\t\t\t\t\t\t\t\t\t\t\t\t\t\t<img fetchpriority=\"high\" decoding=\"async\" width=\"800\" height=\"534\" src=\"https:\/\/www.oeh.ac.at\/wp-content\/uploads\/2022\/08\/max-van-den-oetelaar-buymym3rq3u-unsplash1-d2a-1024x683.jpg\" class=\"attachment-large size-large wp-image-8873\" alt=\"max van den oetelaar buymym3rq3u unsplash1 d2a scaled\" srcset=\"https:\/\/www.oeh.ac.at\/wp-content\/uploads\/2022\/08\/max-van-den-oetelaar-buymym3rq3u-unsplash1-d2a-1024x683.jpg 1024w, https:\/\/www.oeh.ac.at\/wp-content\/uploads\/2022\/08\/max-van-den-oetelaar-buymym3rq3u-unsplash1-d2a-scaled-600x400.jpg 600w, https:\/\/www.oeh.ac.at\/wp-content\/uploads\/2022\/08\/max-van-den-oetelaar-buymym3rq3u-unsplash1-d2a-300x200.jpg 300w, https:\/\/www.oeh.ac.at\/wp-content\/uploads\/2022\/08\/max-van-den-oetelaar-buymym3rq3u-unsplash1-d2a-768x512.jpg 768w, https:\/\/www.oeh.ac.at\/wp-content\/uploads\/2022\/08\/max-van-den-oetelaar-buymym3rq3u-unsplash1-d2a-1536x1024.jpg 1536w, https:\/\/www.oeh.ac.at\/wp-content\/uploads\/2022\/08\/max-van-den-oetelaar-buymym3rq3u-unsplash1-d2a-2048x1365.jpg 2048w\" sizes=\"(max-width: 800px) 100vw, 800px\" \/>\t\t\t\t\t\t\t\t\t\t\t\t\t\t\t<\/div>\n\t\t\t\t<\/div>\n\t\t\t\t<div class=\"elementor-element elementor-element-8e8cd14 elementor-widget elementor-widget-text-editor\" data-id=\"8e8cd14\" data-element_type=\"widget\" data-e-type=\"widget\" data-widget_type=\"text-editor.default\">\n\t\t\t\t<div class=\"elementor-widget-container\">\n\t\t\t\t\t\t\t\t\t<p><strong>There will be no group offers from the Federal Student Union (\u00d6H) in the winter semester 2025\/26. Here you will find a summary of some offers and financing options that we can recommend.<\/strong><\/p><p><strong>\u00d6H Helpline:<\/strong><br \/>If you are experiencing mental health issues or challenges, or if you need assistance in finding therapy, please contact our \u00d6H Helpline:<\/p><p><a href=\"https:\/\/www.oeh.ac.at\/helpline\/\">\u00d6H Helpline &#8211; \u00d6sterreichische Hochsch\u00fcler_innenschaft (\u00d6H)<\/a><\/p><h3><b>Other services:<\/b><\/h3><p><a href=\"https:\/\/ambulanz.sfu.ac.at\/en\/\">&#8211; <b>SFU Clinic<\/b><\/a><\/p><p><strong>&#8211; Psychological Student Counseling<\/strong><br \/>In addition, there is also the option of taking advantage of various support services offered by <a href=\"https:\/\/www.studierendenberatung.at\/en\/\">Psychological Student Counseling<\/a>. These primarily offer guidance and decision-making assistance, support in dealing with problems, and help in developing solutions through clinical psychological counseling, treatment, and psychotherapy. If indicated, it also helps to find suitable and affordable psychotherapeutic treatment in private practice.<\/p><p>The Psychological Student Counseling Service in Vienna offers various groups on exam anxiety, learning training, choice of study, theses, and diploma students.<\/p><p><strong>&#8211; Counseling by the Social Department of the \u00d6H Federal Representation<\/strong><br \/>The social counseling service of the <a href=\"https:\/\/www.oeh.ac.at\/en\/counseling\/social-counseling\/\">\u00d6H&#8217;s Department of Social Policy<\/a> can provide you with information if you are experiencing financial difficulties. They offer advice on the legal consequences of financial aid and options for study delays due to mental illness.<\/p><p><strong>&#8211; \u00d6H Psychotherapy Fund<\/strong><br \/>Thanks to the \u00d6H, counseling via the helpline is free of charge for you and you can find an affordable therapy place.<\/p><p>However, as psychotherapy can still represent a significant financial burden, the \u00d6H Social Fund offers the Psychotherapy Fund. You can find more information on the <a href=\"https:\/\/www.oeh.ac.at\/en\/service\/funding-pots\/social-fund\/\">\u00d6H Social Fund<\/a> website.<\/p>\t\t\t\t\t\t\t\t<\/div>\n\t\t\t\t<\/div>\n\t\t\t\t\t<\/div>\n\t\t\t\t<\/div>\n\t\t\t\t<\/div>\n\t\t","protected":false},"excerpt":{"rendered":"<p>There will be no group offers from the Federal Student Union (\u00d6H) in the winter semester 2025\/26. Here you will find a summary of&#8230;<\/p>\n","protected":false},"author":22,"featured_media":8873,"parent":0,"menu_order":0,"comment_status":"closed","ping_status":"closed","template":"","meta":{"footnotes":""},"class_list":["post-96481","page","type-page","status-publish","has-post-thumbnail","hentry"],"yoast_head":"<!-- This site is optimized with the Yoast SEO plugin v27.6 - https:\/\/yoast.com\/product\/yoast-seo-wordpress\/ -->\n<title>Mental Health Group Services - \u00d6H<\/title>\n<meta name=\"description\" content=\"Discover the diverse Mental Health group offers of the \u00d6sterreichische Hochsch\u00fcler_innenschaft (\u00d6H). Find support, community and professional guidance to strengthen your mental health.\" \/>\n<meta name=\"robots\" content=\"index, follow, max-snippet:-1, max-image-preview:large, max-video-preview:-1\" \/>\n<link rel=\"canonical\" href=\"https:\/\/www.oeh.ac.at\/en\/mental-health-group-services\/\" \/>\n<meta property=\"og:locale\" content=\"en_US\" \/>\n<meta property=\"og:type\" content=\"article\" \/>\n<meta property=\"og:title\" content=\"Mental Health Group Services - \u00d6H\" \/>\n<meta property=\"og:description\" content=\"Discover the diverse Mental Health group offers of the \u00d6sterreichische Hochsch\u00fcler_innenschaft (\u00d6H). Find support, community and professional guidance to strengthen your mental health.\" \/>\n<meta property=\"og:url\" content=\"https:\/\/www.oeh.ac.at\/en\/mental-health-group-services\/\" \/>\n<meta property=\"og:site_name\" content=\"\u00d6sterreichische Hochsch\u00fcler_innenschaft (\u00d6H)\" \/>\n<meta property=\"article:publisher\" content=\"https:\/\/facebook.com\/bundesoeh\" \/>\n<meta property=\"article:modified_time\" content=\"2025-10-16T11:37:25+00:00\" \/>\n<meta property=\"og:image\" content=\"https:\/\/www.oeh.ac.at\/wp-content\/uploads\/2022\/08\/max-van-den-oetelaar-buymym3rq3u-unsplash1-d2a-scaled.jpg\" \/>\n\t<meta property=\"og:image:width\" content=\"2560\" \/>\n\t<meta property=\"og:image:height\" content=\"1707\" \/>\n\t<meta property=\"og:image:type\" content=\"image\/jpeg\" \/>\n<script type=\"application\/ld+json\" class=\"yoast-schema-graph\">{\"@context\":\"https:\\\/\\\/schema.org\",\"@graph\":[{\"@type\":\"WebPage\",\"@id\":\"https:\\\/\\\/www.oeh.ac.at\\\/en\\\/mental-health-group-services\\\/\",\"url\":\"https:\\\/\\\/www.oeh.ac.at\\\/en\\\/mental-health-group-services\\\/\",\"name\":\"Mental Health Group Services - \u00d6H\",\"isPartOf\":{\"@id\":\"https:\\\/\\\/www.oeh.ac.at\\\/en\\\/#website\"},\"primaryImageOfPage\":{\"@id\":\"https:\\\/\\\/www.oeh.ac.at\\\/en\\\/mental-health-group-services\\\/#primaryimage\"},\"image\":{\"@id\":\"https:\\\/\\\/www.oeh.ac.at\\\/en\\\/mental-health-group-services\\\/#primaryimage\"},\"thumbnailUrl\":\"https:\\\/\\\/www.oeh.ac.at\\\/wp-content\\\/uploads\\\/2022\\\/08\\\/max-van-den-oetelaar-buymym3rq3u-unsplash1-d2a-scaled.jpg\",\"datePublished\":\"2022-01-21T08:12:51+00:00\",\"dateModified\":\"2025-10-16T11:37:25+00:00\",\"description\":\"Discover the diverse Mental Health group offers of the \u00d6sterreichische Hochsch\u00fcler_innenschaft (\u00d6H). Find support, community and professional guidance to strengthen your mental health.\",\"breadcrumb\":{\"@id\":\"https:\\\/\\\/www.oeh.ac.at\\\/en\\\/mental-health-group-services\\\/#breadcrumb\"},\"inLanguage\":\"en-US\",\"potentialAction\":[{\"@type\":\"ReadAction\",\"target\":[\"https:\\\/\\\/www.oeh.ac.at\\\/en\\\/mental-health-group-services\\\/\"]}]},{\"@type\":\"ImageObject\",\"inLanguage\":\"en-US\",\"@id\":\"https:\\\/\\\/www.oeh.ac.at\\\/en\\\/mental-health-group-services\\\/#primaryimage\",\"url\":\"https:\\\/\\\/www.oeh.ac.at\\\/wp-content\\\/uploads\\\/2022\\\/08\\\/max-van-den-oetelaar-buymym3rq3u-unsplash1-d2a-scaled.jpg\",\"contentUrl\":\"https:\\\/\\\/www.oeh.ac.at\\\/wp-content\\\/uploads\\\/2022\\\/08\\\/max-van-den-oetelaar-buymym3rq3u-unsplash1-d2a-scaled.jpg\",\"width\":2560,\"height\":1707,\"caption\":\"max van den oetelaar buymym3rq3u unsplash1 d2a scaled\"},{\"@type\":\"BreadcrumbList\",\"@id\":\"https:\\\/\\\/www.oeh.ac.at\\\/en\\\/mental-health-group-services\\\/#breadcrumb\",\"itemListElement\":[{\"@type\":\"ListItem\",\"position\":1,\"name\":\"Startseite\",\"item\":\"https:\\\/\\\/www.oeh.ac.at\\\/en\\\/\"},{\"@type\":\"ListItem\",\"position\":2,\"name\":\"Mental Health Group Services\"}]},{\"@type\":\"WebSite\",\"@id\":\"https:\\\/\\\/www.oeh.ac.at\\\/en\\\/#website\",\"url\":\"https:\\\/\\\/www.oeh.ac.at\\\/en\\\/\",\"name\":\"\u00d6sterreichische Hochsch\u00fcler_innenschaft\",\"description\":\"\",\"publisher\":{\"@id\":\"https:\\\/\\\/www.oeh.ac.at\\\/en\\\/#organization\"},\"alternateName\":\"\u00d6H\",\"potentialAction\":[{\"@type\":\"SearchAction\",\"target\":{\"@type\":\"EntryPoint\",\"urlTemplate\":\"https:\\\/\\\/www.oeh.ac.at\\\/en\\\/?s={search_term_string}\"},\"query-input\":{\"@type\":\"PropertyValueSpecification\",\"valueRequired\":true,\"valueName\":\"search_term_string\"}}],\"inLanguage\":\"en-US\"},{\"@type\":\"Organization\",\"@id\":\"https:\\\/\\\/www.oeh.ac.at\\\/en\\\/#organization\",\"name\":\"\u00d6sterreichische Hochsch\u00fcler_innenschaft\",\"alternateName\":\"\u00d6H\",\"url\":\"https:\\\/\\\/www.oeh.ac.at\\\/en\\\/\",\"logo\":{\"@type\":\"ImageObject\",\"inLanguage\":\"en-US\",\"@id\":\"https:\\\/\\\/www.oeh.ac.at\\\/en\\\/#\\\/schema\\\/logo\\\/image\\\/\",\"url\":\"https:\\\/\\\/www.oeh.ac.at\\\/wp-content\\\/uploads\\\/2023\\\/03\\\/OeH_Logo_white_RGB.png\",\"contentUrl\":\"https:\\\/\\\/www.oeh.ac.at\\\/wp-content\\\/uploads\\\/2023\\\/03\\\/OeH_Logo_white_RGB.png\",\"width\":1600,\"height\":1330,\"caption\":\"\u00d6sterreichische Hochsch\u00fcler_innenschaft\"},\"image\":{\"@id\":\"https:\\\/\\\/www.oeh.ac.at\\\/en\\\/#\\\/schema\\\/logo\\\/image\\\/\"},\"sameAs\":[\"https:\\\/\\\/facebook.com\\\/bundesoeh\",\"https:\\\/\\\/instagram.com\\\/bundesoeh\",\"https:\\\/\\\/youtube.com\\\/bundesoeh\",\"https:\\\/\\\/bsky.app\\\/profile\\\/bundesoeh.bsky.social\"]}]}<\/script>\n<!-- \/ Yoast SEO plugin. -->","yoast_head_json":{"title":"Mental Health Group Services - \u00d6H","description":"Discover the diverse Mental Health group offers of the \u00d6sterreichische Hochsch\u00fcler_innenschaft (\u00d6H). Find support, community and professional guidance to strengthen your mental health.","robots":{"index":"index","follow":"follow","max-snippet":"max-snippet:-1","max-image-preview":"max-image-preview:large","max-video-preview":"max-video-preview:-1"},"canonical":"https:\/\/www.oeh.ac.at\/en\/mental-health-group-services\/","og_locale":"en_US","og_type":"article","og_title":"Mental Health Group Services - \u00d6H","og_description":"Discover the diverse Mental Health group offers of the \u00d6sterreichische Hochsch\u00fcler_innenschaft (\u00d6H). Find support, community and professional guidance to strengthen your mental health.","og_url":"https:\/\/www.oeh.ac.at\/en\/mental-health-group-services\/","og_site_name":"\u00d6sterreichische Hochsch\u00fcler_innenschaft (\u00d6H)","article_publisher":"https:\/\/facebook.com\/bundesoeh","article_modified_time":"2025-10-16T11:37:25+00:00","og_image":[{"width":2560,"height":1707,"url":"https:\/\/www.oeh.ac.at\/wp-content\/uploads\/2022\/08\/max-van-den-oetelaar-buymym3rq3u-unsplash1-d2a-scaled.jpg","type":"image\/jpeg"}],"schema":{"@context":"https:\/\/schema.org","@graph":[{"@type":"WebPage","@id":"https:\/\/www.oeh.ac.at\/en\/mental-health-group-services\/","url":"https:\/\/www.oeh.ac.at\/en\/mental-health-group-services\/","name":"Mental Health Group Services - \u00d6H","isPartOf":{"@id":"https:\/\/www.oeh.ac.at\/en\/#website"},"primaryImageOfPage":{"@id":"https:\/\/www.oeh.ac.at\/en\/mental-health-group-services\/#primaryimage"},"image":{"@id":"https:\/\/www.oeh.ac.at\/en\/mental-health-group-services\/#primaryimage"},"thumbnailUrl":"https:\/\/www.oeh.ac.at\/wp-content\/uploads\/2022\/08\/max-van-den-oetelaar-buymym3rq3u-unsplash1-d2a-scaled.jpg","datePublished":"2022-01-21T08:12:51+00:00","dateModified":"2025-10-16T11:37:25+00:00","description":"Discover the diverse Mental Health group offers of the \u00d6sterreichische Hochsch\u00fcler_innenschaft (\u00d6H). Find support, community and professional guidance to strengthen your mental health.","breadcrumb":{"@id":"https:\/\/www.oeh.ac.at\/en\/mental-health-group-services\/#breadcrumb"},"inLanguage":"en-US","potentialAction":[{"@type":"ReadAction","target":["https:\/\/www.oeh.ac.at\/en\/mental-health-group-services\/"]}]},{"@type":"ImageObject","inLanguage":"en-US","@id":"https:\/\/www.oeh.ac.at\/en\/mental-health-group-services\/#primaryimage","url":"https:\/\/www.oeh.ac.at\/wp-content\/uploads\/2022\/08\/max-van-den-oetelaar-buymym3rq3u-unsplash1-d2a-scaled.jpg","contentUrl":"https:\/\/www.oeh.ac.at\/wp-content\/uploads\/2022\/08\/max-van-den-oetelaar-buymym3rq3u-unsplash1-d2a-scaled.jpg","width":2560,"height":1707,"caption":"max van den oetelaar buymym3rq3u unsplash1 d2a scaled"},{"@type":"BreadcrumbList","@id":"https:\/\/www.oeh.ac.at\/en\/mental-health-group-services\/#breadcrumb","itemListElement":[{"@type":"ListItem","position":1,"name":"Startseite","item":"https:\/\/www.oeh.ac.at\/en\/"},{"@type":"ListItem","position":2,"name":"Mental Health Group Services"}]},{"@type":"WebSite","@id":"https:\/\/www.oeh.ac.at\/en\/#website","url":"https:\/\/www.oeh.ac.at\/en\/","name":"\u00d6sterreichische Hochsch\u00fcler_innenschaft","description":"","publisher":{"@id":"https:\/\/www.oeh.ac.at\/en\/#organization"},"alternateName":"\u00d6H","potentialAction":[{"@type":"SearchAction","target":{"@type":"EntryPoint","urlTemplate":"https:\/\/www.oeh.ac.at\/en\/?s={search_term_string}"},"query-input":{"@type":"PropertyValueSpecification","valueRequired":true,"valueName":"search_term_string"}}],"inLanguage":"en-US"},{"@type":"Organization","@id":"https:\/\/www.oeh.ac.at\/en\/#organization","name":"\u00d6sterreichische Hochsch\u00fcler_innenschaft","alternateName":"\u00d6H","url":"https:\/\/www.oeh.ac.at\/en\/","logo":{"@type":"ImageObject","inLanguage":"en-US","@id":"https:\/\/www.oeh.ac.at\/en\/#\/schema\/logo\/image\/","url":"https:\/\/www.oeh.ac.at\/wp-content\/uploads\/2023\/03\/OeH_Logo_white_RGB.png","contentUrl":"https:\/\/www.oeh.ac.at\/wp-content\/uploads\/2023\/03\/OeH_Logo_white_RGB.png","width":1600,"height":1330,"caption":"\u00d6sterreichische Hochsch\u00fcler_innenschaft"},"image":{"@id":"https:\/\/www.oeh.ac.at\/en\/#\/schema\/logo\/image\/"},"sameAs":["https:\/\/facebook.com\/bundesoeh","https:\/\/instagram.com\/bundesoeh","https:\/\/youtube.com\/bundesoeh","https:\/\/bsky.app\/profile\/bundesoeh.bsky.social"]}]}},"_links":{"self":[{"href":"https:\/\/www.oeh.ac.at\/en\/wp-json\/wp\/v2\/pages\/96481","targetHints":{"allow":["GET"]}}],"collection":[{"href":"https:\/\/www.oeh.ac.at\/en\/wp-json\/wp\/v2\/pages"}],"about":[{"href":"https:\/\/www.oeh.ac.at\/en\/wp-json\/wp\/v2\/types\/page"}],"author":[{"embeddable":true,"href":"https:\/\/www.oeh.ac.at\/en\/wp-json\/wp\/v2\/users\/22"}],"replies":[{"embeddable":true,"href":"https:\/\/www.oeh.ac.at\/en\/wp-json\/wp\/v2\/comments?post=96481"}],"version-history":[{"count":6,"href":"https:\/\/www.oeh.ac.at\/en\/wp-json\/wp\/v2\/pages\/96481\/revisions"}],"predecessor-version":[{"id":1207695,"href":"https:\/\/www.oeh.ac.at\/en\/wp-json\/wp\/v2\/pages\/96481\/revisions\/1207695"}],"wp:featuredmedia":[{"embeddable":true,"href":"https:\/\/www.oeh.ac.at\/en\/wp-json\/wp\/v2\/media\/8873"}],"wp:attachment":[{"href":"https:\/\/www.oeh.ac.at\/en\/wp-json\/wp\/v2\/media?parent=96481"}],"curies":[{"name":"wp","href":"https:\/\/api.w.org\/{rel}","templated":true}]}}