{"id":96448,"date":"2022-10-26T10:08:38","date_gmt":"2022-10-26T08:08:38","guid":{"rendered":"https:\/\/www.oeh.ac.at\/mental-health\/"},"modified":"2023-12-18T13:12:23","modified_gmt":"2023-12-18T12:12:23","slug":"mental-health","status":"publish","type":"page","link":"https:\/\/www.oeh.ac.at\/en\/study-2\/mental-health\/","title":{"rendered":"Mental Health"},"content":{"rendered":"\t\t<div data-elementor-type=\"wp-page\" data-elementor-id=\"96448\" class=\"elementor elementor-96448 elementor-7214\" data-elementor-post-type=\"page\">\n\t\t\t\t<div class=\"elementor-element elementor-element-6d63169 e-flex e-con-boxed e-con e-parent\" data-id=\"6d63169\" data-element_type=\"container\">\n\t\t\t\t\t<div class=\"e-con-inner\">\n\t\t\t\t<div class=\"elementor-element elementor-element-819feda elementor-widget elementor-widget-image\" data-id=\"819feda\" data-element_type=\"widget\" data-widget_type=\"image.default\">\n\t\t\t\t<div class=\"elementor-widget-container\">\n\t\t\t\t\t\t\t\t\t\t\t\t\t\t\t<img fetchpriority=\"high\" decoding=\"async\" width=\"582\" height=\"826\" src=\"https:\/\/www.oeh.ac.at\/wp-content\/uploads\/2021\/03\/fin_ansichtspdf_oeh_broschuere_druck_ss21-070.png\" class=\"attachment-large size-large wp-image-8187\" alt=\"fin_viewspdf_oeh_brochure_print_ss21\" srcset=\"https:\/\/www.oeh.ac.at\/wp-content\/uploads\/2021\/03\/fin_ansichtspdf_oeh_broschuere_druck_ss21-070.png 582w, https:\/\/www.oeh.ac.at\/wp-content\/uploads\/2021\/03\/fin_ansichtspdf_oeh_broschuere_druck_ss21-070-211x300.png 211w\" sizes=\"(max-width: 582px) 100vw, 582px\" \/>\t\t\t\t\t\t\t\t\t\t\t\t\t\t\t<\/div>\n\t\t\t\t<\/div>\n\t\t\t\t<div class=\"elementor-element elementor-element-910738d elementor-widget elementor-widget-text-editor\" data-id=\"910738d\" data-element_type=\"widget\" data-widget_type=\"text-editor.default\">\n\t\t\t\t<div class=\"elementor-widget-container\">\n\t\t\t\t\t\t\t\t\t<h2>Mental Health Brochure<\/h2>\n<p>The brochure is intended to introduce students to the topic, provide testimonials on various mental illnesses or problems (social phobia, test anxiety, fatigue syndrome, etc.), and present important points of contact. Topics covered include: stress management while studying, social and cultural backgrounds, and mental health in the context of other forms of discrimination for example LGBTIQ+\/queer community, physical disabilities, or racism\/anti-Semitism.<\/p>\n<div class=\"drupdown-figure drupdown-figure drupdown-image drupdown-nocaption\">\n<div class=\"drupdown-figure-inner\">\n<div class=\"drupdown-figure-content\"> <\/div>\n<\/div>\n<\/div>\n<p>We offer you the comprehensive brochure to <a class=\"drupdown-inline drupdown-link\" title=\"Download the Mental Health Brochure\" href=\"https:\/\/www.oeh.ac.at\/produkt\/mental-health\/\" target=\"_blank\" rel=\"noopener\">download<\/a>.<\/p>\n<h2>Contact points<\/h2>\n<h3>\u00d6H + Uni<\/h3>\n<p><strong>\u00d6H Helpline<\/strong><br \/><a class=\"drupdown-inline drupdown-no-title drupdown-link\" href=\"https:\/\/www.oeh.ac.at\/en\/helpline\/\" target=\"_blank\" rel=\"noopener\">https:\/\/www.oeh.ac.at\/helpline<\/a><br \/>In order to reduce the inhibition threshold for seeking help and addressing problems, we would also like to offer students the option of telephone and anonymous counseling. You can call this number during consultation hours: +43\/1\/585 33 33.<br \/>Consultation hours: Monday to Friday (except public holidays) 9:00 a.m. to 6:00 p.m.<\/p>\n<p><strong>Psychological student counseling<\/strong><br \/><a class=\"drupdown-inline drupdown-no-title drupdown-link\" href=\"https:\/\/studierendenberatung.at\/\" target=\"_blank\" rel=\"noopener\">https:\/\/studierendenberatung.at\/<\/a><br \/>The Psychological Student Counseling Service provides orientation and decision-making support, and it helps students cope with everyday life at University.<\/p>\n<p><strong>University Ombudsman<\/strong><br \/><a class=\"drupdown-inline drupdown-no-title drupdown-link\" href=\"https:\/\/hochschulombudsmann.at\/\" target=\"_blank\" rel=\"noopener\">https:\/\/hochschulombudsmann.at\/<\/a><\/p>\n<p><strong>Psychological Counseling of the SFU<\/strong><br \/><a class=\"drupdown-inline drupdown-no-title drupdown-link\" href=\"https:\/\/ambulanz.sfu.ac.at\/de\/psychologie-universitaetsambulanz\/psychologische-beratung\/\" target=\"_blank\" rel=\"noopener\">https:\/\/ambulanz.sfu.ac.at\/de\/psychologie-universitaetsambulanz\/psychologische-beratung\/<\/a><\/p>\n<h3> <\/h3>\n<h3>First contact points<\/h3>\n<p><strong>Crisis Intervention Center<\/strong><br \/><a class=\"drupdown-inline drupdown-no-title drupdown-link external-processed\" href=\"http:\/\/www.kriseninterventionszentrum.at\/\" target=\"_blank\" rel=\"noopener\">http:\/\/www.kriseninterventionszentrum.at\/<\/a><br \/>If you are in an acute crisis situation, you can contact us here. By phone 01 \/ 406 95 95 (Mon-Fri 10-17 h), but also by e-mail<\/p>\n<p><strong>Pro mente Austria<\/strong><br \/><a class=\"drupdown-inline drupdown-no-title drupdown-link\" href=\"https:\/\/www.promenteaustria.at\/\" target=\"_blank\" rel=\"noopener\">https:\/\/www.promenteaustria.at\/<\/a><br \/>pro mente Austria is the umbrella organization of 24 non-profit organizations that care for the needs of people with psychosocial illnesses in Austria.<\/p>\n<p><strong>Vienna Psychosocial Center<\/strong><br \/><a class=\"drupdown-inline drupdown-no-title drupdown-link\" href=\"https:\/\/www.psd-wien.at\/\" target=\"_blank\" rel=\"noopener\">https:\/\/www.psd-wien.at\/<\/a><\/p>\n<p><strong>Suicide Prevention<\/strong><br \/><a class=\"drupdown-inline drupdown-no-title drupdown-link\" href=\"https:\/\/www.gesundheit.gv.at\/leben\/suizidpraevention\/inhalt\" target=\"_blank\" rel=\"noopener\">https:\/\/www.gesundheit.gv.at\/leben\/suizidpraevention\/inhalt<\/a><\/p>\n<p><strong>Association Outpatient Psychotherapy<\/strong><br \/><a class=\"drupdown-inline drupdown-no-title drupdown-link external-processed\" href=\"http:\/\/www.vap.or.at\/\" target=\"_blank\" rel=\"noopener\">http:\/\/www.vap.or.at\/<\/a><\/p>\n<p><strong>\u00d63 number<\/strong><br \/><a class=\"drupdown-inline drupdown-no-title drupdown-link\" href=\"https:\/\/oe3.orf.at\/kummernummer\/stories\/2712988\/\" target=\"_blank\" rel=\"noopener\">https:\/\/oe3.orf.at\/kummernummer\/stories\/2712988\/<\/a><\/p>\n<p><strong>147 ADVICE ON WIRE<\/strong><br \/><a class=\"drupdown-inline drupdown-no-title drupdown-link\" href=\"https:\/\/rataufdraht.orf.at\/\" target=\"_blank\" rel=\"noopener\">rataufdraht.orf.at<\/a><\/p>\n<p><strong>Crime Victim 911<\/strong><br \/><a class=\"drupdown-inline drupdown-no-title drupdown-link\" href=\"https:\/\/www.opfer-notruf.at\/\" target=\"_blank\" rel=\"noopener\">www.opfer-notruf.at<\/a><\/p>\n<h3> <\/h3>\n<h3>General Counseling<\/h3>\n<p><a class=\"drupdown-inline drupdown-no-title drupdown-link\" href=\"https:\/\/www.gesundheit.gv.at\/service\/beratungsstellen\/psychische-krankheiten\" target=\"_blank\" rel=\"noopener\">https:\/\/www.gesundheit.gv.at\/service\/beratungsstellen\/psychische-krankheiten<\/a><\/p>\n<p><strong>Counseling + help with eating disorders<\/strong><br \/><a class=\"drupdown-inline drupdown-no-title drupdown-link\" href=\"https:\/\/www.gesundheit.gv.at\/service\/beratungsstellen\/essstoerungen\" target=\"_blank\" rel=\"noopener\">https:\/\/www.gesundheit.gv.at\/service\/beratungsstellen\/essstoerungen<\/a><\/p>\n<p><strong>Counseling + help with depression<\/strong><br \/><a class=\"drupdown-inline drupdown-no-title drupdown-link\" href=\"https:\/\/www.gesundheit.gv.at\/service\/beratungsstellen\/hilfe-bei-depression\" target=\"_blank\" rel=\"noopener\">https:\/\/www.gesundheit.gv.at\/service\/beratungsstellen\/hilfe-bei-depression<\/a><\/p>\n<h3> <\/h3>\n<h3>Online Counseling<\/h3>\n<p><strong>Psychosocial service<\/strong><br \/><a class=\"drupdown-inline drupdown-no-title drupdown-link\" href=\"https:\/\/www.psz.co.at\/onlineberatung\" target=\"_blank\" rel=\"noopener\">https:\/\/www.psz.co.at\/onlineberatung<\/a><\/p>\n<h3> <\/h3>\n<h3>Financial subsidies<\/h3>\n<p><strong>Subsidy psychotherapy<\/strong><br \/><a class=\"drupdown-inline drupdown-no-title drupdown-link\" href=\"https:\/\/www.gesundheitskasse.at\/cdscontent\/?contentid=10007.837682&amp;portal=oegkwportal\" target=\"_blank\" rel=\"noopener\">https:\/\/www.gesundheitskasse.at\/cdscontent\/?contentid=10007.837682&amp;portal=oegkwportal<\/a><br \/>Here you will find all the documents you need to (partially) deduct your psychotherapy from your health insurance (\u00d6GK).<\/p>\n<p><a class=\"drupdown-inline drupdown-no-title drupdown-link\" href=\"https:\/\/www.sozialversicherung.at\/cdscontent\/?contentid=10007.820476&amp;portal=svportal\" target=\"_blank\" rel=\"noopener\">https:\/\/www.sozialversicherung.at\/cdscontent\/?contentid=10007.820476&amp;portal=svportal<\/a><\/p>\n<p style=\"text-align: left;\">Here you can find information on how to (partially) deduct psychotherapy through other health insurances.<\/p>\n\t\t\t\t\t\t\t\t<\/div>\n\t\t\t\t<\/div>\n\t\t\t\t\t<\/div>\n\t\t\t\t<\/div>\n\t\t\t\t<\/div>\n\t\t","protected":false},"excerpt":{"rendered":"<p>Mental Health Brochure The brochure is intended to introduce students to the topic, provide testimonials on various mental illnesses or problems (social phobia, test&#8230;<\/p>\n","protected":false},"author":22,"featured_media":8873,"parent":97029,"menu_order":0,"comment_status":"closed","ping_status":"closed","template":"","meta":{"footnotes":""},"class_list":["post-96448","page","type-page","status-publish","has-post-thumbnail","hentry"],"yoast_head":"<!-- This site is optimized with the Yoast SEO plugin v25.9 - https:\/\/yoast.com\/wordpress\/plugins\/seo\/ -->\n<title>Mental Health - \u00d6sterreichische Hochsch\u00fcler_innenschaft (\u00d6H)<\/title>\n<meta name=\"description\" content=\"Learn about different aspects of mental health, such as stress management, mindfulness, emotional well-being, and self-care.\" \/>\n<meta name=\"robots\" content=\"index, follow, max-snippet:-1, max-image-preview:large, max-video-preview:-1\" \/>\n<link rel=\"canonical\" href=\"https:\/\/www.oeh.ac.at\/en\/study-2\/mental-health\/\" \/>\n<meta property=\"og:locale\" content=\"en_US\" \/>\n<meta property=\"og:type\" content=\"article\" \/>\n<meta property=\"og:title\" content=\"Mental Health - \u00d6sterreichische Hochsch\u00fcler_innenschaft (\u00d6H)\" \/>\n<meta property=\"og:description\" content=\"Learn about different aspects of mental health, such as stress management, mindfulness, emotional well-being, and self-care.\" \/>\n<meta property=\"og:url\" content=\"https:\/\/www.oeh.ac.at\/en\/study-2\/mental-health\/\" \/>\n<meta property=\"og:site_name\" content=\"\u00d6sterreichische Hochsch\u00fcler_innenschaft (\u00d6H)\" \/>\n<meta property=\"article:publisher\" content=\"https:\/\/facebook.com\/bundesoeh\" \/>\n<meta property=\"article:modified_time\" content=\"2023-12-18T12:12:23+00:00\" \/>\n<meta property=\"og:image\" content=\"https:\/\/www.oeh.ac.at\/wp-content\/uploads\/2022\/08\/max-van-den-oetelaar-buymym3rq3u-unsplash1-d2a-scaled.jpg\" \/>\n\t<meta property=\"og:image:width\" content=\"2560\" \/>\n\t<meta property=\"og:image:height\" content=\"1707\" \/>\n\t<meta property=\"og:image:type\" content=\"image\/jpeg\" \/>\n<script type=\"application\/ld+json\" class=\"yoast-schema-graph\">{\"@context\":\"https:\/\/schema.org\",\"@graph\":[{\"@type\":\"WebPage\",\"@id\":\"https:\/\/www.oeh.ac.at\/en\/study-2\/mental-health\/\",\"url\":\"https:\/\/www.oeh.ac.at\/en\/study-2\/mental-health\/\",\"name\":\"Mental Health - \u00d6sterreichische Hochsch\u00fcler_innenschaft (\u00d6H)\",\"isPartOf\":{\"@id\":\"https:\/\/www.oeh.ac.at\/en\/#website\"},\"primaryImageOfPage\":{\"@id\":\"https:\/\/www.oeh.ac.at\/en\/study-2\/mental-health\/#primaryimage\"},\"image\":{\"@id\":\"https:\/\/www.oeh.ac.at\/en\/study-2\/mental-health\/#primaryimage\"},\"thumbnailUrl\":\"https:\/\/www.oeh.ac.at\/wp-content\/uploads\/2022\/08\/max-van-den-oetelaar-buymym3rq3u-unsplash1-d2a-scaled.jpg\",\"datePublished\":\"2022-10-26T08:08:38+00:00\",\"dateModified\":\"2023-12-18T12:12:23+00:00\",\"description\":\"Learn about different aspects of mental health, such as stress management, mindfulness, emotional well-being, and self-care.\",\"breadcrumb\":{\"@id\":\"https:\/\/www.oeh.ac.at\/en\/study-2\/mental-health\/#breadcrumb\"},\"inLanguage\":\"en-US\",\"potentialAction\":[{\"@type\":\"ReadAction\",\"target\":[\"https:\/\/www.oeh.ac.at\/en\/study-2\/mental-health\/\"]}]},{\"@type\":\"ImageObject\",\"inLanguage\":\"en-US\",\"@id\":\"https:\/\/www.oeh.ac.at\/en\/study-2\/mental-health\/#primaryimage\",\"url\":\"https:\/\/www.oeh.ac.at\/wp-content\/uploads\/2022\/08\/max-van-den-oetelaar-buymym3rq3u-unsplash1-d2a-scaled.jpg\",\"contentUrl\":\"https:\/\/www.oeh.ac.at\/wp-content\/uploads\/2022\/08\/max-van-den-oetelaar-buymym3rq3u-unsplash1-d2a-scaled.jpg\",\"width\":2560,\"height\":1707,\"caption\":\"max van den oetelaar buymym3rq3u unsplash1 d2a scaled\"},{\"@type\":\"BreadcrumbList\",\"@id\":\"https:\/\/www.oeh.ac.at\/en\/study-2\/mental-health\/#breadcrumb\",\"itemListElement\":[{\"@type\":\"ListItem\",\"position\":1,\"name\":\"Startseite\",\"item\":\"https:\/\/www.oeh.ac.at\/en\/\"},{\"@type\":\"ListItem\",\"position\":2,\"name\":\"Study\",\"item\":\"https:\/\/www.oeh.ac.at\/en\/study-2\/\"},{\"@type\":\"ListItem\",\"position\":3,\"name\":\"Mental Health\"}]},{\"@type\":\"WebSite\",\"@id\":\"https:\/\/www.oeh.ac.at\/en\/#website\",\"url\":\"https:\/\/www.oeh.ac.at\/en\/\",\"name\":\"\u00d6sterreichische Hochsch\u00fcler_innenschaft\",\"description\":\"\",\"publisher\":{\"@id\":\"https:\/\/www.oeh.ac.at\/en\/#organization\"},\"alternateName\":\"\u00d6H\",\"potentialAction\":[{\"@type\":\"SearchAction\",\"target\":{\"@type\":\"EntryPoint\",\"urlTemplate\":\"https:\/\/www.oeh.ac.at\/en\/?s={search_term_string}\"},\"query-input\":{\"@type\":\"PropertyValueSpecification\",\"valueRequired\":true,\"valueName\":\"search_term_string\"}}],\"inLanguage\":\"en-US\"},{\"@type\":\"Organization\",\"@id\":\"https:\/\/www.oeh.ac.at\/en\/#organization\",\"name\":\"\u00d6sterreichische Hochsch\u00fcler_innenschaft\",\"alternateName\":\"\u00d6H\",\"url\":\"https:\/\/www.oeh.ac.at\/en\/\",\"logo\":{\"@type\":\"ImageObject\",\"inLanguage\":\"en-US\",\"@id\":\"https:\/\/www.oeh.ac.at\/en\/#\/schema\/logo\/image\/\",\"url\":\"https:\/\/www.oeh.ac.at\/wp-content\/uploads\/2023\/03\/OeH_Logo_white_RGB.png\",\"contentUrl\":\"https:\/\/www.oeh.ac.at\/wp-content\/uploads\/2023\/03\/OeH_Logo_white_RGB.png\",\"width\":1600,\"height\":1330,\"caption\":\"\u00d6sterreichische Hochsch\u00fcler_innenschaft\"},\"image\":{\"@id\":\"https:\/\/www.oeh.ac.at\/en\/#\/schema\/logo\/image\/\"},\"sameAs\":[\"https:\/\/facebook.com\/bundesoeh\",\"https:\/\/instagram.com\/bundesoeh\",\"https:\/\/youtube.com\/bundesoeh\",\"https:\/\/bsky.app\/profile\/bundesoeh.bsky.social\"]}]}<\/script>\n<!-- \/ Yoast SEO plugin. -->","yoast_head_json":{"title":"Mental Health - \u00d6sterreichische Hochsch\u00fcler_innenschaft (\u00d6H)","description":"Learn about different aspects of mental health, such as stress management, mindfulness, emotional well-being, and self-care.","robots":{"index":"index","follow":"follow","max-snippet":"max-snippet:-1","max-image-preview":"max-image-preview:large","max-video-preview":"max-video-preview:-1"},"canonical":"https:\/\/www.oeh.ac.at\/en\/study-2\/mental-health\/","og_locale":"en_US","og_type":"article","og_title":"Mental Health - \u00d6sterreichische Hochsch\u00fcler_innenschaft (\u00d6H)","og_description":"Learn about different aspects of mental health, such as stress management, mindfulness, emotional well-being, and self-care.","og_url":"https:\/\/www.oeh.ac.at\/en\/study-2\/mental-health\/","og_site_name":"\u00d6sterreichische Hochsch\u00fcler_innenschaft (\u00d6H)","article_publisher":"https:\/\/facebook.com\/bundesoeh","article_modified_time":"2023-12-18T12:12:23+00:00","og_image":[{"width":2560,"height":1707,"url":"https:\/\/www.oeh.ac.at\/wp-content\/uploads\/2022\/08\/max-van-den-oetelaar-buymym3rq3u-unsplash1-d2a-scaled.jpg","type":"image\/jpeg"}],"schema":{"@context":"https:\/\/schema.org","@graph":[{"@type":"WebPage","@id":"https:\/\/www.oeh.ac.at\/en\/study-2\/mental-health\/","url":"https:\/\/www.oeh.ac.at\/en\/study-2\/mental-health\/","name":"Mental Health - \u00d6sterreichische Hochsch\u00fcler_innenschaft (\u00d6H)","isPartOf":{"@id":"https:\/\/www.oeh.ac.at\/en\/#website"},"primaryImageOfPage":{"@id":"https:\/\/www.oeh.ac.at\/en\/study-2\/mental-health\/#primaryimage"},"image":{"@id":"https:\/\/www.oeh.ac.at\/en\/study-2\/mental-health\/#primaryimage"},"thumbnailUrl":"https:\/\/www.oeh.ac.at\/wp-content\/uploads\/2022\/08\/max-van-den-oetelaar-buymym3rq3u-unsplash1-d2a-scaled.jpg","datePublished":"2022-10-26T08:08:38+00:00","dateModified":"2023-12-18T12:12:23+00:00","description":"Learn about different aspects of mental health, such as stress management, mindfulness, emotional well-being, and self-care.","breadcrumb":{"@id":"https:\/\/www.oeh.ac.at\/en\/study-2\/mental-health\/#breadcrumb"},"inLanguage":"en-US","potentialAction":[{"@type":"ReadAction","target":["https:\/\/www.oeh.ac.at\/en\/study-2\/mental-health\/"]}]},{"@type":"ImageObject","inLanguage":"en-US","@id":"https:\/\/www.oeh.ac.at\/en\/study-2\/mental-health\/#primaryimage","url":"https:\/\/www.oeh.ac.at\/wp-content\/uploads\/2022\/08\/max-van-den-oetelaar-buymym3rq3u-unsplash1-d2a-scaled.jpg","contentUrl":"https:\/\/www.oeh.ac.at\/wp-content\/uploads\/2022\/08\/max-van-den-oetelaar-buymym3rq3u-unsplash1-d2a-scaled.jpg","width":2560,"height":1707,"caption":"max van den oetelaar buymym3rq3u unsplash1 d2a scaled"},{"@type":"BreadcrumbList","@id":"https:\/\/www.oeh.ac.at\/en\/study-2\/mental-health\/#breadcrumb","itemListElement":[{"@type":"ListItem","position":1,"name":"Startseite","item":"https:\/\/www.oeh.ac.at\/en\/"},{"@type":"ListItem","position":2,"name":"Study","item":"https:\/\/www.oeh.ac.at\/en\/study-2\/"},{"@type":"ListItem","position":3,"name":"Mental Health"}]},{"@type":"WebSite","@id":"https:\/\/www.oeh.ac.at\/en\/#website","url":"https:\/\/www.oeh.ac.at\/en\/","name":"\u00d6sterreichische Hochsch\u00fcler_innenschaft","description":"","publisher":{"@id":"https:\/\/www.oeh.ac.at\/en\/#organization"},"alternateName":"\u00d6H","potentialAction":[{"@type":"SearchAction","target":{"@type":"EntryPoint","urlTemplate":"https:\/\/www.oeh.ac.at\/en\/?s={search_term_string}"},"query-input":{"@type":"PropertyValueSpecification","valueRequired":true,"valueName":"search_term_string"}}],"inLanguage":"en-US"},{"@type":"Organization","@id":"https:\/\/www.oeh.ac.at\/en\/#organization","name":"\u00d6sterreichische Hochsch\u00fcler_innenschaft","alternateName":"\u00d6H","url":"https:\/\/www.oeh.ac.at\/en\/","logo":{"@type":"ImageObject","inLanguage":"en-US","@id":"https:\/\/www.oeh.ac.at\/en\/#\/schema\/logo\/image\/","url":"https:\/\/www.oeh.ac.at\/wp-content\/uploads\/2023\/03\/OeH_Logo_white_RGB.png","contentUrl":"https:\/\/www.oeh.ac.at\/wp-content\/uploads\/2023\/03\/OeH_Logo_white_RGB.png","width":1600,"height":1330,"caption":"\u00d6sterreichische Hochsch\u00fcler_innenschaft"},"image":{"@id":"https:\/\/www.oeh.ac.at\/en\/#\/schema\/logo\/image\/"},"sameAs":["https:\/\/facebook.com\/bundesoeh","https:\/\/instagram.com\/bundesoeh","https:\/\/youtube.com\/bundesoeh","https:\/\/bsky.app\/profile\/bundesoeh.bsky.social"]}]}},"_links":{"self":[{"href":"https:\/\/www.oeh.ac.at\/en\/wp-json\/wp\/v2\/pages\/96448","targetHints":{"allow":["GET"]}}],"collection":[{"href":"https:\/\/www.oeh.ac.at\/en\/wp-json\/wp\/v2\/pages"}],"about":[{"href":"https:\/\/www.oeh.ac.at\/en\/wp-json\/wp\/v2\/types\/page"}],"author":[{"embeddable":true,"href":"https:\/\/www.oeh.ac.at\/en\/wp-json\/wp\/v2\/users\/22"}],"replies":[{"embeddable":true,"href":"https:\/\/www.oeh.ac.at\/en\/wp-json\/wp\/v2\/comments?post=96448"}],"version-history":[{"count":4,"href":"https:\/\/www.oeh.ac.at\/en\/wp-json\/wp\/v2\/pages\/96448\/revisions"}],"predecessor-version":[{"id":921883,"href":"https:\/\/www.oeh.ac.at\/en\/wp-json\/wp\/v2\/pages\/96448\/revisions\/921883"}],"up":[{"embeddable":true,"href":"https:\/\/www.oeh.ac.at\/en\/wp-json\/wp\/v2\/pages\/97029"}],"wp:featuredmedia":[{"embeddable":true,"href":"https:\/\/www.oeh.ac.at\/en\/wp-json\/wp\/v2\/media\/8873"}],"wp:attachment":[{"href":"https:\/\/www.oeh.ac.at\/en\/wp-json\/wp\/v2\/media?parent=96448"}],"curies":[{"name":"wp","href":"https:\/\/api.w.org\/{rel}","templated":true}]}}