{"id":96376,"date":"2023-03-08T13:13:33","date_gmt":"2023-03-08T13:13:33","guid":{"rendered":"https:\/\/www.oeh.ac.at\/units\/department-for-private-university-affairs\/"},"modified":"2023-06-13T18:01:50","modified_gmt":"2023-06-13T18:01:50","slug":"department-for-private-university-affairs","status":"publish","type":"page","link":"https:\/\/www.oeh.ac.at\/en\/departments\/department-for-private-university-affairs\/","title":{"rendered":"Department for Private University Affairs"},"content":{"rendered":"\t\t<div data-elementor-type=\"wp-page\" data-elementor-id=\"96376\" class=\"elementor elementor-96376 elementor-56171\" data-elementor-post-type=\"page\">\n\t\t\t\t<div class=\"elementor-element elementor-element-980a787 e-flex e-con-boxed e-con e-parent\" data-id=\"980a787\" data-element_type=\"container\">\n\t\t\t\t\t<div class=\"e-con-inner\">\n\t\t<div class=\"elementor-element elementor-element-814c452 e-con-full e-flex e-con e-parent\" data-id=\"814c452\" data-element_type=\"container\">\n\t\t\t\t<div class=\"elementor-element elementor-element-bbf0714 elementor-widget elementor-widget-text-editor\" data-id=\"bbf0714\" data-element_type=\"widget\" data-widget_type=\"text-editor.default\">\n\t\t\t\t<div class=\"elementor-widget-container\">\n\t\t\t\t\t\t\t\t\t\n<p style=\"text-align: left;\">About 9,000 people study at a total of 12 private universities in Austria. Through the Department for Private University Affairs, these students are also given a voice within and also outside of the \u00d6H.<\/p>\n\n<p>Compared to public universities, there are some differences, such as tuition fees. Moreover, private universities are not regulated by the Universities Act, but by a separate law. Therefore, it is important to actively represent students and advise them when problems arise.<\/p>\n\t\t\t\t\t\t\t\t<\/div>\n\t\t\t\t<\/div>\n\t\t\t\t<\/div>\n\t\t\t\t\t<\/div>\n\t\t\t\t<\/div>\n\t\t\t\t<\/div>\n\t\t","protected":false},"excerpt":{"rendered":"<p>About 9,000 people study at a total of 12 private universities in Austria. Through the Department for Private University Affairs, these students are also&#8230;<\/p>\n","protected":false},"author":1,"featured_media":0,"parent":96357,"menu_order":0,"comment_status":"closed","ping_status":"closed","template":"","meta":{"footnotes":""},"class_list":["post-96376","page","type-page","status-publish","hentry"],"yoast_head":"<!-- This site is optimized with the Yoast SEO plugin v25.9 - https:\/\/yoast.com\/wordpress\/plugins\/seo\/ -->\n<title>Department for Private University Affairs - \u00d6H<\/title>\n<meta name=\"description\" content=\"Immerse yourself in the world of private universities and gain insights into current issues, legal frameworks and special features of private universities.\" \/>\n<meta name=\"robots\" content=\"index, follow, max-snippet:-1, max-image-preview:large, max-video-preview:-1\" \/>\n<link rel=\"canonical\" href=\"https:\/\/www.oeh.ac.at\/en\/departments\/department-for-private-university-affairs\/\" \/>\n<meta property=\"og:locale\" content=\"en_US\" \/>\n<meta property=\"og:type\" content=\"article\" \/>\n<meta property=\"og:title\" content=\"Department for Private University Affairs - \u00d6H\" \/>\n<meta property=\"og:description\" content=\"Immerse yourself in the world of private universities and gain insights into current issues, legal frameworks and special features of private universities.\" \/>\n<meta property=\"og:url\" content=\"https:\/\/www.oeh.ac.at\/en\/departments\/department-for-private-university-affairs\/\" \/>\n<meta property=\"og:site_name\" content=\"\u00d6sterreichische Hochsch\u00fcler_innenschaft (\u00d6H)\" \/>\n<meta property=\"article:publisher\" content=\"https:\/\/facebook.com\/bundesoeh\" \/>\n<meta property=\"article:modified_time\" content=\"2023-06-13T18:01:50+00:00\" \/>\n<script type=\"application\/ld+json\" class=\"yoast-schema-graph\">{\"@context\":\"https:\/\/schema.org\",\"@graph\":[{\"@type\":\"WebPage\",\"@id\":\"https:\/\/www.oeh.ac.at\/en\/departments\/department-for-private-university-affairs\/\",\"url\":\"https:\/\/www.oeh.ac.at\/en\/departments\/department-for-private-university-affairs\/\",\"name\":\"Department for Private University Affairs - \u00d6H\",\"isPartOf\":{\"@id\":\"https:\/\/www.oeh.ac.at\/en\/#website\"},\"datePublished\":\"2023-03-08T13:13:33+00:00\",\"dateModified\":\"2023-06-13T18:01:50+00:00\",\"description\":\"Immerse yourself in the world of private universities and gain insights into current issues, legal frameworks and special features of private universities.\",\"breadcrumb\":{\"@id\":\"https:\/\/www.oeh.ac.at\/en\/departments\/department-for-private-university-affairs\/#breadcrumb\"},\"inLanguage\":\"en-US\",\"potentialAction\":[{\"@type\":\"ReadAction\",\"target\":[\"https:\/\/www.oeh.ac.at\/en\/departments\/department-for-private-university-affairs\/\"]}]},{\"@type\":\"BreadcrumbList\",\"@id\":\"https:\/\/www.oeh.ac.at\/en\/departments\/department-for-private-university-affairs\/#breadcrumb\",\"itemListElement\":[{\"@type\":\"ListItem\",\"position\":1,\"name\":\"Startseite\",\"item\":\"https:\/\/www.oeh.ac.at\/en\/\"},{\"@type\":\"ListItem\",\"position\":2,\"name\":\"Units\",\"item\":\"https:\/\/www.oeh.ac.at\/en\/referate\/\"},{\"@type\":\"ListItem\",\"position\":3,\"name\":\"Department for Private University Affairs\"}]},{\"@type\":\"WebSite\",\"@id\":\"https:\/\/www.oeh.ac.at\/en\/#website\",\"url\":\"https:\/\/www.oeh.ac.at\/en\/\",\"name\":\"\u00d6sterreichische Hochsch\u00fcler_innenschaft\",\"description\":\"\",\"publisher\":{\"@id\":\"https:\/\/www.oeh.ac.at\/en\/#organization\"},\"alternateName\":\"\u00d6H\",\"potentialAction\":[{\"@type\":\"SearchAction\",\"target\":{\"@type\":\"EntryPoint\",\"urlTemplate\":\"https:\/\/www.oeh.ac.at\/en\/?s={search_term_string}\"},\"query-input\":{\"@type\":\"PropertyValueSpecification\",\"valueRequired\":true,\"valueName\":\"search_term_string\"}}],\"inLanguage\":\"en-US\"},{\"@type\":\"Organization\",\"@id\":\"https:\/\/www.oeh.ac.at\/en\/#organization\",\"name\":\"\u00d6sterreichische Hochsch\u00fcler_innenschaft\",\"alternateName\":\"\u00d6H\",\"url\":\"https:\/\/www.oeh.ac.at\/en\/\",\"logo\":{\"@type\":\"ImageObject\",\"inLanguage\":\"en-US\",\"@id\":\"https:\/\/www.oeh.ac.at\/en\/#\/schema\/logo\/image\/\",\"url\":\"https:\/\/www.oeh.ac.at\/wp-content\/uploads\/2023\/03\/OeH_Logo_white_RGB.png\",\"contentUrl\":\"https:\/\/www.oeh.ac.at\/wp-content\/uploads\/2023\/03\/OeH_Logo_white_RGB.png\",\"width\":1600,\"height\":1330,\"caption\":\"\u00d6sterreichische Hochsch\u00fcler_innenschaft\"},\"image\":{\"@id\":\"https:\/\/www.oeh.ac.at\/en\/#\/schema\/logo\/image\/\"},\"sameAs\":[\"https:\/\/facebook.com\/bundesoeh\",\"https:\/\/instagram.com\/bundesoeh\",\"https:\/\/youtube.com\/bundesoeh\",\"https:\/\/bsky.app\/profile\/bundesoeh.bsky.social\"]}]}<\/script>\n<!-- \/ Yoast SEO plugin. -->","yoast_head_json":{"title":"Department for Private University Affairs - \u00d6H","description":"Immerse yourself in the world of private universities and gain insights into current issues, legal frameworks and special features of private universities.","robots":{"index":"index","follow":"follow","max-snippet":"max-snippet:-1","max-image-preview":"max-image-preview:large","max-video-preview":"max-video-preview:-1"},"canonical":"https:\/\/www.oeh.ac.at\/en\/departments\/department-for-private-university-affairs\/","og_locale":"en_US","og_type":"article","og_title":"Department for Private University Affairs - \u00d6H","og_description":"Immerse yourself in the world of private universities and gain insights into current issues, legal frameworks and special features of private universities.","og_url":"https:\/\/www.oeh.ac.at\/en\/departments\/department-for-private-university-affairs\/","og_site_name":"\u00d6sterreichische Hochsch\u00fcler_innenschaft (\u00d6H)","article_publisher":"https:\/\/facebook.com\/bundesoeh","article_modified_time":"2023-06-13T18:01:50+00:00","schema":{"@context":"https:\/\/schema.org","@graph":[{"@type":"WebPage","@id":"https:\/\/www.oeh.ac.at\/en\/departments\/department-for-private-university-affairs\/","url":"https:\/\/www.oeh.ac.at\/en\/departments\/department-for-private-university-affairs\/","name":"Department for Private University Affairs - \u00d6H","isPartOf":{"@id":"https:\/\/www.oeh.ac.at\/en\/#website"},"datePublished":"2023-03-08T13:13:33+00:00","dateModified":"2023-06-13T18:01:50+00:00","description":"Immerse yourself in the world of private universities and gain insights into current issues, legal frameworks and special features of private universities.","breadcrumb":{"@id":"https:\/\/www.oeh.ac.at\/en\/departments\/department-for-private-university-affairs\/#breadcrumb"},"inLanguage":"en-US","potentialAction":[{"@type":"ReadAction","target":["https:\/\/www.oeh.ac.at\/en\/departments\/department-for-private-university-affairs\/"]}]},{"@type":"BreadcrumbList","@id":"https:\/\/www.oeh.ac.at\/en\/departments\/department-for-private-university-affairs\/#breadcrumb","itemListElement":[{"@type":"ListItem","position":1,"name":"Startseite","item":"https:\/\/www.oeh.ac.at\/en\/"},{"@type":"ListItem","position":2,"name":"Units","item":"https:\/\/www.oeh.ac.at\/en\/referate\/"},{"@type":"ListItem","position":3,"name":"Department for Private University Affairs"}]},{"@type":"WebSite","@id":"https:\/\/www.oeh.ac.at\/en\/#website","url":"https:\/\/www.oeh.ac.at\/en\/","name":"\u00d6sterreichische Hochsch\u00fcler_innenschaft","description":"","publisher":{"@id":"https:\/\/www.oeh.ac.at\/en\/#organization"},"alternateName":"\u00d6H","potentialAction":[{"@type":"SearchAction","target":{"@type":"EntryPoint","urlTemplate":"https:\/\/www.oeh.ac.at\/en\/?s={search_term_string}"},"query-input":{"@type":"PropertyValueSpecification","valueRequired":true,"valueName":"search_term_string"}}],"inLanguage":"en-US"},{"@type":"Organization","@id":"https:\/\/www.oeh.ac.at\/en\/#organization","name":"\u00d6sterreichische Hochsch\u00fcler_innenschaft","alternateName":"\u00d6H","url":"https:\/\/www.oeh.ac.at\/en\/","logo":{"@type":"ImageObject","inLanguage":"en-US","@id":"https:\/\/www.oeh.ac.at\/en\/#\/schema\/logo\/image\/","url":"https:\/\/www.oeh.ac.at\/wp-content\/uploads\/2023\/03\/OeH_Logo_white_RGB.png","contentUrl":"https:\/\/www.oeh.ac.at\/wp-content\/uploads\/2023\/03\/OeH_Logo_white_RGB.png","width":1600,"height":1330,"caption":"\u00d6sterreichische Hochsch\u00fcler_innenschaft"},"image":{"@id":"https:\/\/www.oeh.ac.at\/en\/#\/schema\/logo\/image\/"},"sameAs":["https:\/\/facebook.com\/bundesoeh","https:\/\/instagram.com\/bundesoeh","https:\/\/youtube.com\/bundesoeh","https:\/\/bsky.app\/profile\/bundesoeh.bsky.social"]}]}},"_links":{"self":[{"href":"https:\/\/www.oeh.ac.at\/en\/wp-json\/wp\/v2\/pages\/96376","targetHints":{"allow":["GET"]}}],"collection":[{"href":"https:\/\/www.oeh.ac.at\/en\/wp-json\/wp\/v2\/pages"}],"about":[{"href":"https:\/\/www.oeh.ac.at\/en\/wp-json\/wp\/v2\/types\/page"}],"author":[{"embeddable":true,"href":"https:\/\/www.oeh.ac.at\/en\/wp-json\/wp\/v2\/users\/1"}],"replies":[{"embeddable":true,"href":"https:\/\/www.oeh.ac.at\/en\/wp-json\/wp\/v2\/comments?post=96376"}],"version-history":[{"count":0,"href":"https:\/\/www.oeh.ac.at\/en\/wp-json\/wp\/v2\/pages\/96376\/revisions"}],"up":[{"embeddable":true,"href":"https:\/\/www.oeh.ac.at\/en\/wp-json\/wp\/v2\/pages\/96357"}],"wp:attachment":[{"href":"https:\/\/www.oeh.ac.at\/en\/wp-json\/wp\/v2\/media?parent=96376"}],"curies":[{"name":"wp","href":"https:\/\/api.w.org\/{rel}","templated":true}]}}