{"id":96374,"date":"2023-02-21T14:03:19","date_gmt":"2023-02-21T14:03:19","guid":{"rendered":"https:\/\/www.oeh.ac.at\/special-projects\/"},"modified":"2023-06-20T16:27:20","modified_gmt":"2023-06-20T16:27:20","slug":"special-projects","status":"publish","type":"page","link":"https:\/\/www.oeh.ac.at\/en\/service\/funding-pots\/special-projects\/","title":{"rendered":"Special projects"},"content":{"rendered":"\t\t<div data-elementor-type=\"wp-page\" data-elementor-id=\"96374\" class=\"elementor elementor-96374 elementor-6728\" data-elementor-post-type=\"page\">\n\t\t\t\t<div class=\"elementor-element elementor-element-484c4fd e-flex e-con-boxed e-con e-parent\" data-id=\"484c4fd\" data-element_type=\"container\">\n\t\t\t\t\t<div class=\"e-con-inner\">\n\t\t<div class=\"elementor-element elementor-element-d127b6d e-con-full e-flex e-con e-parent\" data-id=\"d127b6d\" data-element_type=\"container\">\n\t\t\t\t<div class=\"elementor-element elementor-element-006a6f3 elementor-widget elementor-widget-text-editor\" data-id=\"006a6f3\" data-element_type=\"widget\" data-widget_type=\"text-editor.default\">\n\t\t\t\t<div class=\"elementor-widget-container\">\n\t\t\t\t\t\t\t\t\t<p>Through the funding of special projects, activities of students are to be supported, whereby they are offered financial and administrative assistance by the \u00d6H Bundesvertretung according to the available funds from the special project pot. Special project funding can only be requested for the overall project and is only granted for specific project areas (subsidies are excluded). Furthermore, only clearly billable expenses can be financed.<\/p><p>Current information, guidelines &amp; application<\/p><h2>Contact<\/h2><p>Austrian National Union of Students<br \/>For the attention of Elisabeth B\u00f6hm<br \/>&#8220;Special Projects&#8221;<br \/>Taubstummengasse 7-9<br \/>A-1040 Vienna<\/p><p>Phone: +43\/1\/310 88 80\/21<br \/>Fax: +43\/1\/310 88 80\/36<br \/><a class=\"drupdown-inline drupdown-no-title drupdown-link drupdown-mailto\" href=\"mailto:sonderprojekte@oeh.ac.at\">sonderprojekte@oeh.ac.at<\/a><\/p>\t\t\t\t\t\t\t\t<\/div>\n\t\t\t\t<\/div>\n\t\t\t\t<\/div>\n\t\t\t\t\t<\/div>\n\t\t\t\t<\/div>\n\t\t\t\t<\/div>\n\t\t","protected":false},"excerpt":{"rendered":"<p>Through the funding of special projects, activities of students are to be supported, whereby they are offered financial and administrative assistance by the \u00d6H&#8230;<\/p>\n","protected":false},"author":22,"featured_media":0,"parent":96665,"menu_order":0,"comment_status":"closed","ping_status":"closed","template":"","meta":{"footnotes":""},"class_list":["post-96374","page","type-page","status-publish","hentry"],"yoast_head":"<!-- This site is optimized with the Yoast SEO plugin v25.9 - https:\/\/yoast.com\/wordpress\/plugins\/seo\/ -->\n<title>Special projects - \u00d6sterreichische Hochsch\u00fcler_innenschaft (\u00d6H)<\/title>\n<meta name=\"description\" content=\"Everything important about special projects and their implementation. Discover diverse projects in different areas, such as education, culture, social and environment\" \/>\n<meta name=\"robots\" content=\"index, follow, max-snippet:-1, max-image-preview:large, max-video-preview:-1\" \/>\n<link rel=\"canonical\" href=\"https:\/\/www.oeh.ac.at\/en\/service\/funding-pots\/special-projects\/\" \/>\n<meta property=\"og:locale\" content=\"en_US\" \/>\n<meta property=\"og:type\" content=\"article\" \/>\n<meta property=\"og:title\" content=\"Special projects - \u00d6sterreichische Hochsch\u00fcler_innenschaft (\u00d6H)\" \/>\n<meta property=\"og:description\" content=\"Everything important about special projects and their implementation. Discover diverse projects in different areas, such as education, culture, social and environment\" \/>\n<meta property=\"og:url\" content=\"https:\/\/www.oeh.ac.at\/en\/service\/funding-pots\/special-projects\/\" \/>\n<meta property=\"og:site_name\" content=\"\u00d6sterreichische Hochsch\u00fcler_innenschaft (\u00d6H)\" \/>\n<meta property=\"article:publisher\" content=\"https:\/\/facebook.com\/bundesoeh\" \/>\n<meta property=\"article:modified_time\" content=\"2023-06-20T16:27:20+00:00\" \/>\n<script type=\"application\/ld+json\" class=\"yoast-schema-graph\">{\"@context\":\"https:\/\/schema.org\",\"@graph\":[{\"@type\":\"WebPage\",\"@id\":\"https:\/\/www.oeh.ac.at\/en\/service\/funding-pots\/special-projects\/\",\"url\":\"https:\/\/www.oeh.ac.at\/en\/service\/funding-pots\/special-projects\/\",\"name\":\"Special projects - \u00d6sterreichische Hochsch\u00fcler_innenschaft (\u00d6H)\",\"isPartOf\":{\"@id\":\"https:\/\/www.oeh.ac.at\/en\/#website\"},\"datePublished\":\"2023-02-21T14:03:19+00:00\",\"dateModified\":\"2023-06-20T16:27:20+00:00\",\"description\":\"Everything important about special projects and their implementation. Discover diverse projects in different areas, such as education, culture, social and environment\",\"breadcrumb\":{\"@id\":\"https:\/\/www.oeh.ac.at\/en\/service\/funding-pots\/special-projects\/#breadcrumb\"},\"inLanguage\":\"en-US\",\"potentialAction\":[{\"@type\":\"ReadAction\",\"target\":[\"https:\/\/www.oeh.ac.at\/en\/service\/funding-pots\/special-projects\/\"]}]},{\"@type\":\"BreadcrumbList\",\"@id\":\"https:\/\/www.oeh.ac.at\/en\/service\/funding-pots\/special-projects\/#breadcrumb\",\"itemListElement\":[{\"@type\":\"ListItem\",\"position\":1,\"name\":\"Startseite\",\"item\":\"https:\/\/www.oeh.ac.at\/en\/\"},{\"@type\":\"ListItem\",\"position\":2,\"name\":\"Service\",\"item\":\"https:\/\/www.oeh.ac.at\/en\/service\/\"},{\"@type\":\"ListItem\",\"position\":3,\"name\":\"Funds\",\"item\":\"https:\/\/www.oeh.ac.at\/en\/service\/funding-pots\/\"},{\"@type\":\"ListItem\",\"position\":4,\"name\":\"Special projects\"}]},{\"@type\":\"WebSite\",\"@id\":\"https:\/\/www.oeh.ac.at\/en\/#website\",\"url\":\"https:\/\/www.oeh.ac.at\/en\/\",\"name\":\"\u00d6sterreichische Hochsch\u00fcler_innenschaft\",\"description\":\"\",\"publisher\":{\"@id\":\"https:\/\/www.oeh.ac.at\/en\/#organization\"},\"alternateName\":\"\u00d6H\",\"potentialAction\":[{\"@type\":\"SearchAction\",\"target\":{\"@type\":\"EntryPoint\",\"urlTemplate\":\"https:\/\/www.oeh.ac.at\/en\/?s={search_term_string}\"},\"query-input\":{\"@type\":\"PropertyValueSpecification\",\"valueRequired\":true,\"valueName\":\"search_term_string\"}}],\"inLanguage\":\"en-US\"},{\"@type\":\"Organization\",\"@id\":\"https:\/\/www.oeh.ac.at\/en\/#organization\",\"name\":\"\u00d6sterreichische Hochsch\u00fcler_innenschaft\",\"alternateName\":\"\u00d6H\",\"url\":\"https:\/\/www.oeh.ac.at\/en\/\",\"logo\":{\"@type\":\"ImageObject\",\"inLanguage\":\"en-US\",\"@id\":\"https:\/\/www.oeh.ac.at\/en\/#\/schema\/logo\/image\/\",\"url\":\"https:\/\/www.oeh.ac.at\/wp-content\/uploads\/2023\/03\/OeH_Logo_white_RGB.png\",\"contentUrl\":\"https:\/\/www.oeh.ac.at\/wp-content\/uploads\/2023\/03\/OeH_Logo_white_RGB.png\",\"width\":1600,\"height\":1330,\"caption\":\"\u00d6sterreichische Hochsch\u00fcler_innenschaft\"},\"image\":{\"@id\":\"https:\/\/www.oeh.ac.at\/en\/#\/schema\/logo\/image\/\"},\"sameAs\":[\"https:\/\/facebook.com\/bundesoeh\",\"https:\/\/instagram.com\/bundesoeh\",\"https:\/\/youtube.com\/bundesoeh\",\"https:\/\/bsky.app\/profile\/bundesoeh.bsky.social\"]}]}<\/script>\n<!-- \/ Yoast SEO plugin. -->","yoast_head_json":{"title":"Special projects - \u00d6sterreichische Hochsch\u00fcler_innenschaft (\u00d6H)","description":"Everything important about special projects and their implementation. Discover diverse projects in different areas, such as education, culture, social and environment","robots":{"index":"index","follow":"follow","max-snippet":"max-snippet:-1","max-image-preview":"max-image-preview:large","max-video-preview":"max-video-preview:-1"},"canonical":"https:\/\/www.oeh.ac.at\/en\/service\/funding-pots\/special-projects\/","og_locale":"en_US","og_type":"article","og_title":"Special projects - \u00d6sterreichische Hochsch\u00fcler_innenschaft (\u00d6H)","og_description":"Everything important about special projects and their implementation. Discover diverse projects in different areas, such as education, culture, social and environment","og_url":"https:\/\/www.oeh.ac.at\/en\/service\/funding-pots\/special-projects\/","og_site_name":"\u00d6sterreichische Hochsch\u00fcler_innenschaft (\u00d6H)","article_publisher":"https:\/\/facebook.com\/bundesoeh","article_modified_time":"2023-06-20T16:27:20+00:00","schema":{"@context":"https:\/\/schema.org","@graph":[{"@type":"WebPage","@id":"https:\/\/www.oeh.ac.at\/en\/service\/funding-pots\/special-projects\/","url":"https:\/\/www.oeh.ac.at\/en\/service\/funding-pots\/special-projects\/","name":"Special projects - \u00d6sterreichische Hochsch\u00fcler_innenschaft (\u00d6H)","isPartOf":{"@id":"https:\/\/www.oeh.ac.at\/en\/#website"},"datePublished":"2023-02-21T14:03:19+00:00","dateModified":"2023-06-20T16:27:20+00:00","description":"Everything important about special projects and their implementation. Discover diverse projects in different areas, such as education, culture, social and environment","breadcrumb":{"@id":"https:\/\/www.oeh.ac.at\/en\/service\/funding-pots\/special-projects\/#breadcrumb"},"inLanguage":"en-US","potentialAction":[{"@type":"ReadAction","target":["https:\/\/www.oeh.ac.at\/en\/service\/funding-pots\/special-projects\/"]}]},{"@type":"BreadcrumbList","@id":"https:\/\/www.oeh.ac.at\/en\/service\/funding-pots\/special-projects\/#breadcrumb","itemListElement":[{"@type":"ListItem","position":1,"name":"Startseite","item":"https:\/\/www.oeh.ac.at\/en\/"},{"@type":"ListItem","position":2,"name":"Service","item":"https:\/\/www.oeh.ac.at\/en\/service\/"},{"@type":"ListItem","position":3,"name":"Funds","item":"https:\/\/www.oeh.ac.at\/en\/service\/funding-pots\/"},{"@type":"ListItem","position":4,"name":"Special projects"}]},{"@type":"WebSite","@id":"https:\/\/www.oeh.ac.at\/en\/#website","url":"https:\/\/www.oeh.ac.at\/en\/","name":"\u00d6sterreichische Hochsch\u00fcler_innenschaft","description":"","publisher":{"@id":"https:\/\/www.oeh.ac.at\/en\/#organization"},"alternateName":"\u00d6H","potentialAction":[{"@type":"SearchAction","target":{"@type":"EntryPoint","urlTemplate":"https:\/\/www.oeh.ac.at\/en\/?s={search_term_string}"},"query-input":{"@type":"PropertyValueSpecification","valueRequired":true,"valueName":"search_term_string"}}],"inLanguage":"en-US"},{"@type":"Organization","@id":"https:\/\/www.oeh.ac.at\/en\/#organization","name":"\u00d6sterreichische Hochsch\u00fcler_innenschaft","alternateName":"\u00d6H","url":"https:\/\/www.oeh.ac.at\/en\/","logo":{"@type":"ImageObject","inLanguage":"en-US","@id":"https:\/\/www.oeh.ac.at\/en\/#\/schema\/logo\/image\/","url":"https:\/\/www.oeh.ac.at\/wp-content\/uploads\/2023\/03\/OeH_Logo_white_RGB.png","contentUrl":"https:\/\/www.oeh.ac.at\/wp-content\/uploads\/2023\/03\/OeH_Logo_white_RGB.png","width":1600,"height":1330,"caption":"\u00d6sterreichische Hochsch\u00fcler_innenschaft"},"image":{"@id":"https:\/\/www.oeh.ac.at\/en\/#\/schema\/logo\/image\/"},"sameAs":["https:\/\/facebook.com\/bundesoeh","https:\/\/instagram.com\/bundesoeh","https:\/\/youtube.com\/bundesoeh","https:\/\/bsky.app\/profile\/bundesoeh.bsky.social"]}]}},"_links":{"self":[{"href":"https:\/\/www.oeh.ac.at\/en\/wp-json\/wp\/v2\/pages\/96374","targetHints":{"allow":["GET"]}}],"collection":[{"href":"https:\/\/www.oeh.ac.at\/en\/wp-json\/wp\/v2\/pages"}],"about":[{"href":"https:\/\/www.oeh.ac.at\/en\/wp-json\/wp\/v2\/types\/page"}],"author":[{"embeddable":true,"href":"https:\/\/www.oeh.ac.at\/en\/wp-json\/wp\/v2\/users\/22"}],"replies":[{"embeddable":true,"href":"https:\/\/www.oeh.ac.at\/en\/wp-json\/wp\/v2\/comments?post=96374"}],"version-history":[{"count":0,"href":"https:\/\/www.oeh.ac.at\/en\/wp-json\/wp\/v2\/pages\/96374\/revisions"}],"up":[{"embeddable":true,"href":"https:\/\/www.oeh.ac.at\/en\/wp-json\/wp\/v2\/pages\/96665"}],"wp:attachment":[{"href":"https:\/\/www.oeh.ac.at\/en\/wp-json\/wp\/v2\/media?parent=96374"}],"curies":[{"name":"wp","href":"https:\/\/api.w.org\/{rel}","templated":true}]}}