{"id":96307,"date":"2023-04-03T12:49:12","date_gmt":"2023-04-03T10:49:12","guid":{"rendered":"https:\/\/www.oeh.ac.at\/tuition-assistance\/what-is-the-study-grant\/"},"modified":"2023-06-20T17:45:26","modified_gmt":"2023-06-20T17:45:26","slug":"what-is-the-study-grant","status":"publish","type":"page","link":"https:\/\/www.oeh.ac.at\/en\/tuition-assistance\/what-is-the-study-grant\/","title":{"rendered":"What is the study grant"},"content":{"rendered":"\t\t<div data-elementor-type=\"wp-page\" data-elementor-id=\"96307\" class=\"elementor elementor-96307 elementor-67282\" data-elementor-post-type=\"page\">\n\t\t\t\t<div class=\"elementor-element elementor-element-25ce4bbc e-flex e-con-boxed e-con e-parent\" data-id=\"25ce4bbc\" data-element_type=\"container\">\n\t\t\t\t\t<div class=\"e-con-inner\">\n\t\t<div class=\"elementor-element elementor-element-5b61bf7c e-con-full e-flex e-con e-parent\" data-id=\"5b61bf7c\" data-element_type=\"container\">\n\t\t\t\t<div class=\"elementor-element elementor-element-9a40f58 elementor-widget elementor-widget-text-editor\" data-id=\"9a40f58\" data-element_type=\"widget\" data-widget_type=\"text-editor.default\">\n\t\t\t\t<div class=\"elementor-widget-container\">\n\t\t\t\t\t\t\t\t\t<h2>What is the study grant?<\/h2><p>In principle, parents are obliged to provide for the financial needs of their children until they reach the age of self-support. If the parents or the students themselves are not in a position to bear the costs associated with the studies, the study support intervenes. The study grant can range from \u20ac 5 per month to \u20ac 923 per month. If you have children or are physically impaired, the allowance may be even higher.<\/p><p>Do you want to pre-calculate your aid? <a href=\"https:\/\/www.stipendienrechner.at\/\" target=\"_blank\" rel=\"noopener\">Click here to go to the AK scholarship calculator<\/a><\/p><h2>Prerequisites for receiving the study grant are in principle:<\/h2><p><strong>Social Needs<\/strong>:<br \/>This refers in particular to the income situation of parents and students. The more your parents earn or the more you earn, the less student aid you will receive.<br \/><strong>Favorable Study Success<\/strong>:<br \/>This term includes a number of regulations on eligibility periods, record of achievement, change of study, and the like.<\/p><p>You can find more detailed information in our <a href=\"https:\/\/www.oeh.ac.at\/en\/product\/social-brochures\/\" rel=\"noopener\">social brochure<\/a>, which you can download or order free of charge.<\/p><p>You can apply for the study grant after self-support (Selbsterhalter_innen-Stipendium) if you have been self-supporting for four years and have received \u20ac 8,580 per year.<br \/><strong>Attention! Due to the amendment in the Studienf\u00f6rderungsgesetz (StudFG) an annual income of \u20ac 10,692 must be available from the academic year 2024\/2025!<\/strong> This is requested by means of an additional supplement to the application. The rules are the same as for the student grant, but your parents&#8217; income does not matter here.<\/p><p><a href=\"https:\/\/www.oeh.ac.at\/en\/tuition-assistance\/request-how-to\/\" rel=\"noopener\">Here are all the necessary forms and and tips on how to apply<\/a>.<\/p><p>The <a href=\"https:\/\/www.stipendium.at\/kontakt\/stipendienstellen\" target=\"_blank\" rel=\"noopener\">Office of Student Financial Aid<\/a> is responsible for processing the application.<\/p><div class=\"embed-container\"><iframe id=\"oeh-map\" src=\"https:\/\/map.oeh.ac.at\/?id=1,2,9,10,11,12&amp;filter=7\" data-mce-fragment=\"1\"><\/iframe><\/div><h2>Questions<\/h2><p>If you have questions about student aid, contact our <a href=\"https:\/\/www.oeh.ac.at\/en\/oh-map\/oeh-housing-counseling\/\" rel=\"noopener\">Social Counseling Service<\/a>.<\/p>\t\t\t\t\t\t\t\t<\/div>\n\t\t\t\t<\/div>\n\t\t\t\t<\/div>\n\t\t\t\t\t<\/div>\n\t\t\t\t<\/div>\n\t\t\t\t<\/div>\n\t\t","protected":false},"excerpt":{"rendered":"<p>What is the study grant? In principle, parents are obliged to provide for the financial needs of their children until they reach the age&#8230;<\/p>\n","protected":false},"author":1,"featured_media":0,"parent":96274,"menu_order":0,"comment_status":"closed","ping_status":"closed","template":"","meta":{"footnotes":""},"class_list":["post-96307","page","type-page","status-publish","hentry"],"yoast_head":"<!-- This site is optimized with the Yoast SEO plugin v25.9 - https:\/\/yoast.com\/wordpress\/plugins\/seo\/ -->\n<title>What is the study grant - \u00d6H<\/title>\n<meta name=\"description\" content=\"Learn about the requirements, application process, and benefits of student aid.\" \/>\n<meta name=\"robots\" content=\"index, follow, max-snippet:-1, max-image-preview:large, max-video-preview:-1\" \/>\n<link rel=\"canonical\" href=\"https:\/\/www.oeh.ac.at\/en\/tuition-assistance\/what-is-the-study-grant\/\" \/>\n<meta property=\"og:locale\" content=\"en_US\" \/>\n<meta property=\"og:type\" content=\"article\" \/>\n<meta property=\"og:title\" content=\"What is the study grant - \u00d6H\" \/>\n<meta property=\"og:description\" content=\"Learn about the requirements, application process, and benefits of student aid.\" \/>\n<meta property=\"og:url\" content=\"https:\/\/www.oeh.ac.at\/en\/tuition-assistance\/what-is-the-study-grant\/\" \/>\n<meta property=\"og:site_name\" content=\"\u00d6sterreichische Hochsch\u00fcler_innenschaft (\u00d6H)\" \/>\n<meta property=\"article:publisher\" content=\"https:\/\/facebook.com\/bundesoeh\" \/>\n<meta property=\"article:modified_time\" content=\"2023-06-20T17:45:26+00:00\" \/>\n<script type=\"application\/ld+json\" class=\"yoast-schema-graph\">{\"@context\":\"https:\/\/schema.org\",\"@graph\":[{\"@type\":\"WebPage\",\"@id\":\"https:\/\/www.oeh.ac.at\/en\/tuition-assistance\/what-is-the-study-grant\/\",\"url\":\"https:\/\/www.oeh.ac.at\/en\/tuition-assistance\/what-is-the-study-grant\/\",\"name\":\"What is the study grant - \u00d6H\",\"isPartOf\":{\"@id\":\"https:\/\/www.oeh.ac.at\/en\/#website\"},\"datePublished\":\"2023-04-03T10:49:12+00:00\",\"dateModified\":\"2023-06-20T17:45:26+00:00\",\"description\":\"Learn about the requirements, application process, and benefits of student aid.\",\"breadcrumb\":{\"@id\":\"https:\/\/www.oeh.ac.at\/en\/tuition-assistance\/what-is-the-study-grant\/#breadcrumb\"},\"inLanguage\":\"en-US\",\"potentialAction\":[{\"@type\":\"ReadAction\",\"target\":[\"https:\/\/www.oeh.ac.at\/en\/tuition-assistance\/what-is-the-study-grant\/\"]}]},{\"@type\":\"BreadcrumbList\",\"@id\":\"https:\/\/www.oeh.ac.at\/en\/tuition-assistance\/what-is-the-study-grant\/#breadcrumb\",\"itemListElement\":[{\"@type\":\"ListItem\",\"position\":1,\"name\":\"Startseite\",\"item\":\"https:\/\/www.oeh.ac.at\/en\/\"},{\"@type\":\"ListItem\",\"position\":2,\"name\":\"Tuition Assistance\",\"item\":\"https:\/\/www.oeh.ac.at\/en\/tuition-assistance\/\"},{\"@type\":\"ListItem\",\"position\":3,\"name\":\"What is the study grant\"}]},{\"@type\":\"WebSite\",\"@id\":\"https:\/\/www.oeh.ac.at\/en\/#website\",\"url\":\"https:\/\/www.oeh.ac.at\/en\/\",\"name\":\"\u00d6sterreichische Hochsch\u00fcler_innenschaft\",\"description\":\"\",\"publisher\":{\"@id\":\"https:\/\/www.oeh.ac.at\/en\/#organization\"},\"alternateName\":\"\u00d6H\",\"potentialAction\":[{\"@type\":\"SearchAction\",\"target\":{\"@type\":\"EntryPoint\",\"urlTemplate\":\"https:\/\/www.oeh.ac.at\/en\/?s={search_term_string}\"},\"query-input\":{\"@type\":\"PropertyValueSpecification\",\"valueRequired\":true,\"valueName\":\"search_term_string\"}}],\"inLanguage\":\"en-US\"},{\"@type\":\"Organization\",\"@id\":\"https:\/\/www.oeh.ac.at\/en\/#organization\",\"name\":\"\u00d6sterreichische Hochsch\u00fcler_innenschaft\",\"alternateName\":\"\u00d6H\",\"url\":\"https:\/\/www.oeh.ac.at\/en\/\",\"logo\":{\"@type\":\"ImageObject\",\"inLanguage\":\"en-US\",\"@id\":\"https:\/\/www.oeh.ac.at\/en\/#\/schema\/logo\/image\/\",\"url\":\"https:\/\/www.oeh.ac.at\/wp-content\/uploads\/2023\/03\/OeH_Logo_white_RGB.png\",\"contentUrl\":\"https:\/\/www.oeh.ac.at\/wp-content\/uploads\/2023\/03\/OeH_Logo_white_RGB.png\",\"width\":1600,\"height\":1330,\"caption\":\"\u00d6sterreichische Hochsch\u00fcler_innenschaft\"},\"image\":{\"@id\":\"https:\/\/www.oeh.ac.at\/en\/#\/schema\/logo\/image\/\"},\"sameAs\":[\"https:\/\/facebook.com\/bundesoeh\",\"https:\/\/instagram.com\/bundesoeh\",\"https:\/\/youtube.com\/bundesoeh\",\"https:\/\/bsky.app\/profile\/bundesoeh.bsky.social\"]}]}<\/script>\n<!-- \/ Yoast SEO plugin. -->","yoast_head_json":{"title":"What is the study grant - \u00d6H","description":"Learn about the requirements, application process, and benefits of student aid.","robots":{"index":"index","follow":"follow","max-snippet":"max-snippet:-1","max-image-preview":"max-image-preview:large","max-video-preview":"max-video-preview:-1"},"canonical":"https:\/\/www.oeh.ac.at\/en\/tuition-assistance\/what-is-the-study-grant\/","og_locale":"en_US","og_type":"article","og_title":"What is the study grant - \u00d6H","og_description":"Learn about the requirements, application process, and benefits of student aid.","og_url":"https:\/\/www.oeh.ac.at\/en\/tuition-assistance\/what-is-the-study-grant\/","og_site_name":"\u00d6sterreichische Hochsch\u00fcler_innenschaft (\u00d6H)","article_publisher":"https:\/\/facebook.com\/bundesoeh","article_modified_time":"2023-06-20T17:45:26+00:00","schema":{"@context":"https:\/\/schema.org","@graph":[{"@type":"WebPage","@id":"https:\/\/www.oeh.ac.at\/en\/tuition-assistance\/what-is-the-study-grant\/","url":"https:\/\/www.oeh.ac.at\/en\/tuition-assistance\/what-is-the-study-grant\/","name":"What is the study grant - \u00d6H","isPartOf":{"@id":"https:\/\/www.oeh.ac.at\/en\/#website"},"datePublished":"2023-04-03T10:49:12+00:00","dateModified":"2023-06-20T17:45:26+00:00","description":"Learn about the requirements, application process, and benefits of student aid.","breadcrumb":{"@id":"https:\/\/www.oeh.ac.at\/en\/tuition-assistance\/what-is-the-study-grant\/#breadcrumb"},"inLanguage":"en-US","potentialAction":[{"@type":"ReadAction","target":["https:\/\/www.oeh.ac.at\/en\/tuition-assistance\/what-is-the-study-grant\/"]}]},{"@type":"BreadcrumbList","@id":"https:\/\/www.oeh.ac.at\/en\/tuition-assistance\/what-is-the-study-grant\/#breadcrumb","itemListElement":[{"@type":"ListItem","position":1,"name":"Startseite","item":"https:\/\/www.oeh.ac.at\/en\/"},{"@type":"ListItem","position":2,"name":"Tuition Assistance","item":"https:\/\/www.oeh.ac.at\/en\/tuition-assistance\/"},{"@type":"ListItem","position":3,"name":"What is the study grant"}]},{"@type":"WebSite","@id":"https:\/\/www.oeh.ac.at\/en\/#website","url":"https:\/\/www.oeh.ac.at\/en\/","name":"\u00d6sterreichische Hochsch\u00fcler_innenschaft","description":"","publisher":{"@id":"https:\/\/www.oeh.ac.at\/en\/#organization"},"alternateName":"\u00d6H","potentialAction":[{"@type":"SearchAction","target":{"@type":"EntryPoint","urlTemplate":"https:\/\/www.oeh.ac.at\/en\/?s={search_term_string}"},"query-input":{"@type":"PropertyValueSpecification","valueRequired":true,"valueName":"search_term_string"}}],"inLanguage":"en-US"},{"@type":"Organization","@id":"https:\/\/www.oeh.ac.at\/en\/#organization","name":"\u00d6sterreichische Hochsch\u00fcler_innenschaft","alternateName":"\u00d6H","url":"https:\/\/www.oeh.ac.at\/en\/","logo":{"@type":"ImageObject","inLanguage":"en-US","@id":"https:\/\/www.oeh.ac.at\/en\/#\/schema\/logo\/image\/","url":"https:\/\/www.oeh.ac.at\/wp-content\/uploads\/2023\/03\/OeH_Logo_white_RGB.png","contentUrl":"https:\/\/www.oeh.ac.at\/wp-content\/uploads\/2023\/03\/OeH_Logo_white_RGB.png","width":1600,"height":1330,"caption":"\u00d6sterreichische Hochsch\u00fcler_innenschaft"},"image":{"@id":"https:\/\/www.oeh.ac.at\/en\/#\/schema\/logo\/image\/"},"sameAs":["https:\/\/facebook.com\/bundesoeh","https:\/\/instagram.com\/bundesoeh","https:\/\/youtube.com\/bundesoeh","https:\/\/bsky.app\/profile\/bundesoeh.bsky.social"]}]}},"_links":{"self":[{"href":"https:\/\/www.oeh.ac.at\/en\/wp-json\/wp\/v2\/pages\/96307","targetHints":{"allow":["GET"]}}],"collection":[{"href":"https:\/\/www.oeh.ac.at\/en\/wp-json\/wp\/v2\/pages"}],"about":[{"href":"https:\/\/www.oeh.ac.at\/en\/wp-json\/wp\/v2\/types\/page"}],"author":[{"embeddable":true,"href":"https:\/\/www.oeh.ac.at\/en\/wp-json\/wp\/v2\/users\/1"}],"replies":[{"embeddable":true,"href":"https:\/\/www.oeh.ac.at\/en\/wp-json\/wp\/v2\/comments?post=96307"}],"version-history":[{"count":0,"href":"https:\/\/www.oeh.ac.at\/en\/wp-json\/wp\/v2\/pages\/96307\/revisions"}],"up":[{"embeddable":true,"href":"https:\/\/www.oeh.ac.at\/en\/wp-json\/wp\/v2\/pages\/96274"}],"wp:attachment":[{"href":"https:\/\/www.oeh.ac.at\/en\/wp-json\/wp\/v2\/media?parent=96307"}],"curies":[{"name":"wp","href":"https:\/\/api.w.org\/{rel}","templated":true}]}}