{"id":1203372,"date":"2025-09-19T10:00:00","date_gmt":"2025-09-19T08:00:00","guid":{"rendered":"https:\/\/www.oeh.ac.at\/?page_id=1203372"},"modified":"2025-10-10T10:47:34","modified_gmt":"2025-10-10T08:47:34","slug":"students-at-risk","status":"publish","type":"page","link":"https:\/\/www.oeh.ac.at\/en\/service\/funding-pots\/students-at-risk\/","title":{"rendered":"Students at Risk"},"content":{"rendered":"\t\t<div data-elementor-type=\"wp-page\" data-elementor-id=\"1203372\" class=\"elementor elementor-1203372 elementor-1194473\" data-elementor-post-type=\"page\">\n\t\t\t\t<div class=\"elementor-element elementor-element-b786b47 e-flex e-con-boxed e-con e-parent\" data-id=\"b786b47\" data-element_type=\"container\">\n\t\t\t\t\t<div class=\"e-con-inner\">\n\t\t\t\t<div class=\"elementor-element elementor-element-cb8f3dc elementor-widget elementor-widget-text-editor\" data-id=\"cb8f3dc\" data-element_type=\"widget\" data-widget_type=\"text-editor.default\">\n\t\t\t\t<div class=\"elementor-widget-container\">\n\t\t\t\t\t\t\t\t\t<h1><b>What is the Students at Risk Fund? <\/b><\/h1><p><span style=\"font-weight: 400;\">The Students at Risk Fund is intended to support students who can prove that they are at risk of being formally or de facto denied the right to education at their university due to their ethnic, sexual, gender, or religious identity or their political or civic engagement, in continuing and completing their studies in Austria.<\/span><\/p><p><span style=\"font-weight: 400;\">This means that students who meet the selection criteria (demonstrable risk due to their ethnic, sexual, gender, or religious identity or their political or civic engagement and the resulting denial of their right to education) can submit an application for the scholarship through the Austrian university at which they have been admitted. <\/span><\/p><p>Higher education institutions nominate potential scholarship recipients to the OeAD using a nomination form (available from the OeAD and the \u00d6H). The higher education institutions confirm that the candidates are not only plausibly at risk within the meaning of the call for applications, but also have good prospects for studying in Austria, ensure that they have unlimited admission to the respective degree program, and confirm that the candidates can provide the language certificates required for admission to the degree program.<\/p><p>Eligible candidates are then invited by the OeAD to submit their application via the OeAD&#8217;s online application portal. After checking the formal requirements and the plausibility of the applications, a selection committee consisting of representatives from the BMFWF, \u00d6H, and OeAD decides on the awarding of grants. The \u00d6H is responsible for awarding and disbursing the fund.<\/p><div><span lang=\"de\">The application process is handled in cooperation between the Austrian National Union of Students and OeAD-GmbH.<\/span><\/div><h1><b>How can I apply?<\/b><\/h1><p>As an applicant, the higher education institution for which you have been issued an admission must nominate you to the OeAD. In doing so, your higher education institution declares that the individual risk is plausible and that you also have good prospects for studying in Austria. At the same time, they guarantee you unlimited admission to the respective degree program and ensure that you can provide the language certificates required for admission to the program.<\/p><p><span style=\"font-weight: 400;\">After your university has submitted your application to the OeAD, you will be invited to submit your application via the OeAD&#8217;s online application portal. After checking the formal requirements and the plausibility of the applications, a selection committee consisting of representatives from the BMFWF, \u00d6H, and OeAD will decide on the awarding of grants. The scholarship will then be awarded and paid out by the \u00d6H. <\/span><\/p><h1>The application process consists of the following steps:<\/h1><ol><li>Nomination by an Austrian university: <br \/>The first step is to obtain a nomination from an Austrian university. To be nominated, an authorized representative of the university must complete the relevant form (nomination sheet) and submit it to the OeAD.<\/li><li>Written application by the candidate: <br \/>After the nominations have been checked for completeness and plausibility, the candidate is invited to apply in writing using an online application form<\/li><li>Review of the submitted application documents by the OeAD: Checking for completeness, fulfillment of the formal criteria, and plausibility of the alleged threat in detail.<\/li><li>Decision by a selection committee: <br \/>A selection committee consisting of one member each from the \u00d6H, the OeAD, and the BMFWF decides on the granting of support. In addition, experts may be consulted in an advisory capacity.<\/li><li>Written decision: <br \/>The candidate will be notified of the decision in writing.<\/li><\/ol><h1>What do applicants need to apply?<\/h1><ul><li>Proof of previous studies at a university in a third country (excluding EU\/EEA\/EFTA countries as well as Andorra, Monaco, San Marino, and the United Kingdom)<\/li><li>Proof of denial of the right to education in the country of study to date or proof of activism, risk status, and endangerment<\/li><li>Unlimited admission to a degree program or admission to a preparatory course at a recognized Austrian higher education institution (please note: admission does not automatically grant a residence permit; this must be applied for separately<\/li><li>Scholarship nomination issued by an Austrian higher education institution<\/li><li>Complete curriculum vitae<\/li><li>Proof of language skills (Language skills in German or English must generally correspond to level B2 (or higher) of the CEFR in order to be able to study in one of these two languages at an Austrian higher education institution! However, the requirements vary depending on the degree program. If your German language skills are insufficient, you can acquire them in a preparatory course. German language skills at level A2 are usually sufficient here.)<\/li><li>Proof of previous school or university degrees<\/li><li>Scanned Document (Name and Picture)<\/li><\/ul><h1><b>Facts &amp; figures: <\/b><\/h1><p><strong>Target group:<\/strong><\/p><ul><li style=\"font-weight: 400;\" aria-level=\"1\"><span style=\"font-weight: 400;\">Students at BA, MA, or PhD level who are formally or de facto denied the right to education in their countries of origin should be given the opportunity to obtain a university degree in a safe environment.<\/span><\/li><li style=\"font-weight: 400;\" aria-level=\"1\"><span style=\"font-weight: 400;\">The student must have studied diligently in their country of origin for at least one semester before having to discontinue their studies.<\/span><\/li><li style=\"font-weight: 400;\" aria-level=\"1\"><span style=\"font-weight: 400;\">The studies must have been discontinued within the last two years prior to the date of nomination.<\/span><\/li><\/ul><p><strong>Quota<\/strong>: <span style=\"font-weight: 400;\">We can award a maximum of 50 financial grants per academic year.<\/span><\/p><p><strong> Countries of origin:<\/strong><br \/><span style=\"font-weight: 400;\">All (except EU\/EEA\/EFTA countries as well as Andorra, Monaco, San Marino, and the United Kingdom).<\/span><\/p><p><strong>Type of funding:<\/strong><br \/><span style=\"font-weight: 400;\">Funding for the completion of a BA, MA, or PhD degree in Austria.<\/span><\/p><p><strong>Duration: <\/strong>For the duration of the statutory period of study plus two semesters; up to three semesters in the preliminary study course.<\/p><p><span style=\"font-weight: 400;\"><strong>Max:<\/strong> <\/span><span style=\"font-weight: 400;\">35 years<\/span><\/p><p><strong>Scholarship amount:<\/strong><br \/><span style=\"font-weight: 400;\">1,200 euros per month; tuition fees are not covered by the scholarship.<\/span><\/p><p><strong>Application deadline:<\/strong><br \/>At any time (call for proposals on <a href=\"http:\/\/grants.at\">grants.at<\/a>)<\/p><p><strong>Procedure<\/strong>:<br \/>Potential scholarship recipients are selected exclusively by the respective higher education institution. It is not possible to apply directly to the OeAD.<\/p><p><strong>Funding body: <\/strong>\u00d6H with funds from the Federal Ministry for Women, Science and Research (BMFWF) in cooperation with the OeAD.<\/p>\t\t\t\t\t\t\t\t<\/div>\n\t\t\t\t<\/div>\n\t\t\t\t\t<\/div>\n\t\t\t\t<\/div>\n\t\t<div class=\"elementor-element elementor-element-481b760 e-flex e-con-boxed e-con e-parent\" data-id=\"481b760\" data-element_type=\"container\">\n\t\t\t\t\t<div class=\"e-con-inner\">\n\t\t\t\t<div class=\"elementor-element elementor-element-d0949ae e-n-tabs-mobile elementor-widget elementor-widget-n-tabs\" data-id=\"d0949ae\" data-element_type=\"widget\" data-settings=\"{&quot;tabs_justify_horizontal&quot;:&quot;start&quot;,&quot;tabs_justify_horizontal_mobile&quot;:&quot;start&quot;,&quot;horizontal_scroll&quot;:&quot;disable&quot;}\" data-widget_type=\"nested-tabs.default\">\n\t\t\t\t<div class=\"elementor-widget-container\">\n\t\t\t\t\t\t\t<div class=\"e-n-tabs\" data-widget-number=\"218712494\" aria-label=\"Tabs. Open items with Enter or Space, close with Escape and navigate using the Arrow keys.\">\n\t\t\t<div class=\"e-n-tabs-heading\" role=\"tablist\">\n\t\t\t\t\t<button id=\"e-n-tab-title-2187124941\" class=\"e-n-tab-title\" aria-selected=\"true\" data-tab-index=\"1\" role=\"tab\" tabindex=\"0\" aria-controls=\"e-n-tab-content-2187124941\" style=\"--n-tabs-title-order: 1;\">\n\t\t\t\t\t<span class=\"e-n-tab-icon\">\n\t\t\t<svg aria-hidden=\"true\" class=\"e-font-icon-svg e-fas-angle-right\" viewBox=\"0 0 256 512\" xmlns=\"http:\/\/www.w3.org\/2000\/svg\"><path d=\"M224.3 273l-136 136c-9.4 9.4-24.6 9.4-33.9 0l-22.6-22.6c-9.4-9.4-9.4-24.6 0-33.9l96.4-96.4-96.4-96.4c-9.4-9.4-9.4-24.6 0-33.9L54.3 103c9.4-9.4 24.6-9.4 33.9 0l136 136c9.5 9.4 9.5 24.6.1 34z\"><\/path><\/svg>\t\t\t<svg aria-hidden=\"true\" class=\"e-font-icon-svg e-fas-angle-right\" viewBox=\"0 0 256 512\" xmlns=\"http:\/\/www.w3.org\/2000\/svg\"><path d=\"M224.3 273l-136 136c-9.4 9.4-24.6 9.4-33.9 0l-22.6-22.6c-9.4-9.4-9.4-24.6 0-33.9l96.4-96.4-96.4-96.4c-9.4-9.4-9.4-24.6 0-33.9L54.3 103c9.4-9.4 24.6-9.4 33.9 0l136 136c9.5 9.4 9.5 24.6.1 34z\"><\/path><\/svg>\t\t<\/span>\n\t\t\t\t\t<span class=\"e-n-tab-title-text\">\n\t\t\t\tmore information\t\t\t<\/span>\n\t\t<\/button>\n\t\t\t\t<button id=\"e-n-tab-title-2187124942\" class=\"e-n-tab-title\" aria-selected=\"false\" data-tab-index=\"2\" role=\"tab\" tabindex=\"-1\" aria-controls=\"e-n-tab-content-2187124942\" style=\"--n-tabs-title-order: 2;\">\n\t\t\t\t\t<span class=\"e-n-tab-icon\">\n\t\t\t<svg aria-hidden=\"true\" class=\"e-font-icon-svg e-fas-angle-right\" viewBox=\"0 0 256 512\" xmlns=\"http:\/\/www.w3.org\/2000\/svg\"><path d=\"M224.3 273l-136 136c-9.4 9.4-24.6 9.4-33.9 0l-22.6-22.6c-9.4-9.4-9.4-24.6 0-33.9l96.4-96.4-96.4-96.4c-9.4-9.4-9.4-24.6 0-33.9L54.3 103c9.4-9.4 24.6-9.4 33.9 0l136 136c9.5 9.4 9.5 24.6.1 34z\"><\/path><\/svg>\t\t\t<svg aria-hidden=\"true\" class=\"e-font-icon-svg e-fas-angle-right\" viewBox=\"0 0 256 512\" xmlns=\"http:\/\/www.w3.org\/2000\/svg\"><path d=\"M224.3 273l-136 136c-9.4 9.4-24.6 9.4-33.9 0l-22.6-22.6c-9.4-9.4-9.4-24.6 0-33.9l96.4-96.4-96.4-96.4c-9.4-9.4-9.4-24.6 0-33.9L54.3 103c9.4-9.4 24.6-9.4 33.9 0l136 136c9.5 9.4 9.5 24.6.1 34z\"><\/path><\/svg>\t\t<\/span>\n\t\t\t\t\t<span class=\"e-n-tab-title-text\">\n\t\t\t\tFAQ\t\t\t<\/span>\n\t\t<\/button>\n\t\t\t\t<button id=\"e-n-tab-title-2187124943\" class=\"e-n-tab-title\" aria-selected=\"false\" data-tab-index=\"3\" role=\"tab\" tabindex=\"-1\" aria-controls=\"e-n-tab-content-2187124943\" style=\"--n-tabs-title-order: 3;\">\n\t\t\t\t\t<span class=\"e-n-tab-icon\">\n\t\t\t<svg aria-hidden=\"true\" class=\"e-font-icon-svg e-fas-angle-right\" viewBox=\"0 0 256 512\" xmlns=\"http:\/\/www.w3.org\/2000\/svg\"><path d=\"M224.3 273l-136 136c-9.4 9.4-24.6 9.4-33.9 0l-22.6-22.6c-9.4-9.4-9.4-24.6 0-33.9l96.4-96.4-96.4-96.4c-9.4-9.4-9.4-24.6 0-33.9L54.3 103c9.4-9.4 24.6-9.4 33.9 0l136 136c9.5 9.4 9.5 24.6.1 34z\"><\/path><\/svg>\t\t\t<svg aria-hidden=\"true\" class=\"e-font-icon-svg e-fas-angle-right\" viewBox=\"0 0 256 512\" xmlns=\"http:\/\/www.w3.org\/2000\/svg\"><path d=\"M224.3 273l-136 136c-9.4 9.4-24.6 9.4-33.9 0l-22.6-22.6c-9.4-9.4-9.4-24.6 0-33.9l96.4-96.4-96.4-96.4c-9.4-9.4-9.4-24.6 0-33.9L54.3 103c9.4-9.4 24.6-9.4 33.9 0l136 136c9.5 9.4 9.5 24.6.1 34z\"><\/path><\/svg>\t\t<\/span>\n\t\t\t\t\t<span class=\"e-n-tab-title-text\">\n\t\t\t\tQuestions?\t\t\t<\/span>\n\t\t<\/button>\n\t\t\t\t\t<\/div>\n\t\t\t<div class=\"e-n-tabs-content\">\n\t\t\t\t<div id=\"e-n-tab-content-2187124941\" role=\"tabpanel\" aria-labelledby=\"e-n-tab-title-2187124941\" data-tab-index=\"1\" style=\"--n-tabs-title-order: 1;\" class=\"e-active elementor-element elementor-element-b7096eb e-con-full e-flex e-con e-child\" data-id=\"b7096eb\" data-element_type=\"container\">\n\t\t\t\t<div class=\"elementor-element elementor-element-1d7e9af rfkb elementor-widget elementor-widget-text-editor\" data-id=\"1d7e9af\" data-element_type=\"widget\" data-widget_type=\"text-editor.default\">\n\t\t\t\t<div class=\"elementor-widget-container\">\n\t\t\t\t\t\t\t\t\t<p>Ausschreibung auf grants.at<br><a href=\"https:\/\/oead.at\/students-at-risk-austria\">Informationen beim OeAD<\/a><br><br><\/p>\t\t\t\t\t\t\t\t<\/div>\n\t\t\t\t<\/div>\n\t\t\t\t<\/div>\n\t\t<div id=\"e-n-tab-content-2187124942\" role=\"tabpanel\" aria-labelledby=\"e-n-tab-title-2187124942\" data-tab-index=\"2\" style=\"--n-tabs-title-order: 2;\" class=\" elementor-element elementor-element-43317bd e-con-full e-flex e-con e-child\" data-id=\"43317bd\" data-element_type=\"container\" data-settings=\"{&quot;background_background&quot;:&quot;classic&quot;}\">\n\t\t\t\t<div class=\"elementor-element elementor-element-9ef747c elementor-widget elementor-widget-text-editor\" data-id=\"9ef747c\" data-element_type=\"widget\" data-widget_type=\"text-editor.default\">\n\t\t\t\t<div class=\"elementor-widget-container\">\n\t\t\t\t\t\t\t\t\t<p><a href=\"https:\/\/oead.at\/de\/students-at-risk-austria-faqs\/\">FAQ of the OeAD<\/a><\/p>\t\t\t\t\t\t\t\t<\/div>\n\t\t\t\t<\/div>\n\t\t\t\t<\/div>\n\t\t<div id=\"e-n-tab-content-2187124943\" role=\"tabpanel\" aria-labelledby=\"e-n-tab-title-2187124943\" data-tab-index=\"3\" style=\"--n-tabs-title-order: 3;\" class=\" elementor-element elementor-element-67e4ff0 e-con-full e-flex e-con e-child\" data-id=\"67e4ff0\" data-element_type=\"container\">\n\t\t\t\t<div class=\"elementor-element elementor-element-64cd58a elementor-widget elementor-widget-text-editor\" data-id=\"64cd58a\" data-element_type=\"widget\" data-widget_type=\"text-editor.default\">\n\t\t\t\t<div class=\"elementor-widget-container\">\n\t\t\t\t\t\t\t\t\t<p>Laura Reppmann BA<br>Officer for International Affairs <br><a href=\"mailto:students-at-risk-austria@oeh.ac.at\">students-at-risk-austria@oeh.ac.at<\/a><br>0676\/88852212<\/p>\t\t\t\t\t\t\t\t<\/div>\n\t\t\t\t<\/div>\n\t\t\t\t<\/div>\n\t\t\t\t\t<\/div>\n\t\t<\/div>\n\t\t\t\t\t\t<\/div>\n\t\t\t\t<\/div>\n\t\t\t\t\t<\/div>\n\t\t\t\t<\/div>\n\t\t<div class=\"elementor-element elementor-element-92deae9 e-flex e-con-boxed e-con e-parent\" data-id=\"92deae9\" data-element_type=\"container\">\n\t\t\t\t\t<div class=\"e-con-inner\">\n\t\t\t\t\t<\/div>\n\t\t\t\t<\/div>\n\t\t<div class=\"elementor-element elementor-element-398fd62 e-flex e-con-boxed e-con e-parent\" data-id=\"398fd62\" data-element_type=\"container\">\n\t\t\t\t\t<div class=\"e-con-inner\">\n\t\t\t\t\t<\/div>\n\t\t\t\t<\/div>\n\t\t\t\t<\/div>\n\t\t","protected":false},"excerpt":{"rendered":"<p>What is the Students at Risk Fund? The Students at Risk Fund is intended to support students who can prove that they are at&#8230;<\/p>\n","protected":false},"author":34,"featured_media":0,"parent":96665,"menu_order":0,"comment_status":"closed","ping_status":"closed","template":"","meta":{"footnotes":""},"class_list":["post-1203372","page","type-page","status-publish","hentry"],"yoast_head":"<!-- This site is optimized with the Yoast SEO plugin v25.9 - https:\/\/yoast.com\/wordpress\/plugins\/seo\/ -->\n<title>Students at Risk - \u00d6sterreichische Hochsch\u00fcler_innenschaft (\u00d6H)<\/title>\n<meta name=\"robots\" content=\"index, follow, max-snippet:-1, max-image-preview:large, max-video-preview:-1\" \/>\n<link rel=\"canonical\" href=\"https:\/\/www.oeh.ac.at\/en\/service\/funding-pots\/students-at-risk\/\" \/>\n<meta property=\"og:locale\" content=\"en_US\" \/>\n<meta property=\"og:type\" content=\"article\" \/>\n<meta property=\"og:title\" content=\"Students at Risk - \u00d6sterreichische Hochsch\u00fcler_innenschaft (\u00d6H)\" \/>\n<meta property=\"og:description\" content=\"What is the Students at Risk Fund? The Students at Risk Fund is intended to support students who can prove that they are at...\" \/>\n<meta property=\"og:url\" content=\"https:\/\/www.oeh.ac.at\/en\/service\/funding-pots\/students-at-risk\/\" \/>\n<meta property=\"og:site_name\" content=\"\u00d6sterreichische Hochsch\u00fcler_innenschaft (\u00d6H)\" \/>\n<meta property=\"article:publisher\" content=\"https:\/\/facebook.com\/bundesoeh\" \/>\n<meta property=\"article:modified_time\" content=\"2025-10-10T08:47:34+00:00\" \/>\n<script type=\"application\/ld+json\" class=\"yoast-schema-graph\">{\"@context\":\"https:\/\/schema.org\",\"@graph\":[{\"@type\":\"WebPage\",\"@id\":\"https:\/\/www.oeh.ac.at\/en\/service\/funding-pots\/students-at-risk\/\",\"url\":\"https:\/\/www.oeh.ac.at\/en\/service\/funding-pots\/students-at-risk\/\",\"name\":\"Students at Risk - \u00d6sterreichische Hochsch\u00fcler_innenschaft (\u00d6H)\",\"isPartOf\":{\"@id\":\"https:\/\/www.oeh.ac.at\/en\/#website\"},\"datePublished\":\"2025-09-19T08:00:00+00:00\",\"dateModified\":\"2025-10-10T08:47:34+00:00\",\"breadcrumb\":{\"@id\":\"https:\/\/www.oeh.ac.at\/en\/service\/funding-pots\/students-at-risk\/#breadcrumb\"},\"inLanguage\":\"en-US\",\"potentialAction\":[{\"@type\":\"ReadAction\",\"target\":[\"https:\/\/www.oeh.ac.at\/en\/service\/funding-pots\/students-at-risk\/\"]}]},{\"@type\":\"BreadcrumbList\",\"@id\":\"https:\/\/www.oeh.ac.at\/en\/service\/funding-pots\/students-at-risk\/#breadcrumb\",\"itemListElement\":[{\"@type\":\"ListItem\",\"position\":1,\"name\":\"Startseite\",\"item\":\"https:\/\/www.oeh.ac.at\/en\/\"},{\"@type\":\"ListItem\",\"position\":2,\"name\":\"Service\",\"item\":\"https:\/\/www.oeh.ac.at\/en\/service\/\"},{\"@type\":\"ListItem\",\"position\":3,\"name\":\"Funds\",\"item\":\"https:\/\/www.oeh.ac.at\/en\/service\/funding-pots\/\"},{\"@type\":\"ListItem\",\"position\":4,\"name\":\"Students at Risk\"}]},{\"@type\":\"WebSite\",\"@id\":\"https:\/\/www.oeh.ac.at\/en\/#website\",\"url\":\"https:\/\/www.oeh.ac.at\/en\/\",\"name\":\"\u00d6sterreichische Hochsch\u00fcler_innenschaft\",\"description\":\"\",\"publisher\":{\"@id\":\"https:\/\/www.oeh.ac.at\/en\/#organization\"},\"alternateName\":\"\u00d6H\",\"potentialAction\":[{\"@type\":\"SearchAction\",\"target\":{\"@type\":\"EntryPoint\",\"urlTemplate\":\"https:\/\/www.oeh.ac.at\/en\/?s={search_term_string}\"},\"query-input\":{\"@type\":\"PropertyValueSpecification\",\"valueRequired\":true,\"valueName\":\"search_term_string\"}}],\"inLanguage\":\"en-US\"},{\"@type\":\"Organization\",\"@id\":\"https:\/\/www.oeh.ac.at\/en\/#organization\",\"name\":\"\u00d6sterreichische Hochsch\u00fcler_innenschaft\",\"alternateName\":\"\u00d6H\",\"url\":\"https:\/\/www.oeh.ac.at\/en\/\",\"logo\":{\"@type\":\"ImageObject\",\"inLanguage\":\"en-US\",\"@id\":\"https:\/\/www.oeh.ac.at\/en\/#\/schema\/logo\/image\/\",\"url\":\"https:\/\/www.oeh.ac.at\/wp-content\/uploads\/2023\/03\/OeH_Logo_white_RGB.png\",\"contentUrl\":\"https:\/\/www.oeh.ac.at\/wp-content\/uploads\/2023\/03\/OeH_Logo_white_RGB.png\",\"width\":1600,\"height\":1330,\"caption\":\"\u00d6sterreichische Hochsch\u00fcler_innenschaft\"},\"image\":{\"@id\":\"https:\/\/www.oeh.ac.at\/en\/#\/schema\/logo\/image\/\"},\"sameAs\":[\"https:\/\/facebook.com\/bundesoeh\",\"https:\/\/instagram.com\/bundesoeh\",\"https:\/\/youtube.com\/bundesoeh\",\"https:\/\/bsky.app\/profile\/bundesoeh.bsky.social\"]}]}<\/script>\n<!-- \/ Yoast SEO plugin. -->","yoast_head_json":{"title":"Students at Risk - \u00d6sterreichische Hochsch\u00fcler_innenschaft (\u00d6H)","robots":{"index":"index","follow":"follow","max-snippet":"max-snippet:-1","max-image-preview":"max-image-preview:large","max-video-preview":"max-video-preview:-1"},"canonical":"https:\/\/www.oeh.ac.at\/en\/service\/funding-pots\/students-at-risk\/","og_locale":"en_US","og_type":"article","og_title":"Students at Risk - \u00d6sterreichische Hochsch\u00fcler_innenschaft (\u00d6H)","og_description":"What is the Students at Risk Fund? The Students at Risk Fund is intended to support students who can prove that they are at...","og_url":"https:\/\/www.oeh.ac.at\/en\/service\/funding-pots\/students-at-risk\/","og_site_name":"\u00d6sterreichische Hochsch\u00fcler_innenschaft (\u00d6H)","article_publisher":"https:\/\/facebook.com\/bundesoeh","article_modified_time":"2025-10-10T08:47:34+00:00","schema":{"@context":"https:\/\/schema.org","@graph":[{"@type":"WebPage","@id":"https:\/\/www.oeh.ac.at\/en\/service\/funding-pots\/students-at-risk\/","url":"https:\/\/www.oeh.ac.at\/en\/service\/funding-pots\/students-at-risk\/","name":"Students at Risk - \u00d6sterreichische Hochsch\u00fcler_innenschaft (\u00d6H)","isPartOf":{"@id":"https:\/\/www.oeh.ac.at\/en\/#website"},"datePublished":"2025-09-19T08:00:00+00:00","dateModified":"2025-10-10T08:47:34+00:00","breadcrumb":{"@id":"https:\/\/www.oeh.ac.at\/en\/service\/funding-pots\/students-at-risk\/#breadcrumb"},"inLanguage":"en-US","potentialAction":[{"@type":"ReadAction","target":["https:\/\/www.oeh.ac.at\/en\/service\/funding-pots\/students-at-risk\/"]}]},{"@type":"BreadcrumbList","@id":"https:\/\/www.oeh.ac.at\/en\/service\/funding-pots\/students-at-risk\/#breadcrumb","itemListElement":[{"@type":"ListItem","position":1,"name":"Startseite","item":"https:\/\/www.oeh.ac.at\/en\/"},{"@type":"ListItem","position":2,"name":"Service","item":"https:\/\/www.oeh.ac.at\/en\/service\/"},{"@type":"ListItem","position":3,"name":"Funds","item":"https:\/\/www.oeh.ac.at\/en\/service\/funding-pots\/"},{"@type":"ListItem","position":4,"name":"Students at Risk"}]},{"@type":"WebSite","@id":"https:\/\/www.oeh.ac.at\/en\/#website","url":"https:\/\/www.oeh.ac.at\/en\/","name":"\u00d6sterreichische Hochsch\u00fcler_innenschaft","description":"","publisher":{"@id":"https:\/\/www.oeh.ac.at\/en\/#organization"},"alternateName":"\u00d6H","potentialAction":[{"@type":"SearchAction","target":{"@type":"EntryPoint","urlTemplate":"https:\/\/www.oeh.ac.at\/en\/?s={search_term_string}"},"query-input":{"@type":"PropertyValueSpecification","valueRequired":true,"valueName":"search_term_string"}}],"inLanguage":"en-US"},{"@type":"Organization","@id":"https:\/\/www.oeh.ac.at\/en\/#organization","name":"\u00d6sterreichische Hochsch\u00fcler_innenschaft","alternateName":"\u00d6H","url":"https:\/\/www.oeh.ac.at\/en\/","logo":{"@type":"ImageObject","inLanguage":"en-US","@id":"https:\/\/www.oeh.ac.at\/en\/#\/schema\/logo\/image\/","url":"https:\/\/www.oeh.ac.at\/wp-content\/uploads\/2023\/03\/OeH_Logo_white_RGB.png","contentUrl":"https:\/\/www.oeh.ac.at\/wp-content\/uploads\/2023\/03\/OeH_Logo_white_RGB.png","width":1600,"height":1330,"caption":"\u00d6sterreichische Hochsch\u00fcler_innenschaft"},"image":{"@id":"https:\/\/www.oeh.ac.at\/en\/#\/schema\/logo\/image\/"},"sameAs":["https:\/\/facebook.com\/bundesoeh","https:\/\/instagram.com\/bundesoeh","https:\/\/youtube.com\/bundesoeh","https:\/\/bsky.app\/profile\/bundesoeh.bsky.social"]}]}},"_links":{"self":[{"href":"https:\/\/www.oeh.ac.at\/en\/wp-json\/wp\/v2\/pages\/1203372","targetHints":{"allow":["GET"]}}],"collection":[{"href":"https:\/\/www.oeh.ac.at\/en\/wp-json\/wp\/v2\/pages"}],"about":[{"href":"https:\/\/www.oeh.ac.at\/en\/wp-json\/wp\/v2\/types\/page"}],"author":[{"embeddable":true,"href":"https:\/\/www.oeh.ac.at\/en\/wp-json\/wp\/v2\/users\/34"}],"replies":[{"embeddable":true,"href":"https:\/\/www.oeh.ac.at\/en\/wp-json\/wp\/v2\/comments?post=1203372"}],"version-history":[{"count":19,"href":"https:\/\/www.oeh.ac.at\/en\/wp-json\/wp\/v2\/pages\/1203372\/revisions"}],"predecessor-version":[{"id":1207545,"href":"https:\/\/www.oeh.ac.at\/en\/wp-json\/wp\/v2\/pages\/1203372\/revisions\/1207545"}],"up":[{"embeddable":true,"href":"https:\/\/www.oeh.ac.at\/en\/wp-json\/wp\/v2\/pages\/96665"}],"wp:attachment":[{"href":"https:\/\/www.oeh.ac.at\/en\/wp-json\/wp\/v2\/media?parent=1203372"}],"curies":[{"name":"wp","href":"https:\/\/api.w.org\/{rel}","templated":true}]}}